{"id":19859,"date":"2023-06-22T11:32:10","date_gmt":"2023-06-22T11:32:10","guid":{"rendered":"https:\/\/www.inventec.dehon.com\/?post_type=product&#038;p=19859"},"modified":"2026-03-16T14:35:32","modified_gmt":"2026-03-16T13:35:32","slug":"promosolv-neo-b1","status":"publish","type":"product","link":"https:\/\/www.inventec.dehon.com\/es\/product\/promosolv-neo-b1\/","title":{"rendered":"PROMOSOLV NEO B1"},"content":{"rendered":"<p><img decoding=\"async\" src=\"https:\/\/www.inventec.dehon.com\/wp-content\/uploads\/2021\/03\/PROMOSOLV-drum-colorless-Ecoprog-600x600.png\" alt=\"PROMOSOLV NEO B1\" class=\"responsive-img\" align=\"right\" style=\"border-radius:10px; margin-bottom:10px; margin-top:-10px; margin-left:15px; width:300px\" \/><\/p>\n<h2 style=\"color:#9bc947; margin-bottom:15px\">Disolvente de limpieza sin PFAS<\/h2>\n<ul>\n<li>Eliminaci\u00f3n de una amplia gama de contaminantes<\/li>\n<li>Proceso en fase vapor<\/li>\n<li>Sin PFAS y sin PCA<\/li>\n<li>Reemplazo de 3M Novec 71DE, Novec 72DE, Novec 73DE y Novec 8200<\/li>\n<\/ul>\n<h5>PROMOSOLV NEO B1<\/h5>\n<p>Se ha desarrollado como sustituto directo del tricloroetileno, NPB y otros disolventes con un alto impacto en la salud, la seguridad y el medio ambiente. Al tiempo que se reduce sustancialmente el impacto HSE, el poder desengrasante se sit\u00faa en un nivel equivalente. La muy baja tensi\u00f3n superficial permite penetrar espacios muy estrechos o de dif\u00edcil acceso, proporcionando una limpieza y enjuague profundo.<\/p>\n<p>El nuevo desarrollo de la gama PROMOSOLV NEO contiene productos con muy bajo o ning\u00fan GWP y tiempo de vida en la atm\u00f3sfera reduciendo el impacto sobre el efecto invernadero. Tambi\u00e9n se ha mejorado el poder de disoluci\u00f3n, lo que contribuye a un rendimiento de limpieza a\u00fan mejor y m\u00e1s r\u00e1pido.<\/p>\n<p>Est\u00e1 dedicado a eliminar la mayor\u00eda de aceites y grasas, con excepci\u00f3n de los lubricantes a base de agua. Adem\u00e1s, es adecuado para eliminar ceras y part\u00edculas. Dependiendo de la naturaleza de los materiales polimerizados, tambi\u00e9n podr\u00edan eliminarse algunos barnices, adhesivos, tintas y pinturas.<\/p>\n<p><strong>PROMOSOLV NEO B1<\/strong> est\u00e1 calificado y es utilizado por varios actores de la industria aeroespacial (por ejemplo, Boeing BAC 5750 \/ASTMD 1353).<\/p>\n<p><strong>Adem\u00e1s, PROMOSOLV NEO B1 se destaca como uno de los pocos solventes de limpieza disponibles en el mercado actual que est\u00e1 completamente libre de PFAS (Sustancias Perfluoroalquiladas y Polifluoroalquiladas). Al optar por este producto excepcional, puede garantizar la seguridad y fiabilidad a largo plazo de su proceso de limpieza.<\/strong><\/p>\n<p><strong>PROMOSOLV NEO B1<\/strong> es un reemplazo directo para <strong>3M Novec 71DE, Novec 72DE, Novec 73DE y Novec 8200<\/strong>, que est\u00e1n programados para ser eliminados voluntariamente para finales de 2025. Haga clic en el enlace para m\u00e1s informaci\u00f3n sobre el anuncio de la <a href=\"https:\/\/www.inventec.dehon.com\/es\/elimine-gradualmente-los-disolventes-3m\/\">eliminaci\u00f3n de 3M Novec<\/a>.<\/p>\n<div style=\"font-family:Lato; color:#333;\">\n<div style=\"font-weight:bold; text-transform:uppercase; border-bottom:2px solid #9DBB2F; padding-bottom:6px; margin-bottom:10px;\">\n    Especificaciones\n  <\/div>\n<table width=\"100%\" cellpadding=\"0\" cellspacing=\"0\" style=\"border-collapse:collapse; width:100%; max-width:100%;\">\n<tr>\n<th align=\"left\" style=\"background:#7A7A7A; color:#fff; padding:8px 12px; border:1px solid #BDBDBD;\">\n        Especificaciones\n      <\/th>\n<th align=\"left\" style=\"background:#7A7A7A; color:#fff; padding:8px 12px; border:1px solid #BDBDBD;\">\n        Valores\n      <\/th>\n<th align=\"left\" style=\"background:#7A7A7A; color:#fff; padding:8px 12px; border:1px solid #BDBDBD;\">\n        M\u00e9todos\n      <\/th>\n<\/tr>\n<tr>\n<td style=\"padding:8px 12px; border:1px solid #BDBDBD;\">Aspecto<\/td>\n<td style=\"padding:8px 12px; border:1px solid #BDBDBD;\">Transparente, incoloro<\/td>\n<td style=\"padding:8px 12px; border:1px solid #BDBDBD;\">Visual<\/td>\n<\/tr>\n<tr style=\"background:#E6E6E6;\">\n<td style=\"padding:8px 12px; border:1px solid #BDBDBD;\">Mezcla fluorada (%)<\/td>\n<td style=\"padding:8px 12px; border:1px solid #BDBDBD;\">30,0 \u00b1 1,0<\/td>\n<td style=\"padding:8px 12px; border:1px solid #BDBDBD;\">Interno \/ MO.SB.10033<\/td>\n<\/tr>\n<tr>\n<td style=\"padding:8px 12px; border:1px solid #BDBDBD;\">1,2-Transdicloroetileno (%)<\/td>\n<td style=\"padding:8px 12px; border:1px solid #BDBDBD;\">70,0 \u00b1 1,0<\/td>\n<td style=\"padding:8px 12px; border:1px solid #BDBDBD;\">Interno \/ MO.SB.10033<\/td>\n<\/tr>\n<\/table>\n<\/div>\n<div style=\"font-family:Lato; color:#333;\">\n<div style=\"font-weight:bold; text-transform:uppercase; border-bottom:2px solid #9DBB2F; padding-bottom:6px; margin:30px 0 10px;\">\n    Caracter\u00edsticas\n  <\/div>\n<table width=\"100%\" cellpadding=\"0\" cellspacing=\"0\" style=\"border-collapse:collapse; width:100%; max-width:100%;\">\n<tr>\n<th align=\"left\" style=\"background:#7A7A7A; color:#fff; padding:8px 12px; border:1px solid #BDBDBD;\">\n        Caracter\u00edsticas\n      <\/th>\n<th align=\"left\" style=\"background:#7A7A7A; color:#fff; padding:8px 12px; border:1px solid #BDBDBD;\">\n        Valores\n      <\/th>\n<\/tr>\n<tr>\n<td style=\"padding:8px 12px; border:1px solid #BDBDBD;\">Punto de ebullici\u00f3n (\u00b0C\/\u00b0F)<\/td>\n<td style=\"padding:8px 12px; border:1px solid #BDBDBD;\">48\u00b0C\/118\u00b0F<\/td>\n<\/tr>\n<tr style=\"background:#E6E6E6;\">\n<td style=\"padding:8px 12px; border:1px solid #BDBDBD;\">Tensi\u00f3n superficial (dinas\/cm)<\/td>\n<td style=\"padding:8px 12px; border:1px solid #BDBDBD;\">17<\/td>\n<\/tr>\n<tr>\n<td style=\"padding:8px 12px; border:1px solid #BDBDBD;\">Punto de inflamaci\u00f3n<\/td>\n<td style=\"padding:8px 12px; border:1px solid #BDBDBD;\">Ninguno<\/td>\n<\/tr>\n<tr style=\"background:#E6E6E6;\">\n<td style=\"padding:8px 12px; border:1px solid #BDBDBD;\">Densidad (g\/cm3)<\/td>\n<td style=\"padding:8px 12px; border:1px solid #BDBDBD;\">1,3<\/td>\n<\/tr>\n<tr>\n<td style=\"padding:8px 12px; border:1px solid #BDBDBD;\">Pureza (% peso)<\/td>\n<td style=\"padding:8px 12px; border:1px solid #BDBDBD;\">>99.0<\/td>\n<\/tr>\n<tr style=\"background:#E6E6E6;\">\n<td style=\"padding:8px 12px; border:1px solid #BDBDBD;\">GWP<\/td>\n<td style=\"padding:8px 12px; border:1px solid #BDBDBD;\"><1<\/td>\n<\/tr>\n<\/table>\n<\/div>\n","protected":false},"excerpt":{"rendered":"<ul>\n<li>Eliminaci\u00f3n de una amplia gama de contaminantes<\/li>\n<li>Proceso en fase vapor<\/li>\n<li>Sin PFAS y sin PCA<\/li>\n<li>Reemplazo de 3M Novec 71DE, Novec 72DE, Novec 73DE y Novec 8200<\/li>\n<\/ul>\n<p><a href=\"https:\/\/www.inventec.dehon.com\/wp-content\/uploads\/2023\/06\/GW-Score-24.png\"><img decoding=\"async\" class=\"alignnone wp-image-14819\" src=\"https:\/\/www.inventec.dehon.com\/wp-content\/uploads\/2023\/06\/GW-Score-24.png\" alt=\"\" width=\"40\" height=\"34\" \/><\/a><\/p>\n","protected":false},"featured_media":2278,"comment_status":"closed","ping_status":"closed","template":"","meta":{"_acf_changed":false,"inline_featured_image":false},"product_brand":[],"product_cat":[698,2902,2901,762,2905,616,763,2906,2904],"product_tag":[2335,3920,5415,4395,4323,4411,4419,4749,4753,4239,4769,588,4186,4327,4467,4745,4741,4733,4371,2318,2334,4729,4423,2333,4600,4431,4737],"class_list":{"0":"post-19859","1":"product","2":"type-product","3":"status-publish","4":"has-post-thumbnail","6":"industries-aerosistemas","7":"industries-motores","8":"industries-sistemas-de-aterrizaje","9":"industries-tren-motriz","10":"product_cat-decapado-y-desoxidacion","11":"product_cat-desengrase-de-diversos-componentes-metalicos","12":"product_cat-eliminacion-de-aceite-en-diversos-componentes-metalicos","13":"product_cat-eliminacion-de-particulas","14":"product_cat-eliminacion-de-polimeros-y-resinas","15":"product_cat-limpieza","16":"product_cat-limpieza-de-piezas-en-contacto-con-oxigeno","17":"product_cat-proceso-de-eliminacion-de-cera","18":"product_cat-proceso-de-eliminacion-de-pasta-de-pulido","19":"product_tag-b1-es","20":"product_tag-co2-es","21":"product_tag-desengrasado","22":"product_tag-eliminacion-de-aceite-es","23":"product_tag-eliminacion-de-grasa-es","24":"product_tag-eliminacion-de-particulas-es","25":"product_tag-eliminacion-de-pasta-de-pulido-es","26":"product_tag-eliminacion-de-polimeros-es","27":"product_tag-eliminacion-de-resinas-2","28":"product_tag-fabricacion-aditiva-3","29":"product_tag-fase-de-vapor","30":"product_tag-fluido","31":"product_tag-fluidos-de-limpieza-con-solvente","32":"product_tag-greenway","33":"product_tag-gwp-ultrabajo","34":"product_tag-libre-de-pfas","35":"product_tag-limpieza-de-sistemas-de-oxigeno-es","36":"product_tag-limpieza-oxigeno","37":"product_tag-mono-disolvente","38":"product_tag-neo-es","39":"product_tag-neo-b1-es","40":"product_tag-oxigeno-es","41":"product_tag-polimero","42":"product_tag-promosolv-neo-b1-es","43":"product_tag-reciclable","44":"product_tag-resinas-es","45":"product_tag-sistemas-de-oxigeno","46":"pa_application-eliminacion-de-aceites","47":"pa_application-eliminacion-de-grasas","48":"pa_application-eliminacion-de-particulas","49":"pa_application-eliminacion-de-pasta-de-pulido","50":"pa_application-eliminacion-de-polimeros-y-resinas","51":"pa_application-limpieza-de-sistemas-de-oxigeno","52":"pa_application-soluciones-para-fabricacion-aditiva","53":"pa_brand-promosolv-es-2","54":"pa_features-adecuado-para-hidrocarburos","55":"pa_features-greenway","56":"pa_features-libre-de-pfas","57":"pa_features-reciclable","58":"pa_features-ultra-bajo-pca","59":"pa_processes-mono-solvente","60":"pa_product-category-fluidos-de-limpieza-con-solvente","62":"first","63":"instock","64":"shipping-taxable","65":"product-type-simple"},"acf":[],"_links":{"self":[{"href":"https:\/\/www.inventec.dehon.com\/es\/wp-json\/wp\/v2\/product\/19859","targetHints":{"allow":["GET"]}}],"collection":[{"href":"https:\/\/www.inventec.dehon.com\/es\/wp-json\/wp\/v2\/product"}],"about":[{"href":"https:\/\/www.inventec.dehon.com\/es\/wp-json\/wp\/v2\/types\/product"}],"replies":[{"embeddable":true,"href":"https:\/\/www.inventec.dehon.com\/es\/wp-json\/wp\/v2\/comments?post=19859"}],"wp:featuredmedia":[{"embeddable":true,"href":"https:\/\/www.inventec.dehon.com\/es\/wp-json\/wp\/v2\/media\/2278"}],"wp:attachment":[{"href":"https:\/\/www.inventec.dehon.com\/es\/wp-json\/wp\/v2\/media?parent=19859"}],"wp:term":[{"taxonomy":"product_brand","embeddable":true,"href":"https:\/\/www.inventec.dehon.com\/es\/wp-json\/wp\/v2\/product_brand?post=19859"},{"taxonomy":"product_cat","embeddable":true,"href":"https:\/\/www.inventec.dehon.com\/es\/wp-json\/wp\/v2\/product_cat?post=19859"},{"taxonomy":"product_tag","embeddable":true,"href":"https:\/\/www.inventec.dehon.com\/es\/wp-json\/wp\/v2\/product_tag?post=19859"}],"curies":[{"name":"wp","href":"https:\/\/api.w.org\/{rel}","templated":true}]}}