{"id":19747,"date":"2024-06-05T22:15:41","date_gmt":"2024-06-05T22:15:41","guid":{"rendered":"https:\/\/www.inventec.dehon.com\/?post_type=product&#038;p=19747"},"modified":"2026-03-16T14:35:47","modified_gmt":"2026-03-16T13:35:47","slug":"promosolv-neo-a2","status":"publish","type":"product","link":"https:\/\/www.inventec.dehon.com\/es\/product\/promosolv-neo-a2\/","title":{"rendered":"PROMOSOLV NEO A2"},"content":{"rendered":"<p><img decoding=\"async\" src=\"https:\/\/www.inventec.dehon.com\/wp-content\/uploads\/2021\/03\/PROMOSOLV-drum-colorless-Ecoprog-600x600.png\" alt=\"PROMOSOLV NEO A2\" class=\"responsive-img\" align=\"right\" style=\"border-radius:10px; margin-bottom:10px; margin-top:-10px; margin-left:15px; width:300px\" \/><\/p>\n<h2 style=\"color:#9bc947; margin-bottom:15px\">Sustituci\u00f3n de solventes con alto impacto HSE<\/h2>\n<ul>\n<li>Fluido de enjuague para operaciones de defluxado<\/li>\n<li>Proceso co-solvente<\/li>\n<li>Ultra bajo GWP<\/li>\n<\/ul>\n<h5>PROMOSOLV NEO A2<\/h5>\n<p>Est\u00e1 especialmente dise\u00f1ado para sustituir disolventes de enjuague con alto impacto HSE y ofrecer un producto conforme a las \u00faltimas y futuras regulaciones medioambientales. La tensi\u00f3n superficial muy baja permite penetrar espacios muy estrechos o de dif\u00edcil acceso, garantizando la eliminaci\u00f3n completa de cualquier qu\u00edmico de limpieza. Adem\u00e1s, la f\u00f3rmula contiene una peque\u00f1a cantidad de isopropanol que ayuda a disolver contaminaciones polares y no polares. Por este motivo, se utiliza principalmente en aplicaciones de desfundido electr\u00f3nico.<\/p>\n<p>La nueva gama <strong>PROMOSOLV NEO<\/strong> representa nuestros productos con un GWP ultra bajo a cero y una vida \u00fatil atmosf\u00e9rica baja, para reducir el impacto del calentamiento global. Tambi\u00e9n se ha mejorado el poder de disoluci\u00f3n, lo que contribuye a un rendimiento de limpieza a\u00fan mejor y m\u00e1s r\u00e1pido.<\/p>\n<p>Se puede utilizar en combinaci\u00f3n con nuestra gama TOPKLEAN\u2122 en procesos de limpieza con co-disolventes para ofrecer una soluci\u00f3n de disolvente respetuosa con el medio ambiente para desfundir o desengrasar sin comprometer el alto rendimiento de limpieza.<\/p>\n<p><strong>PROMOSOLV NEO A2<\/strong> es compatible con todos los metales y aleaciones, incluidos los muy sensibles. Tambi\u00e9n tiene buena compatibilidad con la mayor\u00eda de pl\u00e1sticos y elast\u00f3meros, sin embargo es necesario realizar pruebas antes de su uso.<\/p>\n<p><strong>PROMOSOLV NEO A2<\/strong> est\u00e1 formulado teniendo en cuenta la seguridad, lo que dio como resultado un producto que no es inflamable y no tiene punto de inflamaci\u00f3n.<\/p>\n<p>Este producto tambi\u00e9n existe en una versi\u00f3n reciclada (fabricada a partir de disolvente reciclado) bajo el nombre <strong>PROMOSOLV NEO A2 T<\/strong>.<\/p>\n<div style=\"font-family:Lato; color:#333;\">\n<div style=\"font-weight:bold; text-transform:uppercase; border-bottom:2px solid #9DBB2F; padding-bottom:6px; margin-bottom:10px;\">\n    ESPECIFICACIONES\n  <\/div>\n<table width=\"100%\" cellpadding=\"0\" cellspacing=\"0\" style=\"border-collapse:collapse; width:100%; max-width:100%;\">\n<tr>\n<th align=\"left\" style=\"background:#7A7A7A; color:#fff; padding:8px 12px; border:1px solid #BDBDBD;\">\n        ESPECIFICACIONES\n      <\/th>\n<th align=\"left\" style=\"background:#7A7A7A; color:#fff; padding:8px 12px; border:1px solid #BDBDBD;\">\n        VALORES\n      <\/th>\n<th align=\"left\" style=\"background:#7A7A7A; color:#fff; padding:8px 12px; border:1px solid #BDBDBD;\">\n        M\u00c9TODOS\n      <\/th>\n<\/tr>\n<tr>\n<td style=\"padding:8px 12px; border:1px solid #BDBDBD;\">Aspecto<\/td>\n<td style=\"padding:8px 12px; border:1px solid #BDBDBD;\">Transparente, incoloro<\/td>\n<td style=\"padding:8px 12px; border:1px solid #BDBDBD;\">Visual<\/td>\n<\/tr>\n<tr style=\"background:#E6E6E6;\">\n<td style=\"padding:8px 12px; border:1px solid #BDBDBD;\">Pureza (% peso)<\/td>\n<td style=\"padding:8px 12px; border:1px solid #BDBDBD;\">99,5% \u00b1 0.5<\/td>\n<td style=\"padding:8px 12px; border:1px solid #BDBDBD;\">BRY-MO-121<\/td>\n<\/tr>\n<tr>\n<td style=\"padding:8px 12px; border:1px solid #BDBDBD;\">Isopropanol (%)<\/td>\n<td style=\"padding:8px 12px; border:1px solid #BDBDBD;\">5% \u00b1 0.5<\/td>\n<td style=\"padding:8px 12px; border:1px solid #BDBDBD;\">BRY-MO-121<\/td>\n<\/tr>\n<\/table>\n<\/div>\n<div style=\"font-family:Lato; color:#333; margin-top:30px;\">\n<div style=\"font-weight:bold; text-transform:uppercase; border-bottom:2px solid #9DBB2F; padding-bottom:6px; margin-bottom:10px;\">\n    CARACTER\u00cdSTICAS\n  <\/div>\n<table width=\"100%\" cellpadding=\"0\" cellspacing=\"0\" style=\"border-collapse:collapse; width:100%; max-width:100%;\">\n<tr>\n<th align=\"left\" style=\"background:#7A7A7A; color:#fff; padding:8px 12px; border:1px solid #BDBDBD;\">\n        CARACTER\u00cdSTICAS\n      <\/th>\n<th align=\"left\" style=\"background:#7A7A7A; color:#fff; padding:8px 12px; border:1px solid #BDBDBD;\">\n        VALORES\n      <\/th>\n<\/tr>\n<tr>\n<td style=\"padding:8px 12px; border:1px solid #BDBDBD;\">Densidad (g\/ml)<\/td>\n<td style=\"padding:8px 12px; border:1px solid #BDBDBD;\">1.32<\/td>\n<\/tr>\n<tr style=\"background:#E6E6E6;\">\n<td style=\"padding:8px 12px; border:1px solid #BDBDBD;\">Punto de ebullici\u00f3n (\u00b0C\/\u00b0F)<\/td>\n<td style=\"padding:8px 12px; border:1px solid #BDBDBD;\">33\u00b0C\/91\u00b0F<\/td>\n<\/tr>\n<tr>\n<td style=\"padding:8px 12px; border:1px solid #BDBDBD;\">Punto de congelaci\u00f3n (\u00b0C\/\u00b0F)<\/td>\n<td style=\"padding:8px 12px; border:1px solid #BDBDBD;\">-80\u00b0C\/-112\u00b0F<\/td>\n<\/tr>\n<tr style=\"background:#E6E6E6;\">\n<td style=\"padding:8px 12px; border:1px solid #BDBDBD;\">Punto de inflamaci\u00f3n<\/td>\n<td style=\"padding:8px 12px; border:1px solid #BDBDBD;\">No<\/td>\n<\/tr>\n<tr>\n<td style=\"padding:8px 12px; border:1px solid #BDBDBD;\">Tensi\u00f3n superficial (dinas\/cm)<\/td>\n<td style=\"padding:8px 12px; border:1px solid #BDBDBD;\">13.8<\/td>\n<\/tr>\n<tr style=\"background:#E6E6E6;\">\n<td style=\"padding:8px 12px; border:1px solid #BDBDBD;\">Presi\u00f3n de vapor (kPa @25\u00b0C\/77\u00b0F)<\/td>\n<td style=\"padding:8px 12px; border:1px solid #BDBDBD;\">76*<\/td>\n<\/tr>\n<tr>\n<td style=\"padding:8px 12px; border:1px solid #BDBDBD;\">Calor latente de vaporizaci\u00f3n (kJ\/Kg@bp)<\/td>\n<td style=\"padding:8px 12px; border:1px solid #BDBDBD;\">175*<\/td>\n<\/tr>\n<tr style=\"background:#E6E6E6;\">\n<td style=\"padding:8px 12px; border:1px solid #BDBDBD;\">Calor espec\u00edfico (kJ\/Kg K a 25\u00b0C\/77\u00b0F)<\/td>\n<td style=\"padding:8px 12px; border:1px solid #BDBDBD;\">1.34<\/td>\n<\/tr>\n<tr>\n<td style=\"padding:8px 12px; border:1px solid #BDBDBD;\">Viscosidad (mPa.s @25\u00b0C\/77\u00b0F)<\/td>\n<td style=\"padding:8px 12px; border:1px solid #BDBDBD;\">0.4*<\/td>\n<\/tr>\n<\/table>\n<p style=\"font-style:italic; color:#555;\">*Valor te\u00f3rico, an\u00e1lisis en curso para confirmaci\u00f3n.<\/p>\n<\/div>\n","protected":false},"excerpt":{"rendered":"<ul>\n<li>Fluido de enjuague para operaciones de defluxado<\/li>\n<li>Proceso co-solvente<\/li>\n<li>Ultra bajo GWP<\/li>\n<\/ul>\n<p><a href=\"https:\/\/www.inventec.dehon.com\/wp-content\/uploads\/2024\/05\/gw-15.jpg\"><img decoding=\"async\" class=\"alignnone wp-image-16844\" src=\"https:\/\/www.inventec.dehon.com\/wp-content\/uploads\/2024\/05\/gw-15.jpg\" alt=\"\" width=\"271\" height=\"230\" \/><\/a><\/p>\n","protected":false},"featured_media":2278,"comment_status":"closed","ping_status":"closed","template":"","meta":{"_acf_changed":false,"inline_featured_image":false},"product_brand":[],"product_cat":[616,2899],"product_tag":[2488,4283,4765,4769,4186,4327,4467,4371,2318,2487,1829,2486,4600],"class_list":{"0":"post-19747","1":"product","2":"type-product","3":"status-publish","4":"has-post-thumbnail","6":"product_cat-limpieza","7":"product_cat-soluciones-de-solventes-para-enjuague","8":"product_tag-a2-es","9":"product_tag-co-disolvente","10":"product_tag-enjuague-con-disolvente","11":"product_tag-fase-de-vapor","12":"product_tag-fluidos-de-limpieza-con-solvente","13":"product_tag-greenway","14":"product_tag-gwp-ultrabajo","15":"product_tag-mono-disolvente","16":"product_tag-neo-es","17":"product_tag-neo-a2-es","18":"product_tag-promosolv-es","19":"product_tag-promosolv-neo-a2-es","20":"product_tag-reciclable","21":"pa_brand-promosolv-es-2","22":"pa_features-greenway","23":"pa_features-reciclable","24":"pa_features-ultra-bajo-pca","25":"pa_processes-co-solvente","26":"pa_processes-enjuague-con-solvente","27":"pa_processes-mono-solvente","28":"pa_product-category-fluidos-de-limpieza-con-solvente","30":"first","31":"instock","32":"shipping-taxable","33":"product-type-simple"},"acf":[],"_links":{"self":[{"href":"https:\/\/www.inventec.dehon.com\/es\/wp-json\/wp\/v2\/product\/19747","targetHints":{"allow":["GET"]}}],"collection":[{"href":"https:\/\/www.inventec.dehon.com\/es\/wp-json\/wp\/v2\/product"}],"about":[{"href":"https:\/\/www.inventec.dehon.com\/es\/wp-json\/wp\/v2\/types\/product"}],"replies":[{"embeddable":true,"href":"https:\/\/www.inventec.dehon.com\/es\/wp-json\/wp\/v2\/comments?post=19747"}],"wp:featuredmedia":[{"embeddable":true,"href":"https:\/\/www.inventec.dehon.com\/es\/wp-json\/wp\/v2\/media\/2278"}],"wp:attachment":[{"href":"https:\/\/www.inventec.dehon.com\/es\/wp-json\/wp\/v2\/media?parent=19747"}],"wp:term":[{"taxonomy":"product_brand","embeddable":true,"href":"https:\/\/www.inventec.dehon.com\/es\/wp-json\/wp\/v2\/product_brand?post=19747"},{"taxonomy":"product_cat","embeddable":true,"href":"https:\/\/www.inventec.dehon.com\/es\/wp-json\/wp\/v2\/product_cat?post=19747"},{"taxonomy":"product_tag","embeddable":true,"href":"https:\/\/www.inventec.dehon.com\/es\/wp-json\/wp\/v2\/product_tag?post=19747"}],"curies":[{"name":"wp","href":"https:\/\/api.w.org\/{rel}","templated":true}]}}