{"id":19675,"date":"2023-06-22T10:13:33","date_gmt":"2023-06-22T10:13:33","guid":{"rendered":"https:\/\/www.inventec.dehon.com\/?post_type=product&#038;p=19675"},"modified":"2026-03-16T14:35:32","modified_gmt":"2026-03-16T13:35:32","slug":"promosolv-neo-a1","status":"publish","type":"product","link":"https:\/\/www.inventec.dehon.com\/es\/product\/promosolv-neo-a1\/","title":{"rendered":"PROMOSOLV NEO A1"},"content":{"rendered":"<p><img decoding=\"async\" src=\"https:\/\/www.inventec.dehon.com\/wp-content\/uploads\/2021\/03\/PROMOSOLV-drum-colorless-Ecoprog-600x600.png\" alt=\"PROMOSOLV NEO A1\" class=\"responsive-img\" align=\"right\" style=\"border-radius:10px; margin-bottom:10px; margin-top:-10px; margin-left:15px; width:300px\" \/><\/p>\n<h2 style=\"color:#9bc947; margin-bottom:15px\">Disolvente de limpieza sin PFAS<\/h2>\n<ul>\n<li>Limpieza ligera, enjuague y secado<\/li>\n<li>Proceso en fase vapor, co-solvente y secado<\/li>\n<li>Cero GWP y PFAS libre<\/li>\n<\/ul>\n<h5>PROMOSOLV NEO A1<\/h5>\n<p>Est\u00e1 especialmente dise\u00f1ado para sustituir a los disolventes de aclarado con un alto impacto HSE y para ofrecer un producto acorde con las \u00faltimas y futuras normativas medioambientales. La tensi\u00f3n superficial muy baja permite penetrar espacios muy estrechos o de dif\u00edcil acceso, garantizando la eliminaci\u00f3n completa de cualquier qu\u00edmico de limpieza.<\/p>\n<p>La nueva gama PROMOSOLV NEO representa nuestros productos con un GWP ultra bajo a cero y una vida \u00fatil atmosf\u00e9rica baja, con el fin de reducir el impacto del calentamiento global. Tambi\u00e9n se ha mejorado el poder de disoluci\u00f3n, lo que contribuye a un rendimiento de limpieza a\u00fan mejor y m\u00e1s r\u00e1pido.<\/p>\n<p>Puede utilizarse en combinaci\u00f3n con nuestros productos TOPKLEAN\u2122 en procesos de limpieza co-solvente ofreciendo de esta forma un compromiso entre optimizaci\u00f3n de las propiedades de desengrase y el medioambiente. <strong>PROMOSOLV NEO A1<\/strong> solubiliza grasas fluoradas, siliconas, lubricantes y aceites ligeros o evaporables en un proceso monosolvente.<\/p>\n<p><strong>PROMOSOLV NEO A1<\/strong> es compatible con todos los metales y aleaciones, incluidos los muy sensibles. Tambi\u00e9n tiene buena compatibilidad con la mayor\u00eda de los pl\u00e1sticos y elast\u00f3meros, aunque debe hacerse una prueba antes de usarlo.<\/p>\n<p><strong>PROMOSOLV NEO A1<\/strong> est\u00e1 formulado teniendo en cuenta la seguridad, lo que dio como resultado un producto que no menciona ninguna frase EUH, no es inflamable, no tiene punto de inflamaci\u00f3n y no contiene PFAS. <strong>Adem\u00e1s, PROMOSOLV NEO A1 se destaca como uno de los pocos disolventes de limpieza y enjuague disponibles en el mercado hoy en d\u00eda que est\u00e1 completamente LIBRE de PFAS (Sustancias Perfluoroalquiladas y Polifluoroalquiladas). Al optar por este producto excepcional, puede garantizar la seguridad y fiabilidad a largo plazo de su proceso de limpieza.<\/strong><\/p>\n<p><strong>PROMOSOLV NEO A1<\/strong> est\u00e1 calificado y es utilizado por varios actores de la industria aeroespacial (por ejemplo, Boeing BAC 5750 \/ASTMD 1353).<\/p>\n<p>Tambi\u00e9n existe en su versi\u00f3n de producto reciclado (realizada con disolvente reciclado) con el nombre de <strong>PROMOSOLV NEO A1 T<\/strong><\/p>\n<p><strong>PROMOSOLV NEO A1<\/strong> es un reemplazo directo para <strong>3M Novec 7100, Novec 7200 y Novec 8200<\/strong> , que est\u00e1n programados para ser eliminados de forma voluntaria a finales de 2025. Haga clic en el enlace para m\u00e1s informaci\u00f3n sobre el anuncio de la <a href=\"https:\/\/www.inventec.dehon.com\/es\/elimine-gradualmente-los-disolventes-3m\/\">eliminaci\u00f3n de 3M Novec<\/a>.<\/p>\n<div style=\"font-family:Lato; color:#333;\">\n<div style=\"font-weight:bold; text-transform:uppercase; border-bottom:2px solid #9DBB2F; padding-bottom:6px; margin-bottom:10px;\">\n    Especificaciones\n  <\/div>\n<table width=\"100%\" cellpadding=\"0\" cellspacing=\"0\" style=\"border-collapse:collapse; width:100%; max-width:100%;\">\n<tr>\n<th align=\"left\" style=\"background:#7A7A7A; color:#fff; padding:8px 12px; border:1px solid #BDBDBD;\">\n        Especificaciones\n      <\/th>\n<th align=\"left\" style=\"background:#7A7A7A; color:#fff; padding:8px 12px; border:1px solid #BDBDBD;\">\n        Valores\n      <\/th>\n<th align=\"left\" style=\"background:#7A7A7A; color:#fff; padding:8px 12px; border:1px solid #BDBDBD;\">\n        M\u00e9todos\n      <\/th>\n<\/tr>\n<tr>\n<td style=\"padding:8px 12px; border:1px solid #BDBDBD;\">Aspecto<\/td>\n<td style=\"padding:8px 12px; border:1px solid #BDBDBD;\">Transparente, incoloro<\/td>\n<td style=\"padding:8px 12px; border:1px solid #BDBDBD;\">Visual<\/td>\n<\/tr>\n<tr style=\"background:#E6E6E6;\">\n<td style=\"padding:8px 12px; border:1px solid #BDBDBD;\">Pureza (% peso)<\/td>\n<td style=\"padding:8px 12px; border:1px solid #BDBDBD;\">>99.5<\/td>\n<td style=\"padding:8px 12px; border:1px solid #BDBDBD;\">Interior \/ BRY-MO-121<\/td>\n<\/tr>\n<\/table>\n<\/div>\n<div style=\"font-family:Lato; color:#333;\">\n<div style=\"font-weight:bold; text-transform:uppercase; border-bottom:2px solid #9DBB2F; padding-bottom:6px; margin:30px 0 10px;\">\n    Caracter\u00edsticas\n  <\/div>\n<table width=\"100%\" cellpadding=\"0\" cellspacing=\"0\" style=\"border-collapse:collapse; width:100%; max-width:100%;\">\n<tr>\n<th align=\"left\" style=\"background:#7A7A7A; color:#fff; padding:8px 12px; border:1px solid #BDBDBD;\">\n        Caracter\u00edsticas\n      <\/th>\n<th align=\"left\" style=\"background:#7A7A7A; color:#fff; padding:8px 12px; border:1px solid #BDBDBD;\">\n        Valores\n      <\/th>\n<\/tr>\n<tr>\n<td style=\"padding:8px 12px; border:1px solid #BDBDBD;\">Densidad (g\/ml)<\/td>\n<td style=\"padding:8px 12px; border:1px solid #BDBDBD;\">1.39<\/td>\n<\/tr>\n<tr style=\"background:#E6E6E6;\">\n<td style=\"padding:8px 12px; border:1px solid #BDBDBD;\">Punto de ebullici\u00f3n (\u00b0C\/\u00b0F)<\/td>\n<td style=\"padding:8px 12px; border:1px solid #BDBDBD;\">54 \/ 129<\/td>\n<\/tr>\n<tr>\n<td style=\"padding:8px 12px; border:1px solid #BDBDBD;\">Punto de congelaci\u00f3n (\u00b0C\/\u00b0F)<\/td>\n<td style=\"padding:8px 12px; border:1px solid #BDBDBD;\">-82 \/ -115<\/td>\n<\/tr>\n<tr style=\"background:#E6E6E6;\">\n<td style=\"padding:8px 12px; border:1px solid #BDBDBD;\">Punto de inflamaci\u00f3n<\/td>\n<td style=\"padding:8px 12px; border:1px solid #BDBDBD;\">No<\/td>\n<\/tr>\n<tr>\n<td style=\"padding:8px 12px; border:1px solid #BDBDBD;\">Tensi\u00f3n superficial (dinas\/cm)<\/td>\n<td style=\"padding:8px 12px; border:1px solid #BDBDBD;\">17<\/td>\n<\/tr>\n<tr style=\"background:#E6E6E6;\">\n<td style=\"padding:8px 12px; border:1px solid #BDBDBD;\">Valor KB<\/td>\n<td style=\"padding:8px 12px; border:1px solid #BDBDBD;\">44<\/td>\n<\/tr>\n<tr>\n<td style=\"padding:8px 12px; border:1px solid #BDBDBD;\">Presi\u00f3n de vapor (kPa @25\u00b0C\/77\u00b0F)<\/td>\n<td style=\"padding:8px 12px; border:1px solid #BDBDBD;\">36.8<\/td>\n<\/tr>\n<tr style=\"background:#E6E6E6;\">\n<td style=\"padding:8px 12px; border:1px solid #BDBDBD;\">Calor latente de vaporizaci\u00f3n (kJ\/Kg @bp)<\/td>\n<td style=\"padding:8px 12px; border:1px solid #BDBDBD;\">213<\/td>\n<\/tr>\n<tr>\n<td style=\"padding:8px 12px; border:1px solid #BDBDBD;\">Calor espec\u00edfico (kJ\/Kg*K @25\u00b0C\/77\u00b0F)<\/td>\n<td style=\"padding:8px 12px; border:1px solid #BDBDBD;\">1.09<\/td>\n<\/tr>\n<tr style=\"background:#E6E6E6;\">\n<td style=\"padding:8px 12px; border:1px solid #BDBDBD;\">Solubilidad del agua (ppm)<\/td>\n<td style=\"padding:8px 12px; border:1px solid #BDBDBD;\">1500<\/td>\n<\/tr>\n<tr>\n<td style=\"padding:8px 12px; border:1px solid #BDBDBD;\">Tasa de evaporaci\u00f3n relativa (\u00e9ter=100)<\/td>\n<td style=\"padding:8px 12px; border:1px solid #BDBDBD;\">64<\/td>\n<\/tr>\n<tr style=\"background:#E6E6E6;\">\n<td style=\"padding:8px 12px; border:1px solid #BDBDBD;\">Resistividad el\u00e9ctrica (Ohm.m)<\/td>\n<td style=\"padding:8px 12px; border:1px solid #BDBDBD;\">8.7&#215;10\u2076<\/td>\n<\/tr>\n<tr>\n<td style=\"padding:8px 12px; border:1px solid #BDBDBD;\">Conductividad el\u00e9ctrica (\u00b5S\/m @23\u00b0C\/73\u00b0F)<\/td>\n<td style=\"padding:8px 12px; border:1px solid #BDBDBD;\">1.1&#215;10\u207b\u00b9<\/td>\n<\/tr>\n<tr style=\"background:#E6E6E6;\">\n<td style=\"padding:8px 12px; border:1px solid #BDBDBD;\">Conductividad t\u00e9rmica (W\/K @25\u00b0C\/77\u00b0F)<\/td>\n<td style=\"padding:8px 12px; border:1px solid #BDBDBD;\">0.135<\/td>\n<\/tr>\n<tr>\n<td style=\"padding:8px 12px; border:1px solid #BDBDBD;\">Viscosidad cinem\u00e1tica (\u00b5m\u00b2\/s @25\u00b0C\/77\u00b0F)<\/td>\n<td style=\"padding:8px 12px; border:1px solid #BDBDBD;\">0.41<\/td>\n<\/tr>\n<tr style=\"background:#E6E6E6;\">\n<td style=\"padding:8px 12px; border:1px solid #BDBDBD;\">Viscosidad (mPa.s @25\u00b0C\/77\u00b0F)<\/td>\n<td style=\"padding:8px 12px; border:1px solid #BDBDBD;\">0.57<\/td>\n<\/tr>\n<\/table>\n<\/div>\n","protected":false},"excerpt":{"rendered":"<ul>\n<li>Limpieza ligera, enjuague y secado<\/li>\n<li>Proceso en fase vapor, co-solvente y secado<\/li>\n<li>Cero GWP y PFAS libre<\/li>\n<li>Reemplazo de 3M Novec 7100<small><br \/>\n<\/small><\/li>\n<\/ul>\n<p><a href=\"https:\/\/www.inventec.dehon.com\/wp-content\/uploads\/2023\/06\/GW-Score-24.png\"><img decoding=\"async\" class=\"alignnone wp-image-14819\" src=\"https:\/\/www.inventec.dehon.com\/wp-content\/uploads\/2023\/06\/GW-Score-24.png\" alt=\"\" width=\"40\" height=\"34\" \/><\/a><\/p>\n","protected":false},"featured_media":2278,"comment_status":"closed","ping_status":"closed","template":"","meta":{"_acf_changed":false,"inline_featured_image":false},"product_brand":[],"product_cat":[698,2901,762,616,763,2899,2900],"product_tag":[2319,4283,4395,4411,4765,4239,4769,588,4186,4327,4467,4745,4741,4733,4371,2318,2317,4729,2316,4600,4737],"class_list":{"0":"post-19675","1":"product","2":"type-product","3":"status-publish","4":"has-post-thumbnail","6":"industries-aerosistemas","7":"industries-chasis-conduccion-y-direccion","8":"industries-motores","9":"industries-sistemas-de-aterrizaje","10":"industries-tren-motriz","11":"product_cat-decapado-y-desoxidacion","12":"product_cat-eliminacion-de-aceite-en-diversos-componentes-metalicos","13":"product_cat-eliminacion-de-particulas","14":"product_cat-limpieza","15":"product_cat-limpieza-de-piezas-en-contacto-con-oxigeno","16":"product_cat-soluciones-de-solventes-para-enjuague","17":"product_cat-soluciones-de-solventes-para-secado","18":"product_tag-a1-es","19":"product_tag-co-disolvente","20":"product_tag-eliminacion-de-aceite-es","21":"product_tag-eliminacion-de-particulas-es","22":"product_tag-enjuague-con-disolvente","23":"product_tag-fabricacion-aditiva-3","24":"product_tag-fase-de-vapor","25":"product_tag-fluido","26":"product_tag-fluidos-de-limpieza-con-solvente","27":"product_tag-greenway","28":"product_tag-gwp-ultrabajo","29":"product_tag-libre-de-pfas","30":"product_tag-limpieza-de-sistemas-de-oxigeno-es","31":"product_tag-limpieza-oxigeno","32":"product_tag-mono-disolvente","33":"product_tag-neo-es","34":"product_tag-neo-a1-es","35":"product_tag-oxigeno-es","36":"product_tag-promosolv-neo-a1-es","37":"product_tag-reciclable","38":"product_tag-sistemas-de-oxigeno","39":"pa_application-eliminacion-de-aceites","40":"pa_application-eliminacion-de-particulas","41":"pa_application-limpieza-de-sistemas-de-oxigeno","42":"pa_application-soluciones-para-fabricacion-aditiva","43":"pa_brand-promosolv-es-2","44":"pa_features-adecuado-para-hidrocarburos","45":"pa_features-greenway","46":"pa_features-libre-de-pfas","47":"pa_features-reciclable","48":"pa_features-ultra-bajo-pca","49":"pa_processes-co-solvente","50":"pa_processes-enjuague-con-solvente","51":"pa_processes-mono-solvente","52":"pa_product-category-fluidos-de-limpieza-con-solvente","54":"first","55":"instock","56":"shipping-taxable","57":"product-type-simple"},"acf":[],"_links":{"self":[{"href":"https:\/\/www.inventec.dehon.com\/es\/wp-json\/wp\/v2\/product\/19675","targetHints":{"allow":["GET"]}}],"collection":[{"href":"https:\/\/www.inventec.dehon.com\/es\/wp-json\/wp\/v2\/product"}],"about":[{"href":"https:\/\/www.inventec.dehon.com\/es\/wp-json\/wp\/v2\/types\/product"}],"replies":[{"embeddable":true,"href":"https:\/\/www.inventec.dehon.com\/es\/wp-json\/wp\/v2\/comments?post=19675"}],"wp:featuredmedia":[{"embeddable":true,"href":"https:\/\/www.inventec.dehon.com\/es\/wp-json\/wp\/v2\/media\/2278"}],"wp:attachment":[{"href":"https:\/\/www.inventec.dehon.com\/es\/wp-json\/wp\/v2\/media?parent=19675"}],"wp:term":[{"taxonomy":"product_brand","embeddable":true,"href":"https:\/\/www.inventec.dehon.com\/es\/wp-json\/wp\/v2\/product_brand?post=19675"},{"taxonomy":"product_cat","embeddable":true,"href":"https:\/\/www.inventec.dehon.com\/es\/wp-json\/wp\/v2\/product_cat?post=19675"},{"taxonomy":"product_tag","embeddable":true,"href":"https:\/\/www.inventec.dehon.com\/es\/wp-json\/wp\/v2\/product_tag?post=19675"}],"curies":[{"name":"wp","href":"https:\/\/api.w.org\/{rel}","templated":true}]}}