{"id":16987,"date":"2024-06-05T22:37:14","date_gmt":"2024-06-05T22:37:14","guid":{"rendered":"https:\/\/www.inventec.dehon.com\/?post_type=product&#038;p=16987"},"modified":"2026-03-16T14:41:50","modified_gmt":"2026-03-16T13:41:50","slug":"topklean-el-20b","status":"publish","type":"product","link":"https:\/\/www.inventec.dehon.com\/es\/product\/topklean-el-20b\/","title":{"rendered":"TOPKLEAN EL 20B"},"content":{"rendered":"<p><img decoding=\"async\" src=\"https:\/\/www.inventec.dehon.com\/wp-content\/uploads\/2021\/03\/TOPKLEAN-canister-yellow-1-600x600.jpg\" alt=\"TOPKLEAN EL 20B\" class=\"responsive-img\" align=\"right\" style=\"border-radius:10px; margin-bottom:10px; margin-top:-10px; margin-left:15px; width:300px\" \/><\/p>\n<h2 style=\"color:#9bc947; margin-bottom:15px\">Limpiador de fundente para co-solvente<\/h2>\n<ul>\n<li>Eliminacion de residuos de flux<\/li>\n<li>Proceso co-solvente<\/li>\n<li>Evoluci\u00f3n de Topklean EL 20A<\/li>\n<\/ul>\n<h5>TOPKLEAN EL 20B<\/h5>\n<p>es una evoluci\u00f3n menor de <strong>TOPKLEAN EL 20A<\/strong> y est\u00e1 especialmente dise\u00f1ado para limpiar residuos de fundente de soldadura despu\u00e9s del reflujo. Adem\u00e1s de eliminar casi cualquier residuo de fundente de soldadura, no deja residuos blancos y proporciona un efecto brillante en aleaciones y metales.<\/p>\n<p>Se utiliza en el proceso de co-disolvente para ofrecer un proceso de limpieza r\u00e1pido y sostenible con una eficacia de limpieza muy alta . En este proceso, <strong>TOPKLEAN EL 20B<\/strong> se enjuaga perfectamente con disolventes de nuestra gama PROMOSOLV\u2122.<\/p>\n<p>El proceso de co-solventes ha cambiado las reglas del juego desde hace m\u00e1s de 15 a\u00f1os y est\u00e1 cualificado por varios actores de la industria electr\u00f3nica y de semiconductores. Ha sido desarrollado para sustituir disolventes con un alto impacto HSE por una soluci\u00f3n m\u00e1s sostenible y con un rendimiento de limpieza igualmente fuerte. Destaca especialmente cuando se trata de componentes de baja separaci\u00f3n. Por el contrario, un sistema de limpieza a base de agua conlleva el riesgo de que el producto qu\u00edmico de limpieza no se elimine adecuadamente debido a la tensi\u00f3n superficial significativamente mayor del agua.<\/p>\n<p><!-- SPECIFICATIONS Section --><\/p>\n<div style=\"font-weight:bold; text-transform:uppercase; border-bottom:2px solid #9DBB2F; padding-bottom:6px; margin-bottom:10px;\">\n  ESPECIFICACIONES\n<\/div>\n<table width=\"100%\" cellpadding=\"0\" cellspacing=\"0\" style=\"border-collapse:collapse; width:100%; max-width:100%;\">\n<tr>\n<th align=\"left\" style=\"background:#7A7A7A; color:#fff; padding:8px 12px; border:1px solid #BDBDBD;\">ESPECIFICACIONES<\/th>\n<th align=\"left\" style=\"background:#7A7A7A; color:#fff; padding:8px 12px; border:1px solid #BDBDBD;\">VALORES<\/th>\n<th align=\"left\" style=\"background:#7A7A7A; color:#fff; padding:8px 12px; border:1px solid #BDBDBD;\">M\u00c9TODOS<\/th>\n<\/tr>\n<tr>\n<td style=\"padding:8px 12px; border:1px solid #BDBDBD;\">Aspecto<\/td>\n<td style=\"padding:8px 12px; border:1px solid #BDBDBD;\">Transparente, incoloro<\/td>\n<td style=\"padding:8px 12px; border:1px solid #BDBDBD;\">Visual<\/td>\n<\/tr>\n<tr style=\"background:#E6E6E6;\">\n<td style=\"padding:8px 12px; border:1px solid #BDBDBD;\">Densidad (g\/ml a 20 \u00b0C)<\/td>\n<td style=\"padding:8px 12px; border:1px solid #BDBDBD;\">0.830 \u00b1 0.010<\/td>\n<td style=\"padding:8px 12px; border:1px solid #BDBDBD;\">BRY MO 028<\/td>\n<\/tr>\n<\/table>\n<p><!-- CHARACTERISTICS Section --><\/p>\n<div style=\"font-weight:bold; text-transform:uppercase; border-bottom:2px solid #9DBB2F; padding-bottom:6px; margin:30px 0 10px 0;\">\n  CARACTER\u00cdSTICAS\n<\/div>\n<table width=\"100%\" cellpadding=\"0\" cellspacing=\"0\" style=\"border-collapse:collapse; width:100%; max-width:100%;\">\n<tr>\n<th align=\"left\" style=\"background:#7A7A7A; color:#fff; padding:8px 12px; border:1px solid #BDBDBD;\">CARACTER\u00cdSTICAS<\/th>\n<th align=\"left\" style=\"background:#7A7A7A; color:#fff; padding:8px 12px; border:1px solid #BDBDBD;\">VALORES<\/th>\n<th align=\"left\" style=\"background:#7A7A7A; color:#fff; padding:8px 12px; border:1px solid #BDBDBD;\">M\u00c9TODOS<\/th>\n<\/tr>\n<tr>\n<td style=\"padding:8px 12px; border:1px solid #BDBDBD;\">Punto de ebullici\u00f3n (\u00b0C\/\u00b0F)<\/td>\n<td style=\"padding:8px 12px; border:1px solid #BDBDBD;\">&gt;170\u00b0C \/ &gt;338\u00b0F<\/td>\n<td style=\"padding:8px 12px; border:1px solid #BDBDBD;\">ASTM D1078<\/td>\n<\/tr>\n<tr style=\"background:#E6E6E6;\">\n<td style=\"padding:8px 12px; border:1px solid #BDBDBD;\">Punto de ignici\u00f3n (PMCC)<\/td>\n<td style=\"padding:8px 12px; border:1px solid #BDBDBD;\">65\u00b0C \/ 149\u00b0F<\/td>\n<td style=\"padding:8px 12px; border:1px solid #BDBDBD;\">ASTM D93<\/td>\n<\/tr>\n<tr>\n<td style=\"padding:8px 12px; border:1px solid #BDBDBD;\">Tensi\u00f3n superficial (dinas\/cm a 20\u00b0C)<\/td>\n<td style=\"padding:8px 12px; border:1px solid #BDBDBD;\">41<\/td>\n<td style=\"padding:8px 12px; border:1px solid #BDBDBD;\">ASTM D971<\/td>\n<\/tr>\n<tr style=\"background:#E6E6E6;\">\n<td style=\"padding:8px 12px; border:1px solid #BDBDBD;\">Miscibilidad en agua<\/td>\n<td style=\"padding:8px 12px; border:1px solid #BDBDBD;\">No miscible<\/td>\n<td style=\"padding:8px 12px; border:1px solid #BDBDBD;\">Interno<\/td>\n<\/tr>\n<tr>\n<td style=\"padding:8px 12px; border:1px solid #BDBDBD;\">Presencia de compuestos arom\u00e1ticos (% en peso)<\/td>\n<td style=\"padding:8px 12px; border:1px solid #BDBDBD;\"><0.01%<\/td>\n<td style=\"padding:8px 12px; border:1px solid #BDBDBD;\">SMS 2728<\/td>\n<\/tr>\n<\/table>\n","protected":false},"excerpt":{"rendered":"<ul>\n<li>Eliminacion de residuos de flux<\/li>\n<li>Proceso co-solvente<\/li>\n<li>Evoluci\u00f3n de Topklean EL 20A<\/li>\n<\/ul>\n","protected":false},"featured_media":2438,"comment_status":"closed","ping_status":"closed","template":"","meta":{"_acf_changed":false,"inline_featured_image":false},"product_brand":[],"product_cat":[2893,616],"product_tag":[4283,2109,3942,4287,588,4186,4327,4315,2046],"class_list":{"0":"post-16987","1":"product","2":"type-product","3":"status-publish","4":"has-post-thumbnail","6":"industries-asistencia-y-confort-adas","7":"industries-equipos-medico-y-escaneres","8":"product_cat-eliminacion-de-residuos-de-fundente-y-limpieza-de-pcb-para-electronica-y-semiconductores","9":"product_cat-limpieza","10":"product_tag-co-disolvente","11":"product_tag-el-es","12":"product_tag-el-20b-es","13":"product_tag-eliminacion-de-fundente-es","14":"product_tag-fluido","15":"product_tag-fluidos-de-limpieza-con-solvente","16":"product_tag-greenway","17":"product_tag-residuos-de-flux","18":"product_tag-topklean-es","19":"pa_application-eliminacion-de-fundente","20":"pa_brand-topklean-es-2","21":"pa_features-greenway","22":"pa_processes-co-solvente","23":"pa_product-category-fluidos-de-limpieza-con-solvente","25":"first","26":"instock","27":"shipping-taxable","28":"product-type-simple"},"acf":[],"_links":{"self":[{"href":"https:\/\/www.inventec.dehon.com\/es\/wp-json\/wp\/v2\/product\/16987","targetHints":{"allow":["GET"]}}],"collection":[{"href":"https:\/\/www.inventec.dehon.com\/es\/wp-json\/wp\/v2\/product"}],"about":[{"href":"https:\/\/www.inventec.dehon.com\/es\/wp-json\/wp\/v2\/types\/product"}],"replies":[{"embeddable":true,"href":"https:\/\/www.inventec.dehon.com\/es\/wp-json\/wp\/v2\/comments?post=16987"}],"wp:featuredmedia":[{"embeddable":true,"href":"https:\/\/www.inventec.dehon.com\/es\/wp-json\/wp\/v2\/media\/2438"}],"wp:attachment":[{"href":"https:\/\/www.inventec.dehon.com\/es\/wp-json\/wp\/v2\/media?parent=16987"}],"wp:term":[{"taxonomy":"product_brand","embeddable":true,"href":"https:\/\/www.inventec.dehon.com\/es\/wp-json\/wp\/v2\/product_brand?post=16987"},{"taxonomy":"product_cat","embeddable":true,"href":"https:\/\/www.inventec.dehon.com\/es\/wp-json\/wp\/v2\/product_cat?post=16987"},{"taxonomy":"product_tag","embeddable":true,"href":"https:\/\/www.inventec.dehon.com\/es\/wp-json\/wp\/v2\/product_tag?post=16987"}],"curies":[{"name":"wp","href":"https:\/\/api.w.org\/{rel}","templated":true}]}}