{"id":16982,"date":"2024-06-05T22:35:18","date_gmt":"2024-06-05T22:35:18","guid":{"rendered":"https:\/\/www.inventec.dehon.com\/?post_type=product&#038;p=16982"},"modified":"2026-03-16T14:41:40","modified_gmt":"2026-03-16T13:41:40","slug":"topklean-el-80","status":"publish","type":"product","link":"https:\/\/www.inventec.dehon.com\/es\/product\/topklean-el-80\/","title":{"rendered":"TOPKLEAN EL 80"},"content":{"rendered":"<p><img decoding=\"async\" src=\"https:\/\/www.inventec.dehon.com\/wp-content\/uploads\/2021\/03\/TOPKLEAN-canister-yellow-1-600x600.jpg\" alt=\"TOPKLEAN EL 80\" class=\"responsive-img\" align=\"right\" style=\"border-radius:10px; margin-bottom:10px; margin-top:-10px; margin-left:15px; width:300px\" \/><\/p>\n<h2 style=\"color:#9bc947; margin-bottom:15px\">Fluido de eliminaci\u00f3n de residuos de fundente con co-solvente<\/h2>\n<ul>\n<li>Eliminaci\u00f3n de residuos de flux<\/li>\n<li>Proceso co-solvente<\/li>\n<li>Alto poder de limpieza y sostenible<\/li>\n<\/ul>\n<h5>TOPKLEAN EL 80<\/h5>\n<p>Est\u00e1 especialmente dise\u00f1ado para limpiar los residuos de fundente de soldadura despu\u00e9s del reflujo. Adem\u00e1s de eliminar casi cualquier residuo de fundente de soldadura, no deja residuos blancos y proporciona un efecto brillante en aleaciones y metales.<\/p>\n<p>Es nuestro \u00faltimo desarrollo basado en nuestra nueva tecnolog\u00eda QSA, que permite una solubilizaci\u00f3n m\u00e1s r\u00e1pida de compuestos org\u00e1nicos y minerales. Este producto toma la delantera en su aplicaci\u00f3n, gracias a su notable aumento del punto de inflamaci\u00f3n, que facilita una limpieza segura a temperaturas m\u00e1s altas, una mayor eficacia limpiadora y una menor tensi\u00f3n superficial. Se destaca especialmente en la limpieza bajo componentes con distancias de separaci\u00f3n muy bajas.<\/p>\n<p>Se utiliza en el proceso de co-disolvente para ofrecer un proceso de limpieza r\u00e1pido y sostenible con una eficacia de limpieza muy alta . En este proceso, <strong>TOPKLEAN EL 80<\/strong> se enjuaga perfectamente con disolventes de nuestra gama PROMOSOLV\u2122.<\/p>\n<p>El proceso de co-solventes ha cambiado las reglas del juego desde hace m\u00e1s de 15 a\u00f1os y est\u00e1 cualificado por varios actores de la industria electr\u00f3nica y de semiconductores. Ha sido desarrollado para sustituir disolventes con un alto impacto HSE por una soluci\u00f3n m\u00e1s sostenible y con un rendimiento de limpieza igualmente fuerte. Destaca especialmente cuando se trata de componentes de baja separaci\u00f3n. Por el contrario, un sistema de limpieza a base de agua conlleva el riesgo de que el producto qu\u00edmico de limpieza no se elimine adecuadamente debido a la tensi\u00f3n superficial significativamente mayor del agua.<\/p>\n<p><!-- SPECIFICATIONS Section --><\/p>\n<div style=\"font-weight:bold; text-transform:uppercase; border-bottom:2px solid #9DBB2F; padding-bottom:6px; margin-bottom:10px;\">\n  ESPECIFICACIONES\n<\/div>\n<table width=\"100%\" cellpadding=\"0\" cellspacing=\"0\" style=\"border-collapse:collapse; width:100%; max-width:100%;\">\n<tr>\n<th align=\"left\" style=\"background:#7A7A7A; color:#fff; padding:8px 12px; border:1px solid #BDBDBD;\">ESPECIFICACIONES<\/th>\n<th align=\"left\" style=\"background:#7A7A7A; color:#fff; padding:8px 12px; border:1px solid #BDBDBD;\">VALORES<\/th>\n<th align=\"left\" style=\"background:#7A7A7A; color:#fff; padding:8px 12px; border:1px solid #BDBDBD;\">M\u00c9TODOS<\/th>\n<\/tr>\n<tr>\n<td style=\"padding:8px 12px; border:1px solid #BDBDBD;\">Aspecto<\/td>\n<td style=\"padding:8px 12px; border:1px solid #BDBDBD;\">Transparente, incoloro<\/td>\n<td style=\"padding:8px 12px; border:1px solid #BDBDBD;\">Visual<\/td>\n<\/tr>\n<tr style=\"background:#E6E6E6;\">\n<td style=\"padding:8px 12px; border:1px solid #BDBDBD;\">Densidad (g\/ml a 20 \u00b0C)<\/td>\n<td style=\"padding:8px 12px; border:1px solid #BDBDBD;\">0.920 \u00b1 0.010<\/td>\n<td style=\"padding:8px 12px; border:1px solid #BDBDBD;\">BRY MO 028<\/td>\n<\/tr>\n<\/table>\n<p><!-- CHARACTERISTICS Section --><\/p>\n<div style=\"font-weight:bold; text-transform:uppercase; border-bottom:2px solid #9DBB2F; padding-bottom:6px; margin:30px 0 10px 0;\">\n  CARACTER\u00cdSTICAS\n<\/div>\n<table width=\"100%\" cellpadding=\"0\" cellspacing=\"0\" style=\"border-collapse:collapse; width:100%; max-width:100%;\">\n<tr>\n<th align=\"left\" style=\"background:#7A7A7A; color:#fff; padding:8px 12px; border:1px solid #BDBDBD;\">CARACTER\u00cdSTICAS<\/th>\n<th align=\"left\" style=\"background:#7A7A7A; color:#fff; padding:8px 12px; border:1px solid #BDBDBD;\">VALORES<\/th>\n<th align=\"left\" style=\"background:#7A7A7A; color:#fff; padding:8px 12px; border:1px solid #BDBDBD;\">M\u00c9TODOS<\/th>\n<\/tr>\n<tr>\n<td style=\"padding:8px 12px; border:1px solid #BDBDBD;\">Punto de ebullici\u00f3n<\/td>\n<td style=\"padding:8px 12px; border:1px solid #BDBDBD;\">&gt;100\u00b0C \/ &gt;212\u00b0F<\/td>\n<td style=\"padding:8px 12px; border:1px solid #BDBDBD;\">ASTM D1078<\/td>\n<\/tr>\n<tr style=\"background:#E6E6E6;\">\n<td style=\"padding:8px 12px; border:1px solid #BDBDBD;\">Punto de ignici\u00f3n (PMCC)<\/td>\n<td style=\"padding:8px 12px; border:1px solid #BDBDBD;\">100\u00b0C \/ 212\u00b0F<\/td>\n<td style=\"padding:8px 12px; border:1px solid #BDBDBD;\">ASTM D93<\/td>\n<\/tr>\n<tr>\n<td style=\"padding:8px 12px; border:1px solid #BDBDBD;\">Tensi\u00f3n superficial a 20\u00b0C (dinas\/cm)<\/td>\n<td style=\"padding:8px 12px; border:1px solid #BDBDBD;\">30<\/td>\n<td style=\"padding:8px 12px; border:1px solid #BDBDBD;\">ASTM D971<\/td>\n<\/tr>\n<tr style=\"background:#E6E6E6;\">\n<td style=\"padding:8px 12px; border:1px solid #BDBDBD;\">Miscibilidad en agua<\/td>\n<td style=\"padding:8px 12px; border:1px solid #BDBDBD;\">Parcialmente miscible<\/td>\n<td style=\"padding:8px 12px; border:1px solid #BDBDBD;\">Interno<\/td>\n<\/tr>\n<tr>\n<td style=\"padding:8px 12px; border:1px solid #BDBDBD;\">Presencia de compuestos arom\u00e1ticos (% en peso)<\/td>\n<td style=\"padding:8px 12px; border:1px solid #BDBDBD;\">Ninguno<\/td>\n<td style=\"padding:8px 12px; border:1px solid #BDBDBD;\">SMS 2728<\/td>\n<\/tr>\n<\/table>\n","protected":false},"excerpt":{"rendered":"<ul>\n<li>Eliminaci\u00f3n de residuos de flux<\/li>\n<li>Proceso co-solvente<\/li>\n<li>Alto poder de limpieza y sostenible<\/li>\n<\/ul>\n<p><a href=\"https:\/\/www.inventec.dehon.com\/wp-content\/uploads\/2024\/06\/GW_Score_30.png\"><img decoding=\"async\" class=\"alignnone size-full wp-image-15018\" src=\"https:\/\/www.inventec.dehon.com\/wp-content\/uploads\/2024\/06\/GW_Score_30.png\" alt=\"\" width=\"278\" height=\"236\" \/><\/a><\/p>\n","protected":false},"featured_media":24451,"comment_status":"closed","ping_status":"closed","template":"","meta":{"_acf_changed":false,"inline_featured_image":false},"product_brand":[],"product_cat":[2893,616],"product_tag":[4339,4283,2109,3941,4311,4287,588,4186,4327,4387,4391,4315,4375,2046],"class_list":{"0":"post-16982","1":"product","2":"type-product","3":"status-publish","4":"has-post-thumbnail","6":"industries-asistencia-y-confort-adas","7":"industries-electronica-y-sistemas-electricos","8":"industries-equipos-medico-y-escaneres","9":"product_cat-eliminacion-de-residuos-de-fundente-y-limpieza-de-pcb-para-electronica-y-semiconductores","10":"product_cat-limpieza","11":"product_tag-bajo-voc","12":"product_tag-co-disolvente","13":"product_tag-el-es","14":"product_tag-el-80-es","15":"product_tag-eliminacion-de-flux","16":"product_tag-eliminacion-de-fundente-es","17":"product_tag-fluido","18":"product_tag-fluidos-de-limpieza-con-solvente","19":"product_tag-greenway","20":"product_tag-no-inflamable","21":"product_tag-no-toxico","22":"product_tag-residuos-de-flux","23":"product_tag-sin-gwp","24":"product_tag-topklean-es","25":"pa_application-eliminacion-de-fundente","26":"pa_brand-topklean-es-2","27":"pa_features-greenway","28":"pa_processes-co-solvente","29":"pa_product-category-fluidos-de-limpieza-con-solvente","31":"first","32":"instock","33":"shipping-taxable","34":"product-type-simple"},"acf":[],"_links":{"self":[{"href":"https:\/\/www.inventec.dehon.com\/es\/wp-json\/wp\/v2\/product\/16982","targetHints":{"allow":["GET"]}}],"collection":[{"href":"https:\/\/www.inventec.dehon.com\/es\/wp-json\/wp\/v2\/product"}],"about":[{"href":"https:\/\/www.inventec.dehon.com\/es\/wp-json\/wp\/v2\/types\/product"}],"replies":[{"embeddable":true,"href":"https:\/\/www.inventec.dehon.com\/es\/wp-json\/wp\/v2\/comments?post=16982"}],"wp:featuredmedia":[{"embeddable":true,"href":"https:\/\/www.inventec.dehon.com\/es\/wp-json\/wp\/v2\/media\/24451"}],"wp:attachment":[{"href":"https:\/\/www.inventec.dehon.com\/es\/wp-json\/wp\/v2\/media?parent=16982"}],"wp:term":[{"taxonomy":"product_brand","embeddable":true,"href":"https:\/\/www.inventec.dehon.com\/es\/wp-json\/wp\/v2\/product_brand?post=16982"},{"taxonomy":"product_cat","embeddable":true,"href":"https:\/\/www.inventec.dehon.com\/es\/wp-json\/wp\/v2\/product_cat?post=16982"},{"taxonomy":"product_tag","embeddable":true,"href":"https:\/\/www.inventec.dehon.com\/es\/wp-json\/wp\/v2\/product_tag?post=16982"}],"curies":[{"name":"wp","href":"https:\/\/api.w.org\/{rel}","templated":true}]}}