{"id":16959,"date":"2024-06-05T22:04:26","date_gmt":"2024-06-05T22:04:26","guid":{"rendered":"https:\/\/www.inventec.dehon.com\/?post_type=product&#038;p=16959"},"modified":"2026-03-16T14:35:40","modified_gmt":"2026-03-16T13:35:40","slug":"promosolv-70is","status":"publish","type":"product","link":"https:\/\/www.inventec.dehon.com\/es\/product\/promosolv-70is\/","title":{"rendered":"PROMOSOLV 70IS"},"content":{"rendered":"<p><img decoding=\"async\" src=\"https:\/\/www.inventec.dehon.com\/wp-content\/uploads\/2021\/03\/PROMOSOLV-drum-colorless-Ecoprog-600x600.png\" alt=\"PROMOSOLV 70IS\" class=\"responsive-img\" align=\"right\" style=\"border-radius:10px; margin-bottom:10px; margin-top:-10px; margin-left:15px; width:300px\" \/><\/p>\n<h2 style=\"color:#9bc947; margin-bottom:15px\">Solvente desfluxante<\/h2>\n<ul>\n<li>Eliminacion de residuos de flux<\/li>\n<li>Proceso en fase vapor<\/li>\n<li>Para ambientes h\u00famedos<\/li>\n<\/ul>\n<h5>PROMOSOLV 70IS<\/h5>\n<p>Ha sido desarrollado como un sustituto directo del tricloroetileno, NPB, y otros disolventes que tienen un impacto muy grande en S&#038;H en el trabajo y en el medioambiente. Reduciendo significativamente ese impacto en H&#038;S su capacidad de desengrase es equivalenteI.<\/p>\n<p>Debido a su formulaci\u00f3n con isopropanol, es menos propenso a la absorci\u00f3n de agua en comparaci\u00f3n con las formulaciones con etanol, lo que hace que el producto sea m\u00e1s adecuado en entornos de alta humedad.<\/p>\n<p>Est\u00e1 dedicado a eliminar los residuos de flujo refundido y otros contaminantes en placas de circuito impreso (PCBA), m\u00f3dulos de potencia, estructuras de conexi\u00f3n (lead frames), BGA, aplicaciones PoP, SIP o ensamblajes de LED. Su baja tensi\u00f3n superficial permite una limpieza y enjuague muy eficientes debajo de componentes con poca separaci\u00f3n y en espacios de dif\u00edcil acceso. Es muy compatible con todos los metales, incluidos los muy sensibles, y tambi\u00e9n con la mayor\u00eda de los pl\u00e1sticos y elast\u00f3meros, aunque se recomienda validar antes de usar.<\/p>\n<p><strong>PROMOSOLV 70IS<\/strong> est\u00e1 formulado pensando en la seguridad. Su composici\u00f3n tiene excelentes propiedades supresoras de la inflamabilidad y su formulaci\u00f3n es casi azeotr\u00f3pica, lo que proporciona una estabilidad muy alta al usarlo en un equipo. Algunos productos del mercado pueden perder su compuesto supresor de la inflamabilidad debido a la evaporaci\u00f3n cuando se utilizan en un equipo.<\/p>\n<div style=\"font-family:Lato; color:#333;\">\n<div style=\"font-weight:bold; text-transform:uppercase; border-bottom:2px solid #9DBB2F; padding-bottom:6px; margin-bottom:10px;\">\n    ESPECIFICACIONES\n  <\/div>\n<table width=\"100%\" cellpadding=\"0\" cellspacing=\"0\" style=\"border-collapse:collapse; width:100%; max-width:100%;\">\n<tr>\n<th align=\"left\" style=\"background:#7A7A7A; color:#fff; padding:8px 12px; border:1px solid #BDBDBD;\">\n        ESPECIFICACIONES\n      <\/th>\n<th align=\"left\" style=\"background:#7A7A7A; color:#fff; padding:8px 12px; border:1px solid #BDBDBD;\">\n        VALORES\n      <\/th>\n<th align=\"left\" style=\"background:#7A7A7A; color:#fff; padding:8px 12px; border:1px solid #BDBDBD;\">\n        M\u00c9TODOS\n      <\/th>\n<\/tr>\n<tr>\n<td style=\"padding:8px 12px; border:1px solid #BDBDBD;\">Aspecto<\/td>\n<td style=\"padding:8px 12px; border:1px solid #BDBDBD;\">Incoloro, claro<\/td>\n<td style=\"padding:8px 12px; border:1px solid #BDBDBD;\">Visual<\/td>\n<\/tr>\n<tr style=\"background:#E6E6E6;\">\n<td style=\"padding:8px 12px; border:1px solid #BDBDBD;\">Pureza (% peso)<\/td>\n<td style=\"padding:8px 12px; border:1px solid #BDBDBD;\">>99.5<\/td>\n<td style=\"padding:8px 12px; border:1px solid #BDBDBD;\">Internal \/ MO.SB.10033<\/td>\n<\/tr>\n<tr>\n<td style=\"padding:8px 12px; border:1px solid #BDBDBD;\">Isopropanol (% peso)<\/td>\n<td style=\"padding:8px 12px; border:1px solid #BDBDBD;\"><3<\/td>\n<td style=\"padding:8px 12px; border:1px solid #BDBDBD;\">Internal \/ MO.SB.10033<\/td>\n<\/tr>\n<\/table>\n<\/div>\n<div style=\"font-family:Lato; color:#333;\">\n<div style=\"font-weight:bold; text-transform:uppercase; border-bottom:2px solid #9DBB2F; padding-bottom:6px; margin:30px 0 10px;\">\n    CARACTER\u00cdSTICAS\n  <\/div>\n<table width=\"100%\" cellpadding=\"0\" cellspacing=\"0\" style=\"border-collapse:collapse; width:100%; max-width:100%;\">\n<tr>\n<th align=\"left\" style=\"background:#7A7A7A; color:#fff; padding:8px 12px; border:1px solid #BDBDBD;\">\n        CARACTER\u00cdSTICAS\n      <\/th>\n<th align=\"left\" style=\"background:#7A7A7A; color:#fff; padding:8px 12px; border:1px solid #BDBDBD;\">\n        VALORES\n      <\/th>\n<\/tr>\n<tr>\n<td style=\"padding:8px 12px; border:1px solid #BDBDBD;\">Punto de ebullici\u00f3n (\u00b0C\/\u00b0F)<\/td>\n<td style=\"padding:8px 12px; border:1px solid #BDBDBD;\">43\u00b0C\/109\u00b0F<\/td>\n<\/tr>\n<tr style=\"background:#E6E6E6;\">\n<td style=\"padding:8px 12px; border:1px solid #BDBDBD;\">Tensi\u00f3n superficial (dinas\/cm)<\/td>\n<td style=\"padding:8px 12px; border:1px solid #BDBDBD;\">14<\/td>\n<\/tr>\n<tr>\n<td style=\"padding:8px 12px; border:1px solid #BDBDBD;\">Punto de inflamabilidad<\/td>\n<td style=\"padding:8px 12px; border:1px solid #BDBDBD;\">Ninguno<\/td>\n<\/tr>\n<tr style=\"background:#E6E6E6;\">\n<td style=\"padding:8px 12px; border:1px solid #BDBDBD;\">Densidad (g\/cm3)<\/td>\n<td style=\"padding:8px 12px; border:1px solid #BDBDBD;\">1,28<\/td>\n<\/tr>\n<tr>\n<td style=\"padding:8px 12px; border:1px solid #BDBDBD;\">Viscosidad din\u00e1mica (mPa.s)<\/td>\n<td style=\"padding:8px 12px; border:1px solid #BDBDBD;\">0.50<\/td>\n<\/tr>\n<tr style=\"background:#E6E6E6;\">\n<td style=\"padding:8px 12px; border:1px solid #BDBDBD;\">Presi\u00f3n de vapor (kPa)<\/td>\n<td style=\"padding:8px 12px; border:1px solid #BDBDBD;\">65<\/td>\n<\/tr>\n<\/table>\n<\/div>\n","protected":false},"excerpt":{"rendered":"<ul>\n<li>Eliminacion de residuos de flux<\/li>\n<li>Proceso en fase vapor<\/li>\n<li>Para ambientes h\u00famedos<\/li>\n<\/ul>\n<p><a href=\"https:\/\/www.inventec.dehon.com\/wp-content\/uploads\/2021\/04\/GW-Score-40.png\"><img decoding=\"async\" class=\"alignnone size-full wp-image-15225\" src=\"https:\/\/www.inventec.dehon.com\/wp-content\/uploads\/2021\/04\/GW-Score-40.png\" alt=\"\" width=\"278\" height=\"236\" \/><\/a><\/p>\n","protected":false},"featured_media":2278,"comment_status":"closed","ping_status":"closed","template":"","meta":{"_acf_changed":false,"inline_featured_image":false},"product_brand":[],"product_cat":[2893,616],"product_tag":[2476,4287,4769,588,4186,4371,4319,1829,2475,4279,4600],"class_list":{"0":"post-16959","1":"product","2":"type-product","3":"status-publish","4":"has-post-thumbnail","6":"industries-asistencia-y-confort-adas","7":"industries-electronica-y-sistemas-electricos","8":"industries-equipos-medico-y-escaneres","9":"product_cat-eliminacion-de-residuos-de-fundente-y-limpieza-de-pcb-para-electronica-y-semiconductores","10":"product_cat-limpieza","11":"product_tag-70is-es","12":"product_tag-eliminacion-de-fundente-es","13":"product_tag-fase-de-vapor","14":"product_tag-fluido","15":"product_tag-fluidos-de-limpieza-con-solvente","16":"product_tag-mono-disolvente","17":"product_tag-pegamento","18":"product_tag-promosolv-es","19":"product_tag-promosolv-70is-es","20":"product_tag-proteccion-es","21":"product_tag-reciclable","22":"pa_application-eliminacion-de-fundente","23":"pa_application-pegamentos-y-recubrimientos","24":"pa_brand-promosolv-es-2","25":"pa_features-reciclable","26":"pa_processes-mono-solvente","27":"pa_product-category-fluidos-de-limpieza-con-solvente","29":"first","30":"instock","31":"shipping-taxable","32":"product-type-simple"},"acf":[],"_links":{"self":[{"href":"https:\/\/www.inventec.dehon.com\/es\/wp-json\/wp\/v2\/product\/16959","targetHints":{"allow":["GET"]}}],"collection":[{"href":"https:\/\/www.inventec.dehon.com\/es\/wp-json\/wp\/v2\/product"}],"about":[{"href":"https:\/\/www.inventec.dehon.com\/es\/wp-json\/wp\/v2\/types\/product"}],"replies":[{"embeddable":true,"href":"https:\/\/www.inventec.dehon.com\/es\/wp-json\/wp\/v2\/comments?post=16959"}],"wp:featuredmedia":[{"embeddable":true,"href":"https:\/\/www.inventec.dehon.com\/es\/wp-json\/wp\/v2\/media\/2278"}],"wp:attachment":[{"href":"https:\/\/www.inventec.dehon.com\/es\/wp-json\/wp\/v2\/media?parent=16959"}],"wp:term":[{"taxonomy":"product_brand","embeddable":true,"href":"https:\/\/www.inventec.dehon.com\/es\/wp-json\/wp\/v2\/product_brand?post=16959"},{"taxonomy":"product_cat","embeddable":true,"href":"https:\/\/www.inventec.dehon.com\/es\/wp-json\/wp\/v2\/product_cat?post=16959"},{"taxonomy":"product_tag","embeddable":true,"href":"https:\/\/www.inventec.dehon.com\/es\/wp-json\/wp\/v2\/product_tag?post=16959"}],"curies":[{"name":"wp","href":"https:\/\/api.w.org\/{rel}","templated":true}]}}