{"id":14208,"date":"2022-12-12T09:29:08","date_gmt":"2022-12-16T13:46:21","guid":{"rendered":"https:\/\/www.inventec.dehon.com\/product\/limpieza-con-cosolventes\/"},"modified":"2025-01-29T12:31:55","modified_gmt":"2025-01-29T12:31:55","slug":"limpieza-con-cosolventes","status":"publish","type":"product","link":"https:\/\/www.inventec.dehon.com\/es\/product\/limpieza-con-cosolventes\/","title":{"rendered":"LIMPIEZA CON COSOLVENTES"},"content":{"rendered":"<h4><strong>PROCESO EFICAZ, SEGURO Y PRODUCTIVO PARA LA INDUSTRIA ELECTR\u00d3NICA.<\/strong><\/h4>\n<p><strong>El proceso de limpieza con cosolvente elimina los residuos org\u00e1nicos y minerales de las pastas de soldar y los fluxes de soldadura en un tiempo de ciclo corto.<\/strong><\/p>\n<div style=\"width: 640px;\" class=\"wp-video\"><!--[if lt IE 9]><script>document.createElement('video');<\/script><![endif]-->\n<video class=\"wp-video-shortcode\" id=\"video-14208-1\" width=\"640\" height=\"360\" preload=\"metadata\" controls=\"controls\"><source type=\"video\/mp4\" src=\"https:\/\/www.inventec.dehon.com\/wp-content\/uploads\/2022\/12\/Video-Inventec-3M-Co-solvent-ES.mp4?_=1\" \/><a href=\"https:\/\/www.inventec.dehon.com\/wp-content\/uploads\/2022\/12\/Video-Inventec-3M-Co-solvent-ES.mp4\">https:\/\/www.inventec.dehon.com\/wp-content\/uploads\/2022\/12\/Video-Inventec-3M-Co-solvent-ES.mp4<\/a><\/video><\/div>\n<p>&nbsp;<\/p>\n<ul>\n<li><strong>Limpienza:<\/strong> La baja viscosidad de la mezcla <strong>Topklean\u2122 EL 20<\/strong> y<strong>3M\u2122 Novec\u2122 71IPA<\/strong> permite limpiar placas miniaturizadas de alta densidad y zonas de dif\u00edcil acceso. <a href=\"https:\/\/www.inventec.dehon.com\/wp-content\/uploads\/2022\/12\/2EME-PAGE-petite.jpg\" rel=\"inv-colorbox\" title=\"LIMPIEZA CON COSOLVENTES\"><img decoding=\"async\" class=\" wp-image-13989 alignright\" src=\"https:\/\/www.inventec.dehon.com\/wp-content\/uploads\/2022\/12\/2EME-PAGE-petite-300x169.jpg\" alt=\"\" width=\"289\" height=\"163\" srcset=\"https:\/\/www.inventec.dehon.com\/wp-content\/uploads\/2022\/12\/2EME-PAGE-petite-300x169.jpg 300w, https:\/\/www.inventec.dehon.com\/wp-content\/uploads\/2022\/12\/2EME-PAGE-petite.jpg 600w\" sizes=\"(max-width: 289px) 100vw, 289px\" \/><\/a><\/li>\n<li><strong>Aclarado en fase liquida :<\/strong> <strong>3M\u2122 Novec\u2122 71IPA <\/strong> brinda un aclarado eficaz de placas con geometr\u00eda compleja gracias a su baja tensi\u00f3n superficial. De hecho, penetra en espacios muy estrechos, a los que una mol\u00e9cula de agua no puede llegar, para garantizar la eliminaci\u00f3n completa de <strong>Topklean\u2122 EL 20<\/strong>.<\/li>\n<li><strong>Aclarado en fase vapor:<\/strong> la fase de vapor, constituida de pure <strong>3M\u2122 Novec\u2122 71IPA<\/strong> puro, se condensa y gotea sobre la placa para un \u00faltimo aclarado.<\/li>\n<li>El <strong>secado<\/strong> se realiza en la fase de vapor y contin\u00faa en zona fr\u00eda para un acabado \u00f3ptimo y r\u00e1pido.<\/li>\n<\/ul>\n<h4><strong>\u00bfQU\u00c9 BENEFICIOS APORTA EL PROCESO COSOLVENTE?<\/strong><\/h4>\n<p><a href=\"https:\/\/www.inventec.dehon.com\/wp-content\/uploads\/2022\/12\/AVANTAGES-ES.png\" rel=\"inv-colorbox\" title=\"LIMPIEZA CON COSOLVENTES\"><img decoding=\"async\" class=\"alignnone size-full wp-image-14215\" src=\"https:\/\/www.inventec.dehon.com\/wp-content\/uploads\/2022\/12\/AVANTAGES-ES.png\" alt=\"\" width=\"1238\" height=\"864\" srcset=\"https:\/\/www.inventec.dehon.com\/wp-content\/uploads\/2022\/12\/AVANTAGES-ES.png 1238w, https:\/\/www.inventec.dehon.com\/wp-content\/uploads\/2022\/12\/AVANTAGES-ES-300x209.png 300w, https:\/\/www.inventec.dehon.com\/wp-content\/uploads\/2022\/12\/AVANTAGES-ES-1024x715.png 1024w, https:\/\/www.inventec.dehon.com\/wp-content\/uploads\/2022\/12\/AVANTAGES-ES-768x536.png 768w, https:\/\/www.inventec.dehon.com\/wp-content\/uploads\/2022\/12\/AVANTAGES-ES-600x419.png 600w\" sizes=\"(max-width: 1238px) 100vw, 1238px\" \/><\/a><\/p>\n<p>* Solicite un kit PCA especial para controlar el estado del ba\u00f1o.<\/p>\n<p><a href=\"https:\/\/www.inventec.dehon.com\/wp-content\/uploads\/2022\/12\/ENCART-ES.png\" rel=\"inv-colorbox\" title=\"LIMPIEZA CON COSOLVENTES\"><img decoding=\"async\" class=\"size-full wp-image-14220 aligncenter\" src=\"https:\/\/www.inventec.dehon.com\/wp-content\/uploads\/2022\/12\/ENCART-ES.png\" alt=\"\" width=\"796\" height=\"414\" srcset=\"https:\/\/www.inventec.dehon.com\/wp-content\/uploads\/2022\/12\/ENCART-ES.png 796w, https:\/\/www.inventec.dehon.com\/wp-content\/uploads\/2022\/12\/ENCART-ES-300x156.png 300w, https:\/\/www.inventec.dehon.com\/wp-content\/uploads\/2022\/12\/ENCART-ES-768x399.png 768w, https:\/\/www.inventec.dehon.com\/wp-content\/uploads\/2022\/12\/ENCART-ES-600x312.png 600w\" sizes=\"(max-width: 796px) 100vw, 796px\" \/><\/a><\/p>\n<p>&nbsp;<\/p>\n","protected":false},"excerpt":{"rendered":"<h3><strong>PROCESO EFICAZ, SEGURO Y PRODUCTIVO PARA LA INDUSTRIA ELECTR\u00d3NICA.<\/strong><\/h3>\n<p>El proceso de limpieza con cosolvente elimina los residuos org\u00e1nicos y minerales de las pastas de soldar y los fluxes de soldadura en un tiempo de ciclo corto.<\/p>\n","protected":false},"featured_media":13993,"comment_status":"closed","ping_status":"closed","template":"","meta":{"_acf_changed":false,"inline_featured_image":false},"product_brand":[],"product_cat":[616],"product_tag":[],"class_list":{"0":"post-14208","1":"product","2":"type-product","3":"status-publish","4":"has-post-thumbnail","6":"product_cat-limpieza","8":"first","9":"instock","10":"shipping-taxable","11":"product-type-simple"},"acf":[],"_links":{"self":[{"href":"https:\/\/www.inventec.dehon.com\/es\/wp-json\/wp\/v2\/product\/14208","targetHints":{"allow":["GET"]}}],"collection":[{"href":"https:\/\/www.inventec.dehon.com\/es\/wp-json\/wp\/v2\/product"}],"about":[{"href":"https:\/\/www.inventec.dehon.com\/es\/wp-json\/wp\/v2\/types\/product"}],"replies":[{"embeddable":true,"href":"https:\/\/www.inventec.dehon.com\/es\/wp-json\/wp\/v2\/comments?post=14208"}],"wp:featuredmedia":[{"embeddable":true,"href":"https:\/\/www.inventec.dehon.com\/es\/wp-json\/wp\/v2\/media\/13993"}],"wp:attachment":[{"href":"https:\/\/www.inventec.dehon.com\/es\/wp-json\/wp\/v2\/media?parent=14208"}],"wp:term":[{"taxonomy":"product_brand","embeddable":true,"href":"https:\/\/www.inventec.dehon.com\/es\/wp-json\/wp\/v2\/product_brand?post=14208"},{"taxonomy":"product_cat","embeddable":true,"href":"https:\/\/www.inventec.dehon.com\/es\/wp-json\/wp\/v2\/product_cat?post=14208"},{"taxonomy":"product_tag","embeddable":true,"href":"https:\/\/www.inventec.dehon.com\/es\/wp-json\/wp\/v2\/product_tag?post=14208"}],"curies":[{"name":"wp","href":"https:\/\/api.w.org\/{rel}","templated":true}]}}