{"id":13365,"date":"2022-04-13T09:20:22","date_gmt":"2022-04-13T09:20:22","guid":{"rendered":"https:\/\/www.inventec.dehon.com\/?post_type=product&#038;p=13365"},"modified":"2026-03-11T11:03:27","modified_gmt":"2026-03-11T10:03:27","slug":"amtech-nc-559-v3-tf","status":"publish","type":"product","link":"https:\/\/www.inventec.dehon.com\/es\/product\/amtech-nc-559-v3-tf\/","title":{"rendered":"AMTECH NC-559-V3-TF"},"content":{"rendered":"<p><img decoding=\"async\" src=\"https:\/\/www.inventec.dehon.com\/wp-content\/uploads\/2025\/09\/AMTECH-TF-Picto.jpg\" alt=\"AMTECH NC-559-V3-TF\" class=\"responsive-img\" align=\"right\" style=\"border-radius:10px; margin-bottom:10px; margin-top:-10px; margin-left:15px; width:300px\" \/><\/p>\n<h2 style=\"color: #9bc947; margin-bottom: 15px;\">Flujo pegajoso para profesionales<\/h2>\n<ul>\n<li>No hay flujo pegajoso limpio<\/li>\n<li>Soldadura con o sin plomo<\/li>\n<li>Excelentes propiedades de humectaci\u00f3n<\/li>\n<\/ul>\n<div class=\"button-wrapper\" style=\"flex-shrink: 0; display: flex; align-items: left; min-width: 250px; justify-content: left; margin-bottom:20px\"><a href=\"https:\/\/shop.inventec.dehon.com\/collections\/flux\" class=\"btn btn-lg btn-primary rounded-pill\" style=\"display: flex; flex-direction: column; justify-content: center; align-items: center; text-align: center; height: 100%; padding: 10px 20px; box-shadow: 0 2px 8px rgba(0, 0, 0, 0.1); font-weight: bold;\" target=\"_blank\">Comprar en l\u00ednea<br \/><font style=\"font-size:11px; font-weight: 200;\">ENV\u00cdO DISPONIBLE A TODO EL MUNDO<\/font><\/a><\/div>\n<h5>AMTECH NC-559-V3-TF<\/h5>\n<p>\nEsta es la 3<sup>a<\/sup> generaci\u00f3n del conocido <strong>flux adhesivo NC-559<\/strong>. Ha sido desarrollado para lograr una humectaci\u00f3n a\u00fan mejor y un residuo m\u00e1s claro y transparente. Est\u00e1 formulado para aplicaci\u00f3n con jeringa, impresi\u00f3n con est\u00e9ncil y procesos de retrabajo en todos los acabados de superficie de placas de circuito impreso (PCB). <strong>AMTECH NC-559-V3-TF<\/strong> ofrece un rendimiento excelente en la fijaci\u00f3n de esferas BGA y en los procesos de reboleado. Tambi\u00e9n est\u00e1 dise\u00f1ado para funcionar en todos los procesos de bumping flip chip y encapsulado a escala de chip.<\/p>\n<p><!-- SECCI\u00d3N ALEACIONES COMPATIBLES --><\/p>\n<div style=\"font-weight:bold; text-transform:uppercase; border-bottom:2px solid #9DBB2F; padding-bottom:6px; margin:20px 0 10px;\">\n  ALEACIONES COMPATIBLES\n<\/div>\n<table width=\"100%\" cellpadding=\"0\" cellspacing=\"0\" style=\"border-collapse:collapse; width:100%;\">\n<tr>\n<th style=\"background:#7A7A7A; color:#fff; padding:8px 12px; border:1px solid #BDBDBD;\">ALEACI\u00d3N<\/th>\n<th style=\"background:#7A7A7A; color:#fff; padding:8px 12px; border:1px solid #BDBDBD;\">TEMPERATURA \u00b0C<\/th>\n<th style=\"background:#7A7A7A; color:#fff; padding:8px 12px; border:1px solid #BDBDBD;\">TEMPERATURA \u00b0F<\/th>\n<\/tr>\n<tr>\n<td style=\"padding:8px 12px; border:1px solid #BDBDBD;\">63Sn\/37Pb<\/td>\n<td style=\"padding:8px 12px; border:1px solid #BDBDBD;\">183<\/td>\n<td style=\"padding:8px 12px; border:1px solid #BDBDBD;\">361<\/td>\n<\/tr>\n<tr style=\"background:#E6E6E6;\">\n<td style=\"padding:8px 12px; border:1px solid #BDBDBD;\">62Sn\/36Pb\/2Ag<\/td>\n<td style=\"padding:8px 12px; border:1px solid #BDBDBD;\">179<\/td>\n<td style=\"padding:8px 12px; border:1px solid #BDBDBD;\">354<\/td>\n<\/tr>\n<tr>\n<td style=\"padding:8px 12px; border:1px solid #BDBDBD;\">62.8Sn\/36.8Pb\/0.4Ag<\/td>\n<td style=\"padding:8px 12px; border:1px solid #BDBDBD;\">179\u2013183<\/td>\n<td style=\"padding:8px 12px; border:1px solid #BDBDBD;\">354\u2013361<\/td>\n<\/tr>\n<tr style=\"background:#E6E6E6;\">\n<td style=\"padding:8px 12px; border:1px solid #BDBDBD;\">60Sn\/40Pb<\/td>\n<td style=\"padding:8px 12px; border:1px solid #BDBDBD;\">183\u2013191<\/td>\n<td style=\"padding:8px 12px; border:1px solid #BDBDBD;\">361\u2013376<\/td>\n<\/tr>\n<tr>\n<td style=\"padding:8px 12px; border:1px solid #BDBDBD;\">43Sn\/43Pb\/14Bi<\/td>\n<td style=\"padding:8px 12px; border:1px solid #BDBDBD;\">144\u2013163<\/td>\n<td style=\"padding:8px 12px; border:1px solid #BDBDBD;\">291\u2013325<\/td>\n<\/tr>\n<tr style=\"background:#E6E6E6;\">\n<td style=\"padding:8px 12px; border:1px solid #BDBDBD;\">42Sn\/58Bi<\/td>\n<td style=\"padding:8px 12px; border:1px solid #BDBDBD;\">138<\/td>\n<td style=\"padding:8px 12px; border:1px solid #BDBDBD;\">280<\/td>\n<\/tr>\n<tr>\n<td style=\"padding:8px 12px; border:1px solid #BDBDBD;\">10Sn\/88Pb\/2Ag<\/td>\n<td style=\"padding:8px 12px; border:1px solid #BDBDBD;\">268\u2013290<\/td>\n<td style=\"padding:8px 12px; border:1px solid #BDBDBD;\">514\u2013554<\/td>\n<\/tr>\n<\/table>\n<p><!-- SECCI\u00d3N RESULTADOS DE PRUEBAS --><\/p>\n<div style=\"font-weight:bold; text-transform:uppercase; border-bottom:2px solid #9DBB2F; padding-bottom:6px; margin:20px 0 10px;\">\n  RESULTADOS DE PRUEBAS\n<\/div>\n<table width=\"100%\" cellpadding=\"0\" cellspacing=\"0\" style=\"border-collapse:collapse; width:100%;\">\n<tr>\n<th align=\"left\" style=\"background:#7A7A7A; color:#fff; padding:8px 12px; border:1px solid #BDBDBD;\">\n      PRUEBA J-STD-004 U OTROS REQUISITOS (SEG\u00daN SE ESPECIFIQUE)\n    <\/th>\n<th align=\"left\" style=\"background:#7A7A7A; color:#fff; padding:8px 12px; border:1px solid #BDBDBD;\">\n      REQUISITO DE LA PRUEBA\n    <\/th>\n<th align=\"left\" style=\"background:#7A7A7A; color:#fff; padding:8px 12px; border:1px solid #BDBDBD;\">\n      RESULTADO\n    <\/th>\n<\/tr>\n<tr>\n<td style=\"padding:8px 12px; border:1px solid #BDBDBD;\">Espejo de cobre<\/td>\n<td style=\"padding:8px 12px; border:1px solid #BDBDBD;\">IPC-TM-650: 2.3.32<\/td>\n<td style=\"padding:8px 12px; border:1px solid #BDBDBD;\">L: Sin penetraci\u00f3n<\/td>\n<\/tr>\n<tr style=\"background:#E6E6E6;\">\n<td style=\"padding:8px 12px; border:1px solid #BDBDBD;\">Corrosi\u00f3n<\/td>\n<td style=\"padding:8px 12px; border:1px solid #BDBDBD;\">IPC-TM-650: 2.6.15<\/td>\n<td style=\"padding:8px 12px; border:1px solid #BDBDBD;\">L: Sin corrosi\u00f3n<\/td>\n<\/tr>\n<tr>\n<td style=\"padding:8px 12px; border:1px solid #BDBDBD;\">Hal\u00f3genos cuantitativos<\/td>\n<td style=\"padding:8px 12px; border:1px solid #BDBDBD;\">IPC-TM-650: 2.3.28.1<\/td>\n<td style=\"padding:8px 12px; border:1px solid #BDBDBD;\">L: Libre de hal\u00f3genos<\/td>\n<\/tr>\n<tr style=\"background:#E6E6E6;\">\n<td style=\"padding:8px 12px; border:1px solid #BDBDBD;\">Migraci\u00f3n electroqu\u00edmica<\/td>\n<td style=\"padding:8px 12px; border:1px solid #BDBDBD;\">IPC-TM-650: 2.6.14.1<\/td>\n<td style=\"padding:8px 12px; border:1px solid #BDBDBD;\">L: &lt; ca\u00edda de 1 d\u00e9cada (no-clean)<\/td>\n<\/tr>\n<tr>\n<td style=\"padding:8px 12px; border:1px solid #BDBDBD;\">\n      Viscosidad \u2013 Brookfield \/ 20\u00b0C<br \/>\n      Sistema HELIPATH Mobile F, a 5 rpm\n    <\/td>\n<td style=\"padding:8px 12px; border:1px solid #BDBDBD;\">IPC-TM-650: 2.4.34.4<\/td>\n<td style=\"padding:8px 12px; border:1px solid #BDBDBD;\">T\u00edpico: 400<\/td>\n<\/tr>\n<tr style=\"background:#E6E6E6;\">\n<td style=\"padding:8px 12px; border:1px solid #BDBDBD;\">Inspecci\u00f3n visual<\/td>\n<td style=\"padding:8px 12px; border:1px solid #BDBDBD;\">IPC-TM-650: 3.4.2.5<\/td>\n<td style=\"padding:8px 12px; border:1px solid #BDBDBD;\">Claro y libre de precipitados<\/td>\n<\/tr>\n<tr>\n<td style=\"padding:8px 12px; border:1px solid #BDBDBD;\">Cumplimiento de minerales de conflicto<\/td>\n<td style=\"padding:8px 12px; border:1px solid #BDBDBD;\">\n      Electronic Industry Citizenship Coalition (EICC)\n    <\/td>\n<td style=\"padding:8px 12px; border:1px solid #BDBDBD;\">Conforme<\/td>\n<\/tr>\n<tr style=\"background:#E6E6E6;\">\n<td style=\"padding:8px 12px; border:1px solid #BDBDBD;\">Cumplimiento REACH<\/td>\n<td style=\"padding:8px 12px; border:1px solid #BDBDBD;\">\n      Art\u00edculos 33 y 67 del Reglamento (CE) n.\u00ba 1907\/2006\n    <\/td>\n<td style=\"padding:8px 12px; border:1px solid #BDBDBD;\">\n      Puede contener hasta un 7 % (p\/p) de 4-nonilfenol etoxilado\n    <\/td>\n<\/tr>\n<\/table>\n","protected":false},"excerpt":{"rendered":"<ul>\n<li>No hay flujo pegajoso limpio<\/li>\n<li>Soldadura con o sin plomo<\/li>\n<li>Excelentes propiedades de humectaci\u00f3n<\/li>\n<\/ul>\n","protected":false},"featured_media":32120,"comment_status":"closed","ping_status":"closed","template":"","meta":{"_acf_changed":false,"inline_featured_image":false},"product_brand":[],"product_cat":[2883],"product_tag":[5743,5100,5088,1748,5036,4004,5373,1751,1750,5096,5347,5351,5307,5084,5355],"class_list":{"0":"post-13365","1":"product","2":"type-product","3":"status-publish","4":"has-post-thumbnail","6":"product_cat-soluciones-de-fundente-adhesivo","7":"product_tag-559-v3-tf","8":"product_tag-aleacion-con-plomo","9":"product_tag-aleacion-sin-plomo","10":"product_tag-amtech-nc-559-v3-es","11":"product_tag-excelente-mojabilidad","12":"product_tag-flip-chip-es","13":"product_tag-fundente-adhesivo","14":"product_tag-nc-559-es","15":"product_tag-nc-559-v3-es","16":"product_tag-plomo","17":"product_tag-retrabajo","18":"product_tag-retrabajo-de-soldadura","19":"product_tag-sin-limpieza","20":"product_tag-sin-plomo","21":"product_tag-soldadura-manual","22":"pa_brand-amtech-es","23":"pa_features-aleacion-con-plomo","24":"pa_features-aleacion-sin-plomo","25":"pa_processes-reparacion-y-soldadura-manual","26":"pa_product-category-fundente-pegajoso","28":"first","29":"instock","30":"shipping-taxable","31":"product-type-simple"},"acf":[],"_links":{"self":[{"href":"https:\/\/www.inventec.dehon.com\/es\/wp-json\/wp\/v2\/product\/13365","targetHints":{"allow":["GET"]}}],"collection":[{"href":"https:\/\/www.inventec.dehon.com\/es\/wp-json\/wp\/v2\/product"}],"about":[{"href":"https:\/\/www.inventec.dehon.com\/es\/wp-json\/wp\/v2\/types\/product"}],"replies":[{"embeddable":true,"href":"https:\/\/www.inventec.dehon.com\/es\/wp-json\/wp\/v2\/comments?post=13365"}],"wp:featuredmedia":[{"embeddable":true,"href":"https:\/\/www.inventec.dehon.com\/es\/wp-json\/wp\/v2\/media\/32120"}],"wp:attachment":[{"href":"https:\/\/www.inventec.dehon.com\/es\/wp-json\/wp\/v2\/media?parent=13365"}],"wp:term":[{"taxonomy":"product_brand","embeddable":true,"href":"https:\/\/www.inventec.dehon.com\/es\/wp-json\/wp\/v2\/product_brand?post=13365"},{"taxonomy":"product_cat","embeddable":true,"href":"https:\/\/www.inventec.dehon.com\/es\/wp-json\/wp\/v2\/product_cat?post=13365"},{"taxonomy":"product_tag","embeddable":true,"href":"https:\/\/www.inventec.dehon.com\/es\/wp-json\/wp\/v2\/product_tag?post=13365"}],"curies":[{"name":"wp","href":"https:\/\/api.w.org\/{rel}","templated":true}]}}