{"id":10190,"date":"2021-04-29T11:45:45","date_gmt":"2021-04-29T11:45:45","guid":{"rendered":"https:\/\/www.inventec.dehon.com\/product\/promosolv-70\/"},"modified":"2026-03-16T14:35:20","modified_gmt":"2026-03-16T13:35:20","slug":"promosolv-70","status":"publish","type":"product","link":"https:\/\/www.inventec.dehon.com\/es\/product\/promosolv-70\/","title":{"rendered":"PROMOSOLV 70"},"content":{"rendered":"<p><img decoding=\"async\" src=\"https:\/\/www.inventec.dehon.com\/wp-content\/uploads\/2021\/03\/PROMOSOLV-drum-colorless-Ecoprog-600x600.png\" alt=\"PROMOSOLV 70\" class=\"responsive-img\" align=\"right\" style=\"border-radius:10px; margin-bottom:10px; margin-top:-10px; margin-left:15px; width:300px\" \/><\/p>\n<h2 style=\"color:#9bc947; margin-bottom:15px\">El limpiador en fase de vapor m\u00e1s seguro<\/h2>\n<ul>\n<li>Disolvente para desengrasar y desparafinar<\/li>\n<li>Proceso en fase de vapor (monosolvente)<\/li>\n<li>Excelente rendimiento de limpieza y bajo impacto HSE<\/li>\n<li>Reemplazo para 3M Novec 71DE, Novec 72DE, Novec 73DE<\/li>\n<\/ul>\n<h5>PROMOSOLV 70<\/h5>\n<p>Especialmente desarrollado como sustituto directo del tricloroetileno, el NPB y otros disolventes con un alto impacto en la salud, la seguridad y el medio ambiente. Al mismo tiempo que se reduce sustancialmente el impacto HSE, el poder desengrasante est\u00e1 a un nivel equivalente.<\/p>\n<p>Se dedica a eliminar aceites pesados, grasas, ceras, part\u00edculas, lubricantes fluorados. Dependiendo de la naturaleza de los materiales polimerizados, tambi\u00e9n podr\u00edan eliminarse algunos barnices, adhesivos, tintas y pinturas. <strong>PROMOSOLV 70<\/strong> es compatible con todos los metales, incluidos los muy sensibles. Tambi\u00e9n tiene una buena compatibilidad con la mayor\u00eda de los pl\u00e1sticos y elast\u00f3meros, aunque es necesario validarlo antes de utilizarlo. La baj\u00edsima tensi\u00f3n superficial permite penetrar y limpiar espacios muy estrechos o de dif\u00edcil acceso.<\/p>\n<p><strong>PROMOSOLV 70<\/strong> est\u00e1 calificado y es utilizado por varios actores de la industria aeroespacial (por ejemplo, SAFRAN IN 1500B).<\/p>\n<p>Este producto tambi\u00e9n existe en una versi\u00f3n reciclada (fabricada con disolvente reciclado) bajo el nombre de <strong>PROMOSOLV 70 T<\/strong>.<\/p>\n<p><strong>PROMOSOLV 70<\/strong> reemplaza directamente los productos <strong>3M Novec 71DE, Novec 72DE y Novec 73DE<\/strong>, cuya retirada voluntaria est\u00e1 prevista para finales de 2025. Haga clic en el enlace para obtener m\u00e1s informaci\u00f3n sobre el anuncio del <a href=\"https:\/\/www.inventec.dehon.com\/es\/elimine-gradualmente-los-disolventes-3m\/\">cese de los productos 3M Novec<\/a>.<\/p>\n<p><!-- SPECIFICATIONS Section --><\/p>\n<div style=\"font-weight:bold; text-transform:uppercase; border-bottom:2px solid #9DBB2F; padding-bottom:6px; margin-bottom:10px;\">\n  ESPECIFICACIONES\n<\/div>\n<table width=\"100%\" cellpadding=\"0\" cellspacing=\"0\" style=\"border-collapse:collapse; width:100%; max-width:100%;\">\n<tr>\n<th align=\"left\" style=\"background:#7A7A7A; color:#fff; padding:8px 12px; border:1px solid #BDBDBD;\">ESPECIFICACIONES<\/th>\n<th align=\"left\" style=\"background:#7A7A7A; color:#fff; padding:8px 12px; border:1px solid #BDBDBD;\">VALORES<\/th>\n<th align=\"left\" style=\"background:#7A7A7A; color:#fff; padding:8px 12px; border:1px solid #BDBDBD;\">M\u00c9TODOS<\/th>\n<\/tr>\n<tr>\n<td style=\"padding:8px 12px; border:1px solid #BDBDBD;\">Aspecto<\/td>\n<td style=\"padding:8px 12px; border:1px solid #BDBDBD;\">Transparente, incoloro<\/td>\n<td style=\"padding:8px 12px; border:1px solid #BDBDBD;\">Visual<\/td>\n<\/tr>\n<tr style=\"background:#E6E6E6;\">\n<td style=\"padding:8px 12px; border:1px solid #BDBDBD;\">\u00c9ter metoxi-nonafluorobutano<\/td>\n<td style=\"padding:8px 12px; border:1px solid #BDBDBD;\">30,0 % \u00b1 1,0<\/td>\n<td style=\"padding:8px 12px; border:1px solid #BDBDBD;\">Interno \/ MO.SB.10033<\/td>\n<\/tr>\n<tr>\n<td style=\"padding:8px 12px; border:1px solid #BDBDBD;\">1,2- Transdicloroetileno<\/td>\n<td style=\"padding:8px 12px; border:1px solid #BDBDBD;\">70,0 % \u00b1 1,0<\/td>\n<td style=\"padding:8px 12px; border:1px solid #BDBDBD;\">Interno \/ MO.SB.10033<\/td>\n<\/tr>\n<\/table>\n<p><!-- CHARACTERISTICS Section --><\/p>\n<div style=\"font-weight:bold; text-transform:uppercase; border-bottom:2px solid #9DBB2F; padding-bottom:6px; margin:30px 0 10px 0;\">\n  CARACTER\u00cdSTICAS\n<\/div>\n<table width=\"100%\" cellpadding=\"0\" cellspacing=\"0\" style=\"border-collapse:collapse; width:100%; max-width:100%;\">\n<tr>\n<th align=\"left\" style=\"background:#7A7A7A; color:#fff; padding:8px 12px; border:1px solid #BDBDBD;\">CARACTER\u00cdSTICAS<\/th>\n<th align=\"left\" style=\"background:#7A7A7A; color:#fff; padding:8px 12px; border:1px solid #BDBDBD;\">VALORES<\/th>\n<\/tr>\n<tr>\n<td style=\"padding:8px 12px; border:1px solid #BDBDBD;\">Punto de ebullici\u00f3n (\u00b0C\/\u00b0F)<\/td>\n<td style=\"padding:8px 12px; border:1px solid #BDBDBD;\">43 \/ 109<\/td>\n<\/tr>\n<tr style=\"background:#E6E6E6;\">\n<td style=\"padding:8px 12px; border:1px solid #BDBDBD;\">Tensi\u00f3n superficial (dinas\/cm)<\/td>\n<td style=\"padding:8px 12px; border:1px solid #BDBDBD;\">14<\/td>\n<\/tr>\n<tr>\n<td style=\"padding:8px 12px; border:1px solid #BDBDBD;\">Punto de inflamabilidad<\/td>\n<td style=\"padding:8px 12px; border:1px solid #BDBDBD;\">Ninguno<\/td>\n<\/tr>\n<tr style=\"background:#E6E6E6;\">\n<td style=\"padding:8px 12px; border:1px solid #BDBDBD;\">Densidad (g\/cm3)<\/td>\n<td style=\"padding:8px 12px; border:1px solid #BDBDBD;\">1,28<\/td>\n<\/tr>\n<tr>\n<td style=\"padding:8px 12px; border:1px solid #BDBDBD;\">Pureza (% peso)<\/td>\n<td style=\"padding:8px 12px; border:1px solid #BDBDBD;\">&gt;99,5<\/td>\n<\/tr>\n<tr style=\"background:#E6E6E6;\">\n<td style=\"padding:8px 12px; border:1px solid #BDBDBD;\">PCA<\/td>\n<td style=\"padding:8px 12px; border:1px solid #BDBDBD;\">96<\/td>\n<\/tr>\n<tr>\n<td style=\"padding:8px 12px; border:1px solid #BDBDBD;\">Viscosidad din\u00e1mica (mPa.s)<\/td>\n<td style=\"padding:8px 12px; border:1px solid #BDBDBD;\">0,50<\/td>\n<\/tr>\n<tr style=\"background:#E6E6E6;\">\n<td style=\"padding:8px 12px; border:1px solid #BDBDBD;\">Presi\u00f3n de vapor (kPa)<\/td>\n<td style=\"padding:8px 12px; border:1px solid #BDBDBD;\">65<\/td>\n<\/tr>\n<\/table>\n","protected":false},"excerpt":{"rendered":"<ul>\n<li>Disolvente para desengrasar y desparafinar<\/li>\n<li>Proceso en fase de vapor (monosolvente)<\/li>\n<li>Excelente rendimiento de limpieza y bajo impacto HSE<\/li>\n<li>Reemplazo para 3M Novec 71DE, Novec 72DE, Novec 73DE<\/li>\n<\/ul>\n<p><a href=\"https:\/\/www.inventec.dehon.com\/wp-content\/uploads\/2021\/04\/GW-Score-40.png\"><img decoding=\"async\" class=\"alignnone size-full wp-image-15225\" src=\"https:\/\/www.inventec.dehon.com\/wp-content\/uploads\/2021\/04\/GW-Score-40.png\" alt=\"\" width=\"278\" height=\"236\" \/><\/a><\/p>\n","protected":false},"featured_media":2278,"comment_status":"closed","ping_status":"closed","template":"","meta":{"_acf_changed":false,"inline_featured_image":false},"product_brand":[],"product_cat":[2902,2901,762,616,763,2906,2904,617],"product_tag":[2211,4483,4395,4487,4323,4419,4769,4186,4741,4733,4371,4729,1829,2210,4600,4737],"class_list":{"0":"post-10190","1":"product","2":"type-product","3":"status-publish","4":"has-post-thumbnail","6":"industries-aerosistemas","7":"industries-chasis-conduccion-y-direccion","8":"industries-instalaciones-de-oxigeno","9":"industries-motores","10":"industries-sistemas-de-aterrizaje","11":"industries-tren-motriz","12":"product_cat-desengrase-de-diversos-componentes-metalicos","13":"product_cat-eliminacion-de-aceite-en-diversos-componentes-metalicos","14":"product_cat-eliminacion-de-particulas","15":"product_cat-limpieza","16":"product_cat-limpieza-de-piezas-en-contacto-con-oxigeno","17":"product_cat-proceso-de-eliminacion-de-cera","18":"product_cat-proceso-de-eliminacion-de-pasta-de-pulido","19":"product_cat-soluciones-de-fabricacion-aditiva","20":"product_tag-70-es","21":"product_tag-cera-es","22":"product_tag-eliminacion-de-aceite-es","23":"product_tag-eliminacion-de-cera-es","24":"product_tag-eliminacion-de-grasa-es","25":"product_tag-eliminacion-de-pasta-de-pulido-es","26":"product_tag-fase-de-vapor","27":"product_tag-fluidos-de-limpieza-con-solvente","28":"product_tag-limpieza-de-sistemas-de-oxigeno-es","29":"product_tag-limpieza-oxigeno","30":"product_tag-mono-disolvente","31":"product_tag-oxigeno-es","32":"product_tag-promosolv-es","33":"product_tag-promosolv-70-es","34":"product_tag-reciclable","35":"product_tag-sistemas-de-oxigeno","36":"pa_application-eliminacion-de-aceites","37":"pa_application-eliminacion-de-cera","38":"pa_application-eliminacion-de-grasas","39":"pa_application-eliminacion-de-pasta-de-pulido","40":"pa_application-limpieza-de-sistemas-de-oxigeno","41":"pa_brand-promosolv-es-2","42":"pa_features-adecuado-para-hidrocarburos","43":"pa_features-reciclable","44":"pa_processes-mono-solvente","45":"pa_product-category-fluidos-de-limpieza-con-solvente","47":"first","48":"instock","49":"shipping-taxable","50":"product-type-simple"},"acf":[],"_links":{"self":[{"href":"https:\/\/www.inventec.dehon.com\/es\/wp-json\/wp\/v2\/product\/10190","targetHints":{"allow":["GET"]}}],"collection":[{"href":"https:\/\/www.inventec.dehon.com\/es\/wp-json\/wp\/v2\/product"}],"about":[{"href":"https:\/\/www.inventec.dehon.com\/es\/wp-json\/wp\/v2\/types\/product"}],"replies":[{"embeddable":true,"href":"https:\/\/www.inventec.dehon.com\/es\/wp-json\/wp\/v2\/comments?post=10190"}],"wp:featuredmedia":[{"embeddable":true,"href":"https:\/\/www.inventec.dehon.com\/es\/wp-json\/wp\/v2\/media\/2278"}],"wp:attachment":[{"href":"https:\/\/www.inventec.dehon.com\/es\/wp-json\/wp\/v2\/media?parent=10190"}],"wp:term":[{"taxonomy":"product_brand","embeddable":true,"href":"https:\/\/www.inventec.dehon.com\/es\/wp-json\/wp\/v2\/product_brand?post=10190"},{"taxonomy":"product_cat","embeddable":true,"href":"https:\/\/www.inventec.dehon.com\/es\/wp-json\/wp\/v2\/product_cat?post=10190"},{"taxonomy":"product_tag","embeddable":true,"href":"https:\/\/www.inventec.dehon.com\/es\/wp-json\/wp\/v2\/product_tag?post=10190"}],"curies":[{"name":"wp","href":"https:\/\/api.w.org\/{rel}","templated":true}]}}