{"id":10183,"date":"2021-04-19T07:16:45","date_gmt":"2021-04-19T07:16:45","guid":{"rendered":"https:\/\/www.inventec.dehon.com\/product\/promoclean-disper-15\/"},"modified":"2026-01-28T11:54:21","modified_gmt":"2026-01-28T10:54:21","slug":"promoclean-disper-15","status":"publish","type":"product","link":"https:\/\/www.inventec.dehon.com\/es\/product\/promoclean-disper-15\/","title":{"rendered":"PROMOCLEAN DISPER 15"},"content":{"rendered":"<p><img decoding=\"async\" src=\"https:\/\/www.inventec.dehon.com\/wp-content\/uploads\/2021\/04\/PROMOCLEAN-canister-blue.png\" alt=\"PROMOCLEAN DISPER 15\" class=\"responsive-img\" align=\"right\" style=\"border-radius:10px; margin-bottom:10px; margin-top:-10px; margin-left:15px; width:300px\" \/><\/p>\n<h2 style=\"color:#9bc947; margin-bottom:15px\">Detergente para la eliminaci\u00f3n de aceite<\/h2>\n<ul>\n<li>Detergente con protecci\u00f3n temporal para la eliminaci\u00f3n de aceites en piezas met\u00e1licas<\/li>\n<li>Proceso polivalente: pulverizaci\u00f3n, lavado e inmersi\u00f3n ultras\u00f3nica<\/li>\n<li>Compatible con una amplia gama de metales<\/li>\n<\/ul>\n<h5>PROMOCLEAN DISPER 15<\/h5>\n<p>Est\u00e1 especialmente dise\u00f1ado para la eliminaci\u00f3n de todo tipo de aceites. Gracias a sus excelentes propiedades antiespumantes est\u00e1 dedicado a la pulverizaci\u00f3n acuosa, al lavado o a la inmersi\u00f3n con ultrasonidos. Adem\u00e1s de una alta eficacia de limpieza y de ser compatible con la mayor\u00eda de los metales utilizados en la industria mec\u00e1nica, <strong>PROMOCLEAN DISPER 15<\/strong> tambi\u00e9n proporciona una protecci\u00f3n temporal contra la corrosi\u00f3n debido a sus propiedades de pasivaci\u00f3n que lo hacen especialmente adecuado para las piezas ferrosas. Es un producto concentrado que se utiliza diluido en agua del grifo o destilada.<\/p>\n<p><strong>PROMOCLEAN DISPER 15<\/strong> est\u00e1 calificado y es utilizado por varios actores de la industria aeroespacial (PV 8238 Messier Dowty). Est\u00e1 aprobado para el desengrase antes de la deposici\u00f3n de cromo o el recubrimiento de cadmio.<\/p>\n<div style=\"font-family:Lato; color:#333;\">\n<div style=\"font-weight:bold; text-transform:uppercase; border-bottom:2px solid #9DBB2F; padding-bottom:6px; margin-bottom:10px;\">\n    Especificaciones\n  <\/div>\n<table width=\"100%\" cellpadding=\"0\" cellspacing=\"0\" style=\"border-collapse:collapse; width:100%; max-width:100%;\">\n<tr>\n<th align=\"left\" style=\"background:#7A7A7A; color:#fff; padding:8px 12px; border:1px solid #BDBDBD;\">\n        Especificaciones\n      <\/th>\n<th align=\"left\" style=\"background:#7A7A7A; color:#fff; padding:8px 12px; border:1px solid #BDBDBD;\">\n        Valores\n      <\/th>\n<th align=\"left\" style=\"background:#7A7A7A; color:#fff; padding:8px 12px; border:1px solid #BDBDBD;\">\n        M\u00e9todos\n      <\/th>\n<\/tr>\n<tr>\n<td style=\"padding:8px 12px; border:1px solid #BDBDBD;\">Aspecto<\/td>\n<td style=\"padding:8px 12px; border:1px solid #BDBDBD;\">Amarillo<\/td>\n<td style=\"padding:8px 12px; border:1px solid #BDBDBD;\">Visual<\/td>\n<\/tr>\n<tr style=\"background:#E6E6E6;\">\n<td style=\"padding:8px 12px; border:1px solid #BDBDBD;\">Densidad a 20\u00b0C (g\/ml)<\/td>\n<td style=\"padding:8px 12px; border:1px solid #BDBDBD;\">1,12 \u00b1 0,01<\/td>\n<td style=\"padding:8px 12px; border:1px solid #BDBDBD;\">BRY-MO-028<\/td>\n<\/tr>\n<tr>\n<td style=\"padding:8px 12px; border:1px solid #BDBDBD;\">pH del producto puro<\/td>\n<td style=\"padding:8px 12px; border:1px solid #BDBDBD;\">9,9 \u00b1 0,5<\/td>\n<td style=\"padding:8px 12px; border:1px solid #BDBDBD;\">BRY-MO-011<\/td>\n<\/tr>\n<tr style=\"background:#E6E6E6;\">\n<td style=\"padding:8px 12px; border:1px solid #BDBDBD;\">pH al 1%<\/td>\n<td style=\"padding:8px 12px; border:1px solid #BDBDBD;\">9,1 \u00b1 0,5<\/td>\n<td style=\"padding:8px 12px; border:1px solid #BDBDBD;\">BRY-MO-011<\/td>\n<\/tr>\n<\/table>\n<\/div>\n<div style=\"font-family:Lato; color:#333;\">\n<div style=\"font-weight:bold; text-transform:uppercase; border-bottom:2px solid #9DBB2F; padding-bottom:6px; margin:30px 0 10px;\">\n    Caracter\u00edsticas\n  <\/div>\n<table width=\"100%\" cellpadding=\"0\" cellspacing=\"0\" style=\"border-collapse:collapse; width:100%; max-width:100%;\">\n<tr>\n<th align=\"left\" style=\"background:#7A7A7A; color:#fff; padding:8px 12px; border:1px solid #BDBDBD;\">\n        Caracter\u00edsticas\n      <\/th>\n<th align=\"left\" style=\"background:#7A7A7A; color:#fff; padding:8px 12px; border:1px solid #BDBDBD;\">\n        Valores\n      <\/th>\n<\/tr>\n<tr>\n<td style=\"padding:8px 12px; border:1px solid #BDBDBD;\">Solubilidad en agua<\/td>\n<td style=\"padding:8px 12px; border:1px solid #BDBDBD;\">Totalmente soluble<\/td>\n<\/tr>\n<tr style=\"background:#E6E6E6;\">\n<td style=\"padding:8px 12px; border:1px solid #BDBDBD;\">\u00cdndice de refracci\u00f3n a 20\u00b0C<\/td>\n<td style=\"padding:8px 12px; border:1px solid #BDBDBD;\">1,42<\/td>\n<\/tr>\n<tr>\n<td style=\"padding:8px 12px; border:1px solid #BDBDBD;\">Tensi\u00f3n superficial al 1% (dinas \/ cm)<\/td>\n<td style=\"padding:8px 12px; border:1px solid #BDBDBD;\">34<\/td>\n<\/tr>\n<\/table>\n<\/div>\n","protected":false},"excerpt":{"rendered":"<ul>\n<li>Detergente con protecci\u00f3n temporal para la eliminaci\u00f3n de aceites en piezas met\u00e1licas<\/li>\n<li>Proceso polivalente: pulverizaci\u00f3n, lavado e inmersi\u00f3n ultras\u00f3nica<\/li>\n<li>Compatible con una amplia gama de metales<\/li>\n<\/ul>\n","protected":false},"featured_media":2433,"comment_status":"closed","ping_status":"closed","template":"","meta":{"_acf_changed":false,"inline_featured_image":false},"product_brand":[],"product_cat":[2901,616],"product_tag":[4800,2028,2175,4395,4796,4259,4788,4263,4255,2011,2174,4816,4455,4267,4471],"class_list":{"0":"post-10183","1":"product","2":"type-product","3":"status-publish","4":"has-post-thumbnail","6":"industries-chasis-conduccion-y-direccion","7":"industries-motores","8":"industries-sistemas-de-aterrizaje","9":"industries-tren-motriz","10":"product_cat-eliminacion-de-aceite-en-diversos-componentes-metalicos","11":"product_cat-limpieza","12":"product_tag-chorro-de-inmersion","13":"product_tag-disper-es","14":"product_tag-disper-15-es","15":"product_tag-eliminacion-de-aceite-es","16":"product_tag-enjuague","17":"product_tag-inmersion-acuosa","18":"product_tag-inmersion-acuosa-por-chorro","19":"product_tag-inmersion-acuosa-ultrasonica","20":"product_tag-liquidos-de-limpieza-acuosos","21":"product_tag-promoclean-es","22":"product_tag-promoclean-disper-15-es","23":"product_tag-proteccion-temporal","24":"product_tag-spray","25":"product_tag-spray-acuoso","26":"product_tag-ultrasonido","27":"pa_application-eliminacion-de-aceites","28":"pa_brand-promoclean-es","29":"pa_features-con-proteccion-temporal","30":"pa_processes-chorro-por-inmersion-acuosa","31":"pa_processes-enjuagando","32":"pa_processes-inmersion-ultrasonica-acuosa","33":"pa_processes-spray-a-base-de-agua","34":"pa_product-category-fluidos-de-limpieza-acuosos","36":"first","37":"instock","38":"shipping-taxable","39":"product-type-simple"},"acf":[],"_links":{"self":[{"href":"https:\/\/www.inventec.dehon.com\/es\/wp-json\/wp\/v2\/product\/10183","targetHints":{"allow":["GET"]}}],"collection":[{"href":"https:\/\/www.inventec.dehon.com\/es\/wp-json\/wp\/v2\/product"}],"about":[{"href":"https:\/\/www.inventec.dehon.com\/es\/wp-json\/wp\/v2\/types\/product"}],"replies":[{"embeddable":true,"href":"https:\/\/www.inventec.dehon.com\/es\/wp-json\/wp\/v2\/comments?post=10183"}],"wp:featuredmedia":[{"embeddable":true,"href":"https:\/\/www.inventec.dehon.com\/es\/wp-json\/wp\/v2\/media\/2433"}],"wp:attachment":[{"href":"https:\/\/www.inventec.dehon.com\/es\/wp-json\/wp\/v2\/media?parent=10183"}],"wp:term":[{"taxonomy":"product_brand","embeddable":true,"href":"https:\/\/www.inventec.dehon.com\/es\/wp-json\/wp\/v2\/product_brand?post=10183"},{"taxonomy":"product_cat","embeddable":true,"href":"https:\/\/www.inventec.dehon.com\/es\/wp-json\/wp\/v2\/product_cat?post=10183"},{"taxonomy":"product_tag","embeddable":true,"href":"https:\/\/www.inventec.dehon.com\/es\/wp-json\/wp\/v2\/product_tag?post=10183"}],"curies":[{"name":"wp","href":"https:\/\/api.w.org\/{rel}","templated":true}]}}