{"id":10178,"date":"2021-04-12T11:11:32","date_gmt":"2021-04-12T11:11:32","guid":{"rendered":"https:\/\/www.inventec.dehon.com\/product\/topklean-mc-20d\/"},"modified":"2026-01-29T13:35:06","modified_gmt":"2026-01-29T12:35:06","slug":"topklean-mc-20d","status":"publish","type":"product","link":"https:\/\/www.inventec.dehon.com\/es\/product\/topklean-mc-20d\/","title":{"rendered":"TOPKLEAN MC 20D"},"content":{"rendered":"<p><img decoding=\"async\" src=\"https:\/\/www.inventec.dehon.com\/wp-content\/uploads\/2021\/03\/TOPKLEAN-canister-yellow-1-600x600.jpg\" alt=\"TOPKLEAN MC 20D\" class=\"responsive-img\" align=\"right\" style=\"border-radius:10px; margin-bottom:10px; margin-top:-10px; margin-left:15px; width:300px\" \/><\/p>\n<h2 style=\"color:#9bc947; margin-bottom:15px\">Mejor agente de limpieza para el proceso de vac\u00edo<\/h2>\n<ul>\n<li>Limpiador para la eliminaci\u00f3n de aceites y grasas<\/li>\n<li>Proceso de vac\u00edo con disolventes<\/li>\n<li>Alternativa ecol\u00f3gica al percloroetileno y al nPB<\/li>\n<\/ul>\n<h5>TOPKLEAN MC 20D<\/h5>\n<p>Especialmente dise\u00f1ado para sustituir a los disolventes con un alto impacto HSE, como el nPB y el percloroetileno, y para ofrecer un producto conforme a las \u00faltimas y futuras normativas medioambientales.<\/p>\n<p>Se utiliza en el proceso de vac\u00edo para ofrecer una soluci\u00f3n de disolvente respetuosa con el medio ambiente sin comprometer el alto rendimiento de la limpieza. Su rendimiento en la solubilizaci\u00f3n de compuestos org\u00e1nicos le permite eliminar aceites y grasas de hidrocarburos de todos los metales y de la mayor\u00eda de los pl\u00e1sticos utilizados en la industria. Tambi\u00e9n podr\u00eda eliminar una peque\u00f1a cantidad de aceites hidrosolubles, pero hay que evaluarlo y probarlo antes.<\/p>\n<p><strong>TOPKLEAN MC 20D<\/strong> est\u00e1 calificado y es utilizado por varios actores de la industria aeroespacial (por ejemplo, SAFRAN IN 1500B).<\/p>\n<p><!-- SPECIFICATIONS Section --><\/p>\n<div style=\"font-weight:bold; text-transform:uppercase; border-bottom:2px solid #9DBB2F; padding-bottom:6px; margin-bottom:10px;\">\n  ESPECIFICACIONES\n<\/div>\n<table width=\"100%\" cellpadding=\"0\" cellspacing=\"0\" style=\"border-collapse:collapse; width:100%; max-width:100%;\">\n<tr>\n<th align=\"left\" style=\"background:#7A7A7A; color:#fff; padding:8px 12px; border:1px solid #BDBDBD;\">ESPECIFICACIONES<\/th>\n<th align=\"left\" style=\"background:#7A7A7A; color:#fff; padding:8px 12px; border:1px solid #BDBDBD;\">VALOR<\/th>\n<th align=\"left\" style=\"background:#7A7A7A; color:#fff; padding:8px 12px; border:1px solid #BDBDBD;\">METODO<\/th>\n<\/tr>\n<tr>\n<td style=\"padding:8px 12px; border:1px solid #BDBDBD;\">Aspecto<\/td>\n<td style=\"padding:8px 12px; border:1px solid #BDBDBD;\">Incoloro<\/td>\n<td style=\"padding:8px 12px; border:1px solid #BDBDBD;\">Visual<\/td>\n<\/tr>\n<tr style=\"background:#E6E6E6;\">\n<td style=\"padding:8px 12px; border:1px solid #BDBDBD;\">Densidad (a 20\u00baC Kg\/m3)<\/td>\n<td style=\"padding:8px 12px; border:1px solid #BDBDBD;\">880 \u00b1 1,0<\/td>\n<td style=\"padding:8px 12px; border:1px solid #BDBDBD;\">ASTM D 4052<\/td>\n<\/tr>\n<tr>\n<td style=\"padding:8px 12px; border:1px solid #BDBDBD;\">Indice de acidez (mgKOH\/g)<\/td>\n<td style=\"padding:8px 12px; border:1px solid #BDBDBD;\">&lt;0,01<\/td>\n<td style=\"padding:8px 12px; border:1px solid #BDBDBD;\">Interno<\/td>\n<\/tr>\n<\/table>\n<p><!-- CHARACTERISTICS Section --><\/p>\n<div style=\"font-weight:bold; text-transform:uppercase; border-bottom:2px solid #9DBB2F; padding-bottom:6px; margin:30px 0 10px 0;\">\n  CARACTERISTICAS\n<\/div>\n<table width=\"100%\" cellpadding=\"0\" cellspacing=\"0\" style=\"border-collapse:collapse; width:100%; max-width:100%;\">\n<tr>\n<th align=\"left\" style=\"background:#7A7A7A; color:#fff; padding:8px 12px; border:1px solid #BDBDBD;\">CARACTERISTICAS<\/th>\n<th align=\"left\" style=\"background:#7A7A7A; color:#fff; padding:8px 12px; border:1px solid #BDBDBD;\">VALOR<\/th>\n<th align=\"left\" style=\"background:#7A7A7A; color:#fff; padding:8px 12px; border:1px solid #BDBDBD;\">METODO<\/th>\n<\/tr>\n<tr>\n<td style=\"padding:8px 12px; border:1px solid #BDBDBD;\">Punto de ebullici\u00f3n (\u00baC \/ \u00baF)<\/td>\n<td style=\"padding:8px 12px; border:1px solid #BDBDBD;\">170\u00baC \/ 338\u00baF<\/td>\n<td style=\"padding:8px 12px; border:1px solid #BDBDBD;\">ASTM D1078<\/td>\n<\/tr>\n<tr style=\"background:#E6E6E6;\">\n<td style=\"padding:8px 12px; border:1px solid #BDBDBD;\">Punto de inflamaci\u00f3n (PMCC)<\/td>\n<td style=\"padding:8px 12px; border:1px solid #BDBDBD;\">&gt;64\u00baC \/ 147\u00baF<\/td>\n<td style=\"padding:8px 12px; border:1px solid #BDBDBD;\">ASTM D93<\/td>\n<\/tr>\n<tr>\n<td style=\"padding:8px 12px; border:1px solid #BDBDBD;\">Viscosidad a 25\u00baC<\/td>\n<td style=\"padding:8px 12px; border:1px solid #BDBDBD;\">1,6 mm\u00b2\/s<\/td>\n<td style=\"padding:8px 12px; border:1px solid #BDBDBD;\">ASTM D445<\/td>\n<\/tr>\n<tr style=\"background:#E6E6E6;\">\n<td style=\"padding:8px 12px; border:1px solid #BDBDBD;\">Tensi\u00f3n superficial a 20\u00baC (dynas\/cm)<\/td>\n<td style=\"padding:8px 12px; border:1px solid #BDBDBD;\">23<\/td>\n<td style=\"padding:8px 12px; border:1px solid #BDBDBD;\">ASTM D971<\/td>\n<\/tr>\n<tr>\n<td style=\"padding:8px 12px; border:1px solid #BDBDBD;\">Velocidad de evaporaci\u00f3n relativa: nBuAc=1<\/td>\n<td style=\"padding:8px 12px; border:1px solid #BDBDBD;\">0,04<\/td>\n<td style=\"padding:8px 12px; border:1px solid #BDBDBD;\">ASTM D3539<\/td>\n<\/tr>\n<tr style=\"background:#E6E6E6;\">\n<td style=\"padding:8px 12px; border:1px solid #BDBDBD;\">Rigidez diel\u00e9ctrica<\/td>\n<td style=\"padding:8px 12px; border:1px solid #BDBDBD;\">200 KV\/cm<\/td>\n<td style=\"padding:8px 12px; border:1px solid #BDBDBD;\">DIN\/VDE 0370\/5<\/td>\n<\/tr>\n<tr>\n<td style=\"padding:8px 12px; border:1px solid #BDBDBD;\">Miscibilidad con el agua<\/td>\n<td style=\"padding:8px 12px; border:1px solid #BDBDBD;\">Ligeramente miscible<\/td>\n<td style=\"padding:8px 12px; border:1px solid #BDBDBD;\">Interno<\/td>\n<\/tr>\n<tr style=\"background:#E6E6E6;\">\n<td style=\"padding:8px 12px; border:1px solid #BDBDBD;\">Densidad de vapor relativa a 20\u00baC<\/td>\n<td style=\"padding:8px 12px; border:1px solid #BDBDBD;\">4,6<\/td>\n<td style=\"padding:8px 12px; border:1px solid #BDBDBD;\">Interno<\/td>\n<\/tr>\n<tr>\n<td style=\"padding:8px 12px; border:1px solid #BDBDBD;\">Calor latente de vaporizaci\u00f3n (kJ\/kg al pe)<\/td>\n<td style=\"padding:8px 12px; border:1px solid #BDBDBD;\">320<\/td>\n<td style=\"padding:8px 12px; border:1px solid #BDBDBD;\">C\u00e1lculo<\/td>\n<\/tr>\n<tr style=\"background:#E6E6E6;\">\n<td style=\"padding:8px 12px; border:1px solid #BDBDBD;\">Calor espec\u00edfico (kJ\/kg\u00b7K)<\/td>\n<td style=\"padding:8px 12px; border:1px solid #BDBDBD;\">2,0 \/ 2,1<\/td>\n<td style=\"padding:8px 12px; border:1px solid #BDBDBD;\">C\u00e1lculo<\/td>\n<\/tr>\n<tr>\n<td style=\"padding:8px 12px; border:1px solid #BDBDBD;\">Conductividad de calor a 20\u00baC<\/td>\n<td style=\"padding:8px 12px; border:1px solid #BDBDBD;\">0,13 W\/M.K<\/td>\n<td style=\"padding:8px 12px; border:1px solid #BDBDBD;\">C\u00e1lculo<\/td>\n<\/tr>\n<\/table>\n","protected":false},"excerpt":{"rendered":"<ul>\n<li>Limpiador para la eliminaci\u00f3n de aceites y grasas<\/li>\n<li>Proceso de vac\u00edo con disolventes<\/li>\n<li>Alternativa ecol\u00f3gica al percloroetileno y al nPB<\/li>\n<\/ul>\n","protected":false},"featured_media":24451,"comment_status":"closed","ping_status":"closed","template":"","meta":{"_acf_changed":false,"inline_featured_image":false},"product_brand":[],"product_cat":[2902,2901,616,617],"product_tag":[2162,4243,4307,4395,4323,4186,4247,2163,2161,4175,2160,4475],"class_list":{"0":"post-10178","1":"product","2":"type-product","3":"status-publish","4":"has-post-thumbnail","6":"industries-aeroespacial-y-defensa","7":"industries-chasis-conduccion-y-direccion","8":"industries-implantes","9":"industries-motores","10":"industries-sistemas-de-aterrizaje","11":"industries-tren-motriz","12":"product_cat-desengrase-de-diversos-componentes-metalicos","13":"product_cat-eliminacion-de-aceite-en-diversos-componentes-metalicos","14":"product_cat-limpieza","15":"product_cat-soluciones-de-fabricacion-aditiva","16":"product_tag-20d-es","17":"product_tag-aeroespacial-es","18":"product_tag-ecologico-es","19":"product_tag-eliminacion-de-aceite-es","20":"product_tag-eliminacion-de-grasa-es","21":"product_tag-fluidos-de-limpieza-con-solvente","22":"product_tag-industria-aeroespacial-es","23":"product_tag-mc-es","24":"product_tag-mc-20d-es","25":"product_tag-safran-in-1500b","26":"product_tag-topklean-mc-20d-es","27":"product_tag-vacio-2","28":"pa_application-eliminacion-de-aceites","29":"pa_application-eliminacion-de-grasas","30":"pa_brand-topklean-es-2","31":"pa_features-adecuado-para-hidrocarburos","32":"pa_processes-vacio","33":"pa_product-category-fluidos-de-limpieza-con-solvente","35":"first","36":"instock","37":"shipping-taxable","38":"product-type-simple"},"acf":[],"_links":{"self":[{"href":"https:\/\/www.inventec.dehon.com\/es\/wp-json\/wp\/v2\/product\/10178","targetHints":{"allow":["GET"]}}],"collection":[{"href":"https:\/\/www.inventec.dehon.com\/es\/wp-json\/wp\/v2\/product"}],"about":[{"href":"https:\/\/www.inventec.dehon.com\/es\/wp-json\/wp\/v2\/types\/product"}],"replies":[{"embeddable":true,"href":"https:\/\/www.inventec.dehon.com\/es\/wp-json\/wp\/v2\/comments?post=10178"}],"wp:featuredmedia":[{"embeddable":true,"href":"https:\/\/www.inventec.dehon.com\/es\/wp-json\/wp\/v2\/media\/24451"}],"wp:attachment":[{"href":"https:\/\/www.inventec.dehon.com\/es\/wp-json\/wp\/v2\/media?parent=10178"}],"wp:term":[{"taxonomy":"product_brand","embeddable":true,"href":"https:\/\/www.inventec.dehon.com\/es\/wp-json\/wp\/v2\/product_brand?post=10178"},{"taxonomy":"product_cat","embeddable":true,"href":"https:\/\/www.inventec.dehon.com\/es\/wp-json\/wp\/v2\/product_cat?post=10178"},{"taxonomy":"product_tag","embeddable":true,"href":"https:\/\/www.inventec.dehon.com\/es\/wp-json\/wp\/v2\/product_tag?post=10178"}],"curies":[{"name":"wp","href":"https:\/\/api.w.org\/{rel}","templated":true}]}}