{"id":10161,"date":"2021-04-19T06:59:11","date_gmt":"2021-04-19T06:59:11","guid":{"rendered":"https:\/\/www.inventec.dehon.com\/product\/promoclean-disper-13\/"},"modified":"2026-01-28T11:25:28","modified_gmt":"2026-01-28T10:25:28","slug":"promoclean-disper-13","status":"publish","type":"product","link":"https:\/\/www.inventec.dehon.com\/es\/product\/promoclean-disper-13\/","title":{"rendered":"PROMOCLEAN DISPER 13"},"content":{"rendered":"<p><img decoding=\"async\" src=\"https:\/\/www.inventec.dehon.com\/wp-content\/uploads\/2021\/04\/PROMOCLEAN-canister-blue.png\" alt=\"PROMOCLEAN DISPER 13\" class=\"responsive-img\" align=\"right\" style=\"border-radius:10px; margin-bottom:10px; margin-top:-10px; margin-left:15px; width:300px\" \/><\/p>\n<h2 style=\"color:#9bc947; margin-bottom:15px\">Eliminaci\u00f3n de todo tipo de aceite<\/h2>\n<ul>\n<li>Detergente con protecci\u00f3n temporal para eliminar aceites ligeros en piezas met\u00e1licas<\/li>\n<li>Procesos de pulverizaci\u00f3n acuosa, lavado y chorros sumergidos<\/li>\n<li>Limpiador general para contaminaciones ligeras<\/li>\n<\/ul>\n<h5>PROMOCLEAN DISPER 13<\/h5>\n<p>Est\u00e1 especialmente dise\u00f1ado para la eliminaci\u00f3n de todo tipo de aceites. Gracias a sus excelentes propiedades antiespumantes, est\u00e1 dedicado a los procesos de pulverizaci\u00f3n acuosa, de lavado o de chorros sumergidos. Gracias a su baja alcalinidad, <strong>PROMOCLEAN DISPER 13<\/strong> es compatible con la mayor\u00eda de los metales utilizados en la industria mec\u00e1nica. Es un producto concentrado que se utiliza diluido en agua del grifo o destilada.<\/p>\n<p>Adem\u00e1s, <strong>PROMOCLEAN DISPER 13<\/strong> proporciona una protecci\u00f3n temporal gracias a sus propiedades de pasivaci\u00f3n.<\/p>\n<div style=\"font-family:Lato; color:#333;\">\n<div style=\"font-weight:bold; text-transform:uppercase; border-bottom:2px solid #9DBB2F; padding-bottom:6px; margin-bottom:10px;\">\n    Especificaciones\n  <\/div>\n<table width=\"100%\" cellpadding=\"0\" cellspacing=\"0\" style=\"border-collapse:collapse; width:100%; max-width:100%;\">\n<tr>\n<th align=\"left\" style=\"background:#7A7A7A; color:#fff; padding:8px 12px; border:1px solid #BDBDBD;\">\n        Especificaciones\n      <\/th>\n<th align=\"left\" style=\"background:#7A7A7A; color:#fff; padding:8px 12px; border:1px solid #BDBDBD;\">\n        Valores\n      <\/th>\n<th align=\"left\" style=\"background:#7A7A7A; color:#fff; padding:8px 12px; border:1px solid #BDBDBD;\">\n        M\u00e9todos\n      <\/th>\n<\/tr>\n<tr>\n<td style=\"padding:8px 12px; border:1px solid #BDBDBD;\">Aspecto<\/td>\n<td style=\"padding:8px 12px; border:1px solid #BDBDBD;\">Amarillo<\/td>\n<td style=\"padding:8px 12px; border:1px solid #BDBDBD;\">Visual<\/td>\n<\/tr>\n<tr style=\"background:#E6E6E6;\">\n<td style=\"padding:8px 12px; border:1px solid #BDBDBD;\">Densidad a 20\u00b0C (g\/ml)<\/td>\n<td style=\"padding:8px 12px; border:1px solid #BDBDBD;\">1,09 \u00b1 0,01<\/td>\n<td style=\"padding:8px 12px; border:1px solid #BDBDBD;\">BRY-MO-028<\/td>\n<\/tr>\n<tr>\n<td style=\"padding:8px 12px; border:1px solid #BDBDBD;\">pH del producto puro<\/td>\n<td style=\"padding:8px 12px; border:1px solid #BDBDBD;\">9,4 \u00b1 0,5<\/td>\n<td style=\"padding:8px 12px; border:1px solid #BDBDBD;\">BRY-MO-011<\/td>\n<\/tr>\n<\/table>\n<\/div>\n<div style=\"font-family:Lato; color:#333;\">\n<div style=\"font-weight:bold; text-transform:uppercase; border-bottom:2px solid #9DBB2F; padding-bottom:6px; margin:30px 0 10px;\">\n    Caracter\u00edsticas\n  <\/div>\n<table width=\"100%\" cellpadding=\"0\" cellspacing=\"0\" style=\"border-collapse:collapse; width:100%; max-width:100%;\">\n<tr>\n<th align=\"left\" style=\"background:#7A7A7A; color:#fff; padding:8px 12px; border:1px solid #BDBDBD;\">\n        Caracter\u00edsticas\n      <\/th>\n<th align=\"left\" style=\"background:#7A7A7A; color:#fff; padding:8px 12px; border:1px solid #BDBDBD;\">\n        Valores\n      <\/th>\n<\/tr>\n<tr>\n<td style=\"padding:8px 12px; border:1px solid #BDBDBD;\">Solubilidad en agua<\/td>\n<td style=\"padding:8px 12px; border:1px solid #BDBDBD;\">Totalmente soluble<\/td>\n<\/tr>\n<tr style=\"background:#E6E6E6;\">\n<td style=\"padding:8px 12px; border:1px solid #BDBDBD;\">\u00cdndice de refracci\u00f3n a 20\u00b0C<\/td>\n<td style=\"padding:8px 12px; border:1px solid #BDBDBD;\">1,38<\/td>\n<\/tr>\n<tr>\n<td style=\"padding:8px 12px; border:1px solid #BDBDBD;\">Tensi\u00f3n superficial al 1% (dinas \/ cm)<\/td>\n<td style=\"padding:8px 12px; border:1px solid #BDBDBD;\">44,4<\/td>\n<\/tr>\n<\/table>\n<\/div>\n","protected":false},"excerpt":{"rendered":"<ul>\n<li>Detergente con protecci\u00f3n temporal para eliminar aceites ligeros en piezas met\u00e1licas<\/li>\n<li>Procesos de pulverizaci\u00f3n acuosa, lavado y chorros sumergidos<\/li>\n<li>Limpiador general para contaminaciones ligeras<\/li>\n<\/ul>\n","protected":false},"featured_media":2433,"comment_status":"closed","ping_status":"closed","template":"","meta":{"_acf_changed":false,"inline_featured_image":false},"product_brand":[],"product_cat":[2901,616],"product_tag":[2536,4800,4804,2028,2535,4395,4796,4259,4788,4255,2011,2534,4816,4455,4267],"class_list":{"0":"post-10161","1":"product","2":"type-product","3":"status-publish","4":"has-post-thumbnail","6":"product_cat-eliminacion-de-aceite-en-diversos-componentes-metalicos","7":"product_cat-limpieza","8":"product_tag-13-es","9":"product_tag-chorro-de-inmersion","10":"product_tag-contaminaciones-leves","11":"product_tag-disper-es","12":"product_tag-disper-13-es","13":"product_tag-eliminacion-de-aceite-es","14":"product_tag-enjuague","15":"product_tag-inmersion-acuosa","16":"product_tag-inmersion-acuosa-por-chorro","17":"product_tag-liquidos-de-limpieza-acuosos","18":"product_tag-promoclean-es","19":"product_tag-promoclean-disper-13-es","20":"product_tag-proteccion-temporal","21":"product_tag-spray","22":"product_tag-spray-acuoso","23":"pa_application-eliminacion-de-aceites","24":"pa_brand-promoclean-es","25":"pa_features-con-proteccion-temporal","26":"pa_processes-chorro-por-inmersion-acuosa","27":"pa_processes-enjuagando","28":"pa_processes-spray-a-base-de-agua","29":"pa_product-category-fluidos-de-limpieza-acuosos","31":"first","32":"instock","33":"shipping-taxable","34":"product-type-simple"},"acf":[],"_links":{"self":[{"href":"https:\/\/www.inventec.dehon.com\/es\/wp-json\/wp\/v2\/product\/10161","targetHints":{"allow":["GET"]}}],"collection":[{"href":"https:\/\/www.inventec.dehon.com\/es\/wp-json\/wp\/v2\/product"}],"about":[{"href":"https:\/\/www.inventec.dehon.com\/es\/wp-json\/wp\/v2\/types\/product"}],"replies":[{"embeddable":true,"href":"https:\/\/www.inventec.dehon.com\/es\/wp-json\/wp\/v2\/comments?post=10161"}],"wp:featuredmedia":[{"embeddable":true,"href":"https:\/\/www.inventec.dehon.com\/es\/wp-json\/wp\/v2\/media\/2433"}],"wp:attachment":[{"href":"https:\/\/www.inventec.dehon.com\/es\/wp-json\/wp\/v2\/media?parent=10161"}],"wp:term":[{"taxonomy":"product_brand","embeddable":true,"href":"https:\/\/www.inventec.dehon.com\/es\/wp-json\/wp\/v2\/product_brand?post=10161"},{"taxonomy":"product_cat","embeddable":true,"href":"https:\/\/www.inventec.dehon.com\/es\/wp-json\/wp\/v2\/product_cat?post=10161"},{"taxonomy":"product_tag","embeddable":true,"href":"https:\/\/www.inventec.dehon.com\/es\/wp-json\/wp\/v2\/product_tag?post=10161"}],"curies":[{"name":"wp","href":"https:\/\/api.w.org\/{rel}","templated":true}]}}