{"id":10159,"date":"2021-05-11T20:17:12","date_gmt":"2021-05-11T20:17:12","guid":{"rendered":"https:\/\/www.inventec.dehon.com\/product\/3m-novec-71ipa\/"},"modified":"2026-01-30T09:47:00","modified_gmt":"2026-01-30T08:47:00","slug":"3m-novec-71ipa","status":"publish","type":"product","link":"https:\/\/www.inventec.dehon.com\/es\/product\/3m-novec-71ipa\/","title":{"rendered":"3M NOVEC 71IPA"},"content":{"rendered":"<p><img decoding=\"async\" src=\"https:\/\/www.inventec.dehon.com\/wp-content\/uploads\/2021\/04\/Novec-drum-colorless.phase-outpng-1-600x600.jpg\" alt=\"3M NOVEC 71IPA\" class=\"responsive-img\" align=\"right\" style=\"border-radius:10px; margin-bottom:10px; margin-top:-10px; margin-left:15px; width:300px\" \/><\/p>\n<h2 style=\"color: #9bc947; margin-bottom: 15px;\">L\u00edquido de limpieza a base de disolvente<\/h2>\n<ul>\n<li>Disolvente para la eliminaci\u00f3n de aceites y part\u00edculas ligeras y para el aclarado<\/li>\n<li>Proceso de monosolvente, cosolvente, lavado y secado<\/li>\n<li>Muy bajo impacto HSE y muy baja tensi\u00f3n superficial <span style=\"color:#FFFFFF;\">3M NOVEC 71IPA<\/span><\/li>\n<\/ul>\n<hr \/>\n<h4>AVISO IMPORTANTE:<BR> DESCONTINUACI\u00d3N DE PRODUCTOS 3M\u2122<\/h4>\n<p>\u26a0\ufe0f 3M\u2122 anunci\u00f3 en diciembre de 2022 que todos los productos Novec\u2122 ser\u00e1n descontinuados y no estar\u00e1n disponibles para finales de 2025. No se preocupe, Inventec tiene un reemplazo directo para este producto, pero le recomendamos que nos contacte lo antes posible para minimizar las interrupciones en el suministro.<\/p>\n<p>Si desea obtener m\u00e1s informaci\u00f3n sobre la descontinuaci\u00f3n de los productos 3M\u2122, haga clic en este <a href=\"https:\/\/www.inventec.dehon.com\/es\/buscando-un-reemplazo-para-3m-novec\/\">enlace<\/a>.<\/p>\n<p>NUESTRA(S) ALTERNATIVA(S):<\/p>\n<ul>\n<li><a href=\"https:\/\/www.inventec.dehon.com\/es\/product\/promosolv-dr1\/\">PROMOSOLV DR1<\/a><\/li>\n<\/ul>\n<hr \/>\n<h5>3M Novec 71IPA<\/h5>\n<p><strong>3M Novec 71IPA<\/strong> Engineered Fluid es un hidrofluoro\u00e9ter, metoxi-nonafluorobutano (C4F9OCH3), en una azeotropo con isopropanol.<\/p>\n<p>Este fluido es ideal para tareas ligeras de limpieza y desengrase, y est\u00e1 destinado a sustituir a los productos que agotan la capa de ozono materiales como el CFC-113, el HCFC-14lb y el 1,1,1-tricloroetano en muchas aplicaciones. Tiene cero ozono potencial de agotamiento y otras propiedades medioambientales favorables.<\/p>\n<p>El fluido <strong>Novec 71IPA<\/strong> tiene un bajo perfil toxicol\u00f3gico, con una directriz de exposici\u00f3n media ponderada en el tiempo de 750 ppm para el <strong>3M Novec 7100<\/strong> Engineered Fluid componente (promedio de ocho horas).<\/p>\n<p>La mayor solvencia de los suelos polares y la baja tensi\u00f3n superficial, la no inflamabilidad y la composici\u00f3n constante durante la ebullici\u00f3n del fluido Novec 71IPA lo hacen ideal para la limpieza y el aclarado de precisi\u00f3n y especial para eliminaci\u00f3n de part\u00edculas, huellas dactilares y suciedad ligera de piezas de metal, pl\u00e1stico y vidrio.<\/p>\n<h6><span dir=\"ltr\">Aplicaciones<\/span><\/h6>\n<ul>\n<li><span dir=\"ltr\">Limpieza, aclarado y secado de precisi\u00f3n<\/span><span dir=\"ltr\"> &#8211;<\/span><span dir=\"ltr\"> Limpieza ligera de aceites, grasas, ceras y huellas dactilares<\/span><\/li>\n<li><span dir=\"ltr\">Util\u00edcelo en combinaci\u00f3n con co-solventes como Topklean EL 20 o Topklean EL20P para la eliminaci\u00f3n de residuos \u00absin limpieza de flujo\u00bb.<\/span><\/li>\n<\/ul>\n<p><a title=\"Letter from 3M - Inventec authorized distributor for EMEA area\" href=\"https:\/\/www.inventec.dehon.com\/wp-content\/uploads\/2021\/10\/3M-Authorized-EMEA-Distributor_Inventec.pdf\" target=\"_blank\" rel=\"noopener\">Letter from 3M &#8211; Inventec authorized distributor for EMEA area<\/a><\/p>\n<p><a href=\"https:\/\/inventec.dehon.com\/wp-content\/uploads\/2021\/04\/LOGO-3M-Novec.png\" rel=\"inv-colorbox\" title=\"3M NOVEC 71IPA\"><img decoding=\"async\" class=\"alignnone wp-image-2102 size-medium\" src=\"https:\/\/inventec.dehon.com\/wp-content\/uploads\/2021\/04\/LOGO-3M-Novec-300x150.png\" alt=\"\" width=\"300\" height=\"150\" srcset=\"https:\/\/www.inventec.dehon.com\/wp-content\/uploads\/2021\/04\/LOGO-3M-Novec-300x150.png 300w, https:\/\/www.inventec.dehon.com\/wp-content\/uploads\/2021\/04\/LOGO-3M-Novec.png 318w\" sizes=\"(max-width: 300px) 100vw, 300px\" \/><\/a><\/p>\n","protected":false},"excerpt":{"rendered":"<ul>\n<li>Disolvente para la eliminaci\u00f3n de aceites y part\u00edculas ligeras y para el aclarado<\/li>\n<li>Proceso de monosolvente, cosolvente, lavado y secado<\/li>\n<li>Muy bajo impacto HSE y muy baja tensi\u00f3n superficial<\/li>\n<\/ul>\n<p><span style=\"color: #99cc00;\">Alternativa:<\/span><small> <\/small><a href=\"https:\/\/www.inventec.dehon.com\/es\/product\/promosolv-dr1\/\"><small>PROMOSOLV DR1<\/small><\/a><\/p>\n<p><a href=\"https:\/\/www.inventec.dehon.com\/es\/buscando-un-reemplazo-para-3m-novec\/\" class=\"btn btn-lg btn-primary rounded-pill\" style=\"margin-top:5px; color:#FFFFFF;\">Ver todos los reemplazos de 3M Novec<\/a><\/p>\n","protected":false},"featured_media":15446,"comment_status":"closed","ping_status":"closed","template":"","meta":{"_acf_changed":false,"inline_featured_image":false},"product_brand":[],"product_cat":[616,2899],"product_tag":[4395],"class_list":{"0":"post-10159","1":"product","2":"type-product","3":"status-publish","4":"has-post-thumbnail","6":"product_cat-limpieza","7":"product_cat-soluciones-de-solventes-para-enjuague","8":"product_tag-eliminacion-de-aceite-es","9":"pa_application-eliminacion-de-aceites","10":"pa_application-eliminacion-de-particulas","11":"pa_brand-3m-novec-es-2","12":"pa_features-reciclable","13":"pa_processes-co-solvente","14":"pa_processes-disolvente-de-secado","15":"pa_processes-enjuagando","16":"pa_processes-enjuague-con-solvente","17":"pa_processes-mono-solvente","18":"pa_product-category-fluidos-de-limpieza-con-solvente","20":"first","21":"instock","22":"shipping-taxable","23":"product-type-simple"},"acf":[],"_links":{"self":[{"href":"https:\/\/www.inventec.dehon.com\/es\/wp-json\/wp\/v2\/product\/10159","targetHints":{"allow":["GET"]}}],"collection":[{"href":"https:\/\/www.inventec.dehon.com\/es\/wp-json\/wp\/v2\/product"}],"about":[{"href":"https:\/\/www.inventec.dehon.com\/es\/wp-json\/wp\/v2\/types\/product"}],"replies":[{"embeddable":true,"href":"https:\/\/www.inventec.dehon.com\/es\/wp-json\/wp\/v2\/comments?post=10159"}],"wp:featuredmedia":[{"embeddable":true,"href":"https:\/\/www.inventec.dehon.com\/es\/wp-json\/wp\/v2\/media\/15446"}],"wp:attachment":[{"href":"https:\/\/www.inventec.dehon.com\/es\/wp-json\/wp\/v2\/media?parent=10159"}],"wp:term":[{"taxonomy":"product_brand","embeddable":true,"href":"https:\/\/www.inventec.dehon.com\/es\/wp-json\/wp\/v2\/product_brand?post=10159"},{"taxonomy":"product_cat","embeddable":true,"href":"https:\/\/www.inventec.dehon.com\/es\/wp-json\/wp\/v2\/product_cat?post=10159"},{"taxonomy":"product_tag","embeddable":true,"href":"https:\/\/www.inventec.dehon.com\/es\/wp-json\/wp\/v2\/product_tag?post=10159"}],"curies":[{"name":"wp","href":"https:\/\/api.w.org\/{rel}","templated":true}]}}