{"id":10133,"date":"2021-04-21T17:27:08","date_gmt":"2021-04-21T17:27:08","guid":{"rendered":"https:\/\/www.inventec.dehon.com\/product\/abchimie-avr80-ba\/"},"modified":"2026-03-04T09:45:36","modified_gmt":"2026-03-04T08:45:36","slug":"abchimie-avr80-ba","status":"publish","type":"product","link":"https:\/\/www.inventec.dehon.com\/es\/product\/abchimie-avr80-ba\/","title":{"rendered":"ABCHIMIE AVR80 BA"},"content":{"rendered":"<p><img decoding=\"async\" src=\"https:\/\/www.inventec.dehon.com\/wp-content\/uploads\/2021\/03\/AB-CHIMIE-coat-drum-1-600x600.jpg\" alt=\"ABCHIMIE AVR80 BA\" class=\"responsive-img\" align=\"right\" style=\"border-radius:10px; margin-bottom:10px; margin-top:-10px; margin-left:15px; width:300px\" \/><\/p>\n<h2 style=\"color:#9bc947; margin-bottom:15px\">Recubrimiento acr\u00edlico no t\u00f3xico y flexible para protecci\u00f3n electr\u00f3nica<\/h2>\n<ul>\n<li>Recubrimiento conformado acr\u00edlico<\/li>\n<li>Pulverizaci\u00f3n selectiva, pistola de pulverizaci\u00f3n, inmersi\u00f3n y proceso de cepillado<\/li>\n<li>No es t\u00f3xico y se cura a temperatura ambiente<\/li>\n<\/ul>\n<h5>ABCHIMIE AVR80 BA<\/h5>\n<p>Es un revestimiento acr\u00edlico transparente no t\u00f3xico y flexible para la protecci\u00f3n de los circuitos electr\u00f3nicos, formulado para cumplir los requisitos de resistencia m\u00e1s exigentes. Puede ser mediante pulverizaci\u00f3n selectiva, pistola, inmersi\u00f3n o cepillado. Aprobado <strong>UL94 V0<\/strong> (Archivo E308681)<\/p>\n<h5>Otras aprobaciones y especificaciones:<\/h5>\n<p>NF EN 61086-2; NF EN 45545; NF EN 16101; NF EN 16102 Aprobaciones, cumple con IPC-CC-830 y MIL-I-46058C.<\/p>\n<p><a href=\"https:\/\/www.abchimie.com\/\" target=\"_blank\" rel=\"noopener\"><img decoding=\"async\" class=\"alignnone responsive-img wp-image-2452\" src=\"https:\/\/inventec.dehon.com\/wp-content\/uploads\/2021\/04\/Logo-ABCHIMIE-GR.png\" rel=\"inv-colorbox\" title=\"ABCHIMIE AVR80 BA\" alt=\"ABCHIMIE AVR80 BA\" width=\"150\" height=\"89\" srcset=\"https:\/\/www.inventec.dehon.com\/wp-content\/uploads\/2021\/04\/Logo-ABCHIMIE-GR.png 6545w, https:\/\/www.inventec.dehon.com\/wp-content\/uploads\/2021\/04\/Logo-ABCHIMIE-GR-300x178.png 300w, https:\/\/www.inventec.dehon.com\/wp-content\/uploads\/2021\/04\/Logo-ABCHIMIE-GR-1024x607.png 1024w, https:\/\/www.inventec.dehon.com\/wp-content\/uploads\/2021\/04\/Logo-ABCHIMIE-GR-768x455.png 768w, https:\/\/www.inventec.dehon.com\/wp-content\/uploads\/2021\/04\/Logo-ABCHIMIE-GR-1536x911.png 1536w, https:\/\/www.inventec.dehon.com\/wp-content\/uploads\/2021\/04\/Logo-ABCHIMIE-GR-2048x1214.png 2048w, https:\/\/www.inventec.dehon.com\/wp-content\/uploads\/2021\/04\/Logo-ABCHIMIE-GR-600x356.png 600w\" sizes=\"(max-width: 150px) 100vw, 150px\" \/><\/a><\/p>\n","protected":false},"excerpt":{"rendered":"<ul>\n<li>Recubrimiento conformado acr\u00edlico<\/li>\n<li>Pulverizaci\u00f3n selectiva, pistola de pulverizaci\u00f3n, inmersi\u00f3n y proceso de cepillado<\/li>\n<li>No es t\u00f3xico y se cura a temperatura ambiente<\/li>\n<\/ul>\n","protected":false},"featured_media":24441,"comment_status":"closed","ping_status":"closed","template":"","meta":{"_acf_changed":false,"inline_featured_image":false},"product_brand":[],"product_cat":[2907,810,2908],"product_tag":[1784,1810,5445,5497,4636,4640,4644,1811,1812,5473,4652,4648,5465,5469,4391,3749,5493,4672,5449,5461,4656,4660,4455],"class_list":{"0":"post-10133","1":"product","2":"type-product","3":"status-publish","4":"has-post-thumbnail","6":"industries-aeroespacial-y-defensa","7":"industries-automatizacion","8":"industries-automocion","9":"industries-medica","10":"product_cat-asociacion-entre-abchimie-e-inventec","11":"product_cat-proteccion","12":"product_cat-soluciones-de-recubrimientos-conformados-curados-por-calor","13":"product_tag-abchimie-es","14":"product_tag-abchimie-avr80-ba-es","15":"product_tag-acrilico","16":"product_tag-aplicacion-con-pistola-de-pulverizacion","17":"product_tag-aplicar-con-pincel","18":"product_tag-aplicar-por-inmersion","19":"product_tag-aplicar-por-pulverizacion-selectiva","20":"product_tag-avr80-es","21":"product_tag-ba-es","22":"product_tag-calor","23":"product_tag-componentes-electronicos","24":"product_tag-curado","25":"product_tag-curado-termico","26":"product_tag-inmersion","27":"product_tag-no-toxico","28":"product_tag-pcb-es","29":"product_tag-pistola-de-pulverizacion","30":"product_tag-rastreador-uv","31":"product_tag-recubrimiento-conformado-acrilico","32":"product_tag-recubrimientos-de-proteccion","33":"product_tag-reparable","34":"product_tag-reparable-a-traves-de-soldadura","35":"product_tag-spray","36":"pa_application-pcb-y-componentes-electronicos","37":"pa_brand-abchimie-es-2","38":"pa_features-rastreador-uv","39":"pa_features-reparacion-mediante-soldadura-pasante","40":"pa_processes-aplicacion-con-brocha","41":"pa_processes-aplicacion-con-pistola-de-pulverizacion","42":"pa_processes-aplicacion-por-inmersion","43":"pa_processes-aplicacion-por-pulverizacion-selectiva","44":"pa_processes-curado-termico-por-calor","45":"pa_product-category-recubrimiento-conforme","47":"first","48":"instock","49":"shipping-taxable","50":"product-type-simple"},"acf":[],"_links":{"self":[{"href":"https:\/\/www.inventec.dehon.com\/es\/wp-json\/wp\/v2\/product\/10133","targetHints":{"allow":["GET"]}}],"collection":[{"href":"https:\/\/www.inventec.dehon.com\/es\/wp-json\/wp\/v2\/product"}],"about":[{"href":"https:\/\/www.inventec.dehon.com\/es\/wp-json\/wp\/v2\/types\/product"}],"replies":[{"embeddable":true,"href":"https:\/\/www.inventec.dehon.com\/es\/wp-json\/wp\/v2\/comments?post=10133"}],"wp:featuredmedia":[{"embeddable":true,"href":"https:\/\/www.inventec.dehon.com\/es\/wp-json\/wp\/v2\/media\/24441"}],"wp:attachment":[{"href":"https:\/\/www.inventec.dehon.com\/es\/wp-json\/wp\/v2\/media?parent=10133"}],"wp:term":[{"taxonomy":"product_brand","embeddable":true,"href":"https:\/\/www.inventec.dehon.com\/es\/wp-json\/wp\/v2\/product_brand?post=10133"},{"taxonomy":"product_cat","embeddable":true,"href":"https:\/\/www.inventec.dehon.com\/es\/wp-json\/wp\/v2\/product_cat?post=10133"},{"taxonomy":"product_tag","embeddable":true,"href":"https:\/\/www.inventec.dehon.com\/es\/wp-json\/wp\/v2\/product_tag?post=10133"}],"curies":[{"name":"wp","href":"https:\/\/api.w.org\/{rel}","templated":true}]}}