{"id":10131,"date":"2021-04-08T08:37:20","date_gmt":"2021-04-08T08:37:20","guid":{"rendered":"https:\/\/www.inventec.dehon.com\/product\/promosolv-dr1\/"},"modified":"2026-03-16T14:35:14","modified_gmt":"2026-03-16T13:35:14","slug":"promosolv-dr1","status":"publish","type":"product","link":"https:\/\/www.inventec.dehon.com\/es\/product\/promosolv-dr1\/","title":{"rendered":"PROMOSOLV DR1"},"content":{"rendered":"<p><img decoding=\"async\" src=\"https:\/\/www.inventec.dehon.com\/wp-content\/uploads\/2021\/03\/PROMOSOLV-drum-colorless-Ecoprog-600x600.png\" alt=\"PROMOSOLV DR1\" class=\"responsive-img\" align=\"right\" style=\"border-radius:10px; margin-bottom:10px; margin-top:-10px; margin-left:15px; width:300px\" \/><\/p>\n<h2 style=\"color:#9bc947; margin-bottom:15px\">Solvente de enjuague sostenible<\/h2>\n<ul>\n<li>Disolvente para el aclarado y secado r\u00e1pido sin manchas<\/li>\n<li>Proceso de limpieza y secado con co-solventes<\/li>\n<li>Impacto muy bajo en HSE<\/li>\n<\/ul>\n<h5>PROMOSOLV DR1<\/h5>\n<p>Especialmente dise\u00f1ado para sustituir a los disolventes de aclarado con un alto impacto HSE y para ofrecer un producto acorde con las \u00faltimas y futuras normativas medioambientales. Se utiliza en combinaci\u00f3n con nuestra gama TOPKLEAN\u2122 para ofrecer una soluci\u00f3n de disolventes respetuosa con el medio ambiente sin comprometer el alto rendimiento de la limpieza. La baj\u00edsima tensi\u00f3n superficial permite penetrar en espacios muy reducidos, asegurando que cualquier producto qu\u00edmico de limpieza se elimine por completo tras el aclarado.<\/p>\n<p>Este producto tambi\u00e9n existe en una versi\u00f3n reciclada (fabricada con disolvente reciclado) bajo el nombre de <strong>PROMOSOLV DR1 T<\/strong>.<\/p>\n<p><strong>PROMOSOLV DR1<\/strong> es un reemplazo directo para <strong>3M Novec 71IPA<\/strong>, que est\u00e1 programado para ser descontinuado voluntariamente a finales de 2025. Haga clic en el enlace para m\u00e1s informaci\u00f3n sobre el anuncio de <a href=\"https:\/\/www.inventec.dehon.com\/es\/elimine-gradualmente-los-disolventes-3m\/\">la descontinuaci\u00f3n de 3M Novec<\/a>.<\/p>\n<div style=\"font-family:Lato; color:#333;\">\n<div style=\"font-weight:bold; text-transform:uppercase; border-bottom:2px solid #9DBB2F; padding-bottom:6px; margin-bottom:10px;\">\n    Especificaciones\n  <\/div>\n<table width=\"100%\" cellpadding=\"0\" cellspacing=\"0\" style=\"border-collapse:collapse; width:100%; max-width:100%;\">\n<tr>\n<th align=\"left\" style=\"background:#7A7A7A; color:#fff; padding:8px 12px; border:1px solid #BDBDBD;\">\n        Especificaciones\n      <\/th>\n<th align=\"left\" style=\"background:#7A7A7A; color:#fff; padding:8px 12px; border:1px solid #BDBDBD;\">\n        Valores\n      <\/th>\n<th align=\"left\" style=\"background:#7A7A7A; color:#fff; padding:8px 12px; border:1px solid #BDBDBD;\">\n        M\u00e9todos\n      <\/th>\n<\/tr>\n<tr>\n<td style=\"padding:8px 12px; border:1px solid #BDBDBD;\">Aspecto<\/td>\n<td style=\"padding:8px 12px; border:1px solid #BDBDBD;\">Transparente, incoloro<\/td>\n<td style=\"padding:8px 12px; border:1px solid #BDBDBD;\">Visual<\/td>\n<\/tr>\n<tr style=\"background:#E6E6E6;\">\n<td style=\"padding:8px 12px; border:1px solid #BDBDBD;\">\u00c9teres de metoxi-nonafluorobutano (%)<\/td>\n<td style=\"padding:8px 12px; border:1px solid #BDBDBD;\">95,5% \u00b1 0,5<\/td>\n<td style=\"padding:8px 12px; border:1px solid #BDBDBD;\">Interno \/ MO.SB.10033<\/td>\n<\/tr>\n<tr>\n<td style=\"padding:8px 12px; border:1px solid #BDBDBD;\">Isopropanol (%)<\/td>\n<td style=\"padding:8px 12px; border:1px solid #BDBDBD;\">4,5% \u00b1 0,5<\/td>\n<td style=\"padding:8px 12px; border:1px solid #BDBDBD;\">Interno \/ MO.SB.10033<\/td>\n<\/tr>\n<\/table>\n<\/div>\n<div style=\"font-family:Lato; color:#333;\">\n<div style=\"font-weight:bold; text-transform:uppercase; border-bottom:2px solid #9DBB2F; padding-bottom:6px; margin:30px 0 10px;\">\n    Caracter\u00edsticas\n  <\/div>\n<table width=\"100%\" cellpadding=\"0\" cellspacing=\"0\" style=\"border-collapse:collapse; width:100%; max-width:100%;\">\n<tr>\n<th align=\"left\" style=\"background:#7A7A7A; color:#fff; padding:8px 12px; border:1px solid #BDBDBD;\">\n        Caracter\u00edsticas\n      <\/th>\n<th align=\"left\" style=\"background:#7A7A7A; color:#fff; padding:8px 12px; border:1px solid #BDBDBD;\">\n        PROMOSOLV DR1\n      <\/th>\n<th align=\"left\" style=\"background:#7A7A7A; color:#fff; padding:8px 12px; border:1px solid #BDBDBD;\">\n        PROMOSOLV DR1 T\n      <\/th>\n<\/tr>\n<tr>\n<td style=\"padding:8px 12px; border:1px solid #BDBDBD;\">Punto de ebullici\u00f3n<\/td>\n<td style=\"padding:8px 12px; border:1px solid #BDBDBD;\">55\u00b0C \/ 131\u00b0F<\/td>\n<td style=\"padding:8px 12px; border:1px solid #BDBDBD;\">55\u00b0C \/ 131\u00b0F<\/td>\n<\/tr>\n<tr style=\"background:#E6E6E6;\">\n<td style=\"padding:8px 12px; border:1px solid #BDBDBD;\">Punto de congelaci\u00f3n<\/td>\n<td style=\"padding:8px 12px; border:1px solid #BDBDBD;\">-42\u00b0C \/ -44\u00b0F<\/td>\n<td style=\"padding:8px 12px; border:1px solid #BDBDBD;\">-42\u00b0C \/ -44\u00b0F<\/td>\n<\/tr>\n<tr>\n<td style=\"padding:8px 12px; border:1px solid #BDBDBD;\">Punto de inflamaci\u00f3n<\/td>\n<td style=\"padding:8px 12px; border:1px solid #BDBDBD;\">No<\/td>\n<td style=\"padding:8px 12px; border:1px solid #BDBDBD;\">No<\/td>\n<\/tr>\n<tr style=\"background:#E6E6E6;\">\n<td style=\"padding:8px 12px; border:1px solid #BDBDBD;\">Densidad (g\/cm\u00b3)<\/td>\n<td style=\"padding:8px 12px; border:1px solid #BDBDBD;\">1,48<\/td>\n<td style=\"padding:8px 12px; border:1px solid #BDBDBD;\">1,48<\/td>\n<\/tr>\n<tr>\n<td style=\"padding:8px 12px; border:1px solid #BDBDBD;\">Pureza (% peso)<\/td>\n<td style=\"padding:8px 12px; border:1px solid #BDBDBD;\">>99,5<\/td>\n<td style=\"padding:8px 12px; border:1px solid #BDBDBD;\">>99,0<\/td>\n<\/tr>\n<tr style=\"background:#E6E6E6;\">\n<td style=\"padding:8px 12px; border:1px solid #BDBDBD;\">Tensi\u00f3n superficial (dinas\/cm)<\/td>\n<td style=\"padding:8px 12px; border:1px solid #BDBDBD;\">14,5<\/td>\n<td style=\"padding:8px 12px; border:1px solid #BDBDBD;\">14,5<\/td>\n<\/tr>\n<tr>\n<td style=\"padding:8px 12px; border:1px solid #BDBDBD;\">Presi\u00f3n de vapor (kPa)<\/td>\n<td style=\"padding:8px 12px; border:1px solid #BDBDBD;\">27,6<\/td>\n<td style=\"padding:8px 12px; border:1px solid #BDBDBD;\">27,6<\/td>\n<\/tr>\n<tr style=\"background:#E6E6E6;\">\n<td style=\"padding:8px 12px; border:1px solid #BDBDBD;\">Viscosidad din\u00e1mica (mPa.s)<\/td>\n<td style=\"padding:8px 12px; border:1px solid #BDBDBD;\">0,75<\/td>\n<td style=\"padding:8px 12px; border:1px solid #BDBDBD;\">0,75<\/td>\n<\/tr>\n<tr>\n<td style=\"padding:8px 12px; border:1px solid #BDBDBD;\">Calor latente de vaporizaci\u00f3n (kJ\/kg @bp)<\/td>\n<td style=\"padding:8px 12px; border:1px solid #BDBDBD;\">165<\/td>\n<td style=\"padding:8px 12px; border:1px solid #BDBDBD;\">165<\/td>\n<\/tr>\n<tr style=\"background:#E6E6E6;\">\n<td style=\"padding:8px 12px; border:1px solid #BDBDBD;\">Calor espec\u00edfico (kJ\/kg.K)<\/td>\n<td style=\"padding:8px 12px; border:1px solid #BDBDBD;\">1,17<\/td>\n<td style=\"padding:8px 12px; border:1px solid #BDBDBD;\">1,17<\/td>\n<\/tr>\n<\/table>\n<\/div>\n","protected":false},"excerpt":{"rendered":"<ul>\n<li>Disolvente para el aclarado y secado r\u00e1pido sin manchas<\/li>\n<li>Proceso de limpieza y secado con co-solventes<\/li>\n<li>Impacto muy bajo en HSE<\/li>\n<\/ul>\n<p><a href=\"https:\/\/www.inventec.dehon.com\/wp-content\/uploads\/2023\/06\/GW-ECO-FREE-305-WS12.png\"><img decoding=\"async\" class=\"alignnone wp-image-14785\" src=\"https:\/\/www.inventec.dehon.com\/wp-content\/uploads\/2023\/06\/GW-ECO-FREE-305-WS12.png\" alt=\"\" width=\"40\" height=\"34\" \/><\/a><\/p>\n","protected":false},"featured_media":2278,"comment_status":"closed","ping_status":"closed","template":"","meta":{"_acf_changed":false,"inline_featured_image":false},"product_brand":[],"product_cat":[616,2899,2900],"product_tag":[4283,2095,4765,4186,4327,1829,2094,4600,4447],"class_list":{"0":"post-10131","1":"product","2":"type-product","3":"status-publish","4":"has-post-thumbnail","6":"industries-aeroespacial-y-defensa","7":"industries-automocion","8":"industries-medica","9":"product_cat-limpieza","10":"product_cat-soluciones-de-solventes-para-enjuague","11":"product_cat-soluciones-de-solventes-para-secado","12":"product_tag-co-disolvente","13":"product_tag-dr1-es","14":"product_tag-enjuague-con-disolvente","15":"product_tag-fluidos-de-limpieza-con-solvente","16":"product_tag-greenway","17":"product_tag-promosolv-es","18":"product_tag-promosolv-dr1-es","19":"product_tag-reciclable","20":"product_tag-secado-con-solvente","21":"pa_brand-promosolv-es-2","22":"pa_features-greenway","23":"pa_features-reciclable","24":"pa_processes-co-solvente","25":"pa_processes-disolvente-de-secado","26":"pa_processes-enjuague-con-solvente","27":"pa_product-category-fluidos-de-limpieza-con-solvente","29":"first","30":"instock","31":"shipping-taxable","32":"product-type-simple"},"acf":[],"_links":{"self":[{"href":"https:\/\/www.inventec.dehon.com\/es\/wp-json\/wp\/v2\/product\/10131","targetHints":{"allow":["GET"]}}],"collection":[{"href":"https:\/\/www.inventec.dehon.com\/es\/wp-json\/wp\/v2\/product"}],"about":[{"href":"https:\/\/www.inventec.dehon.com\/es\/wp-json\/wp\/v2\/types\/product"}],"replies":[{"embeddable":true,"href":"https:\/\/www.inventec.dehon.com\/es\/wp-json\/wp\/v2\/comments?post=10131"}],"wp:featuredmedia":[{"embeddable":true,"href":"https:\/\/www.inventec.dehon.com\/es\/wp-json\/wp\/v2\/media\/2278"}],"wp:attachment":[{"href":"https:\/\/www.inventec.dehon.com\/es\/wp-json\/wp\/v2\/media?parent=10131"}],"wp:term":[{"taxonomy":"product_brand","embeddable":true,"href":"https:\/\/www.inventec.dehon.com\/es\/wp-json\/wp\/v2\/product_brand?post=10131"},{"taxonomy":"product_cat","embeddable":true,"href":"https:\/\/www.inventec.dehon.com\/es\/wp-json\/wp\/v2\/product_cat?post=10131"},{"taxonomy":"product_tag","embeddable":true,"href":"https:\/\/www.inventec.dehon.com\/es\/wp-json\/wp\/v2\/product_tag?post=10131"}],"curies":[{"name":"wp","href":"https:\/\/api.w.org\/{rel}","templated":true}]}}