{"id":10128,"date":"2021-04-08T17:12:24","date_gmt":"2021-04-08T17:12:24","guid":{"rendered":"https:\/\/www.inventec.dehon.com\/product\/topklean-el-7\/"},"modified":"2026-03-16T14:42:11","modified_gmt":"2026-03-16T13:42:11","slug":"topklean-el-7","status":"publish","type":"product","link":"https:\/\/www.inventec.dehon.com\/es\/product\/topklean-el-7\/","title":{"rendered":"TOPKLEAN EL 7"},"content":{"rendered":"<p><img decoding=\"async\" src=\"https:\/\/www.inventec.dehon.com\/wp-content\/uploads\/2021\/03\/TOPKLEAN-canister-yellow-1-600x600.jpg\" alt=\"TOPKLEAN EL 7\" class=\"responsive-img\" align=\"right\" style=\"border-radius:10px; margin-bottom:10px; margin-top:-10px; margin-left:15px; width:300px\" \/><\/p>\n<h2 style=\"color:#9bc947; margin-bottom:15px\">Limpiador para plantillas y impresoras SMT<\/h2>\n<ul>\n<li>Limpieza de plantillas<\/li>\n<li>Proceso automatizado en impresoras smt<\/li>\n<li>Punto de inflamaci\u00f3n relativamente alto<\/li>\n<\/ul>\n<h5>TOPKLEAN EL 7<\/h5>\n<p>Est\u00e1 especialmente dise\u00f1ado para eliminar todo tipo de pasta de soldadura de las plantillas cuando se utiliza una rutina de limpieza autom\u00e1tica incluida en la mayor\u00eda de las impresoras SMT. Su alta tasa de evaporaci\u00f3n permite una limpieza r\u00e1pida sin comprometer la siguiente secuencia de impresi\u00f3n.<\/p>\n<p><strong>TOPKLEAN EL 7<\/strong> tiene una excelente compatibilidad con los materiales de plantilla y est\u00e1 probado y calificado para su uso dentro de impresoras MPM.<\/p>\n<p>Su punto de inflamaci\u00f3n relativamente alto lo convierte en un sustituto seguro del IPA u otros l\u00edquidos de limpieza con un punto de inflamaci\u00f3n bajo.<\/p>\n<p>Es un producto listo para usar.<\/p>\n<p><!-- ESPECIFICACIONES Section --><\/p>\n<div style=\"font-weight:bold; text-transform:uppercase; border-bottom:2px solid #9DBB2F; padding-bottom:6px; margin-bottom:10px;\">\n  ESPECIFICACIONES\n<\/div>\n<table width=\"100%\" cellpadding=\"0\" cellspacing=\"0\" style=\"border-collapse:collapse; width:100%; max-width:100%;\">\n<tr>\n<th align=\"left\" style=\"background:#7A7A7A; color:#fff; padding:8px 12px; border:1px solid #BDBDBD;\">ESPECIFICACIONES<\/th>\n<th align=\"left\" style=\"background:#7A7A7A; color:#fff; padding:8px 12px; border:1px solid #BDBDBD;\">VALORES<\/th>\n<th align=\"left\" style=\"background:#7A7A7A; color:#fff; padding:8px 12px; border:1px solid #BDBDBD;\">M\u00c9TODO<\/th>\n<\/tr>\n<tr>\n<td style=\"padding:8px 12px; border:1px solid #BDBDBD;\">Aspecto<\/td>\n<td style=\"padding:8px 12px; border:1px solid #BDBDBD;\">Transparente, incoloro<\/td>\n<td style=\"padding:8px 12px; border:1px solid #BDBDBD;\">Visual<\/td>\n<\/tr>\n<tr style=\"background:#E6E6E6;\">\n<td style=\"padding:8px 12px; border:1px solid #BDBDBD;\">Densidad (g\/ml a 20 \u00b0C)<\/td>\n<td style=\"padding:8px 12px; border:1px solid #BDBDBD;\">0.77 \u00b1 0.01<\/td>\n<td style=\"padding:8px 12px; border:1px solid #BDBDBD;\">BRY MO 028<\/td>\n<\/tr>\n<\/table>\n<p><!-- CARACTER\u00cdSTICAS Section --><\/p>\n<div style=\"font-weight:bold; text-transform:uppercase; border-bottom:2px solid #9DBB2F; padding-bottom:6px; margin:30px 0 10px 0;\">\n  CARACTER\u00cdSTICAS\n<\/div>\n<table width=\"100%\" cellpadding=\"0\" cellspacing=\"0\" style=\"border-collapse:collapse; width:100%; max-width:100%;\">\n<tr>\n<th align=\"left\" style=\"background:#7A7A7A; color:#fff; padding:8px 12px; border:1px solid #BDBDBD;\">CARACTER\u00cdSTICAS<\/th>\n<th align=\"left\" style=\"background:#7A7A7A; color:#fff; padding:8px 12px; border:1px solid #BDBDBD;\">M\u00c9TODO<\/th>\n<\/tr>\n<tr>\n<td style=\"padding:8px 12px; border:1px solid #BDBDBD;\">Viscosidad (mm\u00b2\/s)<\/td>\n<td style=\"padding:8px 12px; border:1px solid #BDBDBD;\">1,9<\/td>\n<\/tr>\n<tr style=\"background:#E6E6E6;\">\n<td style=\"padding:8px 12px; border:1px solid #BDBDBD;\">Punto de ignici\u00f3n<\/td>\n<td style=\"padding:8px 12px; border:1px solid #BDBDBD;\">60\u00b0C \/ 140\u00b0F<\/td>\n<\/tr>\n<tr>\n<td style=\"padding:8px 12px; border:1px solid #BDBDBD;\">Tensi\u00f3n superficial (mN\/m @20\u00b0C)<\/td>\n<td style=\"padding:8px 12px; border:1px solid #BDBDBD;\">23,5<\/td>\n<\/tr>\n<tr style=\"background:#E6E6E6;\">\n<td style=\"padding:8px 12px; border:1px solid #BDBDBD;\">Solubilidad en agua<\/td>\n<td style=\"padding:8px 12px; border:1px solid #BDBDBD;\">No soluble<\/td>\n<\/tr>\n<tr>\n<td style=\"padding:8px 12px; border:1px solid #BDBDBD;\">Velocidad de evaporaci\u00f3n relativa (nBuAC)<\/td>\n<td style=\"padding:8px 12px; border:1px solid #BDBDBD;\">0,09<\/td>\n<\/tr>\n<tr style=\"background:#E6E6E6;\">\n<td style=\"padding:8px 12px; border:1px solid #BDBDBD;\">Rigidez diel\u00e9ctrica (KV\/cm)<\/td>\n<td style=\"padding:8px 12px; border:1px solid #BDBDBD;\">200<\/td>\n<\/tr>\n<tr>\n<td style=\"padding:8px 12px; border:1px solid #BDBDBD;\">Intervalo de destilaci\u00f3n (\u00b0C\/\u00b0F)<\/td>\n<td style=\"padding:8px 12px; border:1px solid #BDBDBD;\">187-212\u00b0C \/ 368-413\u00b0F<\/td>\n<\/tr>\n<\/table>\n","protected":false},"excerpt":{"rendered":"<ul>\n<li>Limpieza de plantillas<\/li>\n<li>Proceso automatizado en impresoras smt<\/li>\n<li>Punto de inflamaci\u00f3n relativamente alto<\/li>\n<\/ul>\n<p><a href=\"https:\/\/www.inventec.dehon.com\/wp-content\/uploads\/2021\/04\/Capture-decran-2024-06-13-142210.png\"><img decoding=\"async\" class=\"alignleft size-full wp-image-17538\" src=\"https:\/\/www.inventec.dehon.com\/wp-content\/uploads\/2021\/04\/Capture-decran-2024-06-13-142210.png\" alt=\"\" width=\"297\" height=\"274\" \/><\/a><\/p>\n","protected":false},"featured_media":24446,"comment_status":"closed","ping_status":"closed","template":"","meta":{"_acf_changed":false,"inline_featured_image":false},"product_brand":[],"product_cat":[2898],"product_tag":[4331,2109,2108,4186,4363,4442,4443,4463,4459,2046,2107],"class_list":{"0":"post-10128","1":"product","2":"type-product","3":"status-publish","4":"has-post-thumbnail","6":"product_cat-limpieza-de-plantillas-y-de-impresiones-defectuosas-para-electronica-y-semiconductores","7":"product_tag-alto-punto-de-inflamacion","8":"product_tag-el-es","9":"product_tag-el-7-es","10":"product_tag-fluidos-de-limpieza-con-solvente","11":"product_tag-impresion-defectuosa","12":"product_tag-impresora-smt","13":"product_tag-impresoras-smt","14":"product_tag-limpieza-de-plantillas","15":"product_tag-plantilla","16":"product_tag-topklean-es","17":"product_tag-topklean-el-7-es","18":"pa_application-plantillas-y-fallos-de-impresion","19":"pa_brand-topklean-es-2","20":"pa_product-category-fluidos-de-limpieza-con-solvente","22":"first","23":"instock","24":"shipping-taxable","25":"product-type-simple"},"acf":[],"_links":{"self":[{"href":"https:\/\/www.inventec.dehon.com\/es\/wp-json\/wp\/v2\/product\/10128","targetHints":{"allow":["GET"]}}],"collection":[{"href":"https:\/\/www.inventec.dehon.com\/es\/wp-json\/wp\/v2\/product"}],"about":[{"href":"https:\/\/www.inventec.dehon.com\/es\/wp-json\/wp\/v2\/types\/product"}],"replies":[{"embeddable":true,"href":"https:\/\/www.inventec.dehon.com\/es\/wp-json\/wp\/v2\/comments?post=10128"}],"wp:featuredmedia":[{"embeddable":true,"href":"https:\/\/www.inventec.dehon.com\/es\/wp-json\/wp\/v2\/media\/24446"}],"wp:attachment":[{"href":"https:\/\/www.inventec.dehon.com\/es\/wp-json\/wp\/v2\/media?parent=10128"}],"wp:term":[{"taxonomy":"product_brand","embeddable":true,"href":"https:\/\/www.inventec.dehon.com\/es\/wp-json\/wp\/v2\/product_brand?post=10128"},{"taxonomy":"product_cat","embeddable":true,"href":"https:\/\/www.inventec.dehon.com\/es\/wp-json\/wp\/v2\/product_cat?post=10128"},{"taxonomy":"product_tag","embeddable":true,"href":"https:\/\/www.inventec.dehon.com\/es\/wp-json\/wp\/v2\/product_tag?post=10128"}],"curies":[{"name":"wp","href":"https:\/\/api.w.org\/{rel}","templated":true}]}}