{"id":10120,"date":"2021-04-14T12:06:45","date_gmt":"2021-04-14T12:06:45","guid":{"rendered":"https:\/\/www.inventec.dehon.com\/product\/ecorel-free-lt140-18\/"},"modified":"2026-01-21T11:43:58","modified_gmt":"2026-01-21T10:43:58","slug":"ecorel-free-lt-140-18","status":"publish","type":"product","link":"https:\/\/www.inventec.dehon.com\/es\/product\/ecorel-free-lt-140-18\/","title":{"rendered":"ECOREL FREE LT 140-18"},"content":{"rendered":"<p><img decoding=\"async\" src=\"https:\/\/www.inventec.dehon.com\/wp-content\/uploads\/2021\/01\/Ecorel-Free-600x600.png\" alt=\"ECOREL FREE LT 140-18\" class=\"responsive-img\" align=\"right\" style=\"border-radius:10px; margin-bottom:10px; margin-top:-10px; margin-left:15px; width:300px\" \/><\/p>\n<h2 style=\"color:#9bc947; margin-bottom:15px\">Pasta de soldadura de baja temperatura<\/h2>\n<ul>\n<li>Pasta de soldadura sin plomo Sn42Bi57.6Ag0.4<\/li>\n<li>Proceso de impresi\u00f3n SMT a baja temperatura<\/li>\n<li>Libre de hal\u00f3genos y de bajo vaciado<\/li>\n<\/ul>\n<h5>ECOREL FREE LT 140-18<\/h5>\n<p>Es una pasta de soldadura no limpia que combina las propiedades metal\u00fargicas y los beneficios de una aleaci\u00f3n de bajo punto de fusi\u00f3n con la qu\u00edmica de alto rendimiento de la gama ECOREL\u2122, asegurando que la electr\u00f3nica ensamblada pueda alcanzar su mejor fiabilidad. Un Se recomienda una temperatura de reflujo baja para componentes termosensibles como LED, MEMS, CMOS, pl\u00e1sticos y circuitos flexibles.<\/p>\n<p>En comparaci\u00f3n con las pastas de soldadura de aleaci\u00f3n de bajo punto de fusi\u00f3n como el SnBi, <strong>ECOREL FREE LT 140-18<\/strong> consigue una mejor humectaci\u00f3n y resistencia de la uni\u00f3n de soldadura debido a la presencia de plata.<\/p>\n<p><!-- SECCI\u00d3N PROPIEDADES --><\/p>\n<div style=\"font-weight:bold; text-transform:uppercase; border-bottom:2px solid #9DBB2F; padding-bottom:6px; margin-bottom:10px;\">\n  PROPIEDADES\n<\/div>\n<table width=\"100%\" cellpadding=\"0\" cellspacing=\"0\" style=\"border-collapse:collapse; width:100%; max-width:100%;\">\n<tr>\n<th align=\"left\" style=\"background:#7A7A7A; color:#fff; padding:8px 12px; border:1px solid #BDBDBD;\">\n      ESPECIFICACIONES\n    <\/th>\n<th align=\"left\" style=\"background:#7A7A7A; color:#fff; padding:8px 12px; border:1px solid #BDBDBD;\">\n      ECOREL FREE LT 140-18\n    <\/th>\n<\/tr>\n<tr>\n<td style=\"padding:8px 12px; border:1px solid #BDBDBD;\">Aleaci\u00f3n<\/td>\n<td style=\"padding:8px 12px; border:1px solid #BDBDBD;\">Sn42Bi57,6Ag0,4<\/td>\n<\/tr>\n<tr style=\"background:#E6E6E6;\">\n<td style=\"padding:8px 12px; border:1px solid #BDBDBD;\">Punto de fusi\u00f3n (\u00b0C)<\/td>\n<td style=\"padding:8px 12px; border:1px solid #BDBDBD;\">139-140<\/td>\n<\/tr>\n<tr>\n<td style=\"padding:8px 12px; border:1px solid #BDBDBD;\">Distribuci\u00f3n del tama\u00f1o de part\u00edculas (micras) \/ Tipo<\/td>\n<td style=\"padding:8px 12px; border:1px solid #BDBDBD;\">25\u201345 \/ Tipo 3<\/td>\n<\/tr>\n<tr style=\"background:#E6E6E6;\">\n<td style=\"padding:8px 12px; border:1px solid #BDBDBD;\">Contenido de metal (%)<\/td>\n<td style=\"padding:8px 12px; border:1px solid #BDBDBD;\">\n      Impresi\u00f3n: 89,5 \u2013 90,5<br \/>\n      Dosificaci\u00f3n: 85,5 \u2013 86,5\n    <\/td>\n<\/tr>\n<tr>\n<td style=\"padding:8px 12px; border:1px solid #BDBDBD;\">Residuos tras reflujo<\/td>\n<td style=\"padding:8px 12px; border:1px solid #BDBDBD;\">Aprox. 7 % en peso<\/td>\n<\/tr>\n<tr style=\"background:#E6E6E6;\">\n<td style=\"padding:8px 12px; border:1px solid #BDBDBD;\">Contenido de hal\u00f3genos<\/td>\n<td style=\"padding:8px 12px; border:1px solid #BDBDBD;\">Sin hal\u00f3genos<\/td>\n<\/tr>\n<tr>\n<td style=\"padding:8px 12px; border:1px solid #BDBDBD;\">Viscosidad* (Pa.s a 20\u00b0C)<br \/><span style=\"font-size:10px;\">*Brookfield RVT, TF a 5RPM<\/span><\/td>\n<td style=\"padding:8px 12px; border:1px solid #BDBDBD;\">\n      Impresi\u00f3n: 750 \u2013 950<br \/>\n      Dosificaci\u00f3n: 400 \u2013 500\n    <\/td>\n<\/tr>\n<\/table>\n<p><!-- SECCI\u00d3N CARACTER\u00cdSTICAS --><\/p>\n<div style=\"font-weight:bold; text-transform:uppercase; margin:20px 0 10px 0;\">\n  CARACTER\u00cdSTICAS\n<\/div>\n<table width=\"100%\" cellpadding=\"0\" cellspacing=\"0\" style=\"border-collapse:collapse; width:100%; max-width:100%;\">\n<tr>\n<th align=\"left\" style=\"background:#7A7A7A; color:#fff; padding:8px 12px; border:1px solid #BDBDBD;\">\n      PRUEBAS NORMALIZADAS\n    <\/th>\n<th align=\"left\" style=\"background:#7A7A7A; color:#fff; padding:8px 12px; border:1px solid #BDBDBD;\">\n      RESULTADOS\n    <\/th>\n<th align=\"left\" style=\"background:#7A7A7A; color:#fff; padding:8px 12px; border:1px solid #BDBDBD;\">\n      PROCEDIMIENTOS\n    <\/th>\n<\/tr>\n<tr>\n<td style=\"padding:8px 12px; border:1px solid #BDBDBD;\">Clasificaci\u00f3n del flujo<\/td>\n<td style=\"padding:8px 12px; border:1px solid #BDBDBD;\">ROL0<\/td>\n<td style=\"padding:8px 12px; border:1px solid #BDBDBD;\">ANSI\/J-STD-004<\/td>\n<\/tr>\n<tr style=\"background:#E6E6E6;\">\n<td style=\"padding:8px 12px; border:1px solid #BDBDBD;\">113<\/td>\n<td style=\"padding:8px 12px; border:1px solid #BDBDBD;\">ISO 9454<\/td>\n<td style=\"padding:8px 12px; border:1px solid #BDBDBD;\">ISO 9454<\/td>\n<\/tr>\n<tr>\n<td style=\"padding:8px 12px; border:1px solid #BDBDBD;\">Espejo de cobre<\/td>\n<td style=\"padding:8px 12px; border:1px solid #BDBDBD;\">Aprobado<\/td>\n<td style=\"padding:8px 12px; border:1px solid #BDBDBD;\">ANSI\/J-STD-004<\/td>\n<\/tr>\n<tr style=\"background:#E6E6E6;\">\n<td style=\"padding:8px 12px; border:1px solid #BDBDBD;\">Corrosi\u00f3n del cobre<\/td>\n<td style=\"padding:8px 12px; border:1px solid #BDBDBD;\">Aprobado<\/td>\n<td style=\"padding:8px 12px; border:1px solid #BDBDBD;\">ANSI\/J-STD-004<\/td>\n<\/tr>\n<tr>\n<td style=\"padding:8px 12px; border:1px solid #BDBDBD;\">SIR (IPC)<\/td>\n<td style=\"padding:8px 12px; border:1px solid #BDBDBD;\">Aprobado<\/td>\n<td style=\"padding:8px 12px; border:1px solid #BDBDBD;\">ANSI\/J-STD-004<\/td>\n<\/tr>\n<\/table>\n","protected":false},"excerpt":{"rendered":"<ul>\n<li>Pasta de soldadura sin plomo Sn42Bi57.6Ag0.4<\/li>\n<li>Proceso de impresi\u00f3n SMT a baja temperatura<\/li>\n<li>Libre de hal\u00f3genos y de bajo vaciado<\/li>\n<\/ul>\n","protected":false},"featured_media":2228,"comment_status":"closed","ping_status":"closed","template":"","meta":{"_acf_changed":false,"inline_featured_image":false},"product_brand":[],"product_cat":[2876,2877],"product_tag":[1311,1310,5112,5088,5120,5128,5108,5129,1307,1287,5191,1308,1309,5215,5092,5168,5169,5084,4005,5211,5231,5219,1688,5116,4006,5248,5251],"class_list":{"0":"post-10120","1":"product","2":"type-product","3":"status-publish","4":"has-post-thumbnail","6":"industries-aeroespacial-y-defensa","7":"industries-automatizacion","8":"industries-automocion","9":"industries-baterias-y-postes-de-carga","10":"industries-equipos-medico-y-escaneres","11":"industries-estaciones-de-carga","12":"industries-iluminacion","13":"industries-medica","14":"industries-tren-motriz","15":"product_cat-soluciones-de-pasta-de-soldadura-a-baja-temperatura","16":"product_cat-soluciones-de-pasta-de-soldadura-de-baja-porosidad","17":"product_tag-140-es","18":"product_tag-140-18-es","19":"product_tag-aleacion-baja-temperatura","20":"product_tag-aleacion-sin-plomo","21":"product_tag-aleacion-temperatura-baja","22":"product_tag-baja-porosidad-es","23":"product_tag-baja-temperatura","24":"product_tag-bajo-nivel-de-vacios","25":"product_tag-ecorel-free-lt-140-18-es","26":"product_tag-free-es","27":"product_tag-impresion","28":"product_tag-lt-140-es","29":"product_tag-lt-140-18-es","30":"product_tag-pasta-de-soldadura-es","31":"product_tag-pasta-de-soldadura-sin-plomo","32":"product_tag-polvo-tipo-3","33":"product_tag-polvo-tipo-4","34":"product_tag-sin-plomo","35":"product_tag-smt-es","36":"product_tag-soldadura-smt-es","37":"product_tag-soldadura-tht-es","38":"product_tag-t3","39":"product_tag-t4-es","40":"product_tag-temperatura-baja","41":"product_tag-tht-es","42":"product_tag-tipo-3","43":"product_tag-tipo-4","44":"pa_application-soldadura-smt-tht","45":"pa_brand-ecorel-es-2","46":"pa_features-aleacion-baja-temperatura","47":"pa_features-aleacion-sin-plomo","48":"pa_features-low-voiding","49":"pa_features-polvo-tipo-3-4","50":"pa_processes-impresion","51":"pa_product-category-pastas-de-soldadura","53":"first","54":"instock","55":"shipping-taxable","56":"product-type-simple"},"acf":[],"_links":{"self":[{"href":"https:\/\/www.inventec.dehon.com\/es\/wp-json\/wp\/v2\/product\/10120","targetHints":{"allow":["GET"]}}],"collection":[{"href":"https:\/\/www.inventec.dehon.com\/es\/wp-json\/wp\/v2\/product"}],"about":[{"href":"https:\/\/www.inventec.dehon.com\/es\/wp-json\/wp\/v2\/types\/product"}],"replies":[{"embeddable":true,"href":"https:\/\/www.inventec.dehon.com\/es\/wp-json\/wp\/v2\/comments?post=10120"}],"wp:featuredmedia":[{"embeddable":true,"href":"https:\/\/www.inventec.dehon.com\/es\/wp-json\/wp\/v2\/media\/2228"}],"wp:attachment":[{"href":"https:\/\/www.inventec.dehon.com\/es\/wp-json\/wp\/v2\/media?parent=10120"}],"wp:term":[{"taxonomy":"product_brand","embeddable":true,"href":"https:\/\/www.inventec.dehon.com\/es\/wp-json\/wp\/v2\/product_brand?post=10120"},{"taxonomy":"product_cat","embeddable":true,"href":"https:\/\/www.inventec.dehon.com\/es\/wp-json\/wp\/v2\/product_cat?post=10120"},{"taxonomy":"product_tag","embeddable":true,"href":"https:\/\/www.inventec.dehon.com\/es\/wp-json\/wp\/v2\/product_tag?post=10120"}],"curies":[{"name":"wp","href":"https:\/\/api.w.org\/{rel}","templated":true}]}}