{"id":10113,"date":"2021-03-01T09:29:59","date_gmt":"2021-03-01T09:29:59","guid":{"rendered":"https:\/\/www.inventec.dehon.com\/product\/promoclean-disper-10\/"},"modified":"2026-01-27T11:45:05","modified_gmt":"2026-01-27T10:45:05","slug":"promoclean-disper-10","status":"publish","type":"product","link":"https:\/\/www.inventec.dehon.com\/es\/product\/promoclean-disper-10\/","title":{"rendered":"PROMOCLEAN DISPER 10"},"content":{"rendered":"<p><img decoding=\"async\" src=\"https:\/\/www.inventec.dehon.com\/wp-content\/uploads\/2021\/04\/PROMOCLEAN-canister-blue.png\" alt=\"PROMOCLEAN DISPER 10\" class=\"responsive-img\" align=\"right\" style=\"border-radius:10px; margin-bottom:10px; margin-top:-10px; margin-left:15px; width:300px\" \/><\/p>\n<h2 style=\"color:#9bc947; margin-bottom:15px\">Eliminaci\u00f3n de todos los aceites de diversos metales<\/h2>\n<ul>\n<li>Detergente con protecci\u00f3n temporal para eliminar aceites en piezas met\u00e1licas<\/li>\n<li>Procesos de pulverizaci\u00f3n, lavado y chorros sumergidos<\/li>\n<li>Compatible con una amplia gama de metales<\/li>\n<\/ul>\n<h5>PROMOCLEAN DISPER 10<\/h5>\n<p>Est\u00e1 especialmente dise\u00f1ado para la eliminaci\u00f3n de todo tipo de aceites. Gracias a sus excelentes propiedades antiespumantes, est\u00e1 dedicado a los procesos de pulverizaci\u00f3n acuosa, de lavado o de chorros sumergidos. Su baja alcalinidad lo hace compatible con la mayor\u00eda de los metales utilizados en la industria mec\u00e1nica. Se trata de un producto concentrado que se utiliza diluido en agua del grifo o destilada. Adem\u00e1s, <strong>PROMOCLEAN DISPER 10<\/strong> proporciona una protecci\u00f3n temporal gracias a sus propiedades de pasivaci\u00f3n. Esto hace que el producto sea especialmente adecuado para la limpieza entre operaciones, dejando las piezas protegidas durante unos d\u00edas antes del siguiente paso operativo.<\/p>\n<p><strong>PROMOCLEAN DISPER 10<\/strong> est\u00e1 calificado y es utilizado por varios actores de la industria aeroespacial (por ejemplo, SAFRAN IN 1500B \/ SNECMA DMP 13300 \/ SNECMA DMR 70213)<\/p>\n<div style=\"font-family:Lato; color:#333;\">\n<div style=\"font-weight:bold; text-transform:uppercase; border-bottom:2px solid #9DBB2F; padding-bottom:6px; margin-bottom:10px;\">\n    ESPECIFICACIONES\n  <\/div>\n<table width=\"100%\" cellpadding=\"0\" cellspacing=\"0\" style=\"border-collapse:collapse; width:100%; max-width:100%;\">\n<tr>\n<th align=\"left\" style=\"background:#7A7A7A; color:#fff; padding:8px 12px; border:1px solid #BDBDBD;\">\n        ESPECIFICACIONES\n      <\/th>\n<th align=\"left\" style=\"background:#7A7A7A; color:#fff; padding:8px 12px; border:1px solid #BDBDBD;\">\n        VALOR\n      <\/th>\n<th align=\"left\" style=\"background:#7A7A7A; color:#fff; padding:8px 12px; border:1px solid #BDBDBD;\">\n        M\u00c9TODO\n      <\/th>\n<\/tr>\n<tr>\n<td style=\"padding:8px 12px; border:1px solid #BDBDBD;\">Aspecto<\/td>\n<td style=\"padding:8px 12px; border:1px solid #BDBDBD;\">Amarillo<\/td>\n<td style=\"padding:8px 12px; border:1px solid #BDBDBD;\">Visual<\/td>\n<\/tr>\n<tr style=\"background:#E6E6E6;\">\n<td style=\"padding:8px 12px; border:1px solid #BDBDBD;\">Densidad a 20\u00b0C (g\/ml)<\/td>\n<td style=\"padding:8px 12px; border:1px solid #BDBDBD;\">1,09 +\/- 0,02<\/td>\n<td style=\"padding:8px 12px; border:1px solid #BDBDBD;\">BRY-MO-028<\/td>\n<\/tr>\n<tr>\n<td style=\"padding:8px 12px; border:1px solid #BDBDBD;\">pH producto puro<\/td>\n<td style=\"padding:8px 12px; border:1px solid #BDBDBD;\">9,8 +\/- 0,5<\/td>\n<td style=\"padding:8px 12px; border:1px solid #BDBDBD;\">BRY-MO-011<\/td>\n<\/tr>\n<tr style=\"background:#E6E6E6;\">\n<td style=\"padding:8px 12px; border:1px solid #BDBDBD;\">pH al 1%<\/td>\n<td style=\"padding:8px 12px; border:1px solid #BDBDBD;\">9,0 +\/- 0,5<\/td>\n<td style=\"padding:8px 12px; border:1px solid #BDBDBD;\">BRY-MO-011<\/td>\n<\/tr>\n<\/table>\n<\/div>\n<div style=\"font-family:Lato; color:#333;\">\n<div style=\"font-weight:bold; text-transform:uppercase; border-bottom:2px solid #9DBB2F; padding-bottom:6px; margin:30px 0 10px;\">\n    CARACTERISTICAS\n  <\/div>\n<table width=\"100%\" cellpadding=\"0\" cellspacing=\"0\" style=\"border-collapse:collapse; width:100%; max-width:100%;\">\n<tr>\n<th align=\"left\" style=\"background:#7A7A7A; color:#fff; padding:8px 12px; border:1px solid #BDBDBD;\">\n        CARACTERISTICAS\n      <\/th>\n<th align=\"left\" style=\"background:#7A7A7A; color:#fff; padding:8px 12px; border:1px solid #BDBDBD;\">\n        VALOR\n      <\/th>\n<\/tr>\n<tr>\n<td style=\"padding:8px 12px; border:1px solid #BDBDBD;\">\u00cdndice de refracci\u00f3n a 20\u00baC<\/td>\n<td style=\"padding:8px 12px; border:1px solid #BDBDBD;\">1,40<\/td>\n<\/tr>\n<tr style=\"background:#E6E6E6;\">\n<td style=\"padding:8px 12px; border:1px solid #BDBDBD;\">Solubilidad en agua<\/td>\n<td style=\"padding:8px 12px; border:1px solid #BDBDBD;\">Totalmente soluble<\/td>\n<\/tr>\n<\/table>\n<\/div>\n","protected":false},"excerpt":{"rendered":"<ul>\n<li>Detergente con protecci\u00f3n temporal para eliminar aceites en piezas met\u00e1licas<\/li>\n<li>Procesos de pulverizaci\u00f3n, lavado y chorros sumergidos<\/li>\n<li>Compatible con una amplia gama de metales<\/li>\n<\/ul>\n","protected":false},"featured_media":2433,"comment_status":"closed","ping_status":"closed","template":"","meta":{"_acf_changed":false,"inline_featured_image":false},"product_brand":[],"product_cat":[2901,617],"product_tag":[4824,4800,2028,2029,4395,4796,4239,4327,4259,4788,4255,2011,2027,4455,4267],"class_list":{"0":"post-10113","1":"product","2":"type-product","3":"status-publish","4":"has-post-thumbnail","6":"industries-chasis-conduccion-y-direccion","7":"industries-motores","8":"industries-sistemas-de-aterrizaje","9":"industries-tren-motriz","10":"product_cat-eliminacion-de-aceite-en-diversos-componentes-metalicos","11":"product_cat-soluciones-de-fabricacion-aditiva","12":"product_tag-a-base-de-agua","13":"product_tag-chorro-de-inmersion","14":"product_tag-disper-es","15":"product_tag-disper-10-es","16":"product_tag-eliminacion-de-aceite-es","17":"product_tag-enjuague","18":"product_tag-fabricacion-aditiva-3","19":"product_tag-greenway","20":"product_tag-inmersion-acuosa","21":"product_tag-inmersion-acuosa-por-chorro","22":"product_tag-liquidos-de-limpieza-acuosos","23":"product_tag-promoclean-es","24":"product_tag-promoclean-disper-10-es","25":"product_tag-spray","26":"product_tag-spray-acuoso","27":"pa_application-eliminacion-de-aceites","28":"pa_application-soluciones-para-fabricacion-aditiva","29":"pa_brand-promoclean-es","30":"pa_features-adecuado-para-base-acuosa","31":"pa_features-greenway","32":"pa_processes-chorro-por-inmersion-acuosa","33":"pa_processes-enjuagando","34":"pa_processes-spray-a-base-de-agua","35":"pa_product-category-fluidos-de-limpieza-acuosos","37":"first","38":"instock","39":"shipping-taxable","40":"product-type-simple"},"acf":[],"_links":{"self":[{"href":"https:\/\/www.inventec.dehon.com\/es\/wp-json\/wp\/v2\/product\/10113","targetHints":{"allow":["GET"]}}],"collection":[{"href":"https:\/\/www.inventec.dehon.com\/es\/wp-json\/wp\/v2\/product"}],"about":[{"href":"https:\/\/www.inventec.dehon.com\/es\/wp-json\/wp\/v2\/types\/product"}],"replies":[{"embeddable":true,"href":"https:\/\/www.inventec.dehon.com\/es\/wp-json\/wp\/v2\/comments?post=10113"}],"wp:featuredmedia":[{"embeddable":true,"href":"https:\/\/www.inventec.dehon.com\/es\/wp-json\/wp\/v2\/media\/2433"}],"wp:attachment":[{"href":"https:\/\/www.inventec.dehon.com\/es\/wp-json\/wp\/v2\/media?parent=10113"}],"wp:term":[{"taxonomy":"product_brand","embeddable":true,"href":"https:\/\/www.inventec.dehon.com\/es\/wp-json\/wp\/v2\/product_brand?post=10113"},{"taxonomy":"product_cat","embeddable":true,"href":"https:\/\/www.inventec.dehon.com\/es\/wp-json\/wp\/v2\/product_cat?post=10113"},{"taxonomy":"product_tag","embeddable":true,"href":"https:\/\/www.inventec.dehon.com\/es\/wp-json\/wp\/v2\/product_tag?post=10113"}],"curies":[{"name":"wp","href":"https:\/\/api.w.org\/{rel}","templated":true}]}}