{"id":10107,"date":"2021-04-26T09:16:10","date_gmt":"2021-04-26T09:16:10","guid":{"rendered":"https:\/\/www.inventec.dehon.com\/product\/abchimie-42k-uv-led\/"},"modified":"2026-03-04T09:45:52","modified_gmt":"2026-03-04T08:45:52","slug":"abchimie-42k-uv-led","status":"publish","type":"product","link":"https:\/\/www.inventec.dehon.com\/es\/product\/abchimie-42k-uv-led\/","title":{"rendered":"ABCHIMIE 42K-UV LED"},"content":{"rendered":"<p><img decoding=\"async\" src=\"https:\/\/www.inventec.dehon.com\/wp-content\/uploads\/2021\/03\/AB-CHIMIE-coat-drum-1-600x600.jpg\" alt=\"ABCHIMIE 42K-UV LED\" class=\"responsive-img\" align=\"right\" style=\"border-radius:10px; margin-bottom:10px; margin-top:-10px; margin-left:15px; width:300px\" \/><\/p>\n<h2 style=\"color: #9bc947; margin-bottom: 15px;\">Protecci\u00f3n contra la humedad y alta presi\u00f3n el\u00e9ctrica<\/h2>\n<ul>\n<li>Resina blanda LED UV<\/li>\n<li>Alta viscosidad<\/li>\n<\/ul>\n<h5>ABchimie 42K-UV LED<\/h5>\n<p>Es una resina blanda de un componente, curable por UV, que tiene una buena adherencia en muchos sustratos. Puede aplicarse en dep\u00f3sitos de alto espesor (pocos mm). Su curado es inmediato con radiaciones LED UV.<\/p>\n<p><strong>ABchimie 42K-UV LED<\/strong> proporciona protecci\u00f3n local para sus componentes, especialmente contra la humedad y la alta presi\u00f3n el\u00e9ctrica. Tambi\u00e9n puede aplicarse para aportar solidez a sus sistemas. Aprobado <strong>UL94 V0<\/strong> (QMJU2-E308681)<\/p>\n<p><a href=\"https:\/\/abchimie.com\/\" target=\"_blank\" rel=\"noopener\"><img decoding=\"async\" class=\"alignnone responsive-img wp-image-2452\" src=\"https:\/\/inventec.dehon.com\/wp-content\/uploads\/2021\/04\/Logo-ABCHIMIE-GR.png\" rel=\"inv-colorbox\" title=\"ABCHIMIE 42K-UV LED\" alt=\"ABchimie 42K-UV LED\" width=\"150\" height=\"89\" srcset=\"https:\/\/www.inventec.dehon.com\/wp-content\/uploads\/2021\/04\/Logo-ABCHIMIE-GR.png 6545w, https:\/\/www.inventec.dehon.com\/wp-content\/uploads\/2021\/04\/Logo-ABCHIMIE-GR-300x178.png 300w, https:\/\/www.inventec.dehon.com\/wp-content\/uploads\/2021\/04\/Logo-ABCHIMIE-GR-1024x607.png 1024w, https:\/\/www.inventec.dehon.com\/wp-content\/uploads\/2021\/04\/Logo-ABCHIMIE-GR-768x455.png 768w, https:\/\/www.inventec.dehon.com\/wp-content\/uploads\/2021\/04\/Logo-ABCHIMIE-GR-1536x911.png 1536w, https:\/\/www.inventec.dehon.com\/wp-content\/uploads\/2021\/04\/Logo-ABCHIMIE-GR-2048x1214.png 2048w, https:\/\/www.inventec.dehon.com\/wp-content\/uploads\/2021\/04\/Logo-ABCHIMIE-GR-600x356.png 600w\" sizes=\"(max-width: 150px) 100vw, 150px\" \/><\/a><\/p>\n","protected":false},"excerpt":{"rendered":"<ul>\n<li>Resina blanda LED UV<\/li>\n<li>Alta viscosidad<\/li>\n<\/ul>\n","protected":false},"featured_media":24441,"comment_status":"closed","ping_status":"closed","template":"","meta":{"_acf_changed":false,"inline_featured_image":false},"product_brand":[],"product_cat":[2907,810,2909],"product_tag":[1847,1846,1862,1784,1860,5391,4636,4644,4652,4648,1861,5319,3749,4279,5485,5509,4672,5461,5489,5513,4435,4455,1798,1786],"class_list":{"0":"post-10107","1":"product","2":"type-product","3":"status-publish","4":"has-post-thumbnail","6":"product_cat-asociacion-entre-abchimie-e-inventec","7":"product_cat-proteccion","8":"product_cat-soluciones-de-recubrimientos-conformados-curados-por-uv","9":"product_tag-42k-es","10":"product_tag-42k-uv-es","11":"product_tag-42k-uv-led-es","12":"product_tag-abchimie-es","13":"product_tag-abchimie-42k-uv-led-es","14":"product_tag-alta-viscosidad","15":"product_tag-aplicar-con-pincel","16":"product_tag-aplicar-por-pulverizacion-selectiva","17":"product_tag-componentes-electronicos","18":"product_tag-curado","19":"product_tag-led-es","20":"product_tag-libre-de-cov-es","21":"product_tag-pcb-es","22":"product_tag-proteccion-es","23":"product_tag-radiacion","24":"product_tag-radiacion-uv-led","25":"product_tag-rastreador-uv","26":"product_tag-recubrimientos-de-proteccion","27":"product_tag-resina-blanda","28":"product_tag-resina-blanda-uv-led","29":"product_tag-rohs","30":"product_tag-spray","31":"product_tag-uv-es","32":"product_tag-uv-led-es","33":"pa_application-pcb-y-componentes-electronicos","34":"pa_brand-abchimie-es-2","35":"pa_features-libre-de-cov","36":"pa_features-rastreador-uv","37":"pa_processes-aplicacion-con-brocha","38":"pa_processes-aplicacion-por-pulverizacion-selectiva","39":"pa_processes-curado-con-led-uv","40":"pa_product-category-recubrimiento-conforme","42":"first","43":"instock","44":"shipping-taxable","45":"product-type-simple"},"acf":[],"_links":{"self":[{"href":"https:\/\/www.inventec.dehon.com\/es\/wp-json\/wp\/v2\/product\/10107","targetHints":{"allow":["GET"]}}],"collection":[{"href":"https:\/\/www.inventec.dehon.com\/es\/wp-json\/wp\/v2\/product"}],"about":[{"href":"https:\/\/www.inventec.dehon.com\/es\/wp-json\/wp\/v2\/types\/product"}],"replies":[{"embeddable":true,"href":"https:\/\/www.inventec.dehon.com\/es\/wp-json\/wp\/v2\/comments?post=10107"}],"wp:featuredmedia":[{"embeddable":true,"href":"https:\/\/www.inventec.dehon.com\/es\/wp-json\/wp\/v2\/media\/24441"}],"wp:attachment":[{"href":"https:\/\/www.inventec.dehon.com\/es\/wp-json\/wp\/v2\/media?parent=10107"}],"wp:term":[{"taxonomy":"product_brand","embeddable":true,"href":"https:\/\/www.inventec.dehon.com\/es\/wp-json\/wp\/v2\/product_brand?post=10107"},{"taxonomy":"product_cat","embeddable":true,"href":"https:\/\/www.inventec.dehon.com\/es\/wp-json\/wp\/v2\/product_cat?post=10107"},{"taxonomy":"product_tag","embeddable":true,"href":"https:\/\/www.inventec.dehon.com\/es\/wp-json\/wp\/v2\/product_tag?post=10107"}],"curies":[{"name":"wp","href":"https:\/\/api.w.org\/{rel}","templated":true}]}}