{"id":10091,"date":"2021-04-12T09:19:17","date_gmt":"2021-04-12T09:19:17","guid":{"rendered":"https:\/\/www.inventec.dehon.com\/product\/promoclean-tp-188\/"},"modified":"2026-01-27T14:25:41","modified_gmt":"2026-01-27T13:25:41","slug":"promoclean-tp-188","status":"publish","type":"product","link":"https:\/\/www.inventec.dehon.com\/es\/product\/promoclean-tp-188\/","title":{"rendered":"PROMOCLEAN TP 188"},"content":{"rendered":"<p><img decoding=\"async\" src=\"https:\/\/www.inventec.dehon.com\/wp-content\/uploads\/2021\/04\/PROMOCLEAN-canister-blue.png\" alt=\"PROMOCLEAN TP 188\" class=\"responsive-img\" align=\"right\" style=\"border-radius:10px; margin-bottom:10px; margin-top:-10px; margin-left:15px; width:300px\" \/><\/p>\n<h2 style=\"color:#9bc947; margin-bottom:15px\">Dise\u00f1ado para eliminar barnices, resinas, pinturas, colas, tintas y lacas<\/h2>\n<ul>\n<li>Eliminaci\u00f3n de sustancias curadas o polimerizadas<\/li>\n<li>Proceso de inmersi\u00f3n acuosa, lavado y co-solvente<\/li>\n<li>Sustituci\u00f3n respetuosa con el medio ambiente del NMP y los disolventes clorados<\/li>\n<\/ul>\n<h5>PROMOCLEAN TP 188<\/h5>\n<p>Est\u00e1 especialmente dise\u00f1ado para eliminar sustancias curadas o polimerizadas dif\u00edciles de eliminar como barnices, resinas, pinturas, colas, tintas y lacas. Gracias a su alta solubilidad tanto en disolventes org\u00e1nicos como en agua, <strong>PROMOCLEAN TP 188<\/strong> puede utilizarse en procesos acuosos de inmersi\u00f3n y lavado pero tambi\u00e9n en un proceso de co-solventes separados. Al no tener pH, el medio de limpieza no da\u00f1a los metales o aleaciones sensibles y es seguro de usar. Es un producto que suele utilizarse puro, pero que tambi\u00e9n puede diluirse con agua destilada para determinadas aplicaciones (por ejemplo, para eliminar la tinta).<\/p>\n<p>En cuanto a la sostenibilidad, <strong>PROMOCLEAN TP 188<\/strong> no contiene CMR, disolventes arom\u00e1ticos ni compuestos clorados como n-metil pirrolidona, benceno o cloruro de metileno.<\/p>\n<div style=\"font-family:Lato; color:#333;\">\n<div style=\"font-weight:bold; text-transform:uppercase; border-bottom:2px solid #9DBB2F; padding-bottom:6px; margin-bottom:10px;\">\n    ESPECIFICACIONES\n  <\/div>\n<table width=\"100%\" cellpadding=\"0\" cellspacing=\"0\" style=\"border-collapse:collapse; width:100%; max-width:100%;\">\n<tr>\n<th align=\"left\" style=\"background:#7A7A7A; color:#fff; padding:8px 12px; border:1px solid #BDBDBD;\">\n        ESPECIFICACIONES\n      <\/th>\n<th align=\"left\" style=\"background:#7A7A7A; color:#fff; padding:8px 12px; border:1px solid #BDBDBD;\">\n        VALOR\n      <\/th>\n<th align=\"left\" style=\"background:#7A7A7A; color:#fff; padding:8px 12px; border:1px solid #BDBDBD;\">\n        METODO\n      <\/th>\n<\/tr>\n<tr>\n<td style=\"padding:8px 12px; border:1px solid #BDBDBD;\">Aspecto<\/td>\n<td style=\"padding:8px 12px; border:1px solid #BDBDBD;\">Amarillo<\/td>\n<td style=\"padding:8px 12px; border:1px solid #BDBDBD;\">Visual<\/td>\n<\/tr>\n<tr style=\"background:#E6E6E6;\">\n<td style=\"padding:8px 12px; border:1px solid #BDBDBD;\">Densidad a 20\u00b0C (g\/ml)<\/td>\n<td style=\"padding:8px 12px; border:1px solid #BDBDBD;\">1,040 \u00b1 0,010<\/td>\n<td style=\"padding:8px 12px; border:1px solid #BDBDBD;\">BRY-MO-028<\/td>\n<\/tr>\n<tr>\n<td style=\"padding:8px 12px; border:1px solid #BDBDBD;\">Contenido de agua (% peso)<\/td>\n<td style=\"padding:8px 12px; border:1px solid #BDBDBD;\">&lt;0,3<\/td>\n<td style=\"padding:8px 12px; border:1px solid #BDBDBD;\">BRY-MO-044<\/td>\n<\/tr>\n<\/table>\n<\/div>\n<div style=\"font-family:Lato; color:#333;\">\n<div style=\"font-weight:bold; text-transform:uppercase; border-bottom:2px solid #9DBB2F; padding-bottom:6px; margin:30px 0 10px;\">\n    CARACTERISTICAS\n  <\/div>\n<table width=\"100%\" cellpadding=\"0\" cellspacing=\"0\" style=\"border-collapse:collapse; width:100%; max-width:100%;\">\n<tr>\n<th align=\"left\" style=\"background:#7A7A7A; color:#fff; padding:8px 12px; border:1px solid #BDBDBD;\">\n        CARACTERISTICAS\n      <\/th>\n<th align=\"left\" style=\"background:#7A7A7A; color:#fff; padding:8px 12px; border:1px solid #BDBDBD;\">\n        VALOR\n      <\/th>\n<\/tr>\n<tr>\n<td style=\"padding:8px 12px; border:1px solid #BDBDBD;\">Solubilidad en el agua<\/td>\n<td style=\"padding:8px 12px; border:1px solid #BDBDBD;\">Total<\/td>\n<\/tr>\n<tr style=\"background:#E6E6E6;\">\n<td style=\"padding:8px 12px; border:1px solid #BDBDBD;\">Solubilidad en el alcohol<\/td>\n<td style=\"padding:8px 12px; border:1px solid #BDBDBD;\">Total<\/td>\n<\/tr>\n<tr>\n<td style=\"padding:8px 12px; border:1px solid #BDBDBD;\">Punto de inflamaci\u00f3n (\u00b0C \/ \u00b0F)<\/td>\n<td style=\"padding:8px 12px; border:1px solid #BDBDBD;\">+84\u00b0C \/ +183\u00b0F<\/td>\n<\/tr>\n<\/table>\n<\/div>\n","protected":false},"excerpt":{"rendered":"<ul>\n<li>Eliminaci\u00f3n de sustancias curadas o polimerizadas<\/li>\n<li>Proceso de inmersi\u00f3n acuosa, lavado y co-solvente<\/li>\n<li>Sustituci\u00f3n respetuosa con el medio ambiente del NMP y los disolventes clorados<\/li>\n<\/ul>\n","protected":false},"featured_media":2433,"comment_status":"closed","ping_status":"closed","template":"","meta":{"_acf_changed":false,"inline_featured_image":false},"product_brand":[],"product_cat":[698,2905,2904,617],"product_tag":[2144,4283,4749,4753,4796,4239,4327,4259,4263,4255,4423,2142,4431,2068,2143,4471],"class_list":{"0":"post-10091","1":"product","2":"type-product","3":"status-publish","4":"has-post-thumbnail","6":"industries-aeroespacial-y-defensa","7":"industries-automocion","8":"industries-medica","9":"product_cat-decapado-y-desoxidacion","10":"product_cat-eliminacion-de-polimeros-y-resinas","11":"product_cat-proceso-de-eliminacion-de-pasta-de-pulido","12":"product_cat-soluciones-de-fabricacion-aditiva","13":"product_tag-188-es","14":"product_tag-co-disolvente","15":"product_tag-eliminacion-de-polimeros-es","16":"product_tag-eliminacion-de-resinas-2","17":"product_tag-enjuague","18":"product_tag-fabricacion-aditiva-3","19":"product_tag-greenway","20":"product_tag-inmersion-acuosa","21":"product_tag-inmersion-acuosa-ultrasonica","22":"product_tag-liquidos-de-limpieza-acuosos","23":"product_tag-polimero","24":"product_tag-promoclean-tp-188-es","25":"product_tag-resinas-es","26":"product_tag-tp-es","27":"product_tag-tp-188-es","28":"product_tag-ultrasonido","29":"pa_application-eliminacion-de-polimeros-y-resinas","30":"pa_application-soluciones-para-fabricacion-aditiva","31":"pa_brand-promoclean-es","32":"pa_features-greenway","33":"pa_processes-co-solvente","34":"pa_processes-enjuagando","35":"pa_processes-inmersion-ultrasonica-acuosa","36":"pa_product-category-fluidos-de-limpieza-acuosos","38":"first","39":"instock","40":"shipping-taxable","41":"product-type-simple"},"acf":[],"_links":{"self":[{"href":"https:\/\/www.inventec.dehon.com\/es\/wp-json\/wp\/v2\/product\/10091","targetHints":{"allow":["GET"]}}],"collection":[{"href":"https:\/\/www.inventec.dehon.com\/es\/wp-json\/wp\/v2\/product"}],"about":[{"href":"https:\/\/www.inventec.dehon.com\/es\/wp-json\/wp\/v2\/types\/product"}],"replies":[{"embeddable":true,"href":"https:\/\/www.inventec.dehon.com\/es\/wp-json\/wp\/v2\/comments?post=10091"}],"wp:featuredmedia":[{"embeddable":true,"href":"https:\/\/www.inventec.dehon.com\/es\/wp-json\/wp\/v2\/media\/2433"}],"wp:attachment":[{"href":"https:\/\/www.inventec.dehon.com\/es\/wp-json\/wp\/v2\/media?parent=10091"}],"wp:term":[{"taxonomy":"product_brand","embeddable":true,"href":"https:\/\/www.inventec.dehon.com\/es\/wp-json\/wp\/v2\/product_brand?post=10091"},{"taxonomy":"product_cat","embeddable":true,"href":"https:\/\/www.inventec.dehon.com\/es\/wp-json\/wp\/v2\/product_cat?post=10091"},{"taxonomy":"product_tag","embeddable":true,"href":"https:\/\/www.inventec.dehon.com\/es\/wp-json\/wp\/v2\/product_tag?post=10091"}],"curies":[{"name":"wp","href":"https:\/\/api.w.org\/{rel}","templated":true}]}}