{"id":10089,"date":"2021-01-11T16:08:59","date_gmt":"2021-01-11T16:08:59","guid":{"rendered":"https:\/\/www.inventec.dehon.com\/product\/promoclean-tp-1113\/"},"modified":"2026-03-16T14:33:10","modified_gmt":"2026-03-16T13:33:10","slug":"promoclean-tp-1113","status":"publish","type":"product","link":"https:\/\/www.inventec.dehon.com\/es\/product\/promoclean-tp-1113\/","title":{"rendered":"PROMOCLEAN TP 1113"},"content":{"rendered":"<p><img decoding=\"async\" src=\"https:\/\/www.inventec.dehon.com\/wp-content\/uploads\/2021\/04\/PROMOCLEAN-canister-blue.png\" alt=\"PROMOCLEAN TP 1113\" class=\"responsive-img\" align=\"right\" style=\"border-radius:10px; margin-bottom:10px; margin-top:-10px; margin-left:15px; width:300px\" \/><\/p>\n<h2 style=\"color:#9bc947; margin-bottom:15px\">Limpiador m\u00e1s seguro para titanio<\/h2>\n<ul>\n<li>Eliminaci\u00f3n de aceite y grasa<\/li>\n<li>Proceso de inmersi\u00f3n acuosa con ultrasonidos<\/li>\n<li>Excelente para la limpieza de titanio y aluminio<\/li>\n<\/ul>\n<h5>PROMOCLEAN TP 1113<\/h5>\n<p>Est\u00e1 especialmente dise\u00f1ado para la eliminaci\u00f3n de aceites y grasas a base de hidrocarburos o agua en un proceso de inmersi\u00f3n acuosa. A pesar de tener un pH elevado para permitir una limpieza eficaz, no da\u00f1a los metales o aleaciones sensibles, como el titanio, el aluminio, el cobre o el lat\u00f3n. Es un producto concentrado que se utiliza diluido en agua destilada.<\/p>\n<div style=\"font-family:Lato; color:#333;\">\n<div style=\"font-weight:bold; text-transform:uppercase; border-bottom:2px solid #9DBB2F; padding-bottom:6px; margin-bottom:10px;\">\n    ESPECIFICACIONES\n  <\/div>\n<table width=\"100%\" cellpadding=\"0\" cellspacing=\"0\" style=\"border-collapse:collapse; width:100%; max-width:100%;\">\n<tr>\n<th align=\"left\" style=\"background:#7A7A7A; color:#fff; padding:8px 12px; border:1px solid #BDBDBD;\">\n        ESPECIFICACIONES\n      <\/th>\n<th align=\"left\" style=\"background:#7A7A7A; color:#fff; padding:8px 12px; border:1px solid #BDBDBD;\">\n        VALORES\n      <\/th>\n<th align=\"left\" style=\"background:#7A7A7A; color:#fff; padding:8px 12px; border:1px solid #BDBDBD;\">\n        M\u00c9TODOS\n      <\/th>\n<\/tr>\n<tr>\n<td style=\"padding:8px 12px; border:1px solid #BDBDBD;\">Aspecto<\/td>\n<td style=\"padding:8px 12px; border:1px solid #BDBDBD;\">Amarillo<\/td>\n<td style=\"padding:8px 12px; border:1px solid #BDBDBD;\">Visual<\/td>\n<\/tr>\n<tr style=\"background:#E6E6E6;\">\n<td style=\"padding:8px 12px; border:1px solid #BDBDBD;\">Densidad a 20 \u00b0C (g\/ml)<\/td>\n<td style=\"padding:8px 12px; border:1px solid #BDBDBD;\">1,07 +\/- 0,01<\/td>\n<td style=\"padding:8px 12px; border:1px solid #BDBDBD;\">BRY-MO-028<\/td>\n<\/tr>\n<tr>\n<td style=\"padding:8px 12px; border:1px solid #BDBDBD;\">pH del producto puro<\/td>\n<td style=\"padding:8px 12px; border:1px solid #BDBDBD;\">12,0 +\/- 0,5<\/td>\n<td style=\"padding:8px 12px; border:1px solid #BDBDBD;\">BRY-MO-011<\/td>\n<\/tr>\n<tr style=\"background:#E6E6E6;\">\n<td style=\"padding:8px 12px; border:1px solid #BDBDBD;\">pH al 1 %<\/td>\n<td style=\"padding:8px 12px; border:1px solid #BDBDBD;\">10,5 +\/- 0,5<\/td>\n<td style=\"padding:8px 12px; border:1px solid #BDBDBD;\">BRY-MO-011<\/td>\n<\/tr>\n<\/table>\n<\/div>\n<div style=\"font-family:Lato; color:#333;\">\n<div style=\"font-weight:bold; text-transform:uppercase; border-bottom:2px solid #9DBB2F; padding-bottom:6px; margin:30px 0 10px;\">\n    CARACTER\u00cdSTICAS\n  <\/div>\n<table width=\"100%\" cellpadding=\"0\" cellspacing=\"0\" style=\"border-collapse:collapse; width:100%; max-width:100%;\">\n<tr>\n<th align=\"left\" style=\"background:#7A7A7A; color:#fff; padding:8px 12px; border:1px solid #BDBDBD;\">\n        CARACTER\u00cdSTICAS\n      <\/th>\n<th align=\"left\" style=\"background:#7A7A7A; color:#fff; padding:8px 12px; border:1px solid #BDBDBD;\">\n        VALORES\n      <\/th>\n<\/tr>\n<tr>\n<td style=\"padding:8px 12px; border:1px solid #BDBDBD;\">Solubilidad en agua<\/td>\n<td style=\"padding:8px 12px; border:1px solid #BDBDBD;\">Totalmente soluble<\/td>\n<\/tr>\n<tr style=\"background:#E6E6E6;\">\n<td style=\"padding:8px 12px; border:1px solid #BDBDBD;\">Tensi\u00f3n superficial al 1 %<\/td>\n<td style=\"padding:8px 12px; border:1px solid #BDBDBD;\">34 dinas \/ cm\u00b2<\/td>\n<\/tr>\n<\/table>\n<\/div>\n","protected":false},"excerpt":{"rendered":"<ul>\n<li>Eliminaci\u00f3n de aceite y grasa<\/li>\n<li>Proceso de inmersi\u00f3n acuosa con ultrasonidos<\/li>\n<li>Excelente para la limpieza de titanio y aluminio<\/li>\n<\/ul>\n<p><a href=\"https:\/\/www.inventec.dehon.com\/wp-content\/uploads\/2021\/04\/GW-Score-33.png\"><img decoding=\"async\" class=\"alignnone wp-image-15033\" src=\"https:\/\/www.inventec.dehon.com\/wp-content\/uploads\/2021\/04\/GW-Score-33.png\" alt=\"Promoclean TP 1113\" width=\"40\" height=\"34\" \/><\/a><\/p>\n","protected":false},"featured_media":2433,"comment_status":"closed","ping_status":"closed","template":"","meta":{"_acf_changed":false,"inline_featured_image":false},"product_brand":[],"product_cat":[2902,2901,616,617],"product_tag":[2013,4824,5415,4395,4323,4239,4327,4259,4263,4255,2011,2010,2068,2012,4471],"class_list":{"0":"post-10089","1":"product","2":"type-product","3":"status-publish","4":"has-post-thumbnail","6":"industries-aeroespacial-y-defensa","7":"industries-automocion","8":"industries-chasis-conduccion-y-direccion","9":"industries-implantes","10":"industries-medica","11":"industries-motores","12":"industries-sistemas-de-aterrizaje","13":"industries-tren-motriz","14":"product_cat-desengrase-de-diversos-componentes-metalicos","15":"product_cat-eliminacion-de-aceite-en-diversos-componentes-metalicos","16":"product_cat-limpieza","17":"product_cat-soluciones-de-fabricacion-aditiva","18":"product_tag-1113-es","19":"product_tag-a-base-de-agua","20":"product_tag-desengrasado","21":"product_tag-eliminacion-de-aceite-es","22":"product_tag-eliminacion-de-grasa-es","23":"product_tag-fabricacion-aditiva-3","24":"product_tag-greenway","25":"product_tag-inmersion-acuosa","26":"product_tag-inmersion-acuosa-ultrasonica","27":"product_tag-liquidos-de-limpieza-acuosos","28":"product_tag-promoclean-es","29":"product_tag-promoclean-tp-1113-es","30":"product_tag-tp-es","31":"product_tag-tp-1113-es","32":"product_tag-ultrasonido","33":"pa_application-eliminacion-de-aceites","34":"pa_application-eliminacion-de-grasas","35":"pa_application-soluciones-para-fabricacion-aditiva","36":"pa_brand-promoclean-es","37":"pa_features-adecuado-para-base-acuosa","38":"pa_features-greenway","39":"pa_processes-inmersion-ultrasonica-acuosa","40":"pa_product-category-fluidos-de-limpieza-acuosos","42":"first","43":"instock","44":"shipping-taxable","45":"product-type-simple"},"acf":[],"_links":{"self":[{"href":"https:\/\/www.inventec.dehon.com\/es\/wp-json\/wp\/v2\/product\/10089","targetHints":{"allow":["GET"]}}],"collection":[{"href":"https:\/\/www.inventec.dehon.com\/es\/wp-json\/wp\/v2\/product"}],"about":[{"href":"https:\/\/www.inventec.dehon.com\/es\/wp-json\/wp\/v2\/types\/product"}],"replies":[{"embeddable":true,"href":"https:\/\/www.inventec.dehon.com\/es\/wp-json\/wp\/v2\/comments?post=10089"}],"wp:featuredmedia":[{"embeddable":true,"href":"https:\/\/www.inventec.dehon.com\/es\/wp-json\/wp\/v2\/media\/2433"}],"wp:attachment":[{"href":"https:\/\/www.inventec.dehon.com\/es\/wp-json\/wp\/v2\/media?parent=10089"}],"wp:term":[{"taxonomy":"product_brand","embeddable":true,"href":"https:\/\/www.inventec.dehon.com\/es\/wp-json\/wp\/v2\/product_brand?post=10089"},{"taxonomy":"product_cat","embeddable":true,"href":"https:\/\/www.inventec.dehon.com\/es\/wp-json\/wp\/v2\/product_cat?post=10089"},{"taxonomy":"product_tag","embeddable":true,"href":"https:\/\/www.inventec.dehon.com\/es\/wp-json\/wp\/v2\/product_tag?post=10089"}],"curies":[{"name":"wp","href":"https:\/\/api.w.org\/{rel}","templated":true}]}}