{"id":10080,"date":"2021-04-22T07:16:36","date_gmt":"2021-04-22T07:16:36","guid":{"rendered":"https:\/\/www.inventec.dehon.com\/product\/abchimie-dva-ba\/"},"modified":"2026-03-04T09:45:37","modified_gmt":"2026-03-04T08:45:37","slug":"abchimie-dva-ba","status":"publish","type":"product","link":"https:\/\/www.inventec.dehon.com\/es\/product\/abchimie-dva-ba\/","title":{"rendered":"ABCHIMIE DVA BA"},"content":{"rendered":"<p><img decoding=\"async\" src=\"https:\/\/www.inventec.dehon.com\/wp-content\/uploads\/2021\/03\/AB-CHIMIE-coat-drum-1-600x600.jpg\" alt=\"ABCHIMIE DVA BA\" class=\"responsive-img\" align=\"right\" style=\"border-radius:10px; margin-bottom:10px; margin-top:-10px; margin-left:15px; width:300px\" \/><\/p>\n<h2 style=\"color: #9bc947; margin-bottom: 15px;\">Aplicaciones de recubrimiento conformal acr\u00edlico<\/h2>\n<ul>\n<li>Diluyente acr\u00edlico para diluir el revestimiento <a href=\"https:\/\/www.inventec.dehon.com\/es\/product\/abchimie-avr80-ba\/\"><strong>ABCHIMIE AVR80 BA<\/strong><\/a><\/li>\n<li>Proceso selectivo de pulverizaci\u00f3n, inmersi\u00f3n y cepillado<\/li>\n<li>No t\u00f3xico<\/li>\n<\/ul>\n<h5>ABCHIMIE DVA BA<\/h5>\n<p>Es una mezcla de disolventes no t\u00f3xicos dise\u00f1ada para su uso con todos los revestimientos conformados de base acr\u00edlica. Se utiliza especialmente para el revestimiento acr\u00edlico <a href=\"https:\/\/www.inventec.dehon.com\/es\/product\/abchimie-avr80-ba\/\"><strong>ABCHIMIE AVR80 BA<\/strong><\/a>. Los usos principales de los diluyentes son la diluci\u00f3n de los revestimientos para su uso en el revestimiento por inmersi\u00f3n y por pulverizaci\u00f3n.<\/p>\n<p><a href=\"https:\/\/abchimie.com\/\" target=\"_blank\" rel=\"noopener\"><img decoding=\"async\" class=\"alignnone responsive-img wp-image-2452\" src=\"https:\/\/inventec.dehon.com\/wp-content\/uploads\/2021\/04\/Logo-ABCHIMIE-GR.png\" rel=\"inv-colorbox\" title=\"ABCHIMIE DVA BA\" alt=\"ABCHIMIE DVA BA\" width=\"150\" height=\"89\" srcset=\"https:\/\/www.inventec.dehon.com\/wp-content\/uploads\/2021\/04\/Logo-ABCHIMIE-GR.png 6545w, https:\/\/www.inventec.dehon.com\/wp-content\/uploads\/2021\/04\/Logo-ABCHIMIE-GR-300x178.png 300w, https:\/\/www.inventec.dehon.com\/wp-content\/uploads\/2021\/04\/Logo-ABCHIMIE-GR-1024x607.png 1024w, https:\/\/www.inventec.dehon.com\/wp-content\/uploads\/2021\/04\/Logo-ABCHIMIE-GR-768x455.png 768w, https:\/\/www.inventec.dehon.com\/wp-content\/uploads\/2021\/04\/Logo-ABCHIMIE-GR-1536x911.png 1536w, https:\/\/www.inventec.dehon.com\/wp-content\/uploads\/2021\/04\/Logo-ABCHIMIE-GR-2048x1214.png 2048w, https:\/\/www.inventec.dehon.com\/wp-content\/uploads\/2021\/04\/Logo-ABCHIMIE-GR-600x356.png 600w\" sizes=\"(max-width: 150px) 100vw, 150px\" \/><\/a><\/p>\n","protected":false},"excerpt":{"rendered":"<ul>\n<li>Diluyente acr\u00edlico para diluir el revestimiento AVR80 BA<\/li>\n<li>Proceso selectivo de pulverizaci\u00f3n, inmersi\u00f3n y cepillado<\/li>\n<li>No t\u00f3xico<\/li>\n<\/ul>\n","protected":false},"featured_media":24441,"comment_status":"closed","ping_status":"closed","template":"","meta":{"_acf_changed":false,"inline_featured_image":false},"product_brand":[],"product_cat":[2907,810,2908],"product_tag":[1784,1875,5445,5457,4636,4640,4644,1812,5453,4664,1877,1876,5469,5407,4391,4279,4435,4455],"class_list":{"0":"post-10080","1":"product","2":"type-product","3":"status-publish","4":"has-post-thumbnail","6":"product_cat-asociacion-entre-abchimie-e-inventec","7":"product_cat-proteccion","8":"product_cat-soluciones-de-recubrimientos-conformados-curados-por-calor","9":"product_tag-abchimie-es","10":"product_tag-abchimie-dva-ba-es","11":"product_tag-acrilico","12":"product_tag-aplicacion-con-pincel","13":"product_tag-aplicar-con-pincel","14":"product_tag-aplicar-por-inmersion","15":"product_tag-aplicar-por-pulverizacion-selectiva","16":"product_tag-ba-es","17":"product_tag-diluyente-acrilico","18":"product_tag-diluyentes-es","19":"product_tag-dva-es","20":"product_tag-dva-ba-es","21":"product_tag-inmersion","22":"product_tag-libre-de-halogenos","23":"product_tag-no-toxico","24":"product_tag-proteccion-es","25":"product_tag-rohs","26":"product_tag-spray","27":"pa_brand-abchimie-es-2","28":"pa_processes-aplicacion-con-brocha","29":"pa_processes-aplicacion-por-inmersion","30":"pa_processes-aplicacion-por-pulverizacion-selectiva","31":"pa_product-category-diluyentes","33":"first","34":"instock","35":"shipping-taxable","36":"product-type-simple"},"acf":[],"_links":{"self":[{"href":"https:\/\/www.inventec.dehon.com\/es\/wp-json\/wp\/v2\/product\/10080","targetHints":{"allow":["GET"]}}],"collection":[{"href":"https:\/\/www.inventec.dehon.com\/es\/wp-json\/wp\/v2\/product"}],"about":[{"href":"https:\/\/www.inventec.dehon.com\/es\/wp-json\/wp\/v2\/types\/product"}],"replies":[{"embeddable":true,"href":"https:\/\/www.inventec.dehon.com\/es\/wp-json\/wp\/v2\/comments?post=10080"}],"wp:featuredmedia":[{"embeddable":true,"href":"https:\/\/www.inventec.dehon.com\/es\/wp-json\/wp\/v2\/media\/24441"}],"wp:attachment":[{"href":"https:\/\/www.inventec.dehon.com\/es\/wp-json\/wp\/v2\/media?parent=10080"}],"wp:term":[{"taxonomy":"product_brand","embeddable":true,"href":"https:\/\/www.inventec.dehon.com\/es\/wp-json\/wp\/v2\/product_brand?post=10080"},{"taxonomy":"product_cat","embeddable":true,"href":"https:\/\/www.inventec.dehon.com\/es\/wp-json\/wp\/v2\/product_cat?post=10080"},{"taxonomy":"product_tag","embeddable":true,"href":"https:\/\/www.inventec.dehon.com\/es\/wp-json\/wp\/v2\/product_tag?post=10080"}],"curies":[{"name":"wp","href":"https:\/\/api.w.org\/{rel}","templated":true}]}}