{"id":10066,"date":"2021-04-07T15:24:25","date_gmt":"2021-04-07T15:24:25","guid":{"rendered":"https:\/\/www.inventec.dehon.com\/product\/promoclean-tp-1117\/"},"modified":"2026-03-16T14:32:48","modified_gmt":"2026-03-16T13:32:48","slug":"promoclean-tp-1117","status":"publish","type":"product","link":"https:\/\/www.inventec.dehon.com\/es\/product\/promoclean-tp-1117\/","title":{"rendered":"PROMOCLEAN TP 1117"},"content":{"rendered":"<p><img decoding=\"async\" src=\"https:\/\/www.inventec.dehon.com\/wp-content\/uploads\/2021\/04\/PROMOCLEAN-canister-blue.png\" alt=\"PROMOCLEAN TP 1117\" class=\"responsive-img\" align=\"right\" style=\"border-radius:10px; margin-bottom:10px; margin-top:-10px; margin-left:15px; width:300px\" \/><\/p>\n<h2 style=\"color:#9bc947; margin-bottom:15px\">Eliminaci\u00f3n de pastas de pulido y aceites<\/h2>\n<ul>\n<li>Detergente para eliminar las pastas de pulido y los aceites de las piezas met\u00e1licas<\/li>\n<li>Proceso de inmersi\u00f3n acuosa con ultrasonidos<\/li>\n<li>Compatible con una amplia gama de metales y protecci\u00f3n temporal<\/li>\n<\/ul>\n<h5>PROMOCLEAN TP 1117<\/h5>\n<p>Est\u00e1 especialmente dise\u00f1ado para la eliminaci\u00f3n de pastas de pulido, hidrocarburos y aceites hidrosolubles. Gracias a sus excelentes propiedades de humectaci\u00f3n est\u00e1 dedicado a la inmersi\u00f3n acuosa con proceso ultras\u00f3nico. Gracias a su pH medio, no da\u00f1a la mayor\u00eda de los metales o aleaciones sensibles, como el Inox, las aleaciones ferrosas, el Titanio, el Cobre, el Lat\u00f3n o las aleaciones ligeras. Asimismo, puede utilizarse en metales preciosos como el oro y la plata. Es un producto concentrado que se utiliza diluido en agua del grifo o destilada.<\/p>\n<p>Adem\u00e1s, <strong>PROMOCLEAN TP 1117<\/strong> proporciona una protecci\u00f3n temporal gracias a sus propiedades de pasivaci\u00f3n. Esto hace que el producto sea especialmente adecuado para la interoperabilidad antes del siguiente paso operativo y la limpieza de acabado, dejando las piezas protegidas durante unos d\u00edas<\/p>\n<p><strong>PROMOCLEAN TP 1117<\/strong> est\u00e1 calificado y es utilizado por varios actores de la industria micromec\u00e1nica, como la fabricaci\u00f3n de relojes, joyas y piezas m\u00e9dicas.<\/p>\n<div style=\"font-family:Lato; color:#333;\">\n<div style=\"font-weight:bold; text-transform:uppercase; border-bottom:2px solid #9DBB2F; padding-bottom:6px; margin-bottom:10px;\">\n    ESPECIFICACIONES\n  <\/div>\n<table width=\"100%\" cellpadding=\"0\" cellspacing=\"0\" style=\"border-collapse:collapse; width:100%; max-width:100%;\">\n<tr>\n<th align=\"left\" style=\"background:#7A7A7A; color:#fff; padding:8px 12px; border:1px solid #BDBDBD;\">\n        ESPECIFICACIONES\n      <\/th>\n<th align=\"left\" style=\"background:#7A7A7A; color:#fff; padding:8px 12px; border:1px solid #BDBDBD;\">\n        VALORES\n      <\/th>\n<th align=\"left\" style=\"background:#7A7A7A; color:#fff; padding:8px 12px; border:1px solid #BDBDBD;\">\n        M\u00c9TODOS\n      <\/th>\n<\/tr>\n<tr>\n<td style=\"padding:8px 12px; border:1px solid #BDBDBD;\">Aspecto<\/td>\n<td style=\"padding:8px 12px; border:1px solid #BDBDBD;\">Marr\u00f3n claro<\/td>\n<td style=\"padding:8px 12px; border:1px solid #BDBDBD;\">Visual<\/td>\n<\/tr>\n<tr style=\"background:#E6E6E6;\">\n<td style=\"padding:8px 12px; border:1px solid #BDBDBD;\">Densidad a 20 \u00b0C (g\/ml)<\/td>\n<td style=\"padding:8px 12px; border:1px solid #BDBDBD;\">1,05 \u00b1 0,01<\/td>\n<td style=\"padding:8px 12px; border:1px solid #BDBDBD;\">BRY-MO-028<\/td>\n<\/tr>\n<tr>\n<td style=\"padding:8px 12px; border:1px solid #BDBDBD;\">pH del producto puro<\/td>\n<td style=\"padding:8px 12px; border:1px solid #BDBDBD;\">10,8 \u00b1 0,5<\/td>\n<td style=\"padding:8px 12px; border:1px solid #BDBDBD;\">BRY-MO-011<\/td>\n<\/tr>\n<\/table>\n<\/div>\n<div style=\"font-family:Lato; color:#333;\">\n<div style=\"font-weight:bold; text-transform:uppercase; border-bottom:2px solid #9DBB2F; padding-bottom:6px; margin:30px 0 10px;\">\n    CARACTER\u00cdSTICAS\n  <\/div>\n<table width=\"100%\" cellpadding=\"0\" cellspacing=\"0\" style=\"border-collapse:collapse; width:100%; max-width:100%;\">\n<tr>\n<th align=\"left\" style=\"background:#7A7A7A; color:#fff; padding:8px 12px; border:1px solid #BDBDBD;\">\n        CARACTER\u00cdSTICAS\n      <\/th>\n<th align=\"left\" style=\"background:#7A7A7A; color:#fff; padding:8px 12px; border:1px solid #BDBDBD;\">\n        VALORES\n      <\/th>\n<\/tr>\n<tr>\n<td style=\"padding:8px 12px; border:1px solid #BDBDBD;\">Solubilidad en agua<\/td>\n<td style=\"padding:8px 12px; border:1px solid #BDBDBD;\">Totalmente soluble<\/td>\n<\/tr>\n<tr style=\"background:#E6E6E6;\">\n<td style=\"padding:8px 12px; border:1px solid #BDBDBD;\">Tensi\u00f3n superficial al 1 %<\/td>\n<td style=\"padding:8px 12px; border:1px solid #BDBDBD;\">28 dinas\/cm2<\/td>\n<\/tr>\n<\/table>\n<\/div>\n","protected":false},"excerpt":{"rendered":"<ul>\n<li>Detergente para eliminar las pastas de pulido y los aceites de las piezas met\u00e1licas<\/li>\n<li>Proceso de inmersi\u00f3n acuosa con ultrasonidos<\/li>\n<li>Compatible con una amplia gama de metales y protecci\u00f3n temporal<\/li>\n<\/ul>\n<p><a href=\"https:\/\/www.inventec.dehon.com\/wp-content\/uploads\/2021\/04\/GW-Score-37.png\"><img decoding=\"async\" class=\"alignnone size-full wp-image-15145\" src=\"https:\/\/www.inventec.dehon.com\/wp-content\/uploads\/2021\/04\/GW-Score-37.png\" alt=\"\" width=\"278\" height=\"236\" \/><\/a><\/p>\n","protected":false},"featured_media":2433,"comment_status":"closed","ping_status":"closed","template":"","meta":{"_acf_changed":false,"inline_featured_image":false},"product_brand":[],"product_cat":[2901,2904],"product_tag":[2084,4824,4395,4411,4419,4259,4263,4255,2011,2082,4816,2068,2083,4471],"class_list":{"0":"post-10066","1":"product","2":"type-product","3":"status-publish","4":"has-post-thumbnail","6":"industries-chasis-conduccion-y-direccion","7":"industries-motores","8":"industries-sistemas-de-aterrizaje","9":"industries-tren-motriz","10":"product_cat-eliminacion-de-aceite-en-diversos-componentes-metalicos","11":"product_cat-proceso-de-eliminacion-de-pasta-de-pulido","12":"product_tag-1117-es","13":"product_tag-a-base-de-agua","14":"product_tag-eliminacion-de-aceite-es","15":"product_tag-eliminacion-de-particulas-es","16":"product_tag-eliminacion-de-pasta-de-pulido-es","17":"product_tag-inmersion-acuosa","18":"product_tag-inmersion-acuosa-ultrasonica","19":"product_tag-liquidos-de-limpieza-acuosos","20":"product_tag-promoclean-es","21":"product_tag-promoclean-tp-1117-es","22":"product_tag-proteccion-temporal","23":"product_tag-tp-es","24":"product_tag-tp-1117-es","25":"product_tag-ultrasonido","26":"pa_application-eliminacion-de-aceites","27":"pa_application-eliminacion-de-particulas","28":"pa_application-eliminacion-de-pasta-de-pulido","29":"pa_brand-promoclean-es","30":"pa_features-adecuado-para-base-acuosa","31":"pa_features-con-proteccion-temporal","32":"pa_processes-inmersion-ultrasonica-acuosa","33":"pa_product-category-fluidos-de-limpieza-acuosos","35":"first","36":"instock","37":"shipping-taxable","38":"product-type-simple"},"acf":[],"_links":{"self":[{"href":"https:\/\/www.inventec.dehon.com\/es\/wp-json\/wp\/v2\/product\/10066","targetHints":{"allow":["GET"]}}],"collection":[{"href":"https:\/\/www.inventec.dehon.com\/es\/wp-json\/wp\/v2\/product"}],"about":[{"href":"https:\/\/www.inventec.dehon.com\/es\/wp-json\/wp\/v2\/types\/product"}],"replies":[{"embeddable":true,"href":"https:\/\/www.inventec.dehon.com\/es\/wp-json\/wp\/v2\/comments?post=10066"}],"wp:featuredmedia":[{"embeddable":true,"href":"https:\/\/www.inventec.dehon.com\/es\/wp-json\/wp\/v2\/media\/2433"}],"wp:attachment":[{"href":"https:\/\/www.inventec.dehon.com\/es\/wp-json\/wp\/v2\/media?parent=10066"}],"wp:term":[{"taxonomy":"product_brand","embeddable":true,"href":"https:\/\/www.inventec.dehon.com\/es\/wp-json\/wp\/v2\/product_brand?post=10066"},{"taxonomy":"product_cat","embeddable":true,"href":"https:\/\/www.inventec.dehon.com\/es\/wp-json\/wp\/v2\/product_cat?post=10066"},{"taxonomy":"product_tag","embeddable":true,"href":"https:\/\/www.inventec.dehon.com\/es\/wp-json\/wp\/v2\/product_tag?post=10066"}],"curies":[{"name":"wp","href":"https:\/\/api.w.org\/{rel}","templated":true}]}}