{"id":10064,"date":"2021-04-16T07:26:30","date_gmt":"2021-04-16T07:26:30","guid":{"rendered":"https:\/\/www.inventec.dehon.com\/product\/3m-novec-7100\/"},"modified":"2026-01-30T09:29:54","modified_gmt":"2026-01-30T08:29:54","slug":"3m-novec-7100","status":"publish","type":"product","link":"https:\/\/www.inventec.dehon.com\/es\/product\/3m-novec-7100\/","title":{"rendered":"3M NOVEC 7100"},"content":{"rendered":"<p><img decoding=\"async\" src=\"https:\/\/www.inventec.dehon.com\/wp-content\/uploads\/2021\/04\/Novec-drum-colorless.phase-outpng-1-600x600.jpg\" alt=\"3M NOVEC 7100\" class=\"responsive-img\" align=\"right\" style=\"border-radius:10px; margin-bottom:10px; margin-top:-10px; margin-left:15px; width:300px\" \/><\/p>\n<h2 style=\"color: #9bc947; margin-bottom: 15px;\">L\u00edquido de limpieza a base de disolvente <span style=\"color:#FFFFFF;\">3M NOVEC 7100<\/span><\/h2>\n<ul>\n<li>Eliminaci\u00f3n de aceite ligero y part\u00edculas \/ aclarado y secado r\u00e1pido sin manchas<\/li>\n<li>Fase de vapor, co-disolvente, proceso de lavado y secado<\/li>\n<li>Tensi\u00f3n de superficie muy baja<\/li>\n<\/ul>\n<hr \/>\n<h4>AVISO IMPORTANTE:<BR> ELIMINACI\u00d3N DE PRODUCTOS 3M\u2122<\/h4>\n<p>\u26a0\ufe0f 3M\u2122 anunci\u00f3 en diciembre de 2022 que todos los productos Novec\u2122 se eliminar\u00e1n gradualmente y dejar\u00e1n de estar disponibles a finales de 2025. No se preocupe, Inventec tiene un reemplazo directo para este producto, pero le recomendamos que se comunique con nosotros lo antes posible para minimizar las interrupciones del suministro.<\/p>\n<p>Si desea obtener m\u00e1s informaci\u00f3n sobre la eliminaci\u00f3n gradual de los productos de 3M\u2122, haga clic en este<a href=\"https:\/\/www.inventec.dehon.com\/es\/buscando-un-reemplazo-para-3m-novec\/\"> enlace<\/a> .<\/p>\n<p><span style=\"color: #003366;\">NUESTRA(S) ALTERNATIVA(S):<\/span><\/p>\n<ul>\n<li><a href=\"https:\/\/www.inventec.dehon.com\/es\/product\/promosolv-dr3\/\">PROMOSOLV DR3<\/a> -&gt; Misma formulaci\u00f3n<\/li>\n<li><a href=\"https:\/\/www.inventec.dehon.com\/es\/product\/promosolv-neo-a1\/\">PROMOSOLV NEO A1<\/a> -&gt; Propiedades y aplicaciones similares + SIN GWP ni PFAS<\/li>\n<\/ul>\n<hr \/>\n<h5>3M Novec 7100<\/h5>\n<p><strong>3M Novec 7100<\/strong> Engineered Fluid, metoxi-nonafluorobutano (C4F9OCH3), es un fluido transparente, incoloro y de bajo olor destinado a sustituir a las sustancias destructoras de la capa de ozono (SAO) y a compuestos con alto potencial de calentamiento global (PCG) en muchas aplicaciones.<\/p>\n<p>El alto punto de ebullici\u00f3n y la baja tensi\u00f3n superficial del fluido <strong>Novec 7100<\/strong> lo hacen ideal para su uso en aplicaciones de desengrase por vapor como limpiador de piezas puro, componente azeotr\u00f3pico o co-solvente. Adem\u00e1s, su estabilidad qu\u00edmica y t\u00e9rmica, su no inflamabilidad y su baja toxicidad lo hacen \u00fatil para muchas otras aplicaciones industriales y de disolventes especiales.<\/p>\n<p><a title=\"Letter from 3M - Inventec authorized distributor for EMEA area\" href=\"https:\/\/www.inventec.dehon.com\/wp-content\/uploads\/2021\/10\/3M-Authorized-EMEA-Distributor_Inventec.pdf\" target=\"_blank\" rel=\"noopener\">Letter from 3M &#8211; Inventec authorized distributor for EMEA area<\/a><\/p>\n<p><a href=\"https:\/\/inventec.dehon.com\/wp-content\/uploads\/2021\/04\/LOGO-3M-Novec.png\" rel=\"inv-colorbox\" title=\"3M NOVEC 7100\"><img decoding=\"async\" class=\"alignnone wp-image-2102 size-medium\" src=\"https:\/\/inventec.dehon.com\/wp-content\/uploads\/2021\/04\/LOGO-3M-Novec-300x150.png\" alt=\"3M Novec 7100\" width=\"300\" height=\"150\" srcset=\"https:\/\/www.inventec.dehon.com\/wp-content\/uploads\/2021\/04\/LOGO-3M-Novec-300x150.png 300w, https:\/\/www.inventec.dehon.com\/wp-content\/uploads\/2021\/04\/LOGO-3M-Novec.png 318w\" sizes=\"(max-width: 300px) 100vw, 300px\" \/><\/a><\/p>\n","protected":false},"excerpt":{"rendered":"<ul>\n<li>Eliminaci\u00f3n de aceite ligero y part\u00edculas \/ aclarado y secado<\/li>\n<li>Fase de vapor, co-disolvente, proceso de lavado y secado<\/li>\n<li>Tensi\u00f3n de superficie muy baja<\/li>\n<\/ul>\n<p><span style=\"color: #99cc00;\">Alternativa:<\/span><small> <\/small><a href=\"https:\/\/www.inventec.dehon.com\/es\/product\/promosolv-neo-a1\/\"><small>PROMOSOLV NEO A1<\/small><\/a><\/p>\n<p><a href=\"https:\/\/www.inventec.dehon.com\/es\/buscando-un-reemplazo-para-3m-novec\/\" class=\"btn btn-lg btn-primary rounded-pill\" style=\"margin-top:5px; color:#FFFFFF;\">Ver todos los reemplazos de 3M Novec<\/a><\/p>\n","protected":false},"featured_media":15446,"comment_status":"closed","ping_status":"closed","template":"","meta":{"_acf_changed":false,"inline_featured_image":false},"product_brand":[],"product_cat":[762,616,763,2899,2900],"product_tag":[],"class_list":{"0":"post-10064","1":"product","2":"type-product","3":"status-publish","4":"has-post-thumbnail","6":"industries-aeroespacial-y-defensa","7":"industries-aerosistemas","8":"industries-automocion","9":"industries-instalaciones-de-oxigeno","10":"industries-medica","11":"product_cat-eliminacion-de-particulas","12":"product_cat-limpieza","13":"product_cat-limpieza-de-piezas-en-contacto-con-oxigeno","14":"product_cat-soluciones-de-solventes-para-enjuague","15":"product_cat-soluciones-de-solventes-para-secado","16":"pa_application-eliminacion-de-aceites","17":"pa_application-eliminacion-de-particulas","18":"pa_application-limpieza-de-sistemas-de-oxigeno","19":"pa_brand-3m-novec-es-2","20":"pa_features-para-aceites-y-grasas-fluoradas","21":"pa_features-reciclable","22":"pa_processes-co-solvente","23":"pa_processes-disolvente-de-secado","24":"pa_processes-enjuagando","25":"pa_processes-mono-solvente","26":"pa_product-category-fluidos-de-limpieza-con-solvente","28":"first","29":"instock","30":"shipping-taxable","31":"product-type-simple"},"acf":[],"_links":{"self":[{"href":"https:\/\/www.inventec.dehon.com\/es\/wp-json\/wp\/v2\/product\/10064","targetHints":{"allow":["GET"]}}],"collection":[{"href":"https:\/\/www.inventec.dehon.com\/es\/wp-json\/wp\/v2\/product"}],"about":[{"href":"https:\/\/www.inventec.dehon.com\/es\/wp-json\/wp\/v2\/types\/product"}],"replies":[{"embeddable":true,"href":"https:\/\/www.inventec.dehon.com\/es\/wp-json\/wp\/v2\/comments?post=10064"}],"wp:featuredmedia":[{"embeddable":true,"href":"https:\/\/www.inventec.dehon.com\/es\/wp-json\/wp\/v2\/media\/15446"}],"wp:attachment":[{"href":"https:\/\/www.inventec.dehon.com\/es\/wp-json\/wp\/v2\/media?parent=10064"}],"wp:term":[{"taxonomy":"product_brand","embeddable":true,"href":"https:\/\/www.inventec.dehon.com\/es\/wp-json\/wp\/v2\/product_brand?post=10064"},{"taxonomy":"product_cat","embeddable":true,"href":"https:\/\/www.inventec.dehon.com\/es\/wp-json\/wp\/v2\/product_cat?post=10064"},{"taxonomy":"product_tag","embeddable":true,"href":"https:\/\/www.inventec.dehon.com\/es\/wp-json\/wp\/v2\/product_tag?post=10064"}],"curies":[{"name":"wp","href":"https:\/\/api.w.org\/{rel}","templated":true}]}}