{"id":10060,"date":"2021-04-12T13:34:27","date_gmt":"2021-04-12T13:34:27","guid":{"rendered":"https:\/\/www.inventec.dehon.com\/product\/kit-pca-promoclean-disper-2\/"},"modified":"2025-01-14T08:51:09","modified_gmt":"2025-01-14T08:51:09","slug":"pca-kit-promoclean-disper-2","status":"publish","type":"product","link":"https:\/\/www.inventec.dehon.com\/es\/product\/pca-kit-promoclean-disper-2\/","title":{"rendered":"PCA KIT PROMOCLEAN DISPER 2"},"content":{"rendered":"<h2 style=\"color: #9bc947; margin-bottom: 15px;\">Garant\u00eda de calidad de limpieza constante<\/h2>\n<ul>\n<li>Kit de an\u00e1lisis de control de procesos<\/li>\n<\/ul>\n<h5>PCA KIT PROMOCLEAN DISPER 2<\/h5>\n<p><img decoding=\"async\" class=\"alignleft\" src=\"https:\/\/www.inventec.dehon.com\/wp-content\/uploads\/2021\/03\/Inventec-PCA-Kit-300x234.jpg\" alt=\"PCA KIT PROMOCLEAN DISPER 2\" width=\"150\" \/><br \/>\nGracias al PCA KIT de INVENTEC, se puede medir la concentraci\u00f3n del ba\u00f1o y, por lo tanto, se puede ajustar r\u00e1pidamente si es necesario. Manejar y comprobar regularmente el proceso de limpieza de esta manera da la garant\u00eda de una calidad de limpieza en l\u00ednea recta, una producci\u00f3n suave y tambi\u00e9n preventiva del ba\u00f1o de limpieza.<\/p>\n","protected":false},"excerpt":{"rendered":"<ul>\n<li>Kit de an\u00e1lisis de control de procesos<\/li>\n<\/ul>\n","protected":false},"featured_media":1838,"comment_status":"closed","ping_status":"closed","template":"","meta":{"_acf_changed":false,"inline_featured_image":false},"product_brand":[],"product_cat":[616],"product_tag":[2028,2120,4455,4267],"class_list":{"0":"post-10060","1":"product","2":"type-product","3":"status-publish","4":"has-post-thumbnail","6":"product_cat-limpieza","7":"product_tag-disper-es","8":"product_tag-disper-2-es","9":"product_tag-spray","10":"product_tag-spray-acuoso","11":"pa_brand-promoclean-es","12":"pa_processes-spray-a-base-de-agua","13":"pa_product-category-analizar-las-herramientas","15":"first","16":"instock","17":"shipping-taxable","18":"product-type-simple"},"acf":[],"_links":{"self":[{"href":"https:\/\/www.inventec.dehon.com\/es\/wp-json\/wp\/v2\/product\/10060","targetHints":{"allow":["GET"]}}],"collection":[{"href":"https:\/\/www.inventec.dehon.com\/es\/wp-json\/wp\/v2\/product"}],"about":[{"href":"https:\/\/www.inventec.dehon.com\/es\/wp-json\/wp\/v2\/types\/product"}],"replies":[{"embeddable":true,"href":"https:\/\/www.inventec.dehon.com\/es\/wp-json\/wp\/v2\/comments?post=10060"}],"wp:featuredmedia":[{"embeddable":true,"href":"https:\/\/www.inventec.dehon.com\/es\/wp-json\/wp\/v2\/media\/1838"}],"wp:attachment":[{"href":"https:\/\/www.inventec.dehon.com\/es\/wp-json\/wp\/v2\/media?parent=10060"}],"wp:term":[{"taxonomy":"product_brand","embeddable":true,"href":"https:\/\/www.inventec.dehon.com\/es\/wp-json\/wp\/v2\/product_brand?post=10060"},{"taxonomy":"product_cat","embeddable":true,"href":"https:\/\/www.inventec.dehon.com\/es\/wp-json\/wp\/v2\/product_cat?post=10060"},{"taxonomy":"product_tag","embeddable":true,"href":"https:\/\/www.inventec.dehon.com\/es\/wp-json\/wp\/v2\/product_tag?post=10060"}],"curies":[{"name":"wp","href":"https:\/\/api.w.org\/{rel}","templated":true}]}}