{"id":10054,"date":"2021-05-10T21:46:10","date_gmt":"2021-05-10T21:46:10","guid":{"rendered":"https:\/\/www.inventec.dehon.com\/product\/3m-novec-1700\/"},"modified":"2026-01-19T16:24:14","modified_gmt":"2026-01-19T15:24:14","slug":"3m-novec-1700","status":"publish","type":"product","link":"https:\/\/www.inventec.dehon.com\/es\/product\/3m-novec-1700\/","title":{"rendered":"3M NOVEC 1700"},"content":{"rendered":"<p><img decoding=\"async\" src=\"https:\/\/www.inventec.dehon.com\/wp-content\/uploads\/2021\/04\/Novec-drum-colorless.phase-outpng-1-600x600.jpg\" alt=\"3M NOVEC 1700\" class=\"responsive-img\" align=\"right\" style=\"border-radius:10px; margin-bottom:10px; margin-top:-10px; margin-left:15px; width:300px\" \/><\/p>\n<h2 style=\"color: #9bc947; margin-bottom: 15px;\">Recubrimiento electr\u00f3nico ultradelgado<\/h2>\n<ul>\n<li>Revestimiento hidrof\u00f3bico y oleof\u00f3bico ultrafino<\/li>\n<li>Proceso de inmersi\u00f3n y pulverizaci\u00f3n<\/li>\n<li>Proceso f\u00e1cil y r\u00e1pido <span style=\"color:#FFFFFF\">3M NOVEC 1700<\/span><\/li>\n<\/ul>\n<hr \/>\n<h4>AVISO IMPORTANTE:<BR> DESCATALOGACI\u00d3N DE PRODUCTOS 3M\u2122<\/h4>\n<p>\u26a0\ufe0f 3M\u2122 anunci\u00f3 en diciembre de 2022 que todos los productos Novec\u2122 ser\u00e1n descontinuados y no estar\u00e1n disponibles despu\u00e9s de 2025. No se preocupe, Inventec tiene un reemplazo directo para este producto, pero le recomendamos que se ponga en contacto con nosotros lo antes posible para minimizar las interrupciones en el suministro.<\/p>\n<p>Si desea saber m\u00e1s sobre la descontinuaci\u00f3n de los productos 3M\u2122, haga clic en este <a href=\"https:\/\/www.inventec.dehon.com\/es\/buscando-un-reemplazo-para-3m-novec\/soluciones-de-proteccion-para-el-reemplazo-de-3m-novec\/\">enlace<\/a>.<\/p>\n<p>NUESTRA(S) ALTERNATIVA(S) :<\/p>\n<ul>\n<li><a href=\"https:\/\/www.inventec.dehon.com\/es\/product\/promosolv-coat-ut10\/\">PROMOSOLV COAT UT10<\/a> -> Propiedades y aplicaciones similares<\/li>\n<\/ul>\n<hr \/>\n<h5>3M Novec 1700<\/h5>\n<p><strong>3M Novec 1700<\/strong> Electronic Grade Coating (EGC) es un pol\u00edmero fluorado de un solo componente diluido en <strong>3M Novec 7100DL<\/strong> Engineered Fluid, un disolvente de hidrofluoro\u00e9ter segregado, proporcionando una soluci\u00f3n de recubrimiento de baja viscosidad y baja tensi\u00f3n superficial.<\/p>\n<p>Dise\u00f1ado para la protecci\u00f3n contra la humedad y la corrosi\u00f3n de las placas de circuitos impresos y los componentes electr\u00f3nicos, se seca a una capa ultrafina, recubrimiento transparente con excelentes propiedades hidrof\u00f3bicas y oleof\u00f3bicas. No necesita curado y es f\u00e1cil de aplicar. El revestimiento <strong>3M Novec 1700<\/strong> no es inflamable, no agota la capa de ozono, es de baja toxicidad, tiene un bajo potencial de calentamiento global, cumple con la directiva RoHS y est\u00e1 exento de COV (seg\u00fan la EPA de EE.UU.).<\/p>\n<p><a title=\"Letter from 3M - Inventec authorized distributor for EMEA area\" href=\"https:\/\/www.inventec.dehon.com\/wp-content\/uploads\/2021\/10\/3M-Authorized-EMEA-Distributor_Inventec.pdf\" target=\"_blank\" rel=\"noopener\">Letter from 3M &#8211; Inventec authorized distributor for EMEA area<\/a><\/p>\n<p><a href=\"https:\/\/inventec.dehon.com\/wp-content\/uploads\/2021\/04\/LOGO-3M-Novec.png\" rel=\"inv-colorbox\" title=\"3M NOVEC 1700\"><img decoding=\"async\" class=\"alignnone wp-image-2102 size-medium\" src=\"https:\/\/inventec.dehon.com\/wp-content\/uploads\/2021\/04\/LOGO-3M-Novec-300x150.png\" alt=\"3M NOVEC 1700\" width=\"300\" height=\"150\" srcset=\"https:\/\/www.inventec.dehon.com\/wp-content\/uploads\/2021\/04\/LOGO-3M-Novec-300x150.png 300w, https:\/\/www.inventec.dehon.com\/wp-content\/uploads\/2021\/04\/LOGO-3M-Novec.png 318w\" sizes=\"(max-width: 300px) 100vw, 300px\" \/><\/a><\/p>\n","protected":false},"excerpt":{"rendered":"<ul>\n<li>Revestimiento hidrof\u00f3bico y oleof\u00f3bico ultrafino<\/li>\n<li>Proceso de inmersi\u00f3n y pulverizaci\u00f3n<\/li>\n<li>Proceso f\u00e1cil y r\u00e1pido<\/li>\n<\/ul>\n<p><span style=\"color: #99cc00;\">Alternativa:<\/span> <a href=\"https:\/\/www.inventec.dehon.com\/es\/product\/promosolv-coat-ut10\/\"><small>PROMOSOLV COAT UT10<\/small><\/a><\/p>\n<p><a href=\"https:\/\/www.inventec.dehon.com\/es\/buscando-un-reemplazo-para-3m-novec\/\" class=\"btn btn-lg btn-primary rounded-pill\" style=\"margin-top:5px; color:#FFFFFF;\">Ver todos los reemplazos de 3M Novec<\/a><\/p>\n","protected":false},"featured_media":15446,"comment_status":"closed","ping_status":"closed","template":"","meta":{"_acf_changed":false,"inline_featured_image":false},"product_brand":[],"product_cat":[810,859],"product_tag":[1910,1911,1909,1908,1861,3749,4279,4668],"class_list":{"0":"post-10054","1":"product","2":"type-product","3":"status-publish","4":"has-post-thumbnail","6":"industries-dispositivos-auditivos","7":"industries-iluminacion","8":"product_cat-proteccion","9":"product_cat-recubrimientos-ultrafinos","10":"product_tag-1700-es","11":"product_tag-3m-es","12":"product_tag-3m-novec-es","13":"product_tag-3m-novec-1700-es","14":"product_tag-led-es","15":"product_tag-pcb-es","16":"product_tag-proteccion-es","17":"product_tag-recubrimientos-ultrafinos","18":"pa_application-led-es","19":"pa_application-pcb-y-componentes-electronicos","20":"pa_brand-3m-novec-es-2","21":"pa_features-reparacion-mediante-soldadura-pasante","22":"pa_processes-aplicacion-con-brocha","23":"pa_processes-aplicacion-por-inmersion","24":"pa_processes-aplicacion-por-pulverizacion-selectiva","25":"pa_processes-curado-a-temperatura-ambiente","26":"pa_product-category-revestimientos-ultrafinos","28":"first","29":"instock","30":"shipping-taxable","31":"product-type-simple"},"acf":[],"_links":{"self":[{"href":"https:\/\/www.inventec.dehon.com\/es\/wp-json\/wp\/v2\/product\/10054","targetHints":{"allow":["GET"]}}],"collection":[{"href":"https:\/\/www.inventec.dehon.com\/es\/wp-json\/wp\/v2\/product"}],"about":[{"href":"https:\/\/www.inventec.dehon.com\/es\/wp-json\/wp\/v2\/types\/product"}],"replies":[{"embeddable":true,"href":"https:\/\/www.inventec.dehon.com\/es\/wp-json\/wp\/v2\/comments?post=10054"}],"wp:featuredmedia":[{"embeddable":true,"href":"https:\/\/www.inventec.dehon.com\/es\/wp-json\/wp\/v2\/media\/15446"}],"wp:attachment":[{"href":"https:\/\/www.inventec.dehon.com\/es\/wp-json\/wp\/v2\/media?parent=10054"}],"wp:term":[{"taxonomy":"product_brand","embeddable":true,"href":"https:\/\/www.inventec.dehon.com\/es\/wp-json\/wp\/v2\/product_brand?post=10054"},{"taxonomy":"product_cat","embeddable":true,"href":"https:\/\/www.inventec.dehon.com\/es\/wp-json\/wp\/v2\/product_cat?post=10054"},{"taxonomy":"product_tag","embeddable":true,"href":"https:\/\/www.inventec.dehon.com\/es\/wp-json\/wp\/v2\/product_tag?post=10054"}],"curies":[{"name":"wp","href":"https:\/\/api.w.org\/{rel}","templated":true}]}}