{"id":10046,"date":"2021-04-14T15:48:36","date_gmt":"2021-04-14T15:48:36","guid":{"rendered":"https:\/\/www.inventec.dehon.com\/product\/ecorel-free-305-21\/"},"modified":"2026-03-16T14:53:42","modified_gmt":"2026-03-16T13:53:42","slug":"ecorel-free-305-21","status":"publish","type":"product","link":"https:\/\/www.inventec.dehon.com\/es\/product\/ecorel-free-305-21\/","title":{"rendered":"ECOREL FREE 305-21"},"content":{"rendered":"<p><img decoding=\"async\" src=\"https:\/\/www.inventec.dehon.com\/wp-content\/uploads\/2021\/01\/Ecorel-Free-600x600.png\" alt=\"ECOREL FREE 305-21\" class=\"responsive-img\" align=\"right\" style=\"border-radius:10px; margin-bottom:10px; margin-top:-10px; margin-left:15px; width:300px\" \/><\/p>\n<h2 style=\"color:#9bc947; margin-bottom:15px\">Pasta de soldadura de alta fiabilidad<\/h2>\n<ul>\n<li>Pasta de soldadura sin plomo SAC305<\/li>\n<li>Proceso de impresi\u00f3n SMT no limpio<\/li>\n<li>Alta fiabilidad: cumple con la prueba Bono<\/li>\n<\/ul>\n<h5>ECOREL FREE 305-21<\/h5>\n<p>Especialmente dise\u00f1ada para aplicaciones que requieren alta fiabilidad qu\u00edmica y donde la limpieza posterior al reflujo no es una opci\u00f3n. Esta pasta de soldadura tiene excelentes valores en la prueba BONO, que es una caracter\u00edstica clave para controlar el riesgo de migraci\u00f3n electroqu\u00edmica (ECM), especialmente cuando se expone a condiciones desafiantes de alta temperatura y humedad. <\/p>\n<p>La qu\u00edmica de este producto tambi\u00e9n est\u00e1 disponible con otras aleaciones o tama\u00f1os de part\u00edculas bajo petici\u00f3n.<\/p>\n<p><!-- PROPIEDADES Section --><\/p>\n<div style=\"font-weight:bold; text-transform:uppercase; border-bottom:2px solid #9DBB2F; padding-bottom:6px; margin-bottom:10px;\">\n  PROPIEDADES\n<\/div>\n<div style=\"font-weight:bold; text-transform:uppercase; margin-bottom:6px;\">\n  OPCIONES EST\u00c1NDAR\n<\/div>\n<p><!-- OPCIONES EST\u00c1NDAR Table --><\/p>\n<table width=\"100%\" cellpadding=\"0\" cellspacing=\"0\" style=\"border-collapse:collapse; width:100%; max-width:100%;\">\n<tr>\n<th align=\"left\" style=\"background:#7A7A7A; color:#fff; padding:8px 12px; border:1px solid #BDBDBD;\">\n      ESPECIFICACIONES\n    <\/th>\n<th align=\"left\" style=\"background:#7A7A7A; color:#fff; padding:8px 12px; border:1px solid #BDBDBD;\">\n      ECOREL FREE 305-21\n    <\/th>\n<th align=\"left\" style=\"background:#7A7A7A; color:#fff; padding:8px 12px; border:1px solid #BDBDBD;\">\n      ECOREL FREE 305-21 T4\n    <\/th>\n<th align=\"left\" style=\"background:#7A7A7A; color:#fff; padding:8px 12px; border:1px solid #BDBDBD;\">\n      ECOREL FREE 305-21 T5\n    <\/th>\n<\/tr>\n<tr>\n<td style=\"padding:8px 12px; border:1px solid #BDBDBD;\">Aleaci\u00f3n<\/td>\n<td style=\"padding:8px 12px; border:1px solid #BDBDBD;\">Sn96,5Ag3Cu0,5<\/td>\n<td style=\"padding:8px 12px; border:1px solid #BDBDBD;\">Sn96,5Ag3Cu0,5<\/td>\n<td style=\"padding:8px 12px; border:1px solid #BDBDBD;\">Sn96,5Ag3Cu0,5<\/td>\n<\/tr>\n<tr style=\"background:#E6E6E6;\">\n<td style=\"padding:8px 12px; border:1px solid #BDBDBD;\">Punto de fusi\u00f3n (\u00b0C\/\u00b0F)<\/td>\n<td style=\"padding:8px 12px; border:1px solid #BDBDBD;\">217 \/ 422<\/td>\n<td style=\"padding:8px 12px; border:1px solid #BDBDBD;\">217 \/ 422<\/td>\n<td style=\"padding:8px 12px; border:1px solid #BDBDBD;\">217 \/ 422<\/td>\n<\/tr>\n<tr>\n<td style=\"padding:8px 12px; border:1px solid #BDBDBD;\">Contenido de metal (%)<\/td>\n<td style=\"padding:8px 12px; border:1px solid #BDBDBD;\">88,5 \u00b10,5<\/td>\n<td style=\"padding:8px 12px; border:1px solid #BDBDBD;\">88,5 \u00b10,5<\/td>\n<td style=\"padding:8px 12px; border:1px solid #BDBDBD;\">88 \u00b10,5<\/td>\n<\/tr>\n<tr style=\"background:#E6E6E6;\">\n<td style=\"padding:8px 12px; border:1px solid #BDBDBD;\">Residuos despu\u00e9s del reflujo<\/td>\n<td style=\"padding:8px 12px; border:1px solid #BDBDBD;\">Aproximadamente 5 % en peso\/peso<\/td>\n<td style=\"padding:8px 12px; border:1px solid #BDBDBD;\">Aproximadamente 5 % en peso\/peso<\/td>\n<td style=\"padding:8px 12px; border:1px solid #BDBDBD;\">Aproximadamente 5 % en peso\/peso<\/td>\n<\/tr>\n<tr>\n<td style=\"padding:8px 12px; border:1px solid #BDBDBD;\">Contenido de hal\u00f3genos<\/td>\n<td style=\"padding:8px 12px; border:1px solid #BDBDBD;\">Sin hal\u00f3genos<\/td>\n<td style=\"padding:8px 12px; border:1px solid #BDBDBD;\">Sin hal\u00f3genos<\/td>\n<td style=\"padding:8px 12px; border:1px solid #BDBDBD;\">Sin hal\u00f3genos<\/td>\n<\/tr>\n<tr style=\"background:#E6E6E6;\">\n<td style=\"padding:8px 12px; border:1px solid #BDBDBD;\">Tama\u00f1o de polvo<\/td>\n<td style=\"padding:8px 12px; border:1px solid #BDBDBD;\">25\u201345 micrones \/ Tipo 3<\/td>\n<td style=\"padding:8px 12px; border:1px solid #BDBDBD;\">20\u201338 micrones \/ Tipo 4<\/td>\n<td style=\"padding:8px 12px; border:1px solid #BDBDBD;\">15\u201325 micrones \/ Tipo 5<\/td>\n<\/tr>\n<tr>\n<td style=\"padding:8px 12px; border:1px solid #BDBDBD;\">Viscosidad bomba en espiral (Pa.s 25\u00b0C)<br \/>Malcom a 10 rpm<\/td>\n<td style=\"padding:8px 12px; border:1px solid #BDBDBD;\">T\u00edpica 165<\/td>\n<td style=\"padding:8px 12px; border:1px solid #BDBDBD;\">T\u00edpica 165<\/td>\n<td style=\"padding:8px 12px; border:1px solid #BDBDBD;\">En evaluaci\u00f3n<\/td>\n<\/tr>\n<tr style=\"background:#E6E6E6;\">\n<td style=\"padding:8px 12px; border:1px solid #BDBDBD;\">Viscosidad (Pa.s 20\u00b0C)<br \/>Brookfield RVT TF a 5 rpm<\/td>\n<td style=\"padding:8px 12px; border:1px solid #BDBDBD;\">n.d.<\/td>\n<td style=\"padding:8px 12px; border:1px solid #BDBDBD;\">n.d.<\/td>\n<td style=\"padding:8px 12px; border:1px solid #BDBDBD;\">900\u20131100<\/td>\n<\/tr>\n<\/table>\n<p><!-- OPCIONES DE DISPENSACI\u00d3N Section --><\/p>\n<div style=\"font-weight:bold; text-transform:uppercase; border-bottom:2px solid #9DBB2F; padding-bottom:6px; margin-bottom:10px;\">\n  OPCIONES DE DISPENSACI\u00d3N\n<\/div>\n<table width=\"100%\" cellpadding=\"0\" cellspacing=\"0\" style=\"border-collapse:collapse; width:100%; max-width:100%;\">\n<tr>\n<th align=\"left\" style=\"background:#7A7A7A; color:#fff; padding:8px 12px; border:1px solid #BDBDBD;\">\n      ESPECIFICACIONES\n    <\/th>\n<th align=\"left\" style=\"background:#7A7A7A; color:#fff; padding:8px 12px; border:1px solid #BDBDBD;\">\n      ECOREL FREE 305-21 T5-85\n    <\/th>\n<\/tr>\n<tr>\n<td style=\"padding:8px 12px; border:1px solid #BDBDBD;\">Aleaci\u00f3n<\/td>\n<td style=\"padding:8px 12px; border:1px solid #BDBDBD;\">Sn96,5Ag3Cu0,5<\/td>\n<\/tr>\n<tr style=\"background:#E6E6E6;\">\n<td style=\"padding:8px 12px; border:1px solid #BDBDBD;\">Punto de fusi\u00f3n (\u00b0C\/\u00b0F)<\/td>\n<td style=\"padding:8px 12px; border:1px solid #BDBDBD;\">217 \/ 422<\/td>\n<\/tr>\n<tr>\n<td style=\"padding:8px 12px; border:1px solid #BDBDBD;\">Contenido de metal (%)<\/td>\n<td style=\"padding:8px 12px; border:1px solid #BDBDBD;\">85<\/td>\n<\/tr>\n<tr style=\"background:#E6E6E6;\">\n<td style=\"padding:8px 12px; border:1px solid #BDBDBD;\">Residuos despu\u00e9s del reflujo<\/td>\n<td style=\"padding:8px 12px; border:1px solid #BDBDBD;\">Aproximadamente 5 % en peso\/peso<\/td>\n<\/tr>\n<tr>\n<td style=\"padding:8px 12px; border:1px solid #BDBDBD;\">Contenido de hal\u00f3genos<\/td>\n<td style=\"padding:8px 12px; border:1px solid #BDBDBD;\">Sin hal\u00f3genos<\/td>\n<\/tr>\n<tr style=\"background:#E6E6E6;\">\n<td style=\"padding:8px 12px; border:1px solid #BDBDBD;\">Tama\u00f1o de polvo<\/td>\n<td style=\"padding:8px 12px; border:1px solid #BDBDBD;\">15\u201325 micrones \/ Tipo 5<\/td>\n<\/tr>\n<tr>\n<td style=\"padding:8px 12px; border:1px solid #BDBDBD;\">Viscosidad bomba en espiral (Pa.s 25\u00b0C)<br \/>Malcom a 10 rpm<\/td>\n<td style=\"padding:8px 12px; border:1px solid #BDBDBD;\">En evaluaci\u00f3n<\/td>\n<\/tr>\n<tr style=\"background:#E6E6E6;\">\n<td style=\"padding:8px 12px; border:1px solid #BDBDBD;\">Viscosidad (Pa.s 20\u00b0C)<br \/>Brookfield RVT TF a 5 rpm<\/td>\n<td style=\"padding:8px 12px; border:1px solid #BDBDBD;\">550\u2013750<\/td>\n<\/tr>\n<\/table>\n<p><!-- CARACTER\u00cdSTICAS Section --><\/p>\n<div style=\"font-weight:bold; text-transform:uppercase; border-bottom:2px solid #9DBB2F; padding-bottom:6px; margin-bottom:10px;\">\n  CARACTER\u00cdSTICAS\n<\/div>\n<table width=\"100%\" cellpadding=\"0\" cellspacing=\"0\" style=\"border-collapse:collapse; width:100%; max-width:100%;\">\n<tr>\n<th align=\"left\" style=\"background:#7A7A7A; color:#fff; padding:8px 12px; border:1px solid #BDBDBD;\">\n      CARACTER\u00cdSTICAS\n    <\/th>\n<th align=\"left\" style=\"background:#7A7A7A; color:#fff; padding:8px 12px; border:1px solid #BDBDBD;\">\n      VALORES\n    <\/th>\n<th align=\"left\" style=\"background:#7A7A7A; color:#fff; padding:8px 12px; border:1px solid #BDBDBD;\">\n      M\u00c9TODO DE PRUEBA\n    <\/th>\n<\/tr>\n<tr>\n<td style=\"padding:8px 12px; border:1px solid #BDBDBD;\">Clasificaci\u00f3n del flux<\/td>\n<td style=\"padding:8px 12px; border:1px solid #BDBDBD;\">ROL0<\/td>\n<td style=\"padding:8px 12px; border:1px solid #BDBDBD;\">ANSI\/J-STD-004B<\/td>\n<\/tr>\n<tr style=\"background:#E6E6E6;\">\n<td style=\"padding:8px 12px; border:1px solid #BDBDBD;\">Clasificaci\u00f3n del flux<\/td>\n<td style=\"padding:8px 12px; border:1px solid #BDBDBD;\">113<\/td>\n<td style=\"padding:8px 12px; border:1px solid #BDBDBD;\">ISO 9454<\/td>\n<\/tr>\n<tr>\n<td style=\"padding:8px 12px; border:1px solid #BDBDBD;\">Prueba de formaci\u00f3n de bolas de soldadura<\/td>\n<td style=\"padding:8px 12px; border:1px solid #BDBDBD;\">Aprobado<\/td>\n<td style=\"padding:8px 12px; border:1px solid #BDBDBD;\">ANSI\/J-STD-005<\/td>\n<\/tr>\n<tr style=\"background:#E6E6E6;\">\n<td style=\"padding:8px 12px; border:1px solid #BDBDBD;\">Prueba espejo de cobre<\/td>\n<td style=\"padding:8px 12px; border:1px solid #BDBDBD;\">Aprobado<\/td>\n<td style=\"padding:8px 12px; border:1px solid #BDBDBD;\">ANSI\/J-STD-004B<\/td>\n<\/tr>\n<tr>\n<td style=\"padding:8px 12px; border:1px solid #BDBDBD;\">Prueba de corrosi\u00f3n de cobre<\/td>\n<td style=\"padding:8px 12px; border:1px solid #BDBDBD;\">Aprobado<\/td>\n<td style=\"padding:8px 12px; border:1px solid #BDBDBD;\">ANSI\/J-STD-004B<\/td>\n<\/tr>\n<tr style=\"background:#E6E6E6;\">\n<td style=\"padding:8px 12px; border:1px solid #BDBDBD;\">SIR (IPC)<\/td>\n<td style=\"padding:8px 12px; border:1px solid #BDBDBD;\">Aprobado<\/td>\n<td style=\"padding:8px 12px; border:1px solid #BDBDBD;\">ANSI\/J-STD-004B<\/td>\n<\/tr>\n<tr>\n<td style=\"padding:8px 12px; border:1px solid #BDBDBD;\">SIR (Bellcore)<\/td>\n<td style=\"padding:8px 12px; border:1px solid #BDBDBD;\">Aprobado<\/td>\n<td style=\"padding:8px 12px; border:1px solid #BDBDBD;\">Bellcore<\/td>\n<\/tr>\n<tr style=\"background:#E6E6E6;\">\n<td style=\"padding:8px 12px; border:1px solid #BDBDBD;\">Electromigraci\u00f3n (IPC \/ Bellcore)<\/td>\n<td style=\"padding:8px 12px; border:1px solid #BDBDBD;\">Aprobado<\/td>\n<td style=\"padding:8px 12px; border:1px solid #BDBDBD;\">ANSI\/J-STD-004B \/ Bellcore<\/td>\n<\/tr>\n<tr>\n<td style=\"padding:8px 12px; border:1px solid #BDBDBD;\">Prueba de corrosi\u00f3n Bono (85\u00b0C \/ 85 % HR &#8211; 15 d\u00edas)<\/td>\n<td style=\"padding:8px 12px; border:1px solid #BDBDBD;\">Aprobado: factor de corrosi\u00f3n &lt;8%<\/td>\n<td style=\"padding:8px 12px; border:1px solid #BDBDBD;\">Procedimiento Inventec<\/td>\n<\/tr>\n<\/table>\n","protected":false},"excerpt":{"rendered":"<ul>\n<li>Pasta de soldar sin plomo SAC305<\/li>\n<li>Proceso de impresi\u00f3n SMT no limpio<\/li>\n<li>Alta fiabilidad: cumple con la prueba Bono<\/li>\n<\/ul>\n","protected":false},"featured_media":2228,"comment_status":"closed","ping_status":"closed","template":"","meta":{"_acf_changed":false,"inline_featured_image":false},"product_brand":[],"product_cat":[2873],"product_tag":[1352,1350,1351,5199,5032,1349,1287,5191,5215,5155,5168,5169,5195,4005,5211,5231,5219,1688,4006,5248,5251],"class_list":{"0":"post-10046","1":"product","2":"type-product","3":"status-publish","4":"has-post-thumbnail","6":"industries-aeroespacial-y-defensa","7":"industries-automatizacion","8":"industries-automocion","9":"industries-equipos-medico-y-escaneres","10":"industries-medica","11":"product_cat-soluciones-de-pasta-de-soldadura-de-alta-fiabilidad","12":"product_tag-305-es","13":"product_tag-305-21-es","14":"product_tag-30521-es","15":"product_tag-aleacion-sac-305","16":"product_tag-dispensado","17":"product_tag-ecorel-free-305-21-es","18":"product_tag-free-es","19":"product_tag-impresion","20":"product_tag-pasta-de-soldadura-es","21":"product_tag-polvo","22":"product_tag-polvo-tipo-3","23":"product_tag-polvo-tipo-4","24":"product_tag-sac-305","25":"product_tag-smt-es","26":"product_tag-soldadura-smt-es","27":"product_tag-soldadura-tht-es","28":"product_tag-t3","29":"product_tag-t4-es","30":"product_tag-tht-es","31":"product_tag-tipo-3","32":"product_tag-tipo-4","33":"pa_application-soldadura-smt-tht","34":"pa_brand-ecorel-es-2","35":"pa_features-aleacion-sac-305","36":"pa_features-polvo-tipo-3-4","37":"pa_processes-dispensacion","38":"pa_processes-impresion","39":"pa_product-category-pastas-de-soldadura","41":"first","42":"instock","43":"shipping-taxable","44":"product-type-simple"},"acf":[],"_links":{"self":[{"href":"https:\/\/www.inventec.dehon.com\/es\/wp-json\/wp\/v2\/product\/10046","targetHints":{"allow":["GET"]}}],"collection":[{"href":"https:\/\/www.inventec.dehon.com\/es\/wp-json\/wp\/v2\/product"}],"about":[{"href":"https:\/\/www.inventec.dehon.com\/es\/wp-json\/wp\/v2\/types\/product"}],"replies":[{"embeddable":true,"href":"https:\/\/www.inventec.dehon.com\/es\/wp-json\/wp\/v2\/comments?post=10046"}],"wp:featuredmedia":[{"embeddable":true,"href":"https:\/\/www.inventec.dehon.com\/es\/wp-json\/wp\/v2\/media\/2228"}],"wp:attachment":[{"href":"https:\/\/www.inventec.dehon.com\/es\/wp-json\/wp\/v2\/media?parent=10046"}],"wp:term":[{"taxonomy":"product_brand","embeddable":true,"href":"https:\/\/www.inventec.dehon.com\/es\/wp-json\/wp\/v2\/product_brand?post=10046"},{"taxonomy":"product_cat","embeddable":true,"href":"https:\/\/www.inventec.dehon.com\/es\/wp-json\/wp\/v2\/product_cat?post=10046"},{"taxonomy":"product_tag","embeddable":true,"href":"https:\/\/www.inventec.dehon.com\/es\/wp-json\/wp\/v2\/product_tag?post=10046"}],"curies":[{"name":"wp","href":"https:\/\/api.w.org\/{rel}","templated":true}]}}