{"id":10044,"date":"2021-01-15T12:04:28","date_gmt":"2021-01-15T12:04:28","guid":{"rendered":"https:\/\/www.inventec.dehon.com\/product\/ecorel-free-jp32\/"},"modified":"2026-03-16T14:53:31","modified_gmt":"2026-03-16T13:53:31","slug":"ecorel-free-jp32","status":"publish","type":"product","link":"https:\/\/www.inventec.dehon.com\/es\/product\/ecorel-free-jp32\/","title":{"rendered":"ECOREL FREE JP32"},"content":{"rendered":"<p><img decoding=\"async\" src=\"https:\/\/www.inventec.dehon.com\/wp-content\/uploads\/2021\/01\/Ecorel-Free-syringe-1-600x600.png\" alt=\"ECOREL FREE JP32\" class=\"responsive-img\" align=\"right\" style=\"border-radius:10px; margin-bottom:14px; margin-top:-10px; margin-left:15px; width:300px\" \/><\/p>\n<h2 style=\"color:#9bc947; margin-bottom:15px\">Pasta de soldadura para equipos de impresi\u00f3n por chorro<\/h2>\n<ul>\n<li>Pasta de soldadura de aleaci\u00f3n sin plomo Sac 305<\/li>\n<li>Proceso de impresi\u00f3n por chorro<\/li>\n<li>Dep\u00f3sitos de pasta de soldadura consistentes<\/li>\n<\/ul>\n<h5>ECOREL FREE JP32<\/h5>\n<p>Est\u00e1 especialmente dise\u00f1ado para trabajar en equipos de impresi\u00f3n por chorro y garantizar dep\u00f3sitos continuos y consistentes de pasta de soldadura. Aunque el fundente es qu\u00edmicamente inerte, es f\u00e1cil de limpiar con agua o con procesos basados en disolventes. Est\u00e1 optimizado para ser utilizado en equipos de impresi\u00f3n por chorro Mycronic<\/p>\n<p><a href=\"https:\/\/www.inventec.dehon.com\/wp-content\/uploads\/2021\/01\/ECOREL_FREE_JP32_Graph.jpg\" rel=\"inv-colorbox\" title=\"ECOREL FREE JP32\"><img decoding=\"async\" src=\"https:\/\/www.inventec.dehon.com\/wp-content\/uploads\/2021\/01\/ECOREL_FREE_JP32_Graph.jpg\" alt=\"ECOREL FREE JP32 Graph\" width=\"350\" class=\"responsive-img graph\" align=\"left\" style=\"margin-top: -20px; margin-right: 20px; margin-bottom: 5px;\" \/><\/a><\/p>\n<p>El gr\u00e1fico representa nuestra medici\u00f3n reol\u00f3gica, que muestra la muy buena recuperaci\u00f3n tixotr\u00f3pica de Ecorel Free JP32. La recuperaci\u00f3n estable de la viscosidad tras un elevado esfuerzo de cizallamiento sobre la pasta de soldar garantiza dep\u00f3sitos de volumen consistentes.<BR><BR><BR><\/p>\n<p><!-- CARACTER\u00cdSTICAS Section --><\/p>\n<div style=\"font-weight:bold; text-transform:uppercase; border-bottom:2px solid #9DBB2F; padding-bottom:6px; margin-bottom:10px;\">\n  PROPIEDADES\n<\/div>\n<p><!-- OPCIONES DE SERIGRAF\u00cdA TIPO 5 --><\/p>\n<div style=\"font-weight:bold; text-transform:uppercase; margin:20px 0 10px 0;\">\n  OPCIONES DE SERIGRAF\u00cdA TIPO 5\n<\/div>\n<table width=\"100%\" cellpadding=\"0\" cellspacing=\"0\" style=\"border-collapse:collapse; width:100%; max-width:100%;\">\n<tr>\n<th align=\"left\" style=\"background:#7A7A7A; color:#fff; padding:8px 12px; border:1px solid #BDBDBD;\">\n      ESPECIFICACIONES\n    <\/th>\n<th align=\"left\" style=\"background:#7A7A7A; color:#fff; padding:8px 12px; border:1px solid #BDBDBD;\">\n      ECOREL FREE JP32 84.0T5\n    <\/th>\n<th align=\"left\" style=\"background:#7A7A7A; color:#fff; padding:8px 12px; border:1px solid #BDBDBD;\">\n      ECOREL FREE JP32 85.0T5\n    <\/th>\n<\/tr>\n<tr>\n<td style=\"padding:8px 12px; border:1px solid #BDBDBD;\">Aleaci\u00f3n<\/td>\n<td style=\"padding:8px 12px; border:1px solid #BDBDBD;\">Sn96,5Ag3Cu0,5<\/td>\n<td style=\"padding:8px 12px; border:1px solid #BDBDBD;\">Sn96,5Ag3Cu0,5<\/td>\n<\/tr>\n<tr style=\"background:#E6E6E6;\">\n<td style=\"padding:8px 12px; border:1px solid #BDBDBD;\">Punto de fusi\u00f3n<\/td>\n<td style=\"padding:8px 12px; border:1px solid #BDBDBD;\">217\u00b0C\/423\u00b0F<\/td>\n<td style=\"padding:8px 12px; border:1px solid #BDBDBD;\">217\u00b0C\/423\u00b0F<\/td>\n<\/tr>\n<tr>\n<td style=\"padding:8px 12px; border:1px solid #BDBDBD;\">Contenido de metal (%)<\/td>\n<td style=\"padding:8px 12px; border:1px solid #BDBDBD;\">84<\/td>\n<td style=\"padding:8px 12px; border:1px solid #BDBDBD;\">85<\/td>\n<\/tr>\n<tr style=\"background:#E6E6E6;\">\n<td style=\"padding:8px 12px; border:1px solid #BDBDBD;\">Residuos despu\u00e9s del reflujo (w\/w)<\/td>\n<td style=\"padding:8px 12px; border:1px solid #BDBDBD;\">Aproximadamente 5%<\/td>\n<td style=\"padding:8px 12px; border:1px solid #BDBDBD;\">Aproximadamente 5%<\/td>\n<\/tr>\n<tr>\n<td style=\"padding:8px 12px; border:1px solid #BDBDBD;\">Contenido de hal\u00f3geno<\/td>\n<td style=\"padding:8px 12px; border:1px solid #BDBDBD;\">Sin hal\u00f3geno<\/td>\n<td style=\"padding:8px 12px; border:1px solid #BDBDBD;\">Sin hal\u00f3geno<\/td>\n<\/tr>\n<tr style=\"background:#E6E6E6;\">\n<td style=\"padding:8px 12px; border:1px solid #BDBDBD;\">Tama\u00f1o de polvo<\/td>\n<td style=\"padding:8px 12px; border:1px solid #BDBDBD;\">15\u201325 micrones \/ Tipo 5<\/td>\n<td style=\"padding:8px 12px; border:1px solid #BDBDBD;\">15\u201325 micrones \/ Tipo 5<\/td>\n<\/tr>\n<tr>\n<td style=\"padding:8px 12px; border:1px solid #BDBDBD;\">Viscosidad bomba espiral* (Pa.s 25\u00b0C)<\/td>\n<td style=\"padding:8px 12px; border:1px solid #BDBDBD;\">**T\u00edpico 90<\/td>\n<td style=\"padding:8px 12px; border:1px solid #BDBDBD;\">**T\u00edpico 90<\/td>\n<\/tr>\n<tr style=\"background:#E6E6E6;\">\n<td style=\"padding:8px 12px; border:1px solid #BDBDBD;\">Jeringa<\/td>\n<td style=\"padding:8px 12px; border:1px solid #BDBDBD;\">Iwashita<\/td>\n<td style=\"padding:8px 12px; border:1px solid #BDBDBD;\">EFD<\/td>\n<\/tr>\n<tr>\n<td style=\"padding:8px 12px; border:1px solid #BDBDBD;\">Dedicado a equipos<\/td>\n<td style=\"padding:8px 12px; border:1px solid #BDBDBD;\">Mycronic<\/td>\n<td style=\"padding:8px 12px; border:1px solid #BDBDBD;\">\n      Vermes<br \/>Essemtec<br \/>Musashi\n    <\/td>\n<\/tr>\n<\/table>\n<p style=\"font-size:10px; margin-top:5px;\">\n  *El equipo utilizado para probar la viscosidad de la bomba espiral es Malcom a una velocidad de rotaci\u00f3n de 10 rpm.<br \/>\n  **Ajustes leves de la viscosidad posibles despu\u00e9s de finalizar el procedimiento completo de prueba de industrializaci\u00f3n.\n<\/p>\n<p><!-- OPCIONES DE SERIGRAF\u00cdA TIPO 6 --><\/p>\n<div style=\"font-weight:bold; text-transform:uppercase; margin:20px 0 10px 0;\">\n  OPCIONES DE SERIGRAF\u00cdA TIPO 6\n<\/div>\n<table width=\"100%\" cellpadding=\"0\" cellspacing=\"0\" style=\"border-collapse:collapse; width:100%; max-width:100%;\">\n<tr>\n<th align=\"left\" style=\"background:#7A7A7A; color:#fff; padding:8px 12px; border:1px solid #BDBDBD;\">\n      ESPECIFICACIONES\n    <\/th>\n<th align=\"left\" style=\"background:#7A7A7A; color:#fff; padding:8px 12px; border:1px solid #BDBDBD;\">\n      ECOREL FREE JP32 84.0T6\n    <\/th>\n<th align=\"left\" style=\"background:#7A7A7A; color:#fff; padding:8px 12px; border:1px solid #BDBDBD;\">\n      ECOREL FREE JP32 82.0T6\n    <\/th>\n<th align=\"left\" style=\"background:#7A7A7A; color:#fff; padding:8px 12px; border:1px solid #BDBDBD;\">\n      ECOREL FREE JP32 80.0T6\n    <\/th>\n<th align=\"left\" style=\"background:#7A7A7A; color:#fff; padding:8px 12px; border:1px solid #BDBDBD;\">\n      ECOREL FREE JP32 78.0T6\n    <\/th>\n<\/tr>\n<tr>\n<td style=\"padding:8px 12px; border:1px solid #BDBDBD;\">Aleaci\u00f3n<\/td>\n<td style=\"padding:8px 12px; border:1px solid #BDBDBD;\">Sn96,5Ag3Cu0,5<\/td>\n<td style=\"padding:8px 12px; border:1px solid #BDBDBD;\">Sn96,5Ag3Cu0,5<\/td>\n<td style=\"padding:8px 12px; border:1px solid #BDBDBD;\">Sn96,5Ag3Cu0,5<\/td>\n<td style=\"padding:8px 12px; border:1px solid #BDBDBD;\">Sn96,5Ag3Cu0,5<\/td>\n<\/tr>\n<tr style=\"background:#E6E6E6;\">\n<td style=\"padding:8px 12px; border:1px solid #BDBDBD;\">Punto de fusi\u00f3n<\/td>\n<td style=\"padding:8px 12px; border:1px solid #BDBDBD;\">217\u00b0C\/423\u00b0F<\/td>\n<td style=\"padding:8px 12px; border:1px solid #BDBDBD;\">217\u00b0C\/423\u00b0F<\/td>\n<td style=\"padding:8px 12px; border:1px solid #BDBDBD;\">217\u00b0C\/423\u00b0F<\/td>\n<td style=\"padding:8px 12px; border:1px solid #BDBDBD;\">217\u00b0C\/423\u00b0F<\/td>\n<\/tr>\n<tr>\n<td style=\"padding:8px 12px; border:1px solid #BDBDBD;\">Contenido de metal (%)<\/td>\n<td style=\"padding:8px 12px; border:1px solid #BDBDBD;\">84<\/td>\n<td style=\"padding:8px 12px; border:1px solid #BDBDBD;\">82<\/td>\n<td style=\"padding:8px 12px; border:1px solid #BDBDBD;\">80<\/td>\n<td style=\"padding:8px 12px; border:1px solid #BDBDBD;\">78<\/td>\n<\/tr>\n<tr style=\"background:#E6E6E6;\">\n<td style=\"padding:8px 12px; border:1px solid #BDBDBD;\">Residuos despu\u00e9s del reflujo (w\/w)<\/td>\n<td style=\"padding:8px 12px; border:1px solid #BDBDBD;\">Aproximadamente 5%<\/td>\n<td style=\"padding:8px 12px; border:1px solid #BDBDBD;\">Aproximadamente 5%<\/td>\n<td style=\"padding:8px 12px; border:1px solid #BDBDBD;\">Aproximadamente 5%<\/td>\n<td style=\"padding:8px 12px; border:1px solid #BDBDBD;\">Aproximadamente 5%<\/td>\n<\/tr>\n<tr>\n<td style=\"padding:8px 12px; border:1px solid #BDBDBD;\">Contenido de hal\u00f3geno<\/td>\n<td style=\"padding:8px 12px; border:1px solid #BDBDBD;\">Sin hal\u00f3geno<\/td>\n<td style=\"padding:8px 12px; border:1px solid #BDBDBD;\">Sin hal\u00f3geno<\/td>\n<td style=\"padding:8px 12px; border:1px solid #BDBDBD;\">Sin hal\u00f3geno<\/td>\n<td style=\"padding:8px 12px; border:1px solid #BDBDBD;\">Sin hal\u00f3geno<\/td>\n<\/tr>\n<tr style=\"background:#E6E6E6;\">\n<td style=\"padding:8px 12px; border:1px solid #BDBDBD;\">Tama\u00f1o de polvo<\/td>\n<td style=\"padding:8px 12px; border:1px solid #BDBDBD;\">5\u201315 micrones \/ Tipo 6<\/td>\n<td style=\"padding:8px 12px; border:1px solid #BDBDBD;\">5\u201315 micrones \/ Tipo 6<\/td>\n<td style=\"padding:8px 12px; border:1px solid #BDBDBD;\">5\u201315 micrones \/ Tipo 6<\/td>\n<td style=\"padding:8px 12px; border:1px solid #BDBDBD;\">5\u201315 micrones \/ Tipo 6<\/td>\n<\/tr>\n<tr>\n<td style=\"padding:8px 12px; border:1px solid #BDBDBD;\">Viscosidad bomba espiral* (Pa.s 25\u00b0C)<\/td>\n<td style=\"padding:8px 12px; border:1px solid #BDBDBD;\">**T\u00edpico 90<\/td>\n<td style=\"padding:8px 12px; border:1px solid #BDBDBD;\">**T\u00edpico 90<\/td>\n<td style=\"padding:8px 12px; border:1px solid #BDBDBD;\">**T\u00edpico 90<\/td>\n<td style=\"padding:8px 12px; border:1px solid #BDBDBD;\">**T\u00edpico 90<\/td>\n<\/tr>\n<tr style=\"background:#E6E6E6;\">\n<td style=\"padding:8px 12px; border:1px solid #BDBDBD;\">Jeringa<\/td>\n<td style=\"padding:8px 12px; border:1px solid #BDBDBD;\">Iwashita<\/td>\n<td style=\"padding:8px 12px; border:1px solid #BDBDBD;\">EFD<\/td>\n<td style=\"padding:8px 12px; border:1px solid #BDBDBD;\">EFD<\/td>\n<td style=\"padding:8px 12px; border:1px solid #BDBDBD;\">EFD<\/td>\n<\/tr>\n<tr>\n<td style=\"padding:8px 12px; border:1px solid #BDBDBD;\">Dedicado a equipos<\/td>\n<td style=\"padding:8px 12px; border:1px solid #BDBDBD;\">Mycronic<br \/>Musashi<\/td>\n<td style=\"padding:8px 12px; border:1px solid #BDBDBD;\">Vermes<br \/>Essemtec<br \/>Musashi<\/td>\n<td style=\"padding:8px 12px; border:1px solid #BDBDBD;\">Vermes<br \/>Essemtec<br \/>Musashi<\/td>\n<td style=\"padding:8px 12px; border:1px solid #BDBDBD;\">Vermes<br \/>Essemtec<br \/>Musashi<\/td>\n<\/tr>\n<\/table>\n<p style=\"font-size:10px; margin-top:5px;\">\n  *El equipo utilizado para probar la viscosidad de la bomba espiral es Malcom a una velocidad de rotaci\u00f3n de 10 rpm.<br \/>\n  **Ajustes leves de la viscosidad posibles despu\u00e9s de finalizar el procedimiento completo de prueba de industrializaci\u00f3n.\n<\/p>\n<p><!-- TABLA DE CARACTER\u00cdSTICAS --><\/p>\n<div style=\"font-weight:bold; text-transform:uppercase; margin:20px 0 10px 0;\">\n  CARACTER\u00cdSTICAS\n<\/div>\n<table width=\"100%\" cellpadding=\"0\" cellspacing=\"0\" style=\"border-collapse:collapse; width:100%; max-width:100%;\">\n<tr>\n<th align=\"left\" style=\"background:#7A7A7A; color:#fff; padding:8px 12px; border:1px solid #BDBDBD;\">\n      CARACTER\u00cdSTICAS\n    <\/th>\n<th align=\"left\" style=\"background:#7A7A7A; color:#fff; padding:8px 12px; border:1px solid #BDBDBD;\">\n      VALORES\n    <\/th>\n<th align=\"left\" style=\"background:#7A7A7A; color:#fff; padding:8px 12px; border:1px solid #BDBDBD;\">\n      M\u00c9TODO DE PRUEBA\n    <\/th>\n<\/tr>\n<tr>\n<td style=\"padding:8px 12px; border:1px solid #BDBDBD;\">Clasificaci\u00f3n de flujo<\/td>\n<td style=\"padding:8px 12px; border:1px solid #BDBDBD;\">ROL0<\/td>\n<td style=\"padding:8px 12px; border:1px solid #BDBDBD;\">ANSI\/J-STD-004<\/td>\n<\/tr>\n<tr style=\"background:#E6E6E6;\">\n<td style=\"padding:8px 12px; border:1px solid #BDBDBD;\">113<\/td>\n<td style=\"padding:8px 12px; border:1px solid #BDBDBD;\">ISO 9454<\/td>\n<td style=\"padding:8px 12px; border:1px solid #BDBDBD;\">ISO 9454<\/td>\n<\/tr>\n<tr>\n<td style=\"padding:8px 12px; border:1px solid #BDBDBD;\">Prueba de formaci\u00f3n de bolas de soldadura<\/td>\n<td style=\"padding:8px 12px; border:1px solid #BDBDBD;\">Aprobado<\/td>\n<td style=\"padding:8px 12px; border:1px solid #BDBDBD;\">ANSI\/J-STD-005<\/td>\n<\/tr>\n<tr style=\"background:#E6E6E6;\">\n<td style=\"padding:8px 12px; border:1px solid #BDBDBD;\">Prueba de espejo de cobre<\/td>\n<td style=\"padding:8px 12px; border:1px solid #BDBDBD;\">Aprobado<\/td>\n<td style=\"padding:8px 12px; border:1px solid #BDBDBD;\">ANSI\/J-STD-004<\/td>\n<\/tr>\n<tr>\n<td style=\"padding:8px 12px; border:1px solid #BDBDBD;\">Prueba de corrosi\u00f3n de cobre<\/td>\n<td style=\"padding:8px 12px; border:1px solid #BDBDBD;\">Aprobado<\/td>\n<td style=\"padding:8px 12px; border:1px solid #BDBDBD;\">ANSI\/J-STD-004<\/td>\n<\/tr>\n<tr style=\"background:#E6E6E6;\">\n<td style=\"padding:8px 12px; border:1px solid #BDBDBD;\">SIR (IPC)<\/td>\n<td style=\"padding:8px 12px; border:1px solid #BDBDBD;\">Aprobado<\/td>\n<td style=\"padding:8px 12px; border:1px solid #BDBDBD;\">ANSI\/J-STD-004<\/td>\n<\/tr>\n<\/table>\n","protected":false},"excerpt":{"rendered":"<ul>\n<li>Pasta de soldadura de aleaci\u00f3n sin plomo Sac 305<\/li>\n<li>Proceso de impresi\u00f3n por chorro<\/li>\n<li>Dep\u00f3sitos de pasta de soldadura consistentes<\/li>\n<\/ul>\n<p><a href=\"https:\/\/www.inventec.dehon.com\/wp-content\/uploads\/2021\/05\/Capture-decran-2024-06-12-155257.png\"><img decoding=\"async\" class=\"alignleft size-full wp-image-17391\" src=\"https:\/\/www.inventec.dehon.com\/wp-content\/uploads\/2021\/05\/Capture-decran-2024-06-12-155257.png\" alt=\"\" width=\"289\" height=\"256\" \/><\/a><\/p>\n","protected":false},"featured_media":3485,"comment_status":"closed","ping_status":"closed","template":"","meta":{"_acf_changed":false,"inline_featured_image":false},"product_brand":[],"product_cat":[2874,2878],"product_tag":[5100,5199,1286,1287,5080,1288,5215,5104,5096,5155,5170,5171,5195,4005,5211,5231,5223,5227,4006,5249,5250],"class_list":{"0":"post-10044","1":"product","2":"type-product","3":"status-publish","4":"has-post-thumbnail","6":"product_cat-soluciones-de-impresion-por-chorro-y-dispensado-de-pasta-de-soldadura","7":"product_cat-soluciones-de-pasta-de-soldadura-para-miniaturizacion","8":"product_tag-aleacion-con-plomo","9":"product_tag-aleacion-sac-305","10":"product_tag-ecorel-free-jp32-es","11":"product_tag-free-es","12":"product_tag-impresion-por-chorro","13":"product_tag-jp32-es","14":"product_tag-pasta-de-soldadura-es","15":"product_tag-pasta-de-soldadura-con-plomo","16":"product_tag-plomo","17":"product_tag-polvo","18":"product_tag-polvo-tipo-5","19":"product_tag-polvo-tipo-6","20":"product_tag-sac-305","21":"product_tag-smt-es","22":"product_tag-soldadura-smt-es","23":"product_tag-soldadura-tht-es","24":"product_tag-t5","25":"product_tag-t6","26":"product_tag-tht-es","27":"product_tag-tipo-5","28":"product_tag-tipo-6","29":"pa_application-soldadura-smt-tht","30":"pa_brand-ecorel-es-2","31":"pa_features-aleacion-sac-305","32":"pa_features-aleacion-sin-plomo","33":"pa_features-polvo-tipo-5","34":"pa_features-polvo-tipo-6-o-superior","35":"pa_processes-impresion-por-chorro","36":"pa_product-category-pastas-de-soldadura","38":"first","39":"instock","40":"shipping-taxable","41":"product-type-simple"},"acf":[],"_links":{"self":[{"href":"https:\/\/www.inventec.dehon.com\/es\/wp-json\/wp\/v2\/product\/10044","targetHints":{"allow":["GET"]}}],"collection":[{"href":"https:\/\/www.inventec.dehon.com\/es\/wp-json\/wp\/v2\/product"}],"about":[{"href":"https:\/\/www.inventec.dehon.com\/es\/wp-json\/wp\/v2\/types\/product"}],"replies":[{"embeddable":true,"href":"https:\/\/www.inventec.dehon.com\/es\/wp-json\/wp\/v2\/comments?post=10044"}],"wp:featuredmedia":[{"embeddable":true,"href":"https:\/\/www.inventec.dehon.com\/es\/wp-json\/wp\/v2\/media\/3485"}],"wp:attachment":[{"href":"https:\/\/www.inventec.dehon.com\/es\/wp-json\/wp\/v2\/media?parent=10044"}],"wp:term":[{"taxonomy":"product_brand","embeddable":true,"href":"https:\/\/www.inventec.dehon.com\/es\/wp-json\/wp\/v2\/product_brand?post=10044"},{"taxonomy":"product_cat","embeddable":true,"href":"https:\/\/www.inventec.dehon.com\/es\/wp-json\/wp\/v2\/product_cat?post=10044"},{"taxonomy":"product_tag","embeddable":true,"href":"https:\/\/www.inventec.dehon.com\/es\/wp-json\/wp\/v2\/product_tag?post=10044"}],"curies":[{"name":"wp","href":"https:\/\/api.w.org\/{rel}","templated":true}]}}