{"id":10034,"date":"2021-04-07T13:40:45","date_gmt":"2021-04-07T13:40:45","guid":{"rendered":"https:\/\/www.inventec.dehon.com\/product\/promoclean-tp-1114\/"},"modified":"2026-03-16T14:32:57","modified_gmt":"2026-03-16T13:32:57","slug":"promoclean-tp-1114","status":"publish","type":"product","link":"https:\/\/www.inventec.dehon.com\/es\/product\/promoclean-tp-1114\/","title":{"rendered":"PROMOCLEAN TP 1114"},"content":{"rendered":"<p><img decoding=\"async\" src=\"https:\/\/www.inventec.dehon.com\/wp-content\/uploads\/2021\/04\/PROMOCLEAN-canister-blue.png\" alt=\"PROMOCLEAN TP 1114\" class=\"responsive-img\" align=\"right\" style=\"border-radius:10px; margin-bottom:10px; margin-top:-10px; margin-left:15px; width:300px\" \/><\/p>\n<h2 style=\"color:#9bc947; margin-bottom:15px\">Eliminaci\u00f3n de pastas de pulido y aceites<\/h2>\n<ul>\n<li>Eliminaci\u00f3n de pastas y aceites de pulido en piezas met\u00e1licas<\/li>\n<li>Proceso de inmersi\u00f3n acuosa con ultrasonidos<\/li>\n<li>Duraci\u00f3n del ba\u00f1o muy larga y protecci\u00f3n temporal<\/li>\n<\/ul>\n<h5>PROMOCLEAN TP 1114<\/h5>\n<p>Est\u00e1 especialmente dise\u00f1ado para la eliminaci\u00f3n de pastas de pulir, hidrocarburos y aceites solubles en agua. Est\u00e1 dedicado al proceso de inmersi\u00f3n acuosa con agitaci\u00f3n ultras\u00f3nica. Gracias a su pH medio, no da\u00f1a la mayor\u00eda de las aleaciones ferrosas y no ferrosas sensibles, como inox, aluminio, titanio, cobre o lat\u00f3n. Tambi\u00e9n se puede utilizar en metales preciosos como el oro y la plata.<\/p>\n<p>Adem\u00e1s, <strong>PROMOCLEAN TP 1114<\/strong> proporciona una protecci\u00f3n temporal media contra la corrosi\u00f3n gracias a sus propiedades de pasivaci\u00f3n. Esto hace que el producto sea especialmente adecuado para la interoperabilidad antes del siguiente paso operativo, dejando las piezas protegidas durante 1-3 d\u00edas (dependiendo de las condiciones del entorno). <\/p>\n<p>En caso de que se necesite un mayor nivel de protecci\u00f3n temporal, recomendamos el <a href=\"https:\/\/www.inventec.dehon.com\/es\/product\/promoclean-tp-1117\/\">PROMOCLEAN TP 1117<\/a>.<\/p>\n<p><strong>PROMOCLEAN TP 1114<\/strong> est\u00e1 calificado y es utilizado por varios actores en la fabricaci\u00f3n de relojes de lujo, joyas y piezas m\u00e9dicas.<\/p>\n<div style=\"font-family:Lato; color:#333;\">\n<div style=\"font-weight:bold; text-transform:uppercase; border-bottom:2px solid #9DBB2F; padding-bottom:6px; margin-bottom:10px;\">\n    ESPECIFICACIONES\n  <\/div>\n<table width=\"100%\" cellpadding=\"0\" cellspacing=\"0\" style=\"border-collapse:collapse; width:100%; max-width:100%;\">\n<tr>\n<th align=\"left\" style=\"background:#7A7A7A; color:#fff; padding:8px 12px; border:1px solid #BDBDBD;\">\n        ESPECIFICACIONES\n      <\/th>\n<th align=\"left\" style=\"background:#7A7A7A; color:#fff; padding:8px 12px; border:1px solid #BDBDBD;\">\n        VALORES\n      <\/th>\n<th align=\"left\" style=\"background:#7A7A7A; color:#fff; padding:8px 12px; border:1px solid #BDBDBD;\">\n        M\u00c9TODOS\n      <\/th>\n<\/tr>\n<tr>\n<td style=\"padding:8px 12px; border:1px solid #BDBDBD;\">Aspecto<\/td>\n<td style=\"padding:8px 12px; border:1px solid #BDBDBD;\">Marr\u00f3n claro<\/td>\n<td style=\"padding:8px 12px; border:1px solid #BDBDBD;\">Visual<\/td>\n<\/tr>\n<tr style=\"background:#E6E6E6;\">\n<td style=\"padding:8px 12px; border:1px solid #BDBDBD;\">Densidad a 20 \u00b0C (g\/ml)<\/td>\n<td style=\"padding:8px 12px; border:1px solid #BDBDBD;\">1,05 \u00b1 0,01<\/td>\n<td style=\"padding:8px 12px; border:1px solid #BDBDBD;\">BRY-MO-028<\/td>\n<\/tr>\n<tr>\n<td style=\"padding:8px 12px; border:1px solid #BDBDBD;\">pH del producto puro<\/td>\n<td style=\"padding:8px 12px; border:1px solid #BDBDBD;\">11,0 \u00b1 0,5<\/td>\n<td style=\"padding:8px 12px; border:1px solid #BDBDBD;\">BRY-MO-011<\/td>\n<\/tr>\n<tr style=\"background:#E6E6E6;\">\n<td style=\"padding:8px 12px; border:1px solid #BDBDBD;\">pH al 1 %<\/td>\n<td style=\"padding:8px 12px; border:1px solid #BDBDBD;\">10,1 \u00b1 0,5<\/td>\n<td style=\"padding:8px 12px; border:1px solid #BDBDBD;\">BRY-MO-011<\/td>\n<\/tr>\n<\/table>\n<\/div>\n<div style=\"font-family:Lato; color:#333;\">\n<div style=\"font-weight:bold; text-transform:uppercase; border-bottom:2px solid #9DBB2F; padding-bottom:6px; margin:30px 0 10px;\">\n    CARACTER\u00cdSTICAS\n  <\/div>\n<table width=\"100%\" cellpadding=\"0\" cellspacing=\"0\" style=\"border-collapse:collapse; width:100%; max-width:100%;\">\n<tr>\n<th align=\"left\" style=\"background:#7A7A7A; color:#fff; padding:8px 12px; border:1px solid #BDBDBD;\">\n        CARACTER\u00cdSTICAS\n      <\/th>\n<th align=\"left\" style=\"background:#7A7A7A; color:#fff; padding:8px 12px; border:1px solid #BDBDBD;\">\n        VALORES\n      <\/th>\n<\/tr>\n<tr>\n<td style=\"padding:8px 12px; border:1px solid #BDBDBD;\">Solubilidad en agua<\/td>\n<td style=\"padding:8px 12px; border:1px solid #BDBDBD;\">Totalmente soluble<\/td>\n<\/tr>\n<tr style=\"background:#E6E6E6;\">\n<td style=\"padding:8px 12px; border:1px solid #BDBDBD;\">Tensi\u00f3n superficial al 1 %<\/td>\n<td style=\"padding:8px 12px; border:1px solid #BDBDBD;\">28 dinas\/cm2<\/td>\n<\/tr>\n<\/table>\n<\/div>\n","protected":false},"excerpt":{"rendered":"<ul>\n<li>Eliminaci\u00f3n de pastas y aceites de pulido en piezas met\u00e1licas<\/li>\n<li>Proceso de inmersi\u00f3n acuosa con ultrasonidos<\/li>\n<li>Duraci\u00f3n del ba\u00f1o muy larga y protecci\u00f3n temporal<\/li>\n<\/ul>\n<p><a href=\"https:\/\/www.inventec.dehon.com\/wp-content\/uploads\/2021\/05\/GW-Score-27.png\"><img decoding=\"async\" class=\"alignnone wp-image-15075\" src=\"https:\/\/www.inventec.dehon.com\/wp-content\/uploads\/2021\/05\/GW-Score-27.png\" alt=\"\" width=\"40\" height=\"34\" \/><\/a><\/p>\n","protected":false},"featured_media":2433,"comment_status":"closed","ping_status":"closed","template":"","meta":{"_acf_changed":false,"inline_featured_image":false},"product_brand":[],"product_cat":[2901,2904],"product_tag":[2067,4824,4395,4419,4327,4259,4263,4255,2011,2065,4816,2068,2066,4471],"class_list":{"0":"post-10034","1":"product","2":"type-product","3":"status-publish","4":"has-post-thumbnail","6":"industries-aeroespacial-y-defensa","7":"industries-automocion","8":"industries-chasis-conduccion-y-direccion","9":"industries-medica","10":"industries-motores","11":"industries-sistemas-de-aterrizaje","12":"industries-tren-motriz","13":"product_cat-eliminacion-de-aceite-en-diversos-componentes-metalicos","14":"product_cat-proceso-de-eliminacion-de-pasta-de-pulido","15":"product_tag-1114-es","16":"product_tag-a-base-de-agua","17":"product_tag-eliminacion-de-aceite-es","18":"product_tag-eliminacion-de-pasta-de-pulido-es","19":"product_tag-greenway","20":"product_tag-inmersion-acuosa","21":"product_tag-inmersion-acuosa-ultrasonica","22":"product_tag-liquidos-de-limpieza-acuosos","23":"product_tag-promoclean-es","24":"product_tag-promoclean-tp-1114-es","25":"product_tag-proteccion-temporal","26":"product_tag-tp-es","27":"product_tag-tp-1114-es","28":"product_tag-ultrasonido","29":"pa_application-eliminacion-de-aceites","30":"pa_application-eliminacion-de-pasta-de-pulido","31":"pa_brand-promoclean-es","32":"pa_features-adecuado-para-base-acuosa","33":"pa_features-con-proteccion-temporal","34":"pa_features-greenway","35":"pa_processes-inmersion-ultrasonica-acuosa","36":"pa_product-category-fluidos-de-limpieza-acuosos","38":"first","39":"instock","40":"shipping-taxable","41":"product-type-simple"},"acf":[],"_links":{"self":[{"href":"https:\/\/www.inventec.dehon.com\/es\/wp-json\/wp\/v2\/product\/10034","targetHints":{"allow":["GET"]}}],"collection":[{"href":"https:\/\/www.inventec.dehon.com\/es\/wp-json\/wp\/v2\/product"}],"about":[{"href":"https:\/\/www.inventec.dehon.com\/es\/wp-json\/wp\/v2\/types\/product"}],"replies":[{"embeddable":true,"href":"https:\/\/www.inventec.dehon.com\/es\/wp-json\/wp\/v2\/comments?post=10034"}],"wp:featuredmedia":[{"embeddable":true,"href":"https:\/\/www.inventec.dehon.com\/es\/wp-json\/wp\/v2\/media\/2433"}],"wp:attachment":[{"href":"https:\/\/www.inventec.dehon.com\/es\/wp-json\/wp\/v2\/media?parent=10034"}],"wp:term":[{"taxonomy":"product_brand","embeddable":true,"href":"https:\/\/www.inventec.dehon.com\/es\/wp-json\/wp\/v2\/product_brand?post=10034"},{"taxonomy":"product_cat","embeddable":true,"href":"https:\/\/www.inventec.dehon.com\/es\/wp-json\/wp\/v2\/product_cat?post=10034"},{"taxonomy":"product_tag","embeddable":true,"href":"https:\/\/www.inventec.dehon.com\/es\/wp-json\/wp\/v2\/product_tag?post=10034"}],"curies":[{"name":"wp","href":"https:\/\/api.w.org\/{rel}","templated":true}]}}