{"id":10028,"date":"2021-03-01T07:31:40","date_gmt":"2021-03-01T07:31:40","guid":{"rendered":"https:\/\/www.inventec.dehon.com\/product\/abchimie-746e-uv-led\/"},"modified":"2026-03-04T09:45:22","modified_gmt":"2026-03-04T08:45:22","slug":"abchimie-746e-uv-led","status":"publish","type":"product","link":"https:\/\/www.inventec.dehon.com\/es\/product\/abchimie-746e-uv-led\/","title":{"rendered":"ABCHIMIE 746E UV LED"},"content":{"rendered":"<p><img decoding=\"async\" src=\"https:\/\/www.inventec.dehon.com\/wp-content\/uploads\/2021\/03\/AB-CHIMIE-coat-drum-1-600x600.jpg\" alt=\"ABCHIMIE 746E UV LED\" class=\"responsive-img\" align=\"right\" style=\"border-radius:10px; margin-bottom:10px; margin-top:-10px; margin-left:15px; width:300px\" \/><\/p>\n<h2 style=\"color:#9bc947; margin-bottom:15px\">Protege las placas de circuito impreso en condiciones extremas<\/h2>\n<ul>\n<li>Recubrimiento conformado curado por LED UV<\/li>\n<li>Pulverizaci\u00f3n selectiva, pistola y cepillo<\/li>\n<li>Curado r\u00e1pido y sin COV<\/li>\n<\/ul>\n<h5>ABCHIMIE 746E UV LED<\/h5>\n<p>Es un componente individual transparente dise\u00f1ado para proteger las placas de circuitos impresos sometidas a entornos dif\u00edciles. Cuenta con tecnolog\u00eda de doble curado (UV &#8211; humedad) para la reticulaci\u00f3n en las sombras. Se puede aplicar con brocha, tamp\u00f3n, m\u00e1quina de pulverizaci\u00f3n y, por supuesto, con m\u00e1quina de recubrimiento selectivo, que es la forma ideal de aplicaci\u00f3n. La baja viscosidad permite limitar el espesor en torno a las 80 micras.<\/p>\n<p><strong>ABCHIMIE 746E UV LED<\/strong> cumple con las normativas REACH y RoHS.<BR>Aprobado <strong>UL94 V0<\/strong> (QMJU2-E308681) \/ Aprobado <strong>UL746E<\/strong>.<\/p>\n<p><a href=\"https:\/\/www.abchimie.com\/\" target=\"_blank\" rel=\"noopener\"><img decoding=\"async\" class=\"alignnone responsive-img wp-image-2452\" src=\"https:\/\/inventec.dehon.com\/wp-content\/uploads\/2021\/04\/Logo-ABCHIMIE-GR.png\" rel=\"inv-colorbox\" title=\"ABCHIMIE 746E UV LED\" alt=\"ABCHIMIE 746E UV LED\" width=\"150\" height=\"89\" srcset=\"https:\/\/www.inventec.dehon.com\/wp-content\/uploads\/2021\/04\/Logo-ABCHIMIE-GR.png 6545w, https:\/\/www.inventec.dehon.com\/wp-content\/uploads\/2021\/04\/Logo-ABCHIMIE-GR-300x178.png 300w, https:\/\/www.inventec.dehon.com\/wp-content\/uploads\/2021\/04\/Logo-ABCHIMIE-GR-1024x607.png 1024w, https:\/\/www.inventec.dehon.com\/wp-content\/uploads\/2021\/04\/Logo-ABCHIMIE-GR-768x455.png 768w, https:\/\/www.inventec.dehon.com\/wp-content\/uploads\/2021\/04\/Logo-ABCHIMIE-GR-1536x911.png 1536w, https:\/\/www.inventec.dehon.com\/wp-content\/uploads\/2021\/04\/Logo-ABCHIMIE-GR-2048x1214.png 2048w, https:\/\/www.inventec.dehon.com\/wp-content\/uploads\/2021\/04\/Logo-ABCHIMIE-GR-600x356.png 600w\" sizes=\"(max-width: 150px) 100vw, 150px\" \/><\/a><\/p>\n","protected":false},"excerpt":{"rendered":"<ul>\n<li>Recubrimiento conformado curado por LED UV<\/li>\n<li>Pulverizaci\u00f3n selectiva, pistola y cepillo<\/li>\n<li>Curado r\u00e1pido y sin COV<\/li>\n<\/ul>\n","protected":false},"featured_media":24441,"comment_status":"closed","ping_status":"closed","template":"","meta":{"_acf_changed":false,"inline_featured_image":false},"product_brand":[],"product_cat":[2907,810,2909],"product_tag":[1785,1784,1783,5497,4636,4644,4652,4648,1861,5319,4387,3749,5493,4279,4672,5461,4656,4660,4435,4455,5481,1798,1786],"class_list":{"0":"post-10028","1":"product","2":"type-product","3":"status-publish","4":"has-post-thumbnail","6":"industries-aeroespacial-y-defensa","7":"industries-automatizacion","8":"industries-automocion","9":"industries-medica","10":"product_cat-asociacion-entre-abchimie-e-inventec","11":"product_cat-proteccion","12":"product_cat-soluciones-de-recubrimientos-conformados-curados-por-uv","13":"product_tag-746e-es","14":"product_tag-abchimie-es","15":"product_tag-abchimie-746e-uv-led-es","16":"product_tag-aplicacion-con-pistola-de-pulverizacion","17":"product_tag-aplicar-con-pincel","18":"product_tag-aplicar-por-pulverizacion-selectiva","19":"product_tag-componentes-electronicos","20":"product_tag-curado","21":"product_tag-led-es","22":"product_tag-libre-de-cov-es","23":"product_tag-no-inflamable","24":"product_tag-pcb-es","25":"product_tag-pistola-de-pulverizacion","26":"product_tag-proteccion-es","27":"product_tag-rastreador-uv","28":"product_tag-recubrimientos-de-proteccion","29":"product_tag-reparable","30":"product_tag-reparable-a-traves-de-soldadura","31":"product_tag-rohs","32":"product_tag-spray","33":"product_tag-tampografia","34":"product_tag-uv-es","35":"product_tag-uv-led-es","36":"pa_application-pcb-y-componentes-electronicos","37":"pa_brand-abchimie-es-2","38":"pa_features-libre-de-cov","39":"pa_features-rastreador-uv","40":"pa_features-reparacion-mediante-soldadura-pasante","41":"pa_processes-aplicacion-con-brocha","42":"pa_processes-aplicacion-con-pistola-de-pulverizacion","43":"pa_processes-aplicacion-por-pulverizacion-selectiva","44":"pa_processes-curado-con-led-uv","45":"pa_product-category-recubrimiento-conforme","47":"first","48":"instock","49":"shipping-taxable","50":"product-type-simple"},"acf":[],"_links":{"self":[{"href":"https:\/\/www.inventec.dehon.com\/es\/wp-json\/wp\/v2\/product\/10028","targetHints":{"allow":["GET"]}}],"collection":[{"href":"https:\/\/www.inventec.dehon.com\/es\/wp-json\/wp\/v2\/product"}],"about":[{"href":"https:\/\/www.inventec.dehon.com\/es\/wp-json\/wp\/v2\/types\/product"}],"replies":[{"embeddable":true,"href":"https:\/\/www.inventec.dehon.com\/es\/wp-json\/wp\/v2\/comments?post=10028"}],"wp:featuredmedia":[{"embeddable":true,"href":"https:\/\/www.inventec.dehon.com\/es\/wp-json\/wp\/v2\/media\/24441"}],"wp:attachment":[{"href":"https:\/\/www.inventec.dehon.com\/es\/wp-json\/wp\/v2\/media?parent=10028"}],"wp:term":[{"taxonomy":"product_brand","embeddable":true,"href":"https:\/\/www.inventec.dehon.com\/es\/wp-json\/wp\/v2\/product_brand?post=10028"},{"taxonomy":"product_cat","embeddable":true,"href":"https:\/\/www.inventec.dehon.com\/es\/wp-json\/wp\/v2\/product_cat?post=10028"},{"taxonomy":"product_tag","embeddable":true,"href":"https:\/\/www.inventec.dehon.com\/es\/wp-json\/wp\/v2\/product_tag?post=10028"}],"curies":[{"name":"wp","href":"https:\/\/api.w.org\/{rel}","templated":true}]}}