{"id":10018,"date":"2021-04-22T08:42:42","date_gmt":"2021-04-22T08:42:42","guid":{"rendered":"https:\/\/www.inventec.dehon.com\/product\/promosolv-coat-ut10-uv\/"},"modified":"2026-01-22T16:33:09","modified_gmt":"2026-01-22T15:33:09","slug":"promosolv-coat-ut10-uv","status":"publish","type":"product","link":"https:\/\/www.inventec.dehon.com\/es\/product\/promosolv-coat-ut10-uv\/","title":{"rendered":"PROMOSOLV COAT UT10-UV"},"content":{"rendered":"<p><img decoding=\"async\" src=\"https:\/\/www.inventec.dehon.com\/wp-content\/uploads\/2021\/04\/PROMOSOLV-Coat-drum-600x600.png\" alt=\"PROMOSOLV COAT UT10-UV\" class=\"responsive-img\" align=\"right\" style=\"border-radius:10px; margin-bottom:10px; margin-top:-10px; margin-left:15px; width:300px\" \/><\/p>\n<h2 style=\"color:#9bc947; margin-bottom:15px\">Disolvente portador de alto rendimiento para recubrimientos ultrafinos<\/h2>\n<ul>\n<li>Revestimiento hidrof\u00f3bico y oleof\u00f3bico ultrafino con trazador UV<\/li>\n<li>Proceso de inmersi\u00f3n y pulverizaci\u00f3n<\/li>\n<li>Proceso f\u00e1cil y r\u00e1pido<\/li>\n<\/ul>\n<h5>PROMOSOLV COAT UT10-UV<\/h5>\n<p>Un revestimiento ultrafino transparente, hidrof\u00f3bico y oleof\u00f3bico, para proteger la electr\u00f3nica y otras superficies contra la humedad, la corrosi\u00f3n y otras condiciones ambientales que podr\u00edan poner en peligro la fiabilidad del dispositivo o la superficie. Se adhiere bien a una amplia variedad de sustratos materiales como pl\u00e1stico, vidrio, metal y cer\u00e1mica. Este producto est\u00e1 formulado con un trazador UV para su f\u00e1cil detecci\u00f3n bajo luz ultravioleta con el fin de apoyar el control de calidad.<\/p>\n<div style=\"display:flex; flex-wrap:wrap; justify-content:space-between;\">\n<p>  <!-- WITHOUT COATING --><\/p>\n<div style=\"text-align:center; margin-left:-45px\">\n    <strong style=\"font-size:18px; display:block; margin-bottom:-45px\"><br \/>\n      PCBA  Sin recubrimiento<br \/>\n    <\/strong><br \/>\n    <a href=\"https:\/\/www.inventec.dehon.com\/wp-content\/uploads\/2021\/02\/DSC_3117-scaled.jpg\" rel=\"inv-colorbox\" title=\"PROMOSOLV COAT UT10-UV\"><br \/>\n      <img decoding=\"async\" \n        src=\"https:\/\/www.inventec.dehon.com\/wp-content\/uploads\/2021\/02\/DSC_3117-300x200.jpg\"\n        alt=\"PROMOSOLV COAT UT10 Without coating\"\n        style=\"max-width:100%; height:auto; margin-top:0; border-radius:10px\"\n      \/><br \/>\n    <\/a>\n  <\/div>\n<p>  <!-- WITH COATING --><\/p>\n<div style=\"text-align:center; margin-left:-30px\">\n    <strong style=\"font-size:18px; display:block; margin-bottom:-45px\"><br \/>\n      PCBA Con recubrimiento<br \/>\n    <\/strong><br \/>\n    <a href=\"https:\/\/www.inventec.dehon.com\/wp-content\/uploads\/2021\/03\/DSC_3231-scaled.jpg\" rel=\"inv-colorbox\" title=\"PROMOSOLV COAT UT10-UV\"><br \/>\n      <img decoding=\"async\" \n        src=\"https:\/\/www.inventec.dehon.com\/wp-content\/uploads\/2021\/03\/DSC_3231-300x200.jpg\"\n        alt=\"With coating PROMOSOLV COAT UT10\"\n        style=\"max-width:100%; height:auto; margin-top:0; border-radius:10px\"\n      \/><br \/>\n    <\/a>\n  <\/div>\n<\/div>\n<p><BR><BR><\/p>\n<p><!-- PROPIEDADES Section --><\/p>\n<div style=\"font-weight:bold; text-transform:uppercase; border-bottom:2px solid #9DBB2F; padding-bottom:6px; margin-bottom:10px;\">\n  PROPIEDADES\n<\/div>\n<table width=\"100%\" cellpadding=\"0\" cellspacing=\"0\" style=\"border-collapse:collapse; width:100%; max-width:100%;\">\n<tr>\n<th align=\"left\" style=\"background:#7A7A7A; color:#fff; padding:8px 12px; border:1px solid #BDBDBD;\">CONTENIDO S\u00d3LIDO (PESO %)<\/th>\n<th align=\"left\" style=\"background:#7A7A7A; color:#fff; padding:8px 12px; border:1px solid #BDBDBD;\">ESPESOR DE LA PEL\u00cdCULA<\/th>\n<\/tr>\n<tr>\n<td style=\"padding:8px 12px; border:1px solid #BDBDBD;\">2%<\/td>\n<td style=\"padding:8px 12px; border:1px solid #BDBDBD;\">Inmersi\u00f3n: 0,1\u20130,2 micras \/ Pulverizaci\u00f3n: t\u00edpicamente 2 micras<\/td>\n<\/tr>\n<tr style=\"background:#E6E6E6;\">\n<td style=\"padding:8px 12px; border:1px solid #BDBDBD;\">4%<\/td>\n<td style=\"padding:8px 12px; border:1px solid #BDBDBD;\">Inmersi\u00f3n: 0,2\u20130,4 micras \/ Pulverizaci\u00f3n: t\u00edpicamente 4 micras<\/td>\n<\/tr>\n<tr>\n<td style=\"padding:8px 12px; border:1px solid #BDBDBD;\">8%<\/td>\n<td style=\"padding:8px 12px; border:1px solid #BDBDBD;\">Inmersi\u00f3n: 0,8\u20131 micras \/ Pulverizaci\u00f3n: no aplicable<\/td>\n<\/tr>\n<\/table>\n<p><!-- PROPIEDADES DEL L\u00cdQUIDO Section --><\/p>\n<div style=\"font-weight:bold; text-transform:uppercase; border-bottom:2px solid #9DBB2F; padding-bottom:6px; margin:30px 0 10px 0;\">\n  PROPIEDADES DEL L\u00cdQUIDO\n<\/div>\n<table width=\"100%\" cellpadding=\"0\" cellspacing=\"0\" style=\"border-collapse:collapse; width:100%; max-width:100%;\">\n<tr>\n<th align=\"left\" style=\"background:#7A7A7A; color:#fff; padding:8px 12px; border:1px solid #BDBDBD;\">CARACTER\u00cdSTICAS<\/th>\n<th align=\"left\" style=\"background:#7A7A7A; color:#fff; padding:8px 12px; border:1px solid #BDBDBD;\">VALORES<\/th>\n<\/tr>\n<tr>\n<td style=\"padding:8px 12px; border:1px solid #BDBDBD;\">Naturaleza qu\u00edmica<\/td>\n<td style=\"padding:8px 12px; border:1px solid #BDBDBD;\">Fluoropol\u00edmero<\/td>\n<\/tr>\n<tr style=\"background:#E6E6E6;\">\n<td style=\"padding:8px 12px; border:1px solid #BDBDBD;\">Aspecto<\/td>\n<td style=\"padding:8px 12px; border:1px solid #BDBDBD;\">Transparente a ligeramente turbio<\/td>\n<\/tr>\n<tr>\n<td style=\"padding:8px 12px; border:1px solid #BDBDBD;\">Densidad (g\/cm\u00b3) a 20\u00b0C<\/td>\n<td style=\"padding:8px 12px; border:1px solid #BDBDBD;\">1,4<\/td>\n<\/tr>\n<tr style=\"background:#E6E6E6;\">\n<td style=\"padding:8px 12px; border:1px solid #BDBDBD;\">Tipo de disolvente<\/td>\n<td style=\"padding:8px 12px; border:1px solid #BDBDBD;\">Hidrofluoro\u00e9ter<\/td>\n<\/tr>\n<tr>\n<td style=\"padding:8px 12px; border:1px solid #BDBDBD;\">Nombre del producto disolvente<\/td>\n<td style=\"padding:8px 12px; border:1px solid #BDBDBD;\">DILUANT 10<\/td>\n<\/tr>\n<tr style=\"background:#E6E6E6;\">\n<td style=\"padding:8px 12px; border:1px solid #BDBDBD;\">Punto de ebullici\u00f3n del disolvente<\/td>\n<td style=\"padding:8px 12px; border:1px solid #BDBDBD;\">61\u201376\u00b0C \/ 142\u2013169\u00b0F<\/td>\n<\/tr>\n<tr>\n<td style=\"padding:8px 12px; border:1px solid #BDBDBD;\">Punto de inflamaci\u00f3n<\/td>\n<td style=\"padding:8px 12px; border:1px solid #BDBDBD;\">Ninguno<\/td>\n<\/tr>\n<tr style=\"background:#E6E6E6;\">\n<td style=\"padding:8px 12px; border:1px solid #BDBDBD;\">Viscosidad (cSt)<\/td>\n<td style=\"padding:8px 12px; border:1px solid #BDBDBD;\">~1<\/td>\n<\/tr>\n<tr>\n<td style=\"padding:8px 12px; border:1px solid #BDBDBD;\">Tensi\u00f3n superficial (mN\/m o dinas\/cm)<\/td>\n<td style=\"padding:8px 12px; border:1px solid #BDBDBD;\">13,6<\/td>\n<\/tr>\n<\/table>\n<p><!-- PROPIEDADES DE LA PEL\u00cdCULA Section --><\/p>\n<div style=\"font-weight:bold; text-transform:uppercase; border-bottom:2px solid #9DBB2F; padding-bottom:6px; margin:30px 0 10px 0;\">\n  PROPIEDADES DE LA PEL\u00cdCULA\n<\/div>\n<table width=\"100%\" cellpadding=\"0\" cellspacing=\"0\" style=\"border-collapse:collapse; width:100%; max-width:100%;\">\n<tr>\n<th align=\"left\" style=\"background:#7A7A7A; color:#fff; padding:8px 12px; border:1px solid #BDBDBD;\">CARACTER\u00cdSTICAS<\/th>\n<th align=\"left\" style=\"background:#7A7A7A; color:#fff; padding:8px 12px; border:1px solid #BDBDBD;\">VALORES<\/th>\n<\/tr>\n<tr>\n<td style=\"padding:8px 12px; border:1px solid #BDBDBD;\">Aspecto<\/td>\n<td style=\"padding:8px 12px; border:1px solid #BDBDBD;\">Claro, incoloro<\/td>\n<\/tr>\n<tr style=\"background:#E6E6E6;\">\n<td style=\"padding:8px 12px; border:1px solid #BDBDBD;\">Energ\u00eda superficial (dinas\/cm)<\/td>\n<td style=\"padding:8px 12px; border:1px solid #BDBDBD;\">5\u201310<\/td>\n<\/tr>\n<tr>\n<td style=\"padding:8px 12px; border:1px solid #BDBDBD;\">\u00c1ngulo de contacto (ASTM D7334-08)<\/td>\n<td style=\"padding:8px 12px; border:1px solid #BDBDBD;\">120\u00b0 agua \u2013 80\u00b0 aceite<\/td>\n<\/tr>\n<tr style=\"background:#E6E6E6;\">\n<td style=\"padding:8px 12px; border:1px solid #BDBDBD;\">Estabilidad t\u00e9rmica<\/td>\n<td style=\"padding:8px 12px; border:1px solid #BDBDBD;\">150\u00b0C continuos \/ 250\u00b0C durante una hora<\/td>\n<\/tr>\n<tr>\n<td style=\"padding:8px 12px; border:1px solid #BDBDBD;\">Reparabilidad mediante soldadura<\/td>\n<td style=\"padding:8px 12px; border:1px solid #BDBDBD;\">S\u00ed<\/td>\n<\/tr>\n<tr style=\"background:#E6E6E6;\">\n<td style=\"padding:8px 12px; border:1px solid #BDBDBD;\">Resistencia a disolventes y productos qu\u00edmicos<\/td>\n<td style=\"padding:8px 12px; border:1px solid #BDBDBD;\">Excelente<\/td>\n<\/tr>\n<tr>\n<td style=\"padding:8px 12px; border:1px solid #BDBDBD;\">\u00cdndice de refracci\u00f3n<\/td>\n<td style=\"padding:8px 12px; border:1px solid #BDBDBD;\">~1,35<\/td>\n<\/tr>\n<tr style=\"background:#E6E6E6;\">\n<td style=\"padding:8px 12px; border:1px solid #BDBDBD;\">Tg (temperatura de transici\u00f3n v\u00edtrea)<\/td>\n<td style=\"padding:8px 12px; border:1px solid #BDBDBD;\">75\u00b0C<\/td>\n<\/tr>\n<tr>\n<td style=\"padding:8px 12px; border:1px solid #BDBDBD;\">Rigidez diel\u00e9ctrica<\/td>\n<td style=\"padding:8px 12px; border:1px solid #BDBDBD;\">2500 V\/mil (2500 V\/25\u03bcm)<\/td>\n<\/tr>\n<tr style=\"background:#E6E6E6;\">\n<td style=\"padding:8px 12px; border:1px solid #BDBDBD;\">Constante diel\u00e9ctrica<\/td>\n<td style=\"padding:8px 12px; border:1px solid #BDBDBD;\">2,25 @100 KHz<\/td>\n<\/tr>\n<tr>\n<td style=\"padding:8px 12px; border:1px solid #BDBDBD;\">Factor de disipaci\u00f3n<\/td>\n<td style=\"padding:8px 12px; border:1px solid #BDBDBD;\">0,016 @100 KHz<\/td>\n<\/tr>\n<tr style=\"background:#E6E6E6;\">\n<td style=\"padding:8px 12px; border:1px solid #BDBDBD;\">Resistividad volum\u00e9trica<\/td>\n<td style=\"padding:8px 12px; border:1px solid #BDBDBD;\">4,5\u00d710\u00b9\u2075 \u03a9\u00b7cm<\/td>\n<\/tr>\n<tr>\n<td style=\"padding:8px 12px; border:1px solid #BDBDBD;\">Certificados de no inflamabilidad<\/td>\n<td style=\"padding:8px 12px; border:1px solid #BDBDBD;\">UL94 V-0 \/ NF EN 60695-11-10<\/td>\n<\/tr>\n<\/table>\n<p><BR><\/p>\n<p><strong>PROMOSOLV COAT UT10-UV<\/strong> est\u00e1 disponible actualmente con un contenido de s\u00f3lidos del 2% y del 4%. Un mayor contenido de s\u00f3lidos aumentar\u00e1 el grosor del revestimiento.<\/p>\n<p><strong>PROMOSOLV COAT UT10<\/strong> puede considerarse como un reemplazo del <strong>3M Novec 2704<\/strong>, que se retirar\u00e1 voluntariamente a finales de 2025. Para m\u00e1s informaci\u00f3n sobre el anuncio de 3M sobre la descontinuaci\u00f3n de los productos Novec, haga clic en este <a href=\"https:\/\/www.inventec.dehon.com\/es\/buscando-un-reemplazo-para-3m-novec\/soluciones-de-proteccion-para-el-reemplazo-de-3m-novec\/\">enlace<\/a>.<\/p>\n","protected":false},"excerpt":{"rendered":"<ul>\n<li>Revestimiento hidrof\u00f3bico y oleof\u00f3bico ultrafino con trazador UV<\/li>\n<li>Proceso de inmersi\u00f3n y pulverizaci\u00f3n<\/li>\n<li>Proceso f\u00e1cil y r\u00e1pido<\/li>\n<\/ul>\n","protected":false},"featured_media":2571,"comment_status":"closed","ping_status":"closed","template":"","meta":{"_acf_changed":false,"inline_featured_image":false},"product_brand":[],"product_cat":[810,859],"product_tag":[4636,4640,4644,1766,4652,4648,3749,1829,1828,4279,4672,4668,4656,4660,4455,1830,1831,1798],"class_list":{"0":"post-10018","1":"product","2":"type-product","3":"status-publish","4":"has-post-thumbnail","6":"industries-aeroespacial-y-defensa","7":"industries-automocion","8":"industries-dispositivos-auditivos","9":"industries-iluminacion","10":"industries-medica","11":"product_cat-proteccion","12":"product_cat-recubrimientos-ultrafinos","13":"product_tag-aplicar-con-pincel","14":"product_tag-aplicar-por-inmersion","15":"product_tag-aplicar-por-pulverizacion-selectiva","16":"product_tag-coat-es","17":"product_tag-componentes-electronicos","18":"product_tag-curado","19":"product_tag-pcb-es","20":"product_tag-promosolv-es","21":"product_tag-promosolv-coat-ut10-uv-es","22":"product_tag-proteccion-es","23":"product_tag-rastreador-uv","24":"product_tag-recubrimientos-ultrafinos","25":"product_tag-reparable","26":"product_tag-reparable-a-traves-de-soldadura","27":"product_tag-spray","28":"product_tag-ut-10-es","29":"product_tag-ut-10-uv-es","30":"product_tag-uv-es","31":"pa_application-pcb-y-componentes-electronicos","32":"pa_brand-promosolv-coat-es-2","33":"pa_features-rastreador-uv","34":"pa_features-reparacion-mediante-soldadura-pasante","35":"pa_processes-aplicacion-con-brocha","36":"pa_processes-aplicacion-por-inmersion","37":"pa_processes-aplicacion-por-pulverizacion-selectiva","38":"pa_processes-curado-a-temperatura-ambiente","39":"pa_product-category-revestimientos-ultrafinos","41":"first","42":"instock","43":"shipping-taxable","44":"product-type-simple"},"acf":[],"_links":{"self":[{"href":"https:\/\/www.inventec.dehon.com\/es\/wp-json\/wp\/v2\/product\/10018","targetHints":{"allow":["GET"]}}],"collection":[{"href":"https:\/\/www.inventec.dehon.com\/es\/wp-json\/wp\/v2\/product"}],"about":[{"href":"https:\/\/www.inventec.dehon.com\/es\/wp-json\/wp\/v2\/types\/product"}],"replies":[{"embeddable":true,"href":"https:\/\/www.inventec.dehon.com\/es\/wp-json\/wp\/v2\/comments?post=10018"}],"wp:featuredmedia":[{"embeddable":true,"href":"https:\/\/www.inventec.dehon.com\/es\/wp-json\/wp\/v2\/media\/2571"}],"wp:attachment":[{"href":"https:\/\/www.inventec.dehon.com\/es\/wp-json\/wp\/v2\/media?parent=10018"}],"wp:term":[{"taxonomy":"product_brand","embeddable":true,"href":"https:\/\/www.inventec.dehon.com\/es\/wp-json\/wp\/v2\/product_brand?post=10018"},{"taxonomy":"product_cat","embeddable":true,"href":"https:\/\/www.inventec.dehon.com\/es\/wp-json\/wp\/v2\/product_cat?post=10018"},{"taxonomy":"product_tag","embeddable":true,"href":"https:\/\/www.inventec.dehon.com\/es\/wp-json\/wp\/v2\/product_tag?post=10018"}],"curies":[{"name":"wp","href":"https:\/\/api.w.org\/{rel}","templated":true}]}}