{"id":10016,"date":"2021-04-19T10:20:02","date_gmt":"2021-04-19T10:20:02","guid":{"rendered":"https:\/\/www.inventec.dehon.com\/product\/promoclean-disper-6\/"},"modified":"2026-01-30T11:00:52","modified_gmt":"2026-01-30T10:00:52","slug":"promoclean-disper-6","status":"publish","type":"product","link":"https:\/\/www.inventec.dehon.com\/es\/product\/promoclean-disper-6\/","title":{"rendered":"PROMOCLEAN DISPER 6"},"content":{"rendered":"<p><img decoding=\"async\" src=\"https:\/\/www.inventec.dehon.com\/wp-content\/uploads\/2021\/04\/PROMOCLEAN-canister-blue.png\" alt=\"PROMOCLEAN TP 1113\" class=\"responsive-img\" align=\"right\" style=\"border-radius:10px; margin-bottom:10px; margin-top:-10px; margin-left:15px; width:300px\" \/><\/p>\n<h2 style=\"color:#9bc947; margin-bottom:15px\">Eliminaci\u00f3n eficiente de aceites hidrosolubles<\/h2>\n<ul>\n<li>Eliminaci\u00f3n de hidrocarburos y aceites hidrosolubles en piezas met\u00e1licas<\/li>\n<li>Detergente para el proceso de pulverizaci\u00f3n, lavado y chorros sumergidos<\/li>\n<li>Compatible con una amplia gama de metales<\/li>\n<\/ul>\n<h5>PROMOCLEAN DISPER 6<\/h5>\n<p>Est\u00e1 especialmente dise\u00f1ado para la eliminaci\u00f3n de aceites hidrocarbonados y especialmente hidrosolubles. Gracias a sus excelentes propiedades antiespumantes, est\u00e1 dedicado a los procesos de pulverizaci\u00f3n acuosa, de lavado o de chorros sumergidos. A pesar de tener un alto pH alcalino para permitir una limpieza eficiente, no da\u00f1a los metales o aleaciones sensibles, como el Inox, el Lat\u00f3n, las aleaciones ferrosas y el Titanio, el Aluminio, el Cobre o el Lat\u00f3n. Es un producto concentrado que se utiliza diluido en agua destilada.<\/p>\n<p><strong>PROMOCLEAN DISPER 6<\/strong> est\u00e1 calificado y es utilizado por varios actores de la industria automotriz y m\u00e9dica.<\/p>\n<div style=\"font-family:Lato; color:#333;\">\n<div style=\"font-weight:bold; text-transform:uppercase; border-bottom:2px solid #9DBB2F; padding-bottom:6px; margin-bottom:10px;\">\n    ESPECIFICACIONES\n  <\/div>\n<table width=\"100%\" cellpadding=\"0\" cellspacing=\"0\" style=\"border-collapse:collapse; width:100%; max-width:100%;\">\n<tr>\n<th align=\"left\" style=\"background:#7A7A7A; color:#fff; padding:8px 12px; border:1px solid #BDBDBD;\">\n        ESPECIFICACIONES\n      <\/th>\n<th align=\"left\" style=\"background:#7A7A7A; color:#fff; padding:8px 12px; border:1px solid #BDBDBD;\">\n        VALORES\n      <\/th>\n<th align=\"left\" style=\"background:#7A7A7A; color:#fff; padding:8px 12px; border:1px solid #BDBDBD;\">\n        M\u00c9TODOS\n      <\/th>\n<\/tr>\n<tr>\n<td style=\"padding:8px 12px; border:1px solid #BDBDBD;\">Aspecto<\/td>\n<td style=\"padding:8px 12px; border:1px solid #BDBDBD;\">Amarillo<\/td>\n<td style=\"padding:8px 12px; border:1px solid #BDBDBD;\">Visual<\/td>\n<\/tr>\n<tr style=\"background:#E6E6E6;\">\n<td style=\"padding:8px 12px; border:1px solid #BDBDBD;\">Densidad a 20 \u00b0C (g\/ml)<\/td>\n<td style=\"padding:8px 12px; border:1px solid #BDBDBD;\">1,12 +\/- 0,01<\/td>\n<td style=\"padding:8px 12px; border:1px solid #BDBDBD;\">BRY-MO-028<\/td>\n<\/tr>\n<tr>\n<td style=\"padding:8px 12px; border:1px solid #BDBDBD;\">pH del producto puro<\/td>\n<td style=\"padding:8px 12px; border:1px solid #BDBDBD;\">13,0 +\/- 0,5<\/td>\n<td style=\"padding:8px 12px; border:1px solid #BDBDBD;\">BRY-MO-011<\/td>\n<\/tr>\n<tr style=\"background:#E6E6E6;\">\n<td style=\"padding:8px 12px; border:1px solid #BDBDBD;\">pH al 1 %<\/td>\n<td style=\"padding:8px 12px; border:1px solid #BDBDBD;\">11,50 +\/- 0,5<\/td>\n<td style=\"padding:8px 12px; border:1px solid #BDBDBD;\">BRY-MO-011<\/td>\n<\/tr>\n<\/table>\n<\/div>\n<div style=\"font-family:Lato; color:#333;\">\n<div style=\"font-weight:bold; text-transform:uppercase; border-bottom:2px solid #9DBB2F; padding-bottom:6px; margin:30px 0 10px;\">\n    CARACTER\u00cdSTICAS\n  <\/div>\n<table width=\"100%\" cellpadding=\"0\" cellspacing=\"0\" style=\"border-collapse:collapse; width:100%; max-width:100%;\">\n<tr>\n<th align=\"left\" style=\"background:#7A7A7A; color:#fff; padding:8px 12px; border:1px solid #BDBDBD;\">\n        CARACTER\u00cdSTICAS\n      <\/th>\n<th align=\"left\" style=\"background:#7A7A7A; color:#fff; padding:8px 12px; border:1px solid #BDBDBD;\">\n        VALORES\n      <\/th>\n<\/tr>\n<tr>\n<td style=\"padding:8px 12px; border:1px solid #BDBDBD;\">Solubilidad en agua<\/td>\n<td style=\"padding:8px 12px; border:1px solid #BDBDBD;\">Totalmente soluble<\/td>\n<\/tr>\n<tr style=\"background:#E6E6E6;\">\n<td style=\"padding:8px 12px; border:1px solid #BDBDBD;\">Tensi\u00f3n superficial al 1 %<\/td>\n<td style=\"padding:8px 12px; border:1px solid #BDBDBD;\">34 dinas \/ cm\u00b2<\/td>\n<\/tr>\n<\/table>\n<\/div>\n","protected":false},"excerpt":{"rendered":"<ul>\n<li>Eliminaci\u00f3n de hidrocarburos y aceites hidrosolubles en piezas met\u00e1licas<\/li>\n<li>Detergente para el proceso de pulverizaci\u00f3n, lavado y chorros sumergidos<\/li>\n<li>Compatible con una amplia gama de metales<\/li>\n<\/ul>\n<p><a href=\"https:\/\/www.inventec.dehon.com\/wp-content\/uploads\/2021\/04\/GW-Score-33.png\"><img decoding=\"async\" class=\"alignnone wp-image-15033\" src=\"https:\/\/www.inventec.dehon.com\/wp-content\/uploads\/2021\/04\/GW-Score-33.png\" alt=\"\" width=\"40\" height=\"34\" \/><\/a><\/p>\n","protected":false},"featured_media":2433,"comment_status":"closed","ping_status":"closed","template":"","meta":{"_acf_changed":false,"inline_featured_image":false},"product_brand":[],"product_cat":[2902,2901,616],"product_tag":[2028,2186,2011,2185],"class_list":{"0":"post-10016","1":"product","2":"type-product","3":"status-publish","4":"has-post-thumbnail","6":"industries-automocion","7":"industries-chasis-conduccion-y-direccion","8":"industries-medica","9":"industries-motores","10":"industries-sistemas-de-aterrizaje","11":"industries-tren-motriz","12":"product_cat-desengrase-de-diversos-componentes-metalicos","13":"product_cat-eliminacion-de-aceite-en-diversos-componentes-metalicos","14":"product_cat-limpieza","15":"product_tag-disper-es","16":"product_tag-disper-6-es","17":"product_tag-promoclean-es","18":"product_tag-promoclean-disper-6-es","20":"first","21":"instock","22":"shipping-taxable","23":"product-type-simple"},"acf":[],"_links":{"self":[{"href":"https:\/\/www.inventec.dehon.com\/es\/wp-json\/wp\/v2\/product\/10016","targetHints":{"allow":["GET"]}}],"collection":[{"href":"https:\/\/www.inventec.dehon.com\/es\/wp-json\/wp\/v2\/product"}],"about":[{"href":"https:\/\/www.inventec.dehon.com\/es\/wp-json\/wp\/v2\/types\/product"}],"replies":[{"embeddable":true,"href":"https:\/\/www.inventec.dehon.com\/es\/wp-json\/wp\/v2\/comments?post=10016"}],"wp:featuredmedia":[{"embeddable":true,"href":"https:\/\/www.inventec.dehon.com\/es\/wp-json\/wp\/v2\/media\/2433"}],"wp:attachment":[{"href":"https:\/\/www.inventec.dehon.com\/es\/wp-json\/wp\/v2\/media?parent=10016"}],"wp:term":[{"taxonomy":"product_brand","embeddable":true,"href":"https:\/\/www.inventec.dehon.com\/es\/wp-json\/wp\/v2\/product_brand?post=10016"},{"taxonomy":"product_cat","embeddable":true,"href":"https:\/\/www.inventec.dehon.com\/es\/wp-json\/wp\/v2\/product_cat?post=10016"},{"taxonomy":"product_tag","embeddable":true,"href":"https:\/\/www.inventec.dehon.com\/es\/wp-json\/wp\/v2\/product_tag?post=10016"}],"curies":[{"name":"wp","href":"https:\/\/api.w.org\/{rel}","templated":true}]}}