{"id":10013,"date":"2021-04-14T12:39:44","date_gmt":"2021-04-14T12:39:44","guid":{"rendered":"https:\/\/www.inventec.dehon.com\/product\/ecorel-free-305-16lvd\/"},"modified":"2026-03-16T14:53:39","modified_gmt":"2026-03-16T13:53:39","slug":"ecorel-305-16lvd","status":"publish","type":"product","link":"https:\/\/www.inventec.dehon.com\/es\/product\/ecorel-305-16lvd\/","title":{"rendered":"ECOREL 305-16LVD"},"content":{"rendered":"<p><img decoding=\"async\" src=\"https:\/\/www.inventec.dehon.com\/wp-content\/uploads\/2021\/04\/Ecorel-easy.png\" alt=\"ECOREL 305-16LVD\" class=\"responsive-img\" align=\"right\" style=\"border-radius:10px; margin-bottom:10px; margin-top:-10px; margin-left:15px; width:300px\" \/><\/p>\n<h2 style=\"color:#9bc947; margin-bottom:15px\">Pasta de soldadura sin plomo con bajo nivel de vac\u00edo<\/h2>\n<ul>\n<li style=\"text-align: left;\">Pasta de soldadura de aleaci\u00f3n sin plomo SAC305<\/li>\n<li style=\"text-align: left;\">No hay proceso de impresi\u00f3n limpia de smt<\/li>\n<li style=\"text-align: left;\">Excelente bajo vaciado<\/li>\n<\/ul>\n<h5>ECOREL 305-16LVD<\/h5>\n<p>Especialmente dise\u00f1ado para reducir el nivel de huecos al soldar componentes con terminaci\u00f3n inferior. Esto beneficia a las aplicaciones en las que una excelente gesti\u00f3n t\u00e9rmica es crucial. La reducci\u00f3n de huecos contribuye a una mejor disipaci\u00f3n del calor, a una conexi\u00f3n el\u00e9ctrica m\u00e1s fiable y a una uni\u00f3n mec\u00e1nica de soldadura m\u00e1s robusta.<\/p>\n<p>Adem\u00e1s, esta pasta de soldar est\u00e1 bien equilibrada en t\u00e9rminos de humectabilidad, fiabilidad, buena compatibilidad con la mayor\u00eda de los recubrimientos conformados del mercado y residuos transparentes. Asimismo, las formulaciones de pasta de soldar de tipo 4 se fabrican a partir de metales 100 % reciclados y la pasta en frasco puede almacenarse a temperatura ambiente, lo que contribuye a una reducci\u00f3n global de las emisiones de CO2.<\/p>\n<p>La qu\u00edmica de 16LVD tambi\u00e9n est\u00e1 disponible con otras aleaciones y tama\u00f1os de part\u00edcula a petici\u00f3n.<\/p>\n<h4 style=\"background-color:#9bc947; color:#FFFFFF;\">&nbsp;Ecorel 305-16LVD 88.0T4: vida \u00fatil del stencil de ~72 horas<\/h4>\n<p><!-- PROPIEDADES Section --><\/p>\n<div style=\"font-weight:bold; text-transform:uppercase; border-bottom:2px solid #9DBB2F; padding-bottom:6px; margin-bottom:10px;\">\n  PROPIEDADES\n<\/div>\n<div style=\"font-weight:bold; text-transform:uppercase; margin-bottom:6px;\">\n  OPCIONES EST\u00c1NDAR\n<\/div>\n<p><!-- OPCIONES EST\u00c1NDAR Table --><\/p>\n<table width=\"100%\" cellpadding=\"0\" cellspacing=\"0\" style=\"border-collapse:collapse; width:100%; max-width:100%;\">\n<tr>\n<th align=\"left\" style=\"background:#7A7A7A; color:#fff; padding:8px 12px; border:1px solid #BDBDBD;\">\n      ESPECIFICACIONES\n    <\/th>\n<th align=\"left\" style=\"background:#7A7A7A; color:#fff; padding:8px 12px; border:1px solid #BDBDBD;\">\n      ECOREL 305-16LVD 88.0T4\n    <\/th>\n<th align=\"left\" style=\"background:#7A7A7A; color:#fff; padding:8px 12px; border:1px solid #BDBDBD;\">\n      ECOREL 305-16LVD 88.5T4\n    <\/th>\n<th align=\"left\" style=\"background:#7A7A7A; color:#fff; padding:8px 12px; border:1px solid #BDBDBD;\">\n      ECOREL 305-16LVD 88.5T5\n    <\/th>\n<\/tr>\n<tr>\n<td style=\"padding:8px 12px; border:1px solid #BDBDBD;\">Aleaci\u00f3n<\/td>\n<td style=\"padding:8px 12px; border:1px solid #BDBDBD;\">Sn96,5Ag3Cu0,5<\/td>\n<td style=\"padding:8px 12px; border:1px solid #BDBDBD;\">Sn96,5Ag3Cu0,5<\/td>\n<td style=\"padding:8px 12px; border:1px solid #BDBDBD;\">Sn96,5Ag3Cu0,5<\/td>\n<\/tr>\n<tr style=\"background:#E6E6E6;\">\n<td style=\"padding:8px 12px; border:1px solid #BDBDBD;\">Punto de fusi\u00f3n (\u00b0C\/\u00b0F)<\/td>\n<td style=\"padding:8px 12px; border:1px solid #BDBDBD;\">217 \/ 422<\/td>\n<td style=\"padding:8px 12px; border:1px solid #BDBDBD;\">217 \/ 422<\/td>\n<td style=\"padding:8px 12px; border:1px solid #BDBDBD;\">217 \/ 422<\/td>\n<\/tr>\n<tr>\n<td style=\"padding:8px 12px; border:1px solid #BDBDBD;\">Contenido en metales (%)<\/td>\n<td style=\"padding:8px 12px; border:1px solid #BDBDBD;\">88<\/td>\n<td style=\"padding:8px 12px; border:1px solid #BDBDBD;\">88.5<\/td>\n<td style=\"padding:8px 12px; border:1px solid #BDBDBD;\">88.5<\/td>\n<\/tr>\n<tr style=\"background:#E6E6E6;\">\n<td style=\"padding:8px 12px; border:1px solid #BDBDBD;\">Residuos posteriores al reflujo<\/td>\n<td style=\"padding:8px 12px; border:1px solid #BDBDBD;\">Aproximadamente 5 % p\/p<\/td>\n<td style=\"padding:8px 12px; border:1px solid #BDBDBD;\">Aproximadamente 5 % p\/p<\/td>\n<td style=\"padding:8px 12px; border:1px solid #BDBDBD;\">Aproximadamente 5 % p\/p<\/td>\n<\/tr>\n<tr>\n<td style=\"padding:8px 12px; border:1px solid #BDBDBD;\">Contenido de hal\u00f3geno<\/td>\n<td style=\"padding:8px 12px; border:1px solid #BDBDBD;\">Sin hal\u00f3geno<\/td>\n<td style=\"padding:8px 12px; border:1px solid #BDBDBD;\">Sin hal\u00f3geno<\/td>\n<td style=\"padding:8px 12px; border:1px solid #BDBDBD;\">Sin hal\u00f3geno<\/td>\n<\/tr>\n<tr style=\"background:#E6E6E6;\">\n<td style=\"padding:8px 12px; border:1px solid #BDBDBD;\">Tama\u00f1o del polvo<\/td>\n<td style=\"padding:8px 12px; border:1px solid #BDBDBD;\">20-38 micras \/ Tipo 4<\/td>\n<td style=\"padding:8px 12px; border:1px solid #BDBDBD;\">20-38 micras \/ Tipo 4<\/td>\n<td style=\"padding:8px 12px; border:1px solid #BDBDBD;\">15-25 micras \/ Tipo 5<\/td>\n<\/tr>\n<tr>\n<td style=\"padding:8px 12px; border:1px solid #BDBDBD;\">Bomba espiral* Viscosidad (Pa.s 25\u00b0C)<\/td>\n<td style=\"padding:8px 12px; border:1px solid #BDBDBD;\">T\u00edpico 135<\/td>\n<td style=\"padding:8px 12px; border:1px solid #BDBDBD;\">T\u00edpico 155<\/td>\n<td style=\"padding:8px 12px; border:1px solid #BDBDBD;\">T\u00edpico 155<\/td>\n<\/tr>\n<\/table>\n<p style=\"font-size:0.85em;\">*El equipo utilizado para probar la viscosidad de la bomba espiral es Malcom a una velocidad de rotaci\u00f3n de 10 rpm.<\/p>\n<p><!-- ECOREL 88.0T6 Table --><\/p>\n<table width=\"100%\" cellpadding=\"0\" cellspacing=\"0\" style=\"border-collapse:collapse; width:100%; max-width:100%; margin-top:10px;\">\n<tr>\n<th align=\"left\" style=\"background:#7A7A7A; color:#fff; padding:8px 12px; border:1px solid #BDBDBD;\">\n      ESPECIFICACIONES\n    <\/th>\n<th align=\"left\" style=\"background:#7A7A7A; color:#fff; padding:8px 12px; border:1px solid #BDBDBD;\">\n      ECOREL 305-16LVD 88.0T6\n    <\/th>\n<\/tr>\n<tr>\n<td style=\"padding:8px 12px; border:1px solid #BDBDBD;\">Aleaci\u00f3n<\/td>\n<td style=\"padding:8px 12px; border:1px solid #BDBDBD;\">Sn96,5Ag3Cu0,5<\/td>\n<\/tr>\n<tr style=\"background:#E6E6E6;\">\n<td style=\"padding:8px 12px; border:1px solid #BDBDBD;\">Punto de fusi\u00f3n (\u00b0C\/\u00b0F)<\/td>\n<td style=\"padding:8px 12px; border:1px solid #BDBDBD;\">217 \/ 422<\/td>\n<\/tr>\n<tr>\n<td style=\"padding:8px 12px; border:1px solid #BDBDBD;\">Contenido en metales (%)<\/td>\n<td style=\"padding:8px 12px; border:1px solid #BDBDBD;\">88<\/td>\n<\/tr>\n<tr style=\"background:#E6E6E6;\">\n<td style=\"padding:8px 12px; border:1px solid #BDBDBD;\">Residuos posteriores al reflujo<\/td>\n<td style=\"padding:8px 12px; border:1px solid #BDBDBD;\">Aproximadamente 5 % p\/p<\/td>\n<\/tr>\n<tr>\n<td style=\"padding:8px 12px; border:1px solid #BDBDBD;\">Contenido de hal\u00f3geno<\/td>\n<td style=\"padding:8px 12px; border:1px solid #BDBDBD;\">Sin hal\u00f3geno<\/td>\n<\/tr>\n<tr style=\"background:#E6E6E6;\">\n<td style=\"padding:8px 12px; border:1px solid #BDBDBD;\">Tama\u00f1o del polvo<\/td>\n<td style=\"padding:8px 12px; border:1px solid #BDBDBD;\">5-15 micras \/ Tipo 6<\/td>\n<\/tr>\n<tr>\n<td style=\"padding:8px 12px; border:1px solid #BDBDBD;\">Bomba espiral* Viscosidad (Pa.s 25 \u00b0C)<\/td>\n<td style=\"padding:8px 12px; border:1px solid #BDBDBD;\">**Rango 275<\/td>\n<\/tr>\n<\/table>\n<p style=\"font-size:0.85em;\">\n*El equipo utilizado para probar la viscosidad de la bomba espiral es Malcom a una velocidad de rotaci\u00f3n de 10 rpm.<br \/>\n**Es posible realizar ligeros ajustes en la viscosidad una vez finalizado el procedimiento de prueba de industrializaci\u00f3n completa.\n<\/p>\n<p><!-- OPCIONES DE DISPENSACI\u00d3N Section --><\/p>\n<div style=\"font-weight:bold; text-transform:uppercase; border-bottom:2px solid #9DBB2F; padding-bottom:6px; margin-bottom:10px;\">\n  OPCIONES DE DISPENSACI\u00d3N\n<\/div>\n<table width=\"100%\" cellpadding=\"0\" cellspacing=\"0\" style=\"border-collapse:collapse; width:100%; max-width:100%;\">\n<tr>\n<th align=\"left\" style=\"background:#7A7A7A; color:#fff; padding:8px 12px; border:1px solid #BDBDBD;\">\n      ESPECIFICACIONES\n    <\/th>\n<th align=\"left\" style=\"background:#7A7A7A; color:#fff; padding:8px 12px; border:1px solid #BDBDBD;\">\n      ECOREL 305-16LVD 85.0T5\n    <\/th>\n<\/tr>\n<tr>\n<td style=\"padding:8px 12px; border:1px solid #BDBDBD;\">Aleaci\u00f3n<\/td>\n<td style=\"padding:8px 12px; border:1px solid #BDBDBD;\">Sn96,5Ag3Cu0,5<\/td>\n<\/tr>\n<tr style=\"background:#E6E6E6;\">\n<td style=\"padding:8px 12px; border:1px solid #BDBDBD;\">Punto de fusi\u00f3n (\u00b0C\/\u00b0F)<\/td>\n<td style=\"padding:8px 12px; border:1px solid #BDBDBD;\">217 \/ 422<\/td>\n<\/tr>\n<tr>\n<td style=\"padding:8px 12px; border:1px solid #BDBDBD;\">Contenido en metales (%)<\/td>\n<td style=\"padding:8px 12px; border:1px solid #BDBDBD;\">85<\/td>\n<\/tr>\n<tr style=\"background:#E6E6E6;\">\n<td style=\"padding:8px 12px; border:1px solid #BDBDBD;\">Residuos posteriores al reflujo<\/td>\n<td style=\"padding:8px 12px; border:1px solid #BDBDBD;\">Aproximadamente 5 % p\/p<\/td>\n<\/tr>\n<tr>\n<td style=\"padding:8px 12px; border:1px solid #BDBDBD;\">Contenido de hal\u00f3geno<\/td>\n<td style=\"padding:8px 12px; border:1px solid #BDBDBD;\">Sin hal\u00f3geno<\/td>\n<\/tr>\n<tr style=\"background:#E6E6E6;\">\n<td style=\"padding:8px 12px; border:1px solid #BDBDBD;\">Tama\u00f1o del polvo<\/td>\n<td style=\"padding:8px 12px; border:1px solid #BDBDBD;\">15-25 micras \/ Tipo 5<\/td>\n<\/tr>\n<tr>\n<td style=\"padding:8px 12px; border:1px solid #BDBDBD;\">Bomba espiral* Viscosidad (Pa.s 25\u00b0C)<\/td>\n<td style=\"padding:8px 12px; border:1px solid #BDBDBD;\">T\u00edpico 65<\/td>\n<\/tr>\n<\/table>\n<p style=\"font-size:0.85em;\">*El equipo utilizado para probar la viscosidad de la bomba espiral es Malcom a una velocidad de rotaci\u00f3n de 10 rpm.<\/p>\n<p><!-- CARACTER\u00cdSTICAS Section --><\/p>\n<div style=\"font-weight:bold; text-transform:uppercase; border-bottom:2px solid #9DBB2F; padding-bottom:6px; margin-bottom:10px;\">\n  CARACTER\u00cdSTICAS\n<\/div>\n<table width=\"100%\" cellpadding=\"0\" cellspacing=\"0\" style=\"border-collapse:collapse; width:100%; max-width:100%;\">\n<tr>\n<th align=\"left\" style=\"background:#7A7A7A; color:#fff; padding:8px 12px; border:1px solid #BDBDBD;\">\n      CARACTER\u00cdSTICAS\n    <\/th>\n<th align=\"left\" style=\"background:#7A7A7A; color:#fff; padding:8px 12px; border:1px solid #BDBDBD;\">\n      VALORES\n    <\/th>\n<th align=\"left\" style=\"background:#7A7A7A; color:#fff; padding:8px 12px; border:1px solid #BDBDBD;\">\n      M\u00c9TODO\n    <\/th>\n<\/tr>\n<tr>\n<td style=\"padding:8px 12px; border:1px solid #BDBDBD;\">Clasificaci\u00f3n del flux<\/td>\n<td style=\"padding:8px 12px; border:1px solid #BDBDBD;\">ROL0<\/td>\n<td style=\"padding:8px 12px; border:1px solid #BDBDBD;\">ANSI\/J-STD-004B<\/td>\n<\/tr>\n<tr style=\"background:#E6E6E6;\">\n<td style=\"padding:8px 12px; border:1px solid #BDBDBD;\">Clasificaci\u00f3n del flux<\/td>\n<td style=\"padding:8px 12px; border:1px solid #BDBDBD;\">113<\/td>\n<td style=\"padding:8px 12px; border:1px solid #BDBDBD;\">ISO 9454<\/td>\n<\/tr>\n<tr>\n<td style=\"padding:8px 12px; border:1px solid #BDBDBD;\">Ensayo de soldadura<\/td>\n<td style=\"padding:8px 12px; border:1px solid #BDBDBD;\">Pasar<\/td>\n<td style=\"padding:8px 12px; border:1px solid #BDBDBD;\">ANSI\/J-STD-005<\/td>\n<\/tr>\n<tr style=\"background:#E6E6E6;\">\n<td style=\"padding:8px 12px; border:1px solid #BDBDBD;\">Espejo de cobre<\/td>\n<td style=\"padding:8px 12px; border:1px solid #BDBDBD;\">Pasar<\/td>\n<td style=\"padding:8px 12px; border:1px solid #BDBDBD;\">ANSI\/J-STD-004B<\/td>\n<\/tr>\n<tr>\n<td style=\"padding:8px 12px; border:1px solid #BDBDBD;\">Corrosi\u00f3n del cobre<\/td>\n<td style=\"padding:8px 12px; border:1px solid #BDBDBD;\">Pasar<\/td>\n<td style=\"padding:8px 12px; border:1px solid #BDBDBD;\">ANSI\/J-STD-004B<\/td>\n<\/tr>\n<tr style=\"background:#E6E6E6;\">\n<td style=\"padding:8px 12px; border:1px solid #BDBDBD;\">SIR (IPC)<\/td>\n<td style=\"padding:8px 12px; border:1px solid #BDBDBD;\">Pasar<\/td>\n<td style=\"padding:8px 12px; border:1px solid #BDBDBD;\">ANSI\/J-STD-004B<\/td>\n<\/tr>\n<tr>\n<td style=\"padding:8px 12px; border:1px solid #BDBDBD;\">SIR (Bellcore)<\/td>\n<td style=\"padding:8px 12px; border:1px solid #BDBDBD;\">Pasar<\/td>\n<td style=\"padding:8px 12px; border:1px solid #BDBDBD;\">Bellcore<\/td>\n<\/tr>\n<tr style=\"background:#E6E6E6;\">\n<td style=\"padding:8px 12px; border:1px solid #BDBDBD;\">Electromigraci\u00f3n (IPC \/ Bellcore)<\/td>\n<td style=\"padding:8px 12px; border:1px solid #BDBDBD;\">Pasar<\/td>\n<td style=\"padding:8px 12px; border:1px solid #BDBDBD;\">ANSI\/J-STD-004 \/ Bellcore<\/td>\n<\/tr>\n<tr>\n<td style=\"padding:8px 12px; border:1px solid #BDBDBD;\">\n      Prueba de corrosi\u00f3n Bono (85\u00b0C\/85% HR durante 15 d\u00edas)\n    <\/td>\n<td style=\"padding:8px 12px; border:1px solid #BDBDBD;\">\n      Pasar \u2013 Factor de corrosi\u00f3n &lt;8%\n    <\/td>\n<td style=\"padding:8px 12px; border:1px solid #BDBDBD;\">\n      Procedimiento Inventec\n    <\/td>\n<\/tr>\n<\/table>\n","protected":false},"excerpt":{"rendered":"<ul>\n<li>Pasta de soldadura de aleaci\u00f3n sin plomo SAC305<\/li>\n<li>No hay proceso de impresi\u00f3n limpia de smt<\/li>\n<li>Excelente bajo vaciado<\/li>\n<\/ul>\n","protected":false},"featured_media":3490,"comment_status":"closed","ping_status":"closed","template":"","meta":{"_acf_changed":false,"inline_featured_image":false},"product_brand":[],"product_cat":[2877],"product_tag":[1352,1331,1330,5199,5088,5128,5032,1329,4327,5191,1332,5215,5092,5155,5168,5169,5170,5195,5084,4005,5211,5231,5219,1688,5223,4006,5248,5251,5249],"class_list":{"0":"post-10013","1":"product","2":"type-product","3":"status-publish","4":"has-post-thumbnail","6":"industries-baterias-y-postes-de-carga","7":"industries-equipos-medico-y-escaneres","8":"industries-estaciones-de-carga","9":"industries-iluminacion","10":"industries-tren-motriz","11":"product_cat-soluciones-de-pasta-de-soldadura-de-baja-porosidad","12":"product_tag-305-es","13":"product_tag-305-16-es","14":"product_tag-305-16lvd-es","15":"product_tag-aleacion-sac-305","16":"product_tag-aleacion-sin-plomo","17":"product_tag-baja-porosidad-es","18":"product_tag-dispensado","19":"product_tag-ecorel-305-16lvd-es","20":"product_tag-greenway","21":"product_tag-impresion","22":"product_tag-lvd-es","23":"product_tag-pasta-de-soldadura-es","24":"product_tag-pasta-de-soldadura-sin-plomo","25":"product_tag-polvo","26":"product_tag-polvo-tipo-3","27":"product_tag-polvo-tipo-4","28":"product_tag-polvo-tipo-5","29":"product_tag-sac-305","30":"product_tag-sin-plomo","31":"product_tag-smt-es","32":"product_tag-soldadura-smt-es","33":"product_tag-soldadura-tht-es","34":"product_tag-t3","35":"product_tag-t4-es","36":"product_tag-t5","37":"product_tag-tht-es","38":"product_tag-tipo-3","39":"product_tag-tipo-4","40":"product_tag-tipo-5","41":"pa_application-soldadura-smt-tht","42":"pa_brand-ecorel-es-2","43":"pa_features-aleacion-sac-305","44":"pa_features-aleacion-sin-plomo","45":"pa_features-greenway","46":"pa_features-low-voiding","47":"pa_features-polvo-tipo-3-4","48":"pa_features-polvo-tipo-5","49":"pa_processes-dispensacion","50":"pa_processes-impresion","51":"pa_product-category-pastas-de-soldadura","53":"first","54":"instock","55":"shipping-taxable","56":"product-type-simple"},"acf":[],"_links":{"self":[{"href":"https:\/\/www.inventec.dehon.com\/es\/wp-json\/wp\/v2\/product\/10013","targetHints":{"allow":["GET"]}}],"collection":[{"href":"https:\/\/www.inventec.dehon.com\/es\/wp-json\/wp\/v2\/product"}],"about":[{"href":"https:\/\/www.inventec.dehon.com\/es\/wp-json\/wp\/v2\/types\/product"}],"replies":[{"embeddable":true,"href":"https:\/\/www.inventec.dehon.com\/es\/wp-json\/wp\/v2\/comments?post=10013"}],"wp:featuredmedia":[{"embeddable":true,"href":"https:\/\/www.inventec.dehon.com\/es\/wp-json\/wp\/v2\/media\/3490"}],"wp:attachment":[{"href":"https:\/\/www.inventec.dehon.com\/es\/wp-json\/wp\/v2\/media?parent=10013"}],"wp:term":[{"taxonomy":"product_brand","embeddable":true,"href":"https:\/\/www.inventec.dehon.com\/es\/wp-json\/wp\/v2\/product_brand?post=10013"},{"taxonomy":"product_cat","embeddable":true,"href":"https:\/\/www.inventec.dehon.com\/es\/wp-json\/wp\/v2\/product_cat?post=10013"},{"taxonomy":"product_tag","embeddable":true,"href":"https:\/\/www.inventec.dehon.com\/es\/wp-json\/wp\/v2\/product_tag?post=10013"}],"curies":[{"name":"wp","href":"https:\/\/api.w.org\/{rel}","templated":true}]}}