{"id":10010,"date":"2021-04-09T13:12:21","date_gmt":"2021-04-09T13:12:21","guid":{"rendered":"https:\/\/www.inventec.dehon.com\/product\/promoclean-disper-2\/"},"modified":"2026-03-16T14:32:40","modified_gmt":"2026-03-16T13:32:40","slug":"promoclean-disper-2","status":"publish","type":"product","link":"https:\/\/www.inventec.dehon.com\/es\/product\/promoclean-disper-2\/","title":{"rendered":"PROMOCLEAN DISPER 2"},"content":{"rendered":"<p><img decoding=\"async\" src=\"https:\/\/www.inventec.dehon.com\/wp-content\/uploads\/2021\/04\/PROMOCLEAN-canister-blue.png\" alt=\"PROMOCLEAN DISPER 2\" class=\"responsive-img\" align=\"right\" style=\"border-radius:10px; margin-bottom:10px; margin-top:-10px; margin-left:15px; width:300px\" \/><\/p>\n<h2 style=\"color:#9bc947; margin-bottom:15px\">Eliminaci\u00f3n de hidrocarburos, aceites y grasas a base de agua<\/h2>\n<ul>\n<li>Detergente para la eliminaci\u00f3n de aceites y grasas en piezas met\u00e1licas<\/li>\n<li>Procesos de pulverizaci\u00f3n, lavado y chorros sumergidos<\/li>\n<li>Compatible con una amplia gama de metales<\/li>\n<\/ul>\n<h5>PROMOCLEAN DISPER 2<\/h5>\n<p>Especialmente dise\u00f1ado para la eliminaci\u00f3n de aceites y grasas a base de hidrocarburos o de agua. Gracias a sus excelentes propiedades antiespumantes, est\u00e1 dedicado a los procesos de pulverizaci\u00f3n acuosa, de lavado o de chorros sumergidos. A pesar de tener un pH elevado para permitir una limpieza eficaz, no da\u00f1a los metales o aleaciones sensibles como el Inox, las aleaciones ferrosas y el titanio y el cobre. En cualquier caso, tenga cuidado con el aluminio, el lat\u00f3n y las aleaciones ligeras y haga una prueba antes de utilizarlos. Es un producto concentrado que se utiliza diluido en agua destilada.<\/p>\n<p><strong>PROMOCLEAN DISPER 2<\/strong> est\u00e1 calificado y es utilizado por varios actores de la industria aeroespacial (por ejemplo, SAFRAN PR 1500B \/ SNECMA DMP 13300 \/ SNECMA DMR 70216).<\/p>\n<div style=\"font-family:Lato; color:#333;\">\n<div style=\"font-weight:bold; text-transform:uppercase; border-bottom:2px solid #9DBB2F; padding-bottom:6px; margin-bottom:10px;\">\n    ESPECIFICACIONES\n  <\/div>\n<table width=\"100%\" cellpadding=\"0\" cellspacing=\"0\" style=\"border-collapse:collapse; width:100%; max-width:100%;\">\n<tr>\n<th align=\"left\" style=\"background:#7A7A7A; color:#fff; padding:8px 12px; border:1px solid #BDBDBD;\">\n        ESPECIFICACIONES\n      <\/th>\n<th align=\"left\" style=\"background:#7A7A7A; color:#fff; padding:8px 12px; border:1px solid #BDBDBD;\">\n        VALOR\n      <\/th>\n<th align=\"left\" style=\"background:#7A7A7A; color:#fff; padding:8px 12px; border:1px solid #BDBDBD;\">\n        M\u00c9TODO\n      <\/th>\n<\/tr>\n<tr>\n<td style=\"padding:8px 12px; border:1px solid #BDBDBD;\">Aspecto<\/td>\n<td style=\"padding:8px 12px; border:1px solid #BDBDBD;\">Amarillo<\/td>\n<td style=\"padding:8px 12px; border:1px solid #BDBDBD;\">Visual<\/td>\n<\/tr>\n<tr style=\"background:#E6E6E6;\">\n<td style=\"padding:8px 12px; border:1px solid #BDBDBD;\">Densidad a 20\u00b0C (g\/ml)<\/td>\n<td style=\"padding:8px 12px; border:1px solid #BDBDBD;\">1,29 \u00b1 0,02<\/td>\n<td style=\"padding:8px 12px; border:1px solid #BDBDBD;\">BRY-MO-028<\/td>\n<\/tr>\n<tr>\n<td style=\"padding:8px 12px; border:1px solid #BDBDBD;\">pH del producto puro<\/td>\n<td style=\"padding:8px 12px; border:1px solid #BDBDBD;\">13,00 \u00b1 0,5<\/td>\n<td style=\"padding:8px 12px; border:1px solid #BDBDBD;\">BRY-MO-011<\/td>\n<\/tr>\n<tr style=\"background:#E6E6E6;\">\n<td style=\"padding:8px 12px; border:1px solid #BDBDBD;\">pH a 1%<\/td>\n<td style=\"padding:8px 12px; border:1px solid #BDBDBD;\">11,9 \u00b1 0,5<\/td>\n<td style=\"padding:8px 12px; border:1px solid #BDBDBD;\">BRY-MO-011<\/td>\n<\/tr>\n<\/table>\n<\/div>\n<div style=\"font-family:Lato; color:#333;\">\n<div style=\"font-weight:bold; text-transform:uppercase; border-bottom:2px solid #9DBB2F; padding-bottom:6px; margin:30px 0 10px;\">\n    CARACTER\u00cdSTICAS\n  <\/div>\n<table width=\"100%\" cellpadding=\"0\" cellspacing=\"0\" style=\"border-collapse:collapse; width:100%; max-width:100%;\">\n<tr>\n<th align=\"left\" style=\"background:#7A7A7A; color:#fff; padding:8px 12px; border:1px solid #BDBDBD;\">\n        CARACTER\u00cdSTICAS\n      <\/th>\n<th align=\"left\" style=\"background:#7A7A7A; color:#fff; padding:8px 12px; border:1px solid #BDBDBD;\">\n        VALOR\n      <\/th>\n<\/tr>\n<tr>\n<td style=\"padding:8px 12px; border:1px solid #BDBDBD;\">Solubilidad en el agua<\/td>\n<td style=\"padding:8px 12px; border:1px solid #BDBDBD;\">Totalmente soluble<\/td>\n<\/tr>\n<tr style=\"background:#E6E6E6;\">\n<td style=\"padding:8px 12px; border:1px solid #BDBDBD;\">\u00cdndice de refracci\u00f3n 20\u00b0C<\/td>\n<td style=\"padding:8px 12px; border:1px solid #BDBDBD;\">1,39<\/td>\n<\/tr>\n<\/table>\n<\/div>\n","protected":false},"excerpt":{"rendered":"<ul>\n<li>Detergente para la eliminaci\u00f3n de aceites y grasas en piezas met\u00e1licas<\/li>\n<li>Procesos de pulverizaci\u00f3n, lavado y chorros sumergidos<\/li>\n<li>Compatible con una amplia gama de metales<\/li>\n<\/ul>\n<p><a href=\"https:\/\/www.inventec.dehon.com\/wp-content\/uploads\/2023\/06\/GW-Score-26.png\"><img decoding=\"async\" class=\"alignnone wp-image-14922\" src=\"https:\/\/www.inventec.dehon.com\/wp-content\/uploads\/2023\/06\/GW-Score-26.png\" alt=\"\" width=\"40\" height=\"34\" \/><\/a><\/p>\n","protected":false},"featured_media":2433,"comment_status":"closed","ping_status":"closed","template":"","meta":{"_acf_changed":false,"inline_featured_image":false},"product_brand":[],"product_cat":[2902,2901,616],"product_tag":[4800,2028,2120,4395,4323,4796,4327,4788,4255,2011,2119,4455,4267],"class_list":{"0":"post-10010","1":"product","2":"type-product","3":"status-publish","4":"has-post-thumbnail","6":"industries-aeroespacial-y-defensa","7":"industries-automocion","8":"industries-chasis-conduccion-y-direccion","9":"industries-medica","10":"industries-motores","11":"industries-sistemas-de-aterrizaje","12":"industries-tren-motriz","13":"product_cat-desengrase-de-diversos-componentes-metalicos","14":"product_cat-eliminacion-de-aceite-en-diversos-componentes-metalicos","15":"product_cat-limpieza","16":"product_tag-chorro-de-inmersion","17":"product_tag-disper-es","18":"product_tag-disper-2-es","19":"product_tag-eliminacion-de-aceite-es","20":"product_tag-eliminacion-de-grasa-es","21":"product_tag-enjuague","22":"product_tag-greenway","23":"product_tag-inmersion-acuosa-por-chorro","24":"product_tag-liquidos-de-limpieza-acuosos","25":"product_tag-promoclean-es","26":"product_tag-promoclean-disper-2-es","27":"product_tag-spray","28":"product_tag-spray-acuoso","29":"pa_application-eliminacion-de-aceites","30":"pa_application-eliminacion-de-grasas","31":"pa_brand-promoclean-es","32":"pa_features-greenway","33":"pa_processes-chorro-por-inmersion-acuosa","34":"pa_processes-enjuagando","35":"pa_processes-spray-a-base-de-agua","36":"pa_product-category-fluidos-de-limpieza-acuosos","38":"first","39":"instock","40":"shipping-taxable","41":"product-type-simple"},"acf":[],"_links":{"self":[{"href":"https:\/\/www.inventec.dehon.com\/es\/wp-json\/wp\/v2\/product\/10010","targetHints":{"allow":["GET"]}}],"collection":[{"href":"https:\/\/www.inventec.dehon.com\/es\/wp-json\/wp\/v2\/product"}],"about":[{"href":"https:\/\/www.inventec.dehon.com\/es\/wp-json\/wp\/v2\/types\/product"}],"replies":[{"embeddable":true,"href":"https:\/\/www.inventec.dehon.com\/es\/wp-json\/wp\/v2\/comments?post=10010"}],"wp:featuredmedia":[{"embeddable":true,"href":"https:\/\/www.inventec.dehon.com\/es\/wp-json\/wp\/v2\/media\/2433"}],"wp:attachment":[{"href":"https:\/\/www.inventec.dehon.com\/es\/wp-json\/wp\/v2\/media?parent=10010"}],"wp:term":[{"taxonomy":"product_brand","embeddable":true,"href":"https:\/\/www.inventec.dehon.com\/es\/wp-json\/wp\/v2\/product_brand?post=10010"},{"taxonomy":"product_cat","embeddable":true,"href":"https:\/\/www.inventec.dehon.com\/es\/wp-json\/wp\/v2\/product_cat?post=10010"},{"taxonomy":"product_tag","embeddable":true,"href":"https:\/\/www.inventec.dehon.com\/es\/wp-json\/wp\/v2\/product_tag?post=10010"}],"curies":[{"name":"wp","href":"https:\/\/api.w.org\/{rel}","templated":true}]}}