{"id":10007,"date":"2021-04-16T08:45:28","date_gmt":"2021-04-16T08:45:28","guid":{"rendered":"https:\/\/www.inventec.dehon.com\/product\/3m-novec-7200\/"},"modified":"2026-01-30T09:41:03","modified_gmt":"2026-01-30T08:41:03","slug":"3m-novec-7200","status":"publish","type":"product","link":"https:\/\/www.inventec.dehon.com\/es\/product\/3m-novec-7200\/","title":{"rendered":"3M NOVEC 7200"},"content":{"rendered":"<p><img decoding=\"async\" src=\"https:\/\/www.inventec.dehon.com\/wp-content\/uploads\/2021\/04\/Novec-drum-colorless.phase-outpng-1-600x600.jpg\" alt=\"3M NOVEC 7200\" class=\"responsive-img\" align=\"right\" style=\"border-radius:10px; margin-bottom:10px; margin-top:-10px; margin-left:15px; width:300px\" \/><\/p>\n<h2 style=\"color: #9bc947; margin-bottom: 15px;\">Limpiador de disolventes<\/h2>\n<ul>\n<li>Disolvente para la eliminaci\u00f3n de aceites y part\u00edculas ligeras, aclarado y secado r\u00e1pido sin manchas<\/li>\n<li>Proceso de monosolvente, cosolvente, lavado y secado<\/li>\n<li>Muy bajo impacto HSE y muy baja tensi\u00f3n superficial <span style=\"color:#FFFFFF;\">3M Novec 7200<\/span><\/li>\n<\/ul>\n<hr \/>\n<h4>AVISO IMPORTANTE:<BR> DESCONTINUACI\u00d3N DE PRODUCTOS 3M\u2122<\/h4>\n<p>\u26a0\ufe0f 3M\u2122 anunci\u00f3 en diciembre de 2022 que todos los productos Novec\u2122 ser\u00e1n descontinuados y no estar\u00e1n disponibles para finales de 2025. No se preocupe, Inventec tiene un reemplazo directo para este producto, pero le recomendamos que nos contacte lo antes posible para minimizar las interrupciones en el suministro.<\/p>\n<p>Si desea obtener m\u00e1s informaci\u00f3n sobre la descontinuaci\u00f3n de los productos 3M\u2122, haga clic en este <a href=\"https:\/\/www.inventec.dehon.com\/es\/buscando-un-reemplazo-para-3m-novec\/\">enlace<\/a>.<\/p>\n<p>NUESTRA(S) ALTERNATIVA(S):<\/p>\n<ul>\n<li><a href=\"https:\/\/www.inventec.dehon.com\/es\/product\/promosolv-dr3\/\">PROMOSOLV DR3<\/a><\/li>\n<li><a href=\"https:\/\/www.inventec.dehon.com\/es\/product\/promosolv-neo-a1\/\">PROMOSOLV NEO A1<\/a> -> SIN GWP &amp; LIBRE DE PFAS<\/li>\n<\/ul>\n<hr \/>\n<h5>3M Novec 7200<\/h5>\n<p><strong>3M Novec 7200<\/strong> Engineered Fluid, etoxinonafluorobutano (C4F9OC2H5), es un fluido transparente, incoloro y de bajo olor destinado a sustituir a las sustancias que agotan la capa de ozono (SAO), a los compuestos con alto potencial de calentamiento global (PCG) y a los materiales clorados en muchas aplicaciones. Este fluido patentado tiene un potencial de agotamiento de la capa de ozono nulo y otras propiedades medioambientales favorables.<\/p>\n<p>El fluido <strong>Novec 7200<\/strong> tiene un punto de ebullici\u00f3n m\u00e1s alto que la mayor\u00eda de los CFC, HCFC y HFC, lo que reduce las p\u00e9rdidas por evaporaci\u00f3n. La baja tensi\u00f3n superficial y la baja viscosidad del fluido <strong>Novec 7200<\/strong> lo hacen ideal para su uso en aplicaciones de desengrase por vapor y limpieza en fr\u00edo.<\/p>\n<p>Adem\u00e1s, su estabilidad qu\u00edmica y t\u00e9rmica, su no inflamabilidad y su baja toxicidad lo hacen \u00fatil para otras aplicaciones industriales, como las de disolventes especiales y las de transferencia de calor.<\/p>\n<p><a title=\"Letter from 3M - Inventec authorized distributor for EMEA area\" href=\"https:\/\/www.inventec.dehon.com\/wp-content\/uploads\/2021\/10\/3M-Authorized-EMEA-Distributor_Inventec.pdf\" target=\"_blank\" rel=\"noopener\">Letter from 3M &#8211; Inventec authorized distributor for EMEA area<\/a><\/p>\n<p><a href=\"https:\/\/inventec.dehon.com\/wp-content\/uploads\/2021\/04\/LOGO-3M-Novec.png\" rel=\"inv-colorbox\" title=\"3M NOVEC 7200\"><img decoding=\"async\" class=\"alignnone wp-image-2102 size-medium\" src=\"https:\/\/inventec.dehon.com\/wp-content\/uploads\/2021\/04\/LOGO-3M-Novec-300x150.png\" alt=\"3M Novec 7200\" width=\"300\" height=\"150\" srcset=\"https:\/\/www.inventec.dehon.com\/wp-content\/uploads\/2021\/04\/LOGO-3M-Novec-300x150.png 300w, https:\/\/www.inventec.dehon.com\/wp-content\/uploads\/2021\/04\/LOGO-3M-Novec.png 318w\" sizes=\"(max-width: 300px) 100vw, 300px\" \/><\/a><\/p>\n","protected":false},"excerpt":{"rendered":"<ul>\n<li>Disolvente para la eliminaci\u00f3n de aceites y part\u00edculas ligeras, aclarado y secado r\u00e1pido sin manchas<\/li>\n<li>Proceso de monosolvente, cosolvente, lavado y secado<\/li>\n<li>Muy bajo impacto HSE y muy baja tensi\u00f3n superficial<\/li>\n<\/ul>\n<p><span style=\"color: #99cc00;\">Alternativa:<small> <\/small><\/span><a href=\"https:\/\/www.inventec.dehon.com\/es\/product\/promosolv-neo-a1\/\"><small>PROMOSOLV NEO A1<\/small><\/a><\/p>\n<p><a href=\"https:\/\/www.inventec.dehon.com\/es\/buscando-un-reemplazo-para-3m-novec\/\" class=\"btn btn-lg btn-primary rounded-pill\" style=\"margin-top:5px; color:#FFFFFF;\">Ver todos los reemplazos de 3M Novec<\/a><\/p>\n","protected":false},"featured_media":15446,"comment_status":"closed","ping_status":"closed","template":"","meta":{"_acf_changed":false,"inline_featured_image":false},"product_brand":[],"product_cat":[616,2899,2900],"product_tag":[4395,588,4295],"class_list":{"0":"post-10007","1":"product","2":"type-product","3":"status-publish","4":"has-post-thumbnail","6":"industries-aeroespacial-y-defensa","7":"industries-automocion","8":"industries-medica","9":"product_cat-limpieza","10":"product_cat-soluciones-de-solventes-para-enjuague","11":"product_cat-soluciones-de-solventes-para-secado","12":"product_tag-eliminacion-de-aceite-es","13":"product_tag-fluido","14":"product_tag-secado","15":"pa_brand-3m-novec-es-2","16":"pa_features-reciclable","17":"pa_processes-co-solvente","18":"pa_processes-enjuague-con-solvente","19":"pa_processes-mono-solvente","20":"pa_product-category-fluidos-de-limpieza-con-solvente","22":"first","23":"instock","24":"shipping-taxable","25":"product-type-simple"},"acf":[],"_links":{"self":[{"href":"https:\/\/www.inventec.dehon.com\/es\/wp-json\/wp\/v2\/product\/10007","targetHints":{"allow":["GET"]}}],"collection":[{"href":"https:\/\/www.inventec.dehon.com\/es\/wp-json\/wp\/v2\/product"}],"about":[{"href":"https:\/\/www.inventec.dehon.com\/es\/wp-json\/wp\/v2\/types\/product"}],"replies":[{"embeddable":true,"href":"https:\/\/www.inventec.dehon.com\/es\/wp-json\/wp\/v2\/comments?post=10007"}],"wp:featuredmedia":[{"embeddable":true,"href":"https:\/\/www.inventec.dehon.com\/es\/wp-json\/wp\/v2\/media\/15446"}],"wp:attachment":[{"href":"https:\/\/www.inventec.dehon.com\/es\/wp-json\/wp\/v2\/media?parent=10007"}],"wp:term":[{"taxonomy":"product_brand","embeddable":true,"href":"https:\/\/www.inventec.dehon.com\/es\/wp-json\/wp\/v2\/product_brand?post=10007"},{"taxonomy":"product_cat","embeddable":true,"href":"https:\/\/www.inventec.dehon.com\/es\/wp-json\/wp\/v2\/product_cat?post=10007"},{"taxonomy":"product_tag","embeddable":true,"href":"https:\/\/www.inventec.dehon.com\/es\/wp-json\/wp\/v2\/product_tag?post=10007"}],"curies":[{"name":"wp","href":"https:\/\/api.w.org\/{rel}","templated":true}]}}