{"id":7512,"date":"2021-12-03T07:24:29","date_gmt":"2021-12-03T07:24:29","guid":{"rendered":"https:\/\/www.inventec.dehon.com\/informacion-legal-y-aviso-de-privacidad\/"},"modified":"2022-05-30T10:17:50","modified_gmt":"2022-05-30T10:17:50","slug":"informacion-legal-y-aviso-de-privacidad","status":"publish","type":"page","link":"https:\/\/www.inventec.dehon.com\/es\/informacion-legal-y-aviso-de-privacidad\/","title":{"rendered":"Informaci\u00f3n legal y aviso de privacidad"},"content":{"rendered":"<p><strong>El sitio que est\u00e1 viendo es propiedad de: <\/strong><br \/>\nINVENTEC PERFORMANCE CHEMICALS SAS &#8211; 26 Rue des Coulons 94 360 Bry sur marne, Francia<br \/>\nCapital social: 600 000 euros<br \/>\nN\u00ba SIREN: 964 500 706 Creteil<br \/>\nDirecci\u00f3n de correo electr\u00f3nico de contacto: dpo@ dehon.com<br \/>\nN\u00famero de IVA intracomunitario FR 84 964 500 706<\/p>\n<p><span style=\"text-decoration: underline;\">Enlaces a otros sitios<\/span><br \/>\nLas p\u00e1ginas que se ofrecen como enlaces en la p\u00e1gina web de Inventec son creadas por empresas o personas sobre las que Inventec no tiene ning\u00fan control. En consecuencia, estos sitios pueden colocar sus propias cookies en los ordenadores de las personas que visitan el sitio de Inventec y pueden recoger (o solicitar) datos personales. La empresa Inventec no se hace responsable del contenido de estos sitios y del uso que puedan hacer los usuarios. Propiedad intelectual El acceso a nuestro sitio web le otorga un derecho privado y no exclusivo a utilizarlo. Todos los elementos publicados en este sitio, incluidos los textos, las fotograf\u00edas, los gr\u00e1ficos, los logotipos, las marcas&#8230; constituyen obras en el sentido del C\u00f3digo de la Propiedad Intelectual. Por lo tanto, cualquier representaci\u00f3n o reproducci\u00f3n, total o parcial, que pudiera hacerse sin el consentimiento de sus autores o de sus herederos, es ilegal.<\/p>\n<p>Alojamiento : Online SAS<br \/>\nSoci\u00e9t\u00e9 par Actions Simplifi\u00e9e au capital de 214 410,50 Euros<br \/>\nSIREN: 433 115 904 RCS Par\u00eds &#8211; N\u00b0 TVA: FR 35 433115904<br \/>\nSi\u00e8ge social : 8 rue de la Ville l&#8217;Ev\u00eaque, 75008 Par\u00eds, Francia<\/p>\n<p>&nbsp;<\/p>\n<h3>Pol\u00edtica de privacidad<\/h3>\n<h5>1. La importancia de la protecci\u00f3n de los datos personales<\/h5>\n<p>INVENTEC PERFORMANCE CHEMICALS SAS (con sede en 26 rue des Coulons &#8211; 94 360 Bry Sur Marne y registrada con el n\u00famero 964 500 706 en el Registro Mercantil de Cr\u00e9teil) se compromete a respetar su privacidad. Por lo tanto, el presente documento tiene por objeto informarle de nuestras pr\u00e1cticas relativas a la recopilaci\u00f3n, el uso y el intercambio de datos personales (los Datos). Si tiene alguna pregunta sobre nuestra pol\u00edtica, tambi\u00e9n puede ponerse en contacto con nosotros en la direcci\u00f3n postal indicada anteriormente o en la siguiente direcci\u00f3n de correo electr\u00f3nico: dpo@ dehon.com.<\/p>\n<h5>2. Los datos procesados<\/h5>\n<p>En el transcurso de nuestras actividades y en funci\u00f3n de la naturaleza de los servicios que podamos prestarle, podremos tratar los siguientes datos que le conciernen: nombre y apellidos; el cargo que ocupa en la empresa; la raz\u00f3n social; su direcci\u00f3n de correo electr\u00f3nico; el n\u00famero de tel\u00e9fono de la empresa; la direcci\u00f3n de la empresa; la ciudad; el c\u00f3digo postal; el pa\u00eds y, en general, cualquier informaci\u00f3n que nos facilite voluntariamente.<\/p>\n<h5>3. Los fines del tratamiento de estos datos<\/h5>\n<p>Tratamos sus datos para los siguientes fines:<\/p>\n<ul>\n<li>Analizar y mejorar continuamente nuestros servicios y ofertas;<\/li>\n<li>Realizar operaciones relacionadas con la gesti\u00f3n de nuestros clientes y pedidos;<\/li>\n<li>Comunicarnos con usted para proporcionarle informaci\u00f3n sobre nuestros productos y servicios;<\/li>\n<li>Evaluar la satisfacci\u00f3n de los usuarios de nuestro sitio web o servicios;<\/li>\n<li>Desarrollar estad\u00edsticas comerciales;<\/li>\n<li>Gestionar y proteger nuestras actividades y sitios ;<\/li>\n<li>Gestionar y administrar nuestras actividades;<\/li>\n<li>Gestionar y mantener nuestras bases de datos ;<\/li>\n<li>Cumplir y evaluar el cumplimiento de la normativa. Adem\u00e1s de los casos en los que se ha obtenido su consentimiento, es necesario el tratamiento de sus datos para los distintos fines mencionados anteriormente:\n<ul>\n<li>para garantizar la ejecuci\u00f3n de un contrato,<\/li>\n<li>para cumplir con una obligaci\u00f3n legal,<\/li>\n<li>por motivos de intereses comerciales leg\u00edtimos (en particular el desarrollo de nuevos servicios y ofertas, la mejora del servicio al cliente, la comunicaci\u00f3n con nuestros clientes y socios, la seguridad de nuestros bienes y personas&#8230;).<\/li>\n<\/ul>\n<\/li>\n<\/ul>\n<h5>4. Sus derechos<\/h5>\n<p>Si lo solicita, le proporcionaremos una copia de todos sus datos y toda la informaci\u00f3n legalmente requerida. En el caso de que la recogida de sus datos se base en su consentimiento, puede retirar este consentimiento en cualquier momento. Tambi\u00e9n puedes preguntar:<\/p>\n<ul>\n<li>corregir sus datos si resultan ser inexactos, incompletos u obsoletos;<\/li>\n<li>eliminar sus datos en determinadas circunstancias. Tenga en cuenta que podemos oponernos, en particular, en el caso de un inter\u00e9s leg\u00edtimo o para cumplir una obligaci\u00f3n legal;<\/li>\n<li>limitar el tratamiento de sus datos, en particular en caso de litigio sobre la exactitud de los datos o en caso de uso il\u00edcito.<\/li>\n<\/ul>\n<p>Siempre podr\u00e1 oponerse, sin tener que justificarlo, al tratamiento de sus Datos con fines de prospecci\u00f3n comercial y, por motivos leg\u00edtimos, a cualquier tratamiento.<\/p>\n<p>Puede ejercer sus derechos simplemente enviando un correo electr\u00f3nico a la direcci\u00f3n indicada anteriormente, que deber\u00e1 incluir una copia legible de su documento de identidad y, para ejercer su derecho de oposici\u00f3n, una descripci\u00f3n de los motivos de la misma. Tambi\u00e9n tiene derecho a reclamar ante las autoridades locales de protecci\u00f3n de datos en caso de incumplimiento de la normativa aplicable en materia de protecci\u00f3n de datos personales, en particular el Reglamento General de Protecci\u00f3n de Datos de la UE n\u00ba 2016\/679.<\/p>\n<h5>5. Confidencialidad, transferencias internacionales y seguridad<\/h5>\n<p>Aplicamos medidas t\u00e9cnicas y organizativas para garantizar la seguridad del tratamiento de sus datos personales y su confidencialidad.<\/p>\n<p>Sus datos no ser\u00e1n transmitidos a ning\u00fan tercero sin su consentimiento, a excepci\u00f3n de nuestros procesadores y otras entidades del grupo DEHON. Los encargados del tratamiento s\u00f3lo actuar\u00e1n siguiendo nuestras instrucciones y en nuestro nombre en el marco del contrato celebrado con estos \u00faltimos.<\/p>\n<p>Sin embargo, nos reservamos el derecho a revelar sus datos a petici\u00f3n de una autoridad administrativa o judicial o si creemos de buena fe que dicha revelaci\u00f3n es necesaria para cumplir con cualquier ley o reglamento aplicable.<\/p>\n<p>En el caso de que transfiramos algunos de sus Datos fuera de la Uni\u00f3n Europea, nos aseguramos de que esta transferencia se realice de acuerdo con la normativa aplicable (pa\u00edses con decisiones de adecuaci\u00f3n, SCC&#8230;) y le garantice un nivel suficiente de protecci\u00f3n de su privacidad y de los derechos fundamentales de las personas de acuerdo con el GDPR.<\/p>\n<h5>6. Vida \u00fatil<\/h5>\n<p>El periodo de almacenamiento de sus Datos Personales variar\u00e1 y estar\u00e1 determinado por los siguientes criterios:<\/p>\n<ul>\n<li>Finalidad para la que los utilizamos: conservaremos los datos durante el tiempo necesario para ese fin.<\/li>\n<li>Obligaciones legales: las leyes o los reglamentos pueden establecer un per\u00edodo m\u00ednimo para el almacenamiento de sus Datos Personales.<\/li>\n<\/ul>\n","protected":false},"excerpt":{"rendered":"<p>El sitio que est\u00e1 viendo es propiedad de: INVENTEC PERFORMANCE CHEMICALS SAS &#8211; 26 Rue des Coulons 94 360 Bry sur marne, Francia Capital social: 600 000 euros N\u00ba SIREN: 964 500 706 Creteil Direcci\u00f3n de correo electr\u00f3nico de contacto: dpo@ dehon.com N\u00famero de IVA intracomunitario FR 84 964 500 706 Enlaces a otros sitios<\/p>\n","protected":false},"author":2,"featured_media":0,"parent":0,"menu_order":0,"comment_status":"closed","ping_status":"closed","template":"","meta":{"_acf_changed":false,"inline_featured_image":false,"footnotes":""},"class_list":["post-7512","page","type-page","status-publish","hentry"],"acf":[],"_links":{"self":[{"href":"https:\/\/www.inventec.dehon.com\/es\/wp-json\/wp\/v2\/pages\/7512","targetHints":{"allow":["GET"]}}],"collection":[{"href":"https:\/\/www.inventec.dehon.com\/es\/wp-json\/wp\/v2\/pages"}],"about":[{"href":"https:\/\/www.inventec.dehon.com\/es\/wp-json\/wp\/v2\/types\/page"}],"author":[{"embeddable":true,"href":"https:\/\/www.inventec.dehon.com\/es\/wp-json\/wp\/v2\/users\/2"}],"replies":[{"embeddable":true,"href":"https:\/\/www.inventec.dehon.com\/es\/wp-json\/wp\/v2\/comments?post=7512"}],"version-history":[{"count":0,"href":"https:\/\/www.inventec.dehon.com\/es\/wp-json\/wp\/v2\/pages\/7512\/revisions"}],"wp:attachment":[{"href":"https:\/\/www.inventec.dehon.com\/es\/wp-json\/wp\/v2\/media?parent=7512"}],"curies":[{"name":"wp","href":"https:\/\/api.w.org\/{rel}","templated":true}]}}