{"id":4504,"date":"2021-10-04T09:30:02","date_gmt":"2021-10-04T09:30:02","guid":{"rendered":"https:\/\/www.inventec.dehon.com\/mapa-del-sitio\/"},"modified":"2025-12-16T10:31:56","modified_gmt":"2025-12-16T09:31:56","slug":"mapa-del-sitio","status":"publish","type":"page","link":"https:\/\/www.inventec.dehon.com\/es\/mapa-del-sitio\/","title":{"rendered":"Mapa del sitio"},"content":{"rendered":"<h5>Intentamos ofrecerle la mayor usabilidad en la web de Inventec y presentarle f\u00e1cilmente nuestros productos y servicios de soldadura, limpieza y protecci\u00f3n para industrias que necesitan soluciones de alta fiabilidad.<\/h5>\n<h5>Pero por si acaso esta p\u00e1gina le ayudar\u00e1 a encontrar lo que busca.<\/h5>\n<p>&nbsp;<\/p>\n<h4 class=\"mb-3\"><a href=\"https:\/\/www.inventec.dehon.com\/es\/\">P\u00e1gina web<\/a><\/h4>\n<h4>Soluciones<\/h4>\n<ul>\n<li><a href=\"https:\/\/www.inventec.dehon.com\/es\/solutions\/soldadura\/\">Soldadura<\/a>\n<ul>\n<li><a href=\"https:\/\/www.inventec.dehon.com\/es\/solutions\/soldadura\/pastas-de-soldadura-para-smt\/\">Pastas de soldadura para SMT<\/a>\n<ul>\n<li><a href=\"https:\/\/www.inventec.dehon.com\/es\/solutions\/soldadura\/soluciones-de-pasta-de-soldadura-de-alta-fiabilidad\/\">Pasta de soldadura de alta fiabilidad<\/a><\/li>\n<li><a href=\"https:\/\/www.inventec.dehon.com\/es\/solutions\/soldadura\/soluciones-de-impresion-por-chorro-y-dispensado-de-pasta-de-soldadura\/\">Impresi\u00f3n por chorro y dispensado de pasta de soldadura<\/a><\/li>\n<li><a href=\"https:\/\/www.inventec.dehon.com\/es\/solutions\/soldadura\/soluciones-de-pasta-de-soldadura-sin-o-con-bajo-contenido-de-plata\/\">Pasta de soldadura sin o con bajo contenido de plata<\/a><\/li>\n<li><a href=\"https:\/\/www.inventec.dehon.com\/es\/solutions\/soldadura\/soluciones-de-pasta-de-soldadura-a-baja-temperatura\/\">Pasta de soldadura a baja temperatura<\/a><\/li>\n<li><a href=\"https:\/\/www.inventec.dehon.com\/es\/solutions\/soldadura\/soluciones-de-pasta-de-soldadura-de-baja-porosidad\/\">Pasta de soldadura de baja porosidad<\/a><\/li>\n<li><a href=\"https:\/\/www.inventec.dehon.com\/es\/solutions\/soldadura\/soluciones-de-pasta-de-soldadura-para-miniaturizacion\/\">Pasta de soldadura para miniaturizaci\u00f3n<\/a><\/li>\n<li><a href=\"https:\/\/www.inventec.dehon.com\/es\/solutions\/soldadura\/soluciones-de-pasta-de-soldadura-para-ensamblaje-de-pcbs-de-alto-volumen\/\">Pasta de soldadura para ensamblaje robusto<\/a><\/li>\n<li><a href=\"https:\/\/www.inventec.dehon.com\/es\/solutions\/soldadura\/soluciones-de-pasta-de-soldadura-hidrosoluble\/\">Pasta de soldadura hidrosoluble<\/a><\/li>\n<\/ul>\n<\/li>\n<li><a href=\"https:\/\/www.inventec.dehon.com\/es\/solutions\/soldadura\/fundentes-para-soldadura\/\">Fundentes para soldadura<\/a>\n<ul>\n<li><a href=\"https:\/\/www.inventec.dehon.com\/es\/solutions\/soldadura\/soluciones-de-fundentes-para-soldadura-por-ola\/\">Fundente para soldadura por ola<\/a><\/li>\n<li><a href=\"https:\/\/www.inventec.dehon.com\/es\/solutions\/soldadura\/soluciones-de-fundentes-para-soldadura-selectiva\/\">Fundente para soldadura selectiva<\/a><\/li>\n<li><a href=\"https:\/\/www.inventec.dehon.com\/es\/solutions\/soldadura\/soluciones-de-fundente-adhesivo\/\">Fundente adhesivo<\/a><\/li>\n<li><a href=\"https:\/\/www.inventec.dehon.com\/es\/solutions\/soldadura\/soluciones-de-fundentes-para-estanado\/\">Fundente para esta\u00f1ado<\/a><\/li>\n<\/ul>\n<li><a href=\"https:\/\/www.inventec.dehon.com\/es\/solutions\/soldadura\/soluciones-de-semiconductores\/\">Soluciones de semiconductores<\/a>\n<ul>\n<li><a href=\"https:\/\/www.inventec.dehon.com\/es\/solutions\/soldadura\/proceso-de-union-de-esferas-para-encapsulado-de-semiconductores\/\">Ball Attach<\/a><\/li>\n<li><a href=\"https:\/\/www.inventec.dehon.com\/es\/solutions\/soldadura\/proceso-de-union-del-chip-para-encapsulado-de-semiconductores\/\">Die Attach<\/a><\/li>\n<li><a href=\"https:\/\/www.inventec.dehon.com\/es\/solutions\/soldadura\/proceso-flip-chip-y-csp-para-encapsulado-de-semiconductores\/\">Flip Chip Y; CSP<\/a><\/li>\n<li><a href=\"https:\/\/www.inventec.dehon.com\/es\/solutions\/soldadura\/proceso-de-ensamblaje-pop-para-encapsulado-de-semiconductores\/\">Ensamblaje PoP<\/a><\/li>\n<li><a href=\"https:\/\/www.inventec.dehon.com\/es\/solutions\/soldadura\/proceso-sip-para-encapsulado-de-semiconductores\/\">System-in-Package (SIP)<\/a><\/li>\n<li><a href=\"https:\/\/www.inventec.dehon.com\/es\/solutions\/soldadura\/proceso-de-ensamblaje-del-encapsulado-para-semiconductores\/\">Ensamblaje del encapsulado<\/a><\/li>\n<\/ul>\n<\/li>\n<p>\t<!--\n\n\n<li><a href=\"https:\/\/www.inventec.dehon.com\/es\/solutions\/soldadura\/soluciones-de-sinterizacion\/\">Soluciones de Sinterizaci\u00f3n<\/a>\n--><\/p>\n<li><a href=\"https:\/\/www.inventec.dehon.com\/es\/solutions\/soldadura\/soluciones-de-reparacion-y-retrabajo\/\">Soluciones de reparaci\u00f3n y retrabajo<\/a>\n<ul>\n<li><a href=\"https:\/\/www.inventec.dehon.com\/es\/solutions\/soldadura\/soluciones-de-fundente-para-reparacion\/\">Soluciones de fundente para reparaci\u00f3n<\/a><\/li>\n<li><a href=\"https:\/\/www.inventec.dehon.com\/es\/solutions\/soldadura\/soluciones-de-pasta-de-soldadura-para-reparacion\/\">Soluciones de pasta de soldadura para reparaci\u00f3n<\/a><\/li>\n<\/ul>\n<\/li>\n<li><a href=\"https:\/\/www.inventec.dehon.com\/es\/solutions\/soldadura\/ec-rat-deteccion-de-corrosion\/\">EC-RAT Detecci\u00f3n de Corrosi\u00f3n<\/a>\n<ul>\n<li><a href=\"https:\/\/www.inventec.dehon.com\/es\/solutions\/soldadura\/ec-rat-deteccion-de-corrosion\/\">Acerca de EC-Rat<\/a><\/li>\n<li><a href=\"https:\/\/www.inventec.dehon.com\/es\/solutions\/soldadura\/ec-rat-deteccion-de-corrosion\/#inventec-quantiflux\">QUANTIFLUX<\/a><\/li>\n<li><a href=\"https:\/\/www.inventec.dehon.com\/es\/solutions\/soldadura\/ec-rat-deteccion-de-corrosion\/#inventec-residues-rat\">RESIDUES RAT<\/a><\/li>\n<li><a href=\"https:\/\/www.inventec.dehon.com\/es\/solutions\/soldadura\/ec-rat-deteccion-de-corrosion\/#inventec-tin-rat\">TIN RAT<\/a><\/li>\n<\/ul>\n<\/li>\n<\/ul>\n<\/li>\n<li><a href=\"https:\/\/www.inventec.dehon.com\/es\/solutions\/limpieza\/\">Limpieza<\/a>\n<ul>\n<li><a href=\"https:\/\/www.inventec.dehon.com\/es\/solutions\/limpieza\/limpieza-electronica-y-de-semiconductores\/\">Limpieza electr\u00f3nica y de semiconductores<\/a>\n<ul>\n<li><a href=\"https:\/\/www.inventec.dehon.com\/es\/solutions\/limpieza\/eliminacion-de-residuos-de-fundente-y-limpieza-de-pcb-para-electronica-y-semiconductores\/\">Eliminaci\u00f3n de residuos de fundente y limpieza de PCB<\/a><\/li>\n<li><a href=\"https:\/\/www.inventec.dehon.com\/es\/solutions\/limpieza\/limpieza-de-electronica-de-potencia-para-electronica-y-semiconductores\/\">Limpieza de Electr\u00f3nica de Potencia<\/a><\/li>\n<li><a href=\"https:\/\/www.inventec.dehon.com\/es\/solutions\/limpieza\/limpieza-de-encapsulados-para-electronica-y-semiconductores\/\">Limpieza de Encapsulados<\/a><\/li>\n<li><a href=\"https:\/\/www.inventec.dehon.com\/es\/solutions\/limpieza\/limpieza-de-mantenimiento-para-electronica-y-semiconductores\/\">Limpieza de Mantenimiento<\/a><\/li>\n<li><a href=\"https:\/\/www.inventec.dehon.com\/es\/solutions\/limpieza\/limpieza-de-adhesivos-smt-para-electronica-y-semiconductores\/\">Limpieza de Adhesivos SMT<\/a><\/li>\n<li><a href=\"https:\/\/www.inventec.dehon.com\/es\/solutions\/limpieza\/limpieza-de-plantillas-y-de-impresiones-defectuosas-para-electronica-y-semiconductores\/\">Limpieza de Plantillas y de Impresiones Defectuosas<\/a><\/li>\n<\/ul>\n<\/li>\n<li><a href=\"https:\/\/www.inventec.dehon.com\/es\/solutions\/limpieza\/solventes-de-enjuague-y-secado\/\">Solventes de enjuague y secado<\/a>\n<ul>\n<li><a href=\"https:\/\/www.inventec.dehon.com\/es\/solutions\/limpieza\/soluciones-de-solventes-para-enjuague\/\">Solventes de enjuague<\/a><\/li>\n<li><a href=\"https:\/\/www.inventec.dehon.com\/es\/solutions\/limpieza\/soluciones-de-solventes-para-secado\/\">Solventes de secado<\/a><\/li>\n<\/ul>\n<\/li>\n<li><a href=\"https:\/\/www.inventec.dehon.com\/es\/solutions\/limpieza\/desengrase\/\">Desengrase y eliminaci\u00f3n de cera<\/a>\n<ul>\n<li><a href=\"https:\/\/www.inventec.dehon.com\/es\/solutions\/limpieza\/eliminacion-de-aceite-en-diversos-componentes-metalicos\/\">Eliminaci\u00f3n de Aceites<\/a><\/li>\n<li><a href=\"https:\/\/www.inventec.dehon.com\/es\/solutions\/limpieza\/desengrase-de-diversos-componentes-metalicos\/\">Eliminaci\u00f3n de grasas<\/a><\/li>\n<li><a href=\"https:\/\/www.inventec.dehon.com\/es\/solutions\/limpieza\/proceso-de-eliminacion-de-cera\/\">Eliminaci\u00f3n de Cera<\/a><\/li>\n<\/ul>\n<\/li>\n<li><a href=\"https:\/\/www.inventec.dehon.com\/es\/solutions\/limpieza\/eliminacion-de-particulas\/\">Eliminaci\u00f3n de Part\u00edculas<\/a><\/li>\n<li><a href=\"https:\/\/www.inventec.dehon.com\/es\/solutions\/limpieza\/decapado-y-desoxidacion\/\">Decapado y Desoxidaci\u00f3n<\/a><\/li>\n<li><a href=\"https:\/\/www.inventec.dehon.com\/es\/solutions\/limpieza\/eliminacion-de-compuestos-de-pulido\/\">Eliminaci\u00f3n de Compuestos de Pulido<\/a>\n<ul>\n<li><a href=\"https:\/\/www.inventec.dehon.com\/es\/solutions\/limpieza\/eliminacion-de-suspension-de-pulido-con-diamante\/\">Eliminaci\u00f3n de Suspensi\u00f3n de Pulido con Diamante<\/a><\/li>\n<li><a href=\"https:\/\/www.inventec.dehon.com\/es\/solutions\/limpieza\/proceso-de-eliminacion-de-pasta-de-pulido\/\">Eliminaci\u00f3n de Pasta de Pulido<\/a><\/li>\n<\/ul>\n<\/li>\n<li><a href=\"https:\/\/www.inventec.dehon.com\/es\/solutions\/limpieza\/eliminacion-de-polimeros-y-resinas\/\">Eliminaci\u00f3n de Pol\u00edmeros y Resinas<\/a><\/li>\n<li><a href=\"https:\/\/www.inventec.dehon.com\/es\/solutions\/limpieza\/limpieza-de-piezas-en-contacto-con-oxigeno\/\">Limpieza de piezas en contacto con ox\u00edgeno<\/a><\/li>\n<li><a href=\"https:\/\/www.inventec.dehon.com\/es\/solutions\/limpieza\/soluciones-de-fabricacion-aditiva\/\">Soluciones de fabricaci\u00f3n aditiva<\/a><\/li>\n<li><a href=\"https:\/\/www.inventec.dehon.com\/es\/solutions\/limpieza\/limpieza-de-peliculas-cinematograficas\/\">Limpieza de pel\u00edculas cinematogr\u00e1ficas<\/a><\/li>\n<\/ul>\n<\/li>\n<li><a href=\"https:\/\/www.inventec.dehon.com\/es\/solutions\/proteccion\/\">Protecci\u00f3n<\/a>\n<ul>\n<li><a href=\"https:\/\/www.inventec.dehon.com\/es\/solutions\/proteccion\/recubrimientos-conformados\/\">Recubrimientos conformados<\/a>\n<ul>\n<li><a href=\"https:\/\/www.inventec.dehon.com\/es\/solutions\/proteccion\/asociacion-entre-abchimie-e-inventec\/\">Asociaci\u00f3n entre ABchimie e Inventec<\/a><\/li>\n<li><a href=\"https:\/\/www.inventec.dehon.com\/es\/solutions\/proteccion\/soluciones-de-recubrimientos-conformados-curados-por-calor\/\">Recubrimientos conformados curados por calor<\/a><\/li>\n<li><a href=\"https:\/\/www.inventec.dehon.com\/es\/solutions\/proteccion\/soluciones-de-recubrimientos-conformados-curados-por-uv\/\">Recubrimientos conformados curados por UV<\/a><\/li>\n<\/ul>\n<\/li>\n<li><a href=\"https:\/\/www.inventec.dehon.com\/es\/solutions\/proteccion\/recubrimientos-ultrafinos\/\">Recubrimientos Ultrafinos<\/a><\/li>\n<\/ul>\n<\/li>\n<li><a href=\"https:\/\/www.inventec.dehon.com\/es\/solutions\/refrigeracion\/\">Refrigeraci\u00f3n<\/a>\n<ul>\n<li><a href=\"https:\/\/www.inventec.dehon.com\/es\/solutions\/refrigeracion\/refrigeracion-por-inmersion\/\">Refrigeraci\u00f3n por inmersi\u00f3n<\/a><\/li>\n<li><a href=\"https:\/\/www.inventec.dehon.com\/es\/solutions\/refrigeracion\/refrigeracion-directa\/\">Refrigeraci\u00f3n Directa<\/a><\/li>\n<li><a href=\"https:\/\/www.inventec.dehon.com\/es\/solutions\/refrigeracion\/enfriadores\/\">Enfriadores<\/a><\/li>\n<li><a href=\"https:\/\/www.inventec.dehon.com\/es\/solutions\/refrigeracion\/pruebas-dielectricas\/\">Pruebas diel\u00e9ctricas<\/a><\/li>\n<\/ul>\n<\/li>\n<\/ul>\n<\/li>\n<li><a href=\"https:\/\/www.inventec.dehon.com\/es\/servicios\/\">Servicios<\/a>\n<ul>\n<li><a href=\"https:\/\/www.inventec.dehon.com\/es\/servicios\/ecoprogram\/\">Ecoprograma<\/a><\/li>\n<li><a href=\"https:\/\/www.inventec.dehon.com\/es\/servicios\/ensayos-sin-coste\/\">Ensayos sin coste<\/a><\/li>\n<\/ul>\n<\/li>\n<\/ul>\n<h4>Industrias<\/h4>\n<ul>\n<li><a href=\"https:\/\/www.inventec.dehon.com\/es\/industries\/automocion\/\">Automoci\u00f3n<\/a>\n<ul>\n<li><a href=\"https:\/\/www.inventec.dehon.com\/es\/industries\/tren-motriz\/\">Tren Motriz<\/a><\/li>\n<li><a href=\"https:\/\/www.inventec.dehon.com\/es\/industries\/asistencia-y-confort-adas\/\">Asistencia y confort (ADAS)<\/a><\/li>\n<li><a href=\"https:\/\/www.inventec.dehon.com\/es\/industries\/baterias-y-postes-de-carga\/\">Bater\u00edas y postes de carga<\/a><\/li>\n<li><a href=\"https:\/\/www.inventec.dehon.com\/es\/industries\/estaciones-de-carga\/\">Estaciones de carga<\/a><\/li>\n<li><a href=\"https:\/\/www.inventec.dehon.com\/es\/industries\/chasis-conduccion-y-direccion\/\">Chasis, conducci\u00f3n y direcci\u00f3n<\/a><\/li>\n<li><a href=\"https:\/\/www.inventec.dehon.com\/es\/industries\/iluminacion\/\">Iluminaci\u00f3n<\/a><\/li>\n<\/ul>\n<\/li>\n<li><a href=\"https:\/\/www.inventec.dehon.com\/es\/industries\/aeroespacial-y-defensa\/\">Aeroespacial y Defensa<\/a>\n<ul>\n<li><a href=\"https:\/\/www.inventec.dehon.com\/es\/industries\/aerosistemas\/\">Aerosistemas<\/a><\/li>\n<li><a href=\"https:\/\/www.inventec.dehon.com\/es\/industries\/electronica-y-sistemas-electricos\/\">Electr\u00f3nica y sistemas el\u00e9ctricos<\/a><\/li>\n<li><a href=\"https:\/\/www.inventec.dehon.com\/es\/industries\/motores\/\">Motores<\/a><\/li>\n<li><a href=\"https:\/\/www.inventec.dehon.com\/es\/industries\/sistemas-de-aterrizaje\/\">Sistemas de aterrizaje<\/a><\/li>\n<li><a href=\"https:\/\/www.inventec.dehon.com\/es\/industries\/mantenimiento\/\">Mantenimiento<\/a><\/li>\n<li><a href=\"https:\/\/www.inventec.dehon.com\/es\/industries\/optica\/\">\u00d3ptica<\/a><\/li>\n<\/ul>\n<\/li>\n<li><a href=\"https:\/\/www.inventec.dehon.com\/es\/industries\/medica\/\">Medica<\/a>\n<ul>\n<li><a href=\"https:\/\/www.inventec.dehon.com\/es\/industries\/dispositivos-auditivos\/\">Dispositivos Auditivos<\/a><\/li>\n<li><a href=\"https:\/\/www.inventec.dehon.com\/es\/industries\/implantes\/\">Implantes<\/a><\/li>\n<li><a href=\"https:\/\/www.inventec.dehon.com\/es\/industries\/equipos-medico-y-escaneres\/\">Equipos m\u00e9dicos y esc\u00e1neres<\/a><\/li>\n<li><a href=\"https:\/\/www.inventec.dehon.com\/es\/industries\/agujas\/\">Agujas<\/a><\/li>\n<li><a href=\"https:\/\/www.inventec.dehon.com\/es\/industries\/instalaciones-de-oxigeno\/\">Instalaciones de ox\u00edgeno<\/a><\/li>\n<li><a href=\"https:\/\/www.inventec.dehon.com\/es\/industries\/instrumentos-y-herramientas-quirurgicas\/\">Instrumentos y herramientas quir\u00fargicas<\/a><\/li>\n<\/ul>\n<\/li>\n<\/ul>\n<h4>Nuestra empresa<\/h4>\n<ul>\n<li><a href=\"https:\/\/www.inventec.dehon.com\/es\/sobre-inventec\/\">Sobre Inventec<\/a><\/li>\n<li><a href=\"https:\/\/www.inventec.dehon.com\/es\/jobs\/\">Empleos\u00a0 en Inventec<\/a><\/li>\n<\/ul>\n<h4>Sostenibilidad<\/h4>\n<ul>\n<li><a href=\"https:\/\/www.inventec.dehon.com\/es\/greenway\/\">Greenway<\/a><\/li>\n<li><a href=\"https:\/\/www.inventec.dehon.com\/es\/proteccion-de-la-salud-y-el-medioambiente\/\">Protecci\u00f3n de la salud y el medioambiente<\/a><\/li>\n<li><a href=\"https:\/\/www.inventec.dehon.com\/es\/normativa\/\">Normativas<\/a><\/li>\n<\/ul>\n<h4 class=\"mb-3\"><a href=\"https:\/\/www.inventec.dehon.com\/es\/donde-estamos\/\">D\u00f3nde Estamos<\/a><\/h4>\n<h4 class=\"mb-3\"><a href=\"https:\/\/www.inventec.dehon.com\/es\/informacion-legal-y-aviso-de-privacidad\/\">Informaci\u00f3n legal y aviso de privacidad<\/a><\/h4>\n<h4 class=\"mb-3\"><a href=\"https:\/\/www.inventec.dehon.com\/es\/noticias\/\">Noticias<\/a><\/h4>\n<ul>\n<li><a href=\"https:\/\/www.inventec.dehon.com\/es\/category\/empresa\/\">Empresa<\/a><\/li>\n<li><a href=\"https:\/\/www.inventec.dehon.com\/es\/category\/eventos\/\">Eventos<\/a><\/li>\n<li><a href=\"https:\/\/www.inventec.dehon.com\/es\/category\/productos\/\">Productos<\/a><\/li>\n<li><a href=\"https:\/\/www.inventec.dehon.com\/es\/category\/servicios\/\">Servicios<\/a><\/li>\n<\/ul>\n<h4 class=\"mb-3\"><a href=\"https:\/\/www.inventec.dehon.com\/es\/buscando-un-reemplazo-para-3m-novec\/\">Buscando un reemplazo para 3M Novec<\/a><\/h4>\n<ul>\n<li><a href=\"https:\/\/www.inventec.dehon.com\/es\/buscando-un-reemplazo-para-3m-novec\/soluciones-de-limpieza-para-el-reemplazo-de-3m-novec\/\">Soluciones de limpieza para el reemplazo de 3M Novec<\/a><\/li>\n<li><a href=\"https:\/\/www.inventec.dehon.com\/es\/buscando-un-reemplazo-para-3m-novec\/soluciones-de-proteccion-para-el-reemplazo-de-3m-novec\/\">Soluciones de protecci\u00f3n para el reemplazo de 3M Novec<\/a><\/li>\n<li><a href=\"https:\/\/www.inventec.dehon.com\/es\/buscando-un-reemplazo-para-3m-novec\/soluciones-de-refrigeracion-para-el-reemplazo-de-3m-novec\/\">Soluciones de refrigeraci\u00f3n para el reemplazo de 3M Novec<\/a><\/li>\n<\/ul>\n<h4 class=\"mb-3\"><a href=\"https:\/\/www.inventec.dehon.com\/es\/buscar\/\">Buscar<\/a><\/h4>\n<h4 class=\"mb-3\"><a href=\"https:\/\/www.inventec.dehon.com\/es\/contacte-con-nosotros\/\">Contacte con nosotros<\/a><\/h4>\n","protected":false},"excerpt":{"rendered":"<p>Intentamos ofrecerle la mayor usabilidad en la web de Inventec y presentarle f\u00e1cilmente nuestros productos y servicios de soldadura, limpieza y protecci\u00f3n para industrias que necesitan soluciones de alta fiabilidad. Pero por si acaso esta p\u00e1gina le ayudar\u00e1 a encontrar lo que busca. &nbsp; P\u00e1gina web Soluciones Soldadura Pastas de soldadura para SMT Pasta de<\/p>\n","protected":false},"author":19,"featured_media":0,"parent":0,"menu_order":0,"comment_status":"closed","ping_status":"closed","template":"","meta":{"_acf_changed":false,"inline_featured_image":false,"footnotes":""},"class_list":["post-4504","page","type-page","status-publish","hentry"],"acf":[],"_links":{"self":[{"href":"https:\/\/www.inventec.dehon.com\/es\/wp-json\/wp\/v2\/pages\/4504","targetHints":{"allow":["GET"]}}],"collection":[{"href":"https:\/\/www.inventec.dehon.com\/es\/wp-json\/wp\/v2\/pages"}],"about":[{"href":"https:\/\/www.inventec.dehon.com\/es\/wp-json\/wp\/v2\/types\/page"}],"author":[{"embeddable":true,"href":"https:\/\/www.inventec.dehon.com\/es\/wp-json\/wp\/v2\/users\/19"}],"replies":[{"embeddable":true,"href":"https:\/\/www.inventec.dehon.com\/es\/wp-json\/wp\/v2\/comments?post=4504"}],"version-history":[{"count":68,"href":"https:\/\/www.inventec.dehon.com\/es\/wp-json\/wp\/v2\/pages\/4504\/revisions"}],"predecessor-version":[{"id":33898,"href":"https:\/\/www.inventec.dehon.com\/es\/wp-json\/wp\/v2\/pages\/4504\/revisions\/33898"}],"wp:attachment":[{"href":"https:\/\/www.inventec.dehon.com\/es\/wp-json\/wp\/v2\/media?parent=4504"}],"curies":[{"name":"wp","href":"https:\/\/api.w.org\/{rel}","templated":true}]}}