{"id":9998,"date":"2021-05-10T21:46:10","date_gmt":"2021-05-10T21:46:10","guid":{"rendered":"https:\/\/www.inventec.dehon.com\/product\/3m-novec-1700\/"},"modified":"2026-01-19T16:19:44","modified_gmt":"2026-01-19T15:19:44","slug":"3m-novec-1700","status":"publish","type":"product","link":"https:\/\/www.inventec.dehon.com\/de\/product\/3m-novec-1700\/","title":{"rendered":"3M NOVEC 1700"},"content":{"rendered":"<p><img decoding=\"async\" src=\"https:\/\/www.inventec.dehon.com\/wp-content\/uploads\/2021\/04\/Novec-drum-colorless.phase-outpng-1-600x600.jpg\" alt=\"3M NOVEC 1700\" class=\"responsive-img\" align=\"right\" style=\"border-radius:10px; margin-bottom:10px; margin-top:-10px; margin-left:15px; width:300px\" \/><\/p>\n<h2 style=\"color: #9bc947; margin-bottom: 15px;\">Ultrad\u00fcnne elektronische Beschichtung<\/h2>\n<ul>\n<li>Ultrad\u00fcnne hydrophobe und oleophobe Beschichtung<\/li>\n<li>Tauch- und Spritzverfahren<\/li>\n<li>Einfacher und schneller Prozess<\/li>\n<\/ul>\n<hr \/>\n<h4>WICHTIGER HINWEIS:<BR> AUSLAUF VON 3M\u2122 PRODUKTEN<\/h4>\n<p>\u26a0\ufe0f 3M\u2122 hat im Dezember 2022 angek\u00fcndigt, dass alle Novec\u2122 Produkte bis Ende 2025 auslaufen und nicht mehr verf\u00fcgbar sein werden. Keine Sorge, Inventec hat einen Ersatz f\u00fcr dieses Produkt, aber wir empfehlen, uns so bald wie m\u00f6glich zu kontaktieren, um Versorgungsunterbrechungen zu minimieren.<\/p>\n<p>Wenn Sie mehr \u00fcber den Auslauf der 3M\u2122 Produkte erfahren m\u00f6chten, klicken Sie auf diesen <a href=\"https:\/\/www.inventec.dehon.com\/de\/auf-der-suche-nach-einem-ersatz-fuer-3m-novec\/beschichtungslosungen-fuer-den-ersatz-von-3m-novec\/\">Link<\/a>.<\/p>\n<p>UNSERE ALTERNATIVE(N) :<\/p>\n<ul>\n<li><a href=\"https:\/\/www.inventec.dehon.com\/de\/product\/promosolv-coat-ut10\/\">PROMOSOLV COAT UT10<\/a> -> \u00c4hnliche Eigenschaften &#038; Anwendungen<\/li>\n<\/ul>\n<hr \/>\n<h5>3M Novec 1700<\/h5>\n<p><strong>3M Novec 1700<\/strong> Electronic Grade Coating (EGC) ist ein fluoriertes Einkomponenten-Polymer, das in <strong>3M Novec 7100DL<\/strong> Engineered Fluid, einem segregierten Hydrofluorether-L\u00f6sungsmittel, das eine Beschichtungsl\u00f6sung mit niedriger Viskosit\u00e4t und geringer Oberfl\u00e4chenspannung bietet.<\/p>\n<p>Es wurde f\u00fcr den Feuchtigkeits- und Korrosionsschutz von Leiterplatten und elektronischen Bauteilen entwickelt und trocknet zu einer ultrad\u00fcnnen Schicht, transparente Beschichtung mit hervorragenden hydrophoben und oleophoben Eigenschaften. Es muss nicht ausgeh\u00e4rtet werden und ist leicht zu verarbeiten. Die <strong>3M Novec 1700<\/strong>-Beschichtung ist nicht entflammbar, nicht ozonabbauend, hat eine geringe Toxizit\u00e4t, einen niedrigen GWP-Wert, ist RoHS-konform und VOC-befreit (laut U.S. EPA).<\/p>\n<p><a title=\"Letter from 3M - Inventec authorized distributor for EMEA area\" href=\"https:\/\/www.inventec.dehon.com\/wp-content\/uploads\/2021\/10\/3M-Authorized-EMEA-Distributor_Inventec.pdf\" target=\"_blank\" rel=\"noopener\">Letter from 3M &#8211; Inventec authorized distributor for EMEA area<\/a><\/p>\n<p><a href=\"https:\/\/inventec.dehon.com\/wp-content\/uploads\/2021\/04\/LOGO-3M-Novec.png\" rel=\"inv-colorbox\" title=\"3M NOVEC 1700\"><img decoding=\"async\" class=\"alignnone wp-image-2102 size-medium\" src=\"https:\/\/inventec.dehon.com\/wp-content\/uploads\/2021\/04\/LOGO-3M-Novec-300x150.png\" alt=\"3M NOVEC 1700\" width=\"300\" height=\"150\" srcset=\"https:\/\/www.inventec.dehon.com\/wp-content\/uploads\/2021\/04\/LOGO-3M-Novec-300x150.png 300w, https:\/\/www.inventec.dehon.com\/wp-content\/uploads\/2021\/04\/LOGO-3M-Novec.png 318w\" sizes=\"(max-width: 300px) 100vw, 300px\" \/><\/a><\/p>\n","protected":false},"excerpt":{"rendered":"<ul>\n<li>Ultrad\u00fcnne hydrophobe und oleophobe Beschichtung<\/li>\n<li>Tauch- und Spritzverfahren<\/li>\n<li>Einfacher und schneller Prozess<\/li>\n<\/ul>\n<p><span style=\"color: #99cc00;\">Alternative:<\/span> <a href=\"https:\/\/www.inventec.dehon.com\/de\/product\/promosolv-coat-ut10\/\"><small>PROMOSOLV COAT UT10<\/small><\/a><\/p>\n<p><a href=\"https:\/\/www.inventec.dehon.com\/de\/auf-der-suche-nach-einem-ersatz-fuer-3m-novec\/\" class=\"btn btn-lg btn-primary rounded-pill\" style=\"margin-top:5px; color:#FFFFFF;\">Alle 3M Novec Ersatzstoffe ansehen<\/a><\/p>\n","protected":false},"featured_media":15445,"comment_status":"closed","ping_status":"closed","template":"","meta":{"_acf_changed":false,"inline_featured_image":false},"product_brand":[],"product_cat":[819,820],"product_tag":[1906,1907,1905,1904,4278,1858,3747,4667],"class_list":{"0":"post-9998","1":"product","2":"type-product","3":"status-publish","4":"has-post-thumbnail","6":"industries-beleuchtung","7":"industries-horgerate-gerate","8":"product_cat-beschichtungen","9":"product_cat-ultra-dunne-beschichtungen","10":"product_tag-1700-de","11":"product_tag-3m-de","12":"product_tag-3m-novec-de","13":"product_tag-3m-novec-1700-de","14":"product_tag-beschichtungen-de","15":"product_tag-led-de","16":"product_tag-pcb-de","17":"product_tag-ultradunne-beschichtungen","18":"pa_application-led-de","19":"pa_application-pcb-elektronische-bauteile","20":"pa_brand-3m-novec-de-2","21":"pa_features-durchloetbar-und-reparierbar","22":"pa_processes-auftrag-durch-selektives-spruhen","23":"pa_processes-auftrag-durch-tauchen","24":"pa_processes-auftrag-mit-pinsel","25":"pa_processes-aushaertung-bei-raumtemperatur","26":"pa_product-category-ultradunne-beschichtungen","28":"first","29":"instock","30":"shipping-taxable","31":"product-type-simple"},"acf":[],"_links":{"self":[{"href":"https:\/\/www.inventec.dehon.com\/de\/wp-json\/wp\/v2\/product\/9998","targetHints":{"allow":["GET"]}}],"collection":[{"href":"https:\/\/www.inventec.dehon.com\/de\/wp-json\/wp\/v2\/product"}],"about":[{"href":"https:\/\/www.inventec.dehon.com\/de\/wp-json\/wp\/v2\/types\/product"}],"replies":[{"embeddable":true,"href":"https:\/\/www.inventec.dehon.com\/de\/wp-json\/wp\/v2\/comments?post=9998"}],"wp:featuredmedia":[{"embeddable":true,"href":"https:\/\/www.inventec.dehon.com\/de\/wp-json\/wp\/v2\/media\/15445"}],"wp:attachment":[{"href":"https:\/\/www.inventec.dehon.com\/de\/wp-json\/wp\/v2\/media?parent=9998"}],"wp:term":[{"taxonomy":"product_brand","embeddable":true,"href":"https:\/\/www.inventec.dehon.com\/de\/wp-json\/wp\/v2\/product_brand?post=9998"},{"taxonomy":"product_cat","embeddable":true,"href":"https:\/\/www.inventec.dehon.com\/de\/wp-json\/wp\/v2\/product_cat?post=9998"},{"taxonomy":"product_tag","embeddable":true,"href":"https:\/\/www.inventec.dehon.com\/de\/wp-json\/wp\/v2\/product_tag?post=9998"}],"curies":[{"name":"wp","href":"https:\/\/api.w.org\/{rel}","templated":true}]}}