{"id":9995,"date":"2021-05-14T11:31:40","date_gmt":"2021-05-14T11:31:40","guid":{"rendered":"https:\/\/www.inventec.dehon.com\/product\/quicksolv-def90\/"},"modified":"2026-01-29T11:12:34","modified_gmt":"2026-01-29T10:12:34","slug":"quicksolv-def-90","status":"publish","type":"product","link":"https:\/\/www.inventec.dehon.com\/de\/product\/quicksolv-def-90\/","title":{"rendered":"QUICKSOLV DEF 90"},"content":{"rendered":"<p><img decoding=\"async\" src=\"https:\/\/www.inventec.dehon.com\/wp-content\/uploads\/2021\/05\/QUICKSOLV-drum-colorless-1-600x600.png\" alt=\"QUICKSOLV DEF 90\" class=\"responsive-img\" align=\"right\" style=\"border-radius:10px; margin-bottom:10px; margin-top:-10px; margin-left:15px; width:300px\" \/><\/p>\n<h2 style=\"color:#9bc947; margin-bottom:15px\">Allzweck-Reinigungsl\u00f6sung<\/h2>\n<ul>\n<li>Mehrzweckreiniger zum Entfetten und Entfetten von Fl\u00fcssigkeiten<\/li>\n<li>Manuelle Reinigung<\/li>\n<li>Nicht brennbar und schnell verdunstend<\/li>\n<\/ul>\n<h5>QUICKSOLV DEF 90<\/h5>\n<p>Ist ein industrieller Mehrzweckreiniger zur manuellen Reinigung von \u00d6len, Fetten, organischen R\u00fcckst\u00e4nden und Flussmitteln nach dem Reflow-L\u00f6ten. Dank seiner geringen Oberfl\u00e4chenspannung und reaktiven Substanzen k\u00f6nnen damit die meisten organischen Schadstoffe gel\u00f6st werden. Sein schnelles Verdampfen erm\u00f6glicht deutliche k\u00fcrzere Reinigungszeiten. <\/p>\n<p><strong>QUICKSOLV DEF 90<\/strong> ist eine nicht entflammbare Zusammensetzung aus Hydrofluorether und trans-Dichlorethen und ein Ersatz f\u00fcr entflammbare L\u00f6sungsmittel wie Benzin, Isopropanol oder Aceton oder andere entflammbare Reinigungsmittel. Das Produkt wurde mit Blick auf Sicherheit, Gesundheit der Anwender und Umwelt formuliert.  <\/p>\n<p>Es kann f\u00fcr viele Anwendungen genutzt werden: <\/p>\n<ul>\n<li>Wartung von mechanischen Teilen<\/li>\n<li>Entfettung von Metallteilen aus der Kleinserienfertigung in der mikromechanischen und mechanischen Industrie<\/li>\n<li>Defluxen von gedruckten Schaltungen in der Nacharbeit oder Kleinserienproduktion.<\/li>\n<li>Entfernung von Metallpartikeln in der additiven Fertigung<\/li>\n<li>Es kann auch bestimmte R\u00fcckst\u00e4nde von Klebstoffen, Lacken, Beschichtungen oder polymerisierten Materialien entfernen, jedoch vorbehaltlich vorheriger Tests.<\/li>\n<\/ul>\n<p><!-- SPEZIFIKATIONEN Section --><\/p>\n<div style=\"font-weight:bold; text-transform:uppercase; border-bottom:2px solid #9DBB2F; padding-bottom:6px; margin-bottom:10px;\">\n  SPEZIFIKATIONEN\n<\/div>\n<table width=\"100%\" cellpadding=\"0\" cellspacing=\"0\" style=\"border-collapse:collapse; width:100%; max-width:100%;\">\n<tr>\n<th align=\"left\" style=\"background:#7A7A7A; color:#fff; padding:8px 12px; border:1px solid #BDBDBD;\">SPEZIFIKATIONEN<\/th>\n<th align=\"left\" style=\"background:#7A7A7A; color:#fff; padding:8px 12px; border:1px solid #BDBDBD;\">WERTE<\/th>\n<th align=\"left\" style=\"background:#7A7A7A; color:#fff; padding:8px 12px; border:1px solid #BDBDBD;\">METHODEN<\/th>\n<\/tr>\n<tr>\n<td style=\"padding:8px 12px; border:1px solid #BDBDBD;\">Aspekt<\/td>\n<td style=\"padding:8px 12px; border:1px solid #BDBDBD;\">Farblose Fl\u00fcssigkeit<\/td>\n<td style=\"padding:8px 12px; border:1px solid #BDBDBD;\">Visuell<\/td>\n<\/tr>\n<tr style=\"background:#E6E6E6;\">\n<td style=\"padding:8px 12px; border:1px solid #BDBDBD;\">Reinheit (% Gewicht)<\/td>\n<td style=\"padding:8px 12px; border:1px solid #BDBDBD;\">&gt;99.0<\/td>\n<td style=\"padding:8px 12px; border:1px solid #BDBDBD;\">Intern \/ MO.SB.10033<\/td>\n<\/tr>\n<\/table>\n<p><!-- KENNDATEN Section --><\/p>\n<div style=\"font-weight:bold; text-transform:uppercase; border-bottom:2px solid #9DBB2F; padding-bottom:6px; margin:30px 0 10px 0;\">\n  KENNDATEN\n<\/div>\n<table width=\"100%\" cellpadding=\"0\" cellspacing=\"0\" style=\"border-collapse:collapse; width:100%; max-width:100%;\">\n<tr>\n<th align=\"left\" style=\"background:#7A7A7A; color:#fff; padding:8px 12px; border:1px solid #BDBDBD;\">KENNDATEN<\/th>\n<th align=\"left\" style=\"background:#7A7A7A; color:#fff; padding:8px 12px; border:1px solid #BDBDBD;\">WERTE<\/th>\n<\/tr>\n<tr>\n<td style=\"padding:8px 12px; border:1px solid #BDBDBD;\">Flammpunkt<\/td>\n<td style=\"padding:8px 12px; border:1px solid #BDBDBD;\">keine<\/td>\n<\/tr>\n<tr style=\"background:#E6E6E6;\">\n<td style=\"padding:8px 12px; border:1px solid #BDBDBD;\">Siedepunkt<\/td>\n<td style=\"padding:8px 12px; border:1px solid #BDBDBD;\">48\u00b0C \/ 118\u00b0F<\/td>\n<\/tr>\n<tr>\n<td style=\"padding:8px 12px; border:1px solid #BDBDBD;\">Gefrierpunkt<\/td>\n<td style=\"padding:8px 12px; border:1px solid #BDBDBD;\">-135\u00b0C \/ -211\u00b0F<\/td>\n<\/tr>\n<tr style=\"background:#E6E6E6;\">\n<td style=\"padding:8px 12px; border:1px solid #BDBDBD;\">Dichte bei 20\u00b0C (g\/ml)<\/td>\n<td style=\"padding:8px 12px; border:1px solid #BDBDBD;\">1,27<\/td>\n<\/tr>\n<tr>\n<td style=\"padding:8px 12px; border:1px solid #BDBDBD;\">Oberfl\u00e4chenspannung (dyn\/cm)<\/td>\n<td style=\"padding:8px 12px; border:1px solid #BDBDBD;\">13.6<\/td>\n<\/tr>\n<tr style=\"background:#E6E6E6;\">\n<td style=\"padding:8px 12px; border:1px solid #BDBDBD;\">IKB (Kauri-Butanol)<\/td>\n<td style=\"padding:8px 12px; border:1px solid #BDBDBD;\">&gt;100<\/td>\n<\/tr>\n<tr>\n<td style=\"padding:8px 12px; border:1px solid #BDBDBD;\">Dampfdruck bei 20\u00b0C<\/td>\n<td style=\"padding:8px 12px; border:1px solid #BDBDBD;\">65 kPa<\/td>\n<\/tr>\n<tr style=\"background:#E6E6E6;\">\n<td style=\"padding:8px 12px; border:1px solid #BDBDBD;\">Dynamische Viskosit\u00e4t bei 25\u00b0C<\/td>\n<td style=\"padding:8px 12px; border:1px solid #BDBDBD;\">0,4 mPa.s<\/td>\n<\/tr>\n<tr>\n<td style=\"padding:8px 12px; border:1px solid #BDBDBD;\">L\u00f6slichkeit in Wasser<\/td>\n<td style=\"padding:8px 12px; border:1px solid #BDBDBD;\">Unl\u00f6slich<\/td>\n<\/tr>\n<\/table>\n","protected":false},"excerpt":{"rendered":"<ul>\n<li>Mehrzweckreiniger zum Entfetten und Entfetten von Fl\u00fcssigkeiten<\/li>\n<li>Manuelle Reinigung<\/li>\n<li>Nicht brennbar und schnell verdunstend<\/li>\n<\/ul>\n<p><a href=\"https:\/\/www.inventec.dehon.com\/wp-content\/uploads\/2021\/05\/GW-Score-35.png\"><img decoding=\"async\" class=\"alignnone wp-image-15275\" src=\"https:\/\/www.inventec.dehon.com\/wp-content\/uploads\/2021\/05\/GW-Score-35.png\" alt=\"\" width=\"40\" height=\"34\" \/><\/a><\/p>\n","protected":false},"featured_media":3295,"comment_status":"closed","ping_status":"closed","template":"","meta":{"_acf_changed":false,"inline_featured_image":false},"product_brand":[],"product_cat":[692,595,752,2869,2865,2864,411,2855,2859],"product_tag":[2268,4238,4278,2267,2266,5414,4322,4286,4326,4318,547,4185,4394,4406,4410,2265,2264,4599,4482,4486,4772],"class_list":{"0":"post-9995","1":"product","2":"type-product","3":"status-publish","4":"has-post-thumbnail","6":"industries-aerosysteme","7":"industries-antriebsstrang","8":"industries-chassis-rader-und-lenkung","9":"industries-elektronik-und-elektrische-systeme","10":"industries-komfort-fahrhilfe-adas","11":"industries-landing-systeme","12":"industries-medizinische-gerate-scanner","13":"industries-motoren","14":"product_cat-abbeizen-entoxidation","15":"product_cat-additive-fertigungslosungen","16":"product_cat-entfernung-von-partikeln","17":"product_cat-entfernung-von-wachs","18":"product_cat-fettentfernung-von-verschiedenen-metallkomponenten","19":"product_cat-olentfernung-von-verschiedenen-metallkomponenten","20":"product_cat-reinigung","21":"product_cat-reinigung-und-flussmittelentfernung-von-leiterplatten","22":"product_cat-reinigung-von-smt-kleber","23":"product_tag-90-de","24":"product_tag-additive-fertigung-de","25":"product_tag-beschichtungen-de","26":"product_tag-def-de","27":"product_tag-def-90-de","28":"product_tag-entfetten","29":"product_tag-fettentfernung-de","30":"product_tag-flussmittelentfernung-de","31":"product_tag-greenway","32":"product_tag-klebstoff","33":"product_tag-losungsmittel","34":"product_tag-loesungsmittelbasierte-reinigungsfluessigkeiten","35":"product_tag-olentfernung","36":"product_tag-paletten","37":"product_tag-partikelfrei","38":"product_tag-quicksolv-de","39":"product_tag-quicksolv-def-90-de","40":"product_tag-recycelbar","41":"product_tag-wachs-de","42":"product_tag-wachs-entfernen","43":"product_tag-wellentrager","44":"pa_application-entfernung-von-wachs","45":"pa_application-fettentfernung","46":"pa_application-flussmittelentfernung","47":"pa_application-kleber-beschichtungen","48":"pa_application-loesungen-fuer-additive-fertigung","49":"pa_application-oelentfernung","50":"pa_application-partikelentfernung","51":"pa_application-wellenloetraeger-paletten","52":"pa_brand-quicksolv-de","53":"pa_features-geeignet-fuer-kohlenwasserstoffbasierte-anwendungen","54":"pa_features-greenway","55":"pa_features-recycelbar","56":"pa_processes-handbuch","57":"pa_product-category-loesungsmittelbasierte-reinigungsfluessigkeiten","59":"first","60":"instock","61":"shipping-taxable","62":"product-type-simple"},"acf":[],"_links":{"self":[{"href":"https:\/\/www.inventec.dehon.com\/de\/wp-json\/wp\/v2\/product\/9995","targetHints":{"allow":["GET"]}}],"collection":[{"href":"https:\/\/www.inventec.dehon.com\/de\/wp-json\/wp\/v2\/product"}],"about":[{"href":"https:\/\/www.inventec.dehon.com\/de\/wp-json\/wp\/v2\/types\/product"}],"replies":[{"embeddable":true,"href":"https:\/\/www.inventec.dehon.com\/de\/wp-json\/wp\/v2\/comments?post=9995"}],"wp:featuredmedia":[{"embeddable":true,"href":"https:\/\/www.inventec.dehon.com\/de\/wp-json\/wp\/v2\/media\/3295"}],"wp:attachment":[{"href":"https:\/\/www.inventec.dehon.com\/de\/wp-json\/wp\/v2\/media?parent=9995"}],"wp:term":[{"taxonomy":"product_brand","embeddable":true,"href":"https:\/\/www.inventec.dehon.com\/de\/wp-json\/wp\/v2\/product_brand?post=9995"},{"taxonomy":"product_cat","embeddable":true,"href":"https:\/\/www.inventec.dehon.com\/de\/wp-json\/wp\/v2\/product_cat?post=9995"},{"taxonomy":"product_tag","embeddable":true,"href":"https:\/\/www.inventec.dehon.com\/de\/wp-json\/wp\/v2\/product_tag?post=9995"}],"curies":[{"name":"wp","href":"https:\/\/api.w.org\/{rel}","templated":true}]}}