{"id":9991,"date":"2021-05-12T14:17:11","date_gmt":"2021-05-12T14:17:11","guid":{"rendered":"https:\/\/www.inventec.dehon.com\/product\/topklean-el-20a\/"},"modified":"2026-01-29T15:14:10","modified_gmt":"2026-01-29T14:14:10","slug":"topklean-el-20a","status":"publish","type":"product","link":"https:\/\/www.inventec.dehon.com\/de\/product\/topklean-el-20a\/","title":{"rendered":"TOPKLEAN EL 20A"},"content":{"rendered":"<p><img decoding=\"async\" src=\"https:\/\/www.inventec.dehon.com\/wp-content\/uploads\/2021\/03\/TOPKLEAN-canister-yellow-1-600x600.jpg\" alt=\"TOPKLEAN EL 20A\" class=\"responsive-img\" align=\"right\" style=\"border-radius:10px; margin-bottom:10px; margin-top:-10px; margin-left:15px; width:300px\" \/><\/p>\n<h2 style=\"color: #9bc947; margin-bottom: 15px;\">Co-L\u00f6sungsmittel-Reinigungsfl\u00fcssigkeit<\/h2>\n<ul>\n<li>Reinigungsmittel zur Entfernung von Flussmittelr\u00fcckst\u00e4nden<\/li>\n<li>Co-L\u00f6sungsmittel-Verfahren<\/li>\n<li>Schnellster Reinigungsprozess &amp; nachhaltige L\u00f6sung<\/li>\n<\/ul>\n<h5>TOPKLEAN EL 20A<\/h5>\n<p> ist ein Legacy-Produkt, das seit \u00fcber 15 Jahren von vielen Akteuren in der Elektronik- und Halbleiterindustrie zum Entfernen von L\u00f6tflussmittelr\u00fcckst\u00e4nden nach dem Reflow-L\u00f6ten verwendet wird. Bei INVENTEC fordern wir uns st\u00e4ndig selbst heraus, ein gro\u00dfartiges Produkt noch besser zu machen. Heute empfehlen wir <a href=\"https:\/\/www.inventec.dehon.com\/de\/product\/topklean-el-80\/\"><strong>TOPKLEAN EL 80<\/strong><\/a>, das nicht nur eine noch bessere Leistung bietet, sondern auch aus nachhaltiger Sicht \u00fcberzeugt. <\/p>\n<p>Es wird im Co-Solvent-Verfahren verwendet, um einen schnellen und nachhaltigen Reinigungsprozess mit sehr hoher Reinigungseffizienz zu erm\u00f6glichen. Bei diesem Verfahren wird <strong>TOPKLEAN EL 20A<\/strong> optimal mit L\u00f6semitteln aus unserer <strong>PROMOSOLV-Reihe<\/strong> gesp\u00fclt. <\/p>\n<p>Das Co-Solvent-Verfahren hat sich in den letzten 15 Jahren als wegweisend erwiesen. Es wurde entwickelt, um L\u00f6sungsmittel mit hoher HSE-Auswirkung durch eine nachhaltigere L\u00f6sung mit ebenso starker Reinigungsleistung zu ersetzen. Es zeichnet sich besonders bei Komponenten mit geringem Abstand zur Leiterplatte (Low-Standoff) aus. Im Gegensatz dazu birgt ein Reinigungssystem auf Wasserbasis das Risiko, dass die Reinigungschemie aufgrund der wesentlich h\u00f6heren Oberfl\u00e4chenspannung von Wasser nicht ausreichend entfernt wird. <\/p>\n<p><!-- SPEZIFIKATIONEN Section --><\/p>\n<div style=\"font-weight:bold; text-transform:uppercase; border-bottom:2px solid #9DBB2F; padding-bottom:6px; margin-bottom:10px;\">\n  SPEZIFIKATIONEN\n<\/div>\n<table width=\"100%\" cellpadding=\"0\" cellspacing=\"0\" style=\"border-collapse:collapse; width:100%; max-width:100%;\">\n<tr>\n<th align=\"left\" style=\"background:#7A7A7A; color:#fff; padding:8px 12px; border:1px solid #BDBDBD;\">SPEZIFIKATIONEN<\/th>\n<th align=\"left\" style=\"background:#7A7A7A; color:#fff; padding:8px 12px; border:1px solid #BDBDBD;\">WERTE<\/th>\n<th align=\"left\" style=\"background:#7A7A7A; color:#fff; padding:8px 12px; border:1px solid #BDBDBD;\">METHODEN<\/th>\n<\/tr>\n<tr>\n<td style=\"padding:8px 12px; border:1px solid #BDBDBD;\">Aspekt<\/td>\n<td style=\"padding:8px 12px; border:1px solid #BDBDBD;\">Transparent, farblos<\/td>\n<td style=\"padding:8px 12px; border:1px solid #BDBDBD;\">Visuell<\/td>\n<\/tr>\n<tr style=\"background:#E6E6E6;\">\n<td style=\"padding:8px 12px; border:1px solid #BDBDBD;\">Dichte (g\/ml bei 20 \u00b0C)<\/td>\n<td style=\"padding:8px 12px; border:1px solid #BDBDBD;\">0.790 \u00b1 0.010<\/td>\n<td style=\"padding:8px 12px; border:1px solid #BDBDBD;\">BRY MO 028<\/td>\n<\/tr>\n<\/table>\n<p><!-- KENNDATEN Section --><\/p>\n<div style=\"font-weight:bold; text-transform:uppercase; border-bottom:2px solid #9DBB2F; padding-bottom:6px; margin:30px 0 10px 0;\">\n  KENNDATEN\n<\/div>\n<table width=\"100%\" cellpadding=\"0\" cellspacing=\"0\" style=\"border-collapse:collapse; width:100%; max-width:100%;\">\n<tr>\n<th align=\"left\" style=\"background:#7A7A7A; color:#fff; padding:8px 12px; border:1px solid #BDBDBD;\">KENNDATEN<\/th>\n<th align=\"left\" style=\"background:#7A7A7A; color:#fff; padding:8px 12px; border:1px solid #BDBDBD;\">WERTE<\/th>\n<th align=\"left\" style=\"background:#7A7A7A; color:#fff; padding:8px 12px; border:1px solid #BDBDBD;\">METHODEN<\/th>\n<\/tr>\n<tr>\n<td style=\"padding:8px 12px; border:1px solid #BDBDBD;\">Siedepunkt (\u00b0C\/\u00b0F)<\/td>\n<td style=\"padding:8px 12px; border:1px solid #BDBDBD;\">&gt;170\u00b0C \/ &gt;338\u00b0F<\/td>\n<td style=\"padding:8px 12px; border:1px solid #BDBDBD;\">ASTM D1078<\/td>\n<\/tr>\n<tr style=\"background:#E6E6E6;\">\n<td style=\"padding:8px 12px; border:1px solid #BDBDBD;\">Flammpunkt (PMCC)<\/td>\n<td style=\"padding:8px 12px; border:1px solid #BDBDBD;\">65\u00b0C \/ 149\u00b0F<\/td>\n<td style=\"padding:8px 12px; border:1px solid #BDBDBD;\">ASTM D93<\/td>\n<\/tr>\n<tr>\n<td style=\"padding:8px 12px; border:1px solid #BDBDBD;\">Oberfl\u00e4chenspannung (Dyn\/cm bei 20 \u00b0C)<\/td>\n<td style=\"padding:8px 12px; border:1px solid #BDBDBD;\">41<\/td>\n<td style=\"padding:8px 12px; border:1px solid #BDBDBD;\">ASTM D971<\/td>\n<\/tr>\n<tr style=\"background:#E6E6E6;\">\n<td style=\"padding:8px 12px; border:1px solid #BDBDBD;\">Mischbarkeit in Wasser<\/td>\n<td style=\"padding:8px 12px; border:1px solid #BDBDBD;\">Nicht mischbar<\/td>\n<td style=\"padding:8px 12px; border:1px solid #BDBDBD;\">Intern<\/td>\n<\/tr>\n<tr>\n<td style=\"padding:8px 12px; border:1px solid #BDBDBD;\">Vorhandensein von aromatischen Verbindungen (Gew.-%)<\/td>\n<td style=\"padding:8px 12px; border:1px solid #BDBDBD;\">&lt;0.01%<\/td>\n<td style=\"padding:8px 12px; border:1px solid #BDBDBD;\">SMS 2728<\/td>\n<\/tr>\n<\/table>\n","protected":false},"excerpt":{"rendered":"<ul>\n<li>Reinigung von Flussmittelr\u00fcckst\u00e4nden<\/li>\n<li>Co-L\u00f6sungsmittel-Verfahren<\/li>\n<li>Schnellster Reinigungsprozess &amp; nachhaltige L\u00f6sung<\/li>\n<\/ul>\n<p><a href=\"https:\/\/www.inventec.dehon.com\/wp-content\/uploads\/2023\/07\/GW-Score-47.png\"><img decoding=\"async\" class=\"alignnone size-full wp-image-15530\" src=\"https:\/\/www.inventec.dehon.com\/wp-content\/uploads\/2023\/07\/GW-Score-47.png\" alt=\"\" width=\"278\" height=\"236\" \/><\/a><\/p>\n","protected":false},"featured_media":21572,"comment_status":"closed","ping_status":"closed","template":"","meta":{"_acf_changed":false,"inline_featured_image":false},"product_brand":[],"product_cat":[411,2855],"product_tag":[2690,4282,2106,2689,4286,4314,547,4185,2042,2688],"class_list":{"0":"post-9991","1":"product","2":"type-product","3":"status-publish","4":"has-post-thumbnail","6":"industries-komfort-fahrhilfe-adas","7":"industries-medizinische-gerate-scanner","8":"product_cat-reinigung","9":"product_cat-reinigung-und-flussmittelentfernung-von-leiterplatten","10":"product_tag-20a-de","11":"product_tag-co-losungsmittel","12":"product_tag-el-de","13":"product_tag-el-20a-de","14":"product_tag-flussmittelentfernung-de","15":"product_tag-flussmittelruckstande","16":"product_tag-losungsmittel","17":"product_tag-loesungsmittelbasierte-reinigungsfluessigkeiten","18":"product_tag-topklean-de","19":"product_tag-topklean-el-20a-de","20":"pa_application-flussmittelentfernung","21":"pa_brand-topklean-de-2","22":"pa_processes-co-losungsmittel","23":"pa_product-category-loesungsmittelbasierte-reinigungsfluessigkeiten","25":"first","26":"instock","27":"shipping-taxable","28":"product-type-simple"},"acf":[],"_links":{"self":[{"href":"https:\/\/www.inventec.dehon.com\/de\/wp-json\/wp\/v2\/product\/9991","targetHints":{"allow":["GET"]}}],"collection":[{"href":"https:\/\/www.inventec.dehon.com\/de\/wp-json\/wp\/v2\/product"}],"about":[{"href":"https:\/\/www.inventec.dehon.com\/de\/wp-json\/wp\/v2\/types\/product"}],"replies":[{"embeddable":true,"href":"https:\/\/www.inventec.dehon.com\/de\/wp-json\/wp\/v2\/comments?post=9991"}],"wp:featuredmedia":[{"embeddable":true,"href":"https:\/\/www.inventec.dehon.com\/de\/wp-json\/wp\/v2\/media\/21572"}],"wp:attachment":[{"href":"https:\/\/www.inventec.dehon.com\/de\/wp-json\/wp\/v2\/media?parent=9991"}],"wp:term":[{"taxonomy":"product_brand","embeddable":true,"href":"https:\/\/www.inventec.dehon.com\/de\/wp-json\/wp\/v2\/product_brand?post=9991"},{"taxonomy":"product_cat","embeddable":true,"href":"https:\/\/www.inventec.dehon.com\/de\/wp-json\/wp\/v2\/product_cat?post=9991"},{"taxonomy":"product_tag","embeddable":true,"href":"https:\/\/www.inventec.dehon.com\/de\/wp-json\/wp\/v2\/product_tag?post=9991"}],"curies":[{"name":"wp","href":"https:\/\/api.w.org\/{rel}","templated":true}]}}