{"id":9976,"date":"2021-05-14T11:05:59","date_gmt":"2021-05-14T11:05:59","guid":{"rendered":"https:\/\/www.inventec.dehon.com\/product\/promoclean-disper-610\/"},"modified":"2026-01-27T13:58:35","modified_gmt":"2026-01-27T12:58:35","slug":"promoclean-disper-610","status":"publish","type":"product","link":"https:\/\/www.inventec.dehon.com\/de\/product\/promoclean-disper-610\/","title":{"rendered":"PROMOCLEAN DISPER 610"},"content":{"rendered":"<p><img decoding=\"async\" src=\"https:\/\/www.inventec.dehon.com\/wp-content\/uploads\/2021\/04\/PROMOCLEAN-canister-blue.png\" alt=\"PROMOCLEAN DISPER 610\" class=\"responsive-img\" align=\"right\" style=\"border-radius:10px; margin-bottom:10px; margin-top:-10px; margin-left:15px; width:300px\" \/><\/p>\n<h2 style=\"color:#9bc947; margin-bottom:15px\">Entfernung von eingebrannten Flussmittelr\u00fcckst\u00e4nden und re Kondensierten Gasemissionen<\/h2>\n<ul>\n<li>W\u00e4ssriger Reiniger zur Entfernung von R\u00fcckst\u00e4nden auf dem Flussmittel<\/li>\n<li>Spr\u00fchen in der Luft, Eintauchstrahl &amp; Eintauchverfahren<\/li>\n<li>Kompatibel mit allen Metallen<\/li>\n<\/ul>\n<h5>PROMOCLEAN DISPER 610<\/h5>\n<p>Ist ein w\u00e4ssriger, alkalischer Reiniger mit hoher Benetzungskraft zur Entfernung aller Arten von eingebrannten Flussmittelr\u00fcckst\u00e4nden auf Reflow-Ofen-Kondensationsfallen, F\u00f6rderb\u00e4ndern und Wellenl\u00f6tpaletten.<\/span><\/p>\n<p>Die Wartungsfreundlichkeit ist ein wichtiges Kriterium, um die Betriebskosten der Ger\u00e4te zu senken. PROMOCLEAN DISPER 610 bietet eine ausgezeichnete Reinigungsleistung, die zur Beschleunigung des Unterhaltsreinigungsprozesses beitr\u00e4gt, wodurch die Stillstandszeiten der Anlagen und Produktionsausf\u00e4lle reduziert werden. Empfohlen f\u00fcr Produktionsst\u00e4tten mit hohem Volumen an Elektronikprodukten.<\/p>\n<p>Es ist ein konzentriertes Produkt, das mit DI-Wasser verd\u00fcnnt verwendet wird und eine hervorragende Reinigungskraft bei einer Verd\u00fcnnung von 20 % bis 30 % aufweist.<\/p>\n<div style=\"font-family:Lato; color:#333;\">\n<div style=\"font-weight:bold; text-transform:uppercase; border-bottom:2px solid #9DBB2F; padding-bottom:6px; margin-bottom:10px;\">\n    SPEZIFIKATIONEN\n  <\/div>\n<table width=\"100%\" cellpadding=\"0\" cellspacing=\"0\" style=\"border-collapse:collapse; width:100%; max-width:100%;\">\n<tr>\n<th align=\"left\" style=\"background:#7A7A7A; color:#fff; padding:8px 12px; border:1px solid #BDBDBD;\">\n        SPEZIFIKATIONEN\n      <\/th>\n<th align=\"left\" style=\"background:#7A7A7A; color:#fff; padding:8px 12px; border:1px solid #BDBDBD;\">\n        WERTE\n      <\/th>\n<th align=\"left\" style=\"background:#7A7A7A; color:#fff; padding:8px 12px; border:1px solid #BDBDBD;\">\n        METHODEN\n      <\/th>\n<\/tr>\n<tr>\n<td style=\"padding:8px 12px; border:1px solid #BDBDBD;\">Aspekt<\/td>\n<td style=\"padding:8px 12px; border:1px solid #BDBDBD;\">Farblose bis leicht gelbe<\/td>\n<td style=\"padding:8px 12px; border:1px solid #BDBDBD;\">Visuell<\/td>\n<\/tr>\n<tr style=\"background:#E6E6E6;\">\n<td style=\"padding:8px 12px; border:1px solid #BDBDBD;\">Dichte bei 20\u00b0C (g\/ml)<\/td>\n<td style=\"padding:8px 12px; border:1px solid #BDBDBD;\">1.00 \u00b1 0.01<\/td>\n<td style=\"padding:8px 12px; border:1px solid #BDBDBD;\">BRY-MO-028<\/td>\n<\/tr>\n<tr>\n<td style=\"padding:8px 12px; border:1px solid #BDBDBD;\">pH-Wert des reinen Produkts<\/td>\n<td style=\"padding:8px 12px; border:1px solid #BDBDBD;\">10.8 \u00b1 0.5<\/td>\n<td style=\"padding:8px 12px; border:1px solid #BDBDBD;\">BRY-MO-011<\/td>\n<\/tr>\n<\/table>\n<\/div>\n<div style=\"font-family:Lato; color:#333;\">\n<div style=\"font-weight:bold; text-transform:uppercase; border-bottom:2px solid #9DBB2F; padding-bottom:6px; margin:30px 0 10px;\">\n    KENNDATEN\n  <\/div>\n<table width=\"100%\" cellpadding=\"0\" cellspacing=\"0\" style=\"border-collapse:collapse; width:100%; max-width:100%;\">\n<tr>\n<th align=\"left\" style=\"background:#7A7A7A; color:#fff; padding:8px 12px; border:1px solid #BDBDBD;\">\n        KENNDATEN\n      <\/th>\n<th align=\"left\" style=\"background:#7A7A7A; color:#fff; padding:8px 12px; border:1px solid #BDBDBD;\">\n        WERTE\n      <\/th>\n<\/tr>\n<tr>\n<td style=\"padding:8px 12px; border:1px solid #BDBDBD;\">Flammpunkt<\/td>\n<td style=\"padding:8px 12px; border:1px solid #BDBDBD;\">keine<\/td>\n<\/tr>\n<tr style=\"background:#E6E6E6;\">\n<td style=\"padding:8px 12px; border:1px solid #BDBDBD;\">L\u00f6slichkeit in Wasser<\/td>\n<td style=\"padding:8px 12px; border:1px solid #BDBDBD;\">total l\u00f6slich<\/td>\n<\/tr>\n<tr>\n<td style=\"padding:8px 12px; border:1px solid #BDBDBD;\">Oberfl\u00e4chenspannung (dyn \/ cm)<\/td>\n<td style=\"padding:8px 12px; border:1px solid #BDBDBD;\">29,5<\/td>\n<\/tr>\n<tr style=\"background:#E6E6E6;\">\n<td style=\"padding:8px 12px; border:1px solid #BDBDBD;\">Benetzbarkeit mit NF T73420 (Sekunden)<\/td>\n<td style=\"padding:8px 12px; border:1px solid #BDBDBD;\">32<\/td>\n<\/tr>\n<\/table>\n<\/div>\n","protected":false},"excerpt":{"rendered":"<ul>\n<li>W\u00e4ssriger Reiniger zur Entfernung von R\u00fcckst\u00e4nden auf dem Flussmittel<\/li>\n<li>Spr\u00fchen in der Luft, Eintauchstrahl &amp; Eintauchverfahren<\/li>\n<li>Kompatibel mit allen Metallen<\/li>\n<\/ul>\n<p><a href=\"https:\/\/www.inventec.dehon.com\/wp-content\/uploads\/2023\/06\/GW-Score-26.png\"><img decoding=\"async\" class=\"alignnone wp-image-14922\" src=\"https:\/\/www.inventec.dehon.com\/wp-content\/uploads\/2023\/06\/GW-Score-26.png\" alt=\"\" width=\"40\" height=\"34\" \/><\/a><\/p>\n","protected":false},"featured_media":2432,"comment_status":"closed","ping_status":"closed","template":"","meta":{"_acf_changed":false,"inline_featured_image":false},"product_brand":[],"product_cat":[411,2858],"product_tag":[2248,2025,2244,4326,4398,4406,2007,2243,4426,4454,4470,4262,4258,4254,4266,4772],"class_list":{"0":"post-9976","1":"product","2":"type-product","3":"status-publish","4":"has-post-thumbnail","6":"product_cat-reinigung","7":"product_cat-reinigung-von-wartungsarbeiten","8":"product_tag-610-de","9":"product_tag-disper-de","10":"product_tag-disper-610-de","11":"product_tag-greenway","12":"product_tag-ofen","13":"product_tag-paletten","14":"product_tag-promoclean-de","15":"product_tag-promoclean-disper-610-de","16":"product_tag-reflow-ofen-de","17":"product_tag-spray","18":"product_tag-ultraschall","19":"product_tag-ultraschall-wasserbad","20":"product_tag-wasserbad","21":"product_tag-wasserbasierte-reinigungsfluessigkeiten-de","22":"product_tag-wasserbasierte-spruehreinigung","23":"product_tag-wellentrager","24":"pa_application-reflow-ofen","25":"pa_application-wellenloetraeger-paletten","26":"pa_brand-promoclean-de","27":"pa_features-greenway","28":"pa_processes-spray-auf-wasserbasis","29":"pa_processes-waessrige-ultraschallimmersion","30":"pa_product-category-wasserbasierte-reinigungsfluessigkeiten","32":"first","33":"instock","34":"shipping-taxable","35":"product-type-simple"},"acf":[],"_links":{"self":[{"href":"https:\/\/www.inventec.dehon.com\/de\/wp-json\/wp\/v2\/product\/9976","targetHints":{"allow":["GET"]}}],"collection":[{"href":"https:\/\/www.inventec.dehon.com\/de\/wp-json\/wp\/v2\/product"}],"about":[{"href":"https:\/\/www.inventec.dehon.com\/de\/wp-json\/wp\/v2\/types\/product"}],"replies":[{"embeddable":true,"href":"https:\/\/www.inventec.dehon.com\/de\/wp-json\/wp\/v2\/comments?post=9976"}],"wp:featuredmedia":[{"embeddable":true,"href":"https:\/\/www.inventec.dehon.com\/de\/wp-json\/wp\/v2\/media\/2432"}],"wp:attachment":[{"href":"https:\/\/www.inventec.dehon.com\/de\/wp-json\/wp\/v2\/media?parent=9976"}],"wp:term":[{"taxonomy":"product_brand","embeddable":true,"href":"https:\/\/www.inventec.dehon.com\/de\/wp-json\/wp\/v2\/product_brand?post=9976"},{"taxonomy":"product_cat","embeddable":true,"href":"https:\/\/www.inventec.dehon.com\/de\/wp-json\/wp\/v2\/product_cat?post=9976"},{"taxonomy":"product_tag","embeddable":true,"href":"https:\/\/www.inventec.dehon.com\/de\/wp-json\/wp\/v2\/product_tag?post=9976"}],"curies":[{"name":"wp","href":"https:\/\/api.w.org\/{rel}","templated":true}]}}