{"id":9975,"date":"2021-05-14T12:32:38","date_gmt":"2021-05-14T12:32:38","guid":{"rendered":"https:\/\/www.inventec.dehon.com\/product\/topklean-el-10f\/"},"modified":"2026-01-29T14:11:04","modified_gmt":"2026-01-29T13:11:04","slug":"topklean-el-10f","status":"publish","type":"product","link":"https:\/\/www.inventec.dehon.com\/de\/product\/topklean-el-10f\/","title":{"rendered":"TOPKLEAN EL 10F"},"content":{"rendered":"<p><img decoding=\"async\" src=\"https:\/\/www.inventec.dehon.com\/wp-content\/uploads\/2021\/03\/TOPKLEAN-canister-yellow-1-600x600.jpg\" alt=\"TOPKLEAN EL 10F\" class=\"responsive-img\" align=\"right\" style=\"border-radius:10px; margin-bottom:10px; margin-top:-10px; margin-left:15px; width:300px\" \/><\/p>\n<h2 style=\"color:#9bc947; margin-bottom:15px\">Entfernung von Flussmittel, L\u00f6tpaste und nicht ausgeh\u00e4rtetem Kleber<\/h2>\n<ul>\n<li>Reinigung von L\u00f6tpaste, unausgeh\u00e4rteten Klebstoffen und zur\u00fcckflie\u00dfenden Flussmittelr\u00fcckst\u00e4nden<\/li>\n<li>Manuelles Verfahren<\/li>\n<li>H\u00f6herer Flammpunkt als IPA &amp; geringer Geruch<\/li>\n<\/ul>\n<h5>TOPKLEAN EL 10F<\/h5>\n<p>Ist ein Mehrzweck-Reinigungsmittel f\u00fcr Elektronik zum Entfernen von Flussmittelr\u00fcckst\u00e4nden, nicht aufgeschmolzenen Lotpasten und nicht ausgeh\u00e4rteten Klebstoffen im manuellen Spr\u00fch- oder Tauchverfahren bei Umgebungstemperatur. Es wirkt schnell und effektiv dank seiner herausragenden F\u00e4higkeit, organische und mineralische Schadstoffe zu l\u00f6sen. Sein h\u00f6herer Flammpunkt im Vergleich zu Isopropanol (IPA) macht es zu einer L\u00f6sung, die sicherer in der Anwendung ist und den Verbrauch deutlich reduziert.<\/p>\n<p>Es ist CMR-, aromaten- und halogenfrei und hat kein Treibhauspotenzial. Da es sich um ein L\u00f6sungsmittel handelt, hat das Produkt keinen pH-Wert und greift daher empfindliche Metalle oder Legierungen nicht an.<\/p>\n<p>Es ist ein gebrauchsfertiges Produkt, das nicht verd\u00fcnnt werden muss.<\/p>\n<p><!-- SPECIFICATIONS Section --><\/p>\n<div style=\"font-weight:bold; text-transform:uppercase; border-bottom:2px solid #9DBB2F; padding-bottom:6px; margin-bottom:10px;\">\n  SPEZIFIKATIONEN\n<\/div>\n<table width=\"100%\" cellpadding=\"0\" cellspacing=\"0\" style=\"border-collapse:collapse; width:100%; max-width:100%;\">\n<tr>\n<th align=\"left\" style=\"background:#7A7A7A; color:#fff; padding:8px 12px; border:1px solid #BDBDBD;\">SPEZIFIKATIONEN<\/th>\n<th align=\"left\" style=\"background:#7A7A7A; color:#fff; padding:8px 12px; border:1px solid #BDBDBD;\">WERTE<\/th>\n<th align=\"left\" style=\"background:#7A7A7A; color:#fff; padding:8px 12px; border:1px solid #BDBDBD;\">VERFAHREN<\/th>\n<\/tr>\n<tr>\n<td style=\"padding:8px 12px; border:1px solid #BDBDBD;\">Aussehen<\/td>\n<td style=\"padding:8px 12px; border:1px solid #BDBDBD;\">Farblos, klar<\/td>\n<td style=\"padding:8px 12px; border:1px solid #BDBDBD;\">Visuell<\/td>\n<\/tr>\n<tr style=\"background:#E6E6E6;\">\n<td style=\"padding:8px 12px; border:1px solid #BDBDBD;\">Dichte bei 20 \u00b0C (g\/ml)<\/td>\n<td style=\"padding:8px 12px; border:1px solid #BDBDBD;\">0,830 \u00b1 0,010<\/td>\n<td style=\"padding:8px 12px; border:1px solid #BDBDBD;\">BRY-MO-028<\/td>\n<\/tr>\n<\/table>\n<p><!-- CHARACTERISTICS Section --><\/p>\n<div style=\"font-weight:bold; text-transform:uppercase; border-bottom:2px solid #9DBB2F; padding-bottom:6px; margin:30px 0 10px 0;\">\n  KENNDATEN\n<\/div>\n<table width=\"100%\" cellpadding=\"0\" cellspacing=\"0\" style=\"border-collapse:collapse; width:100%; max-width:100%;\">\n<tr>\n<th align=\"left\" style=\"background:#7A7A7A; color:#fff; padding:8px 12px; border:1px solid #BDBDBD;\">KENNDATEN<\/th>\n<th align=\"left\" style=\"background:#7A7A7A; color:#fff; padding:8px 12px; border:1px solid #BDBDBD;\">WERTE<\/th>\n<\/tr>\n<tr>\n<td style=\"padding:8px 12px; border:1px solid #BDBDBD;\">Flammpunkt<\/td>\n<td style=\"padding:8px 12px; border:1px solid #BDBDBD;\">38 \u00b0C<\/td>\n<\/tr>\n<tr style=\"background:#E6E6E6;\">\n<td style=\"padding:8px 12px; border:1px solid #BDBDBD;\">Relative Verdampfungsrate (nBuAc=1)<\/td>\n<td style=\"padding:8px 12px; border:1px solid #BDBDBD;\">0,15<\/td>\n<\/tr>\n<tr>\n<td style=\"padding:8px 12px; border:1px solid #BDBDBD;\">L\u00f6slichkeit in Wasser<\/td>\n<td style=\"padding:8px 12px; border:1px solid #BDBDBD;\">Teilweise l\u00f6slich<\/td>\n<\/tr>\n<tr style=\"background:#E6E6E6;\">\n<td style=\"padding:8px 12px; border:1px solid #BDBDBD;\">Wassergehalt (Gew.-%)<\/td>\n<td style=\"padding:8px 12px; border:1px solid #BDBDBD;\">&lt;0,1<\/td>\n<\/tr>\n<tr>\n<td style=\"padding:8px 12px; border:1px solid #BDBDBD;\">Gehalt an Aromaten (Gew.-%)<\/td>\n<td style=\"padding:8px 12px; border:1px solid #BDBDBD;\">&lt;0,01<\/td>\n<\/tr>\n<tr style=\"background:#E6E6E6;\">\n<td style=\"padding:8px 12px; border:1px solid #BDBDBD;\">Nicht fl\u00fcchtiger R\u00fcckstand (g\/100 ml)<\/td>\n<td style=\"padding:8px 12px; border:1px solid #BDBDBD;\">&lt;0,01<\/td>\n<\/tr>\n<tr>\n<td style=\"padding:8px 12px; border:1px solid #BDBDBD;\">Viskosit\u00e4t bei 25 \u00b0C<\/td>\n<td style=\"padding:8px 12px; border:1px solid #BDBDBD;\">302 (mm\u00b2\/s) 1,2<\/td>\n<\/tr>\n<tr style=\"background:#E6E6E6;\">\n<td style=\"padding:8px 12px; border:1px solid #BDBDBD;\">Dampfdruck bei 20 \u00b0C (hPa)<\/td>\n<td style=\"padding:8px 12px; border:1px solid #BDBDBD;\">2,8<\/td>\n<\/tr>\n<tr>\n<td style=\"padding:8px 12px; border:1px solid #BDBDBD;\">Siedebereich (\u00b0C)<\/td>\n<td style=\"padding:8px 12px; border:1px solid #BDBDBD;\">150-170<\/td>\n<\/tr>\n<\/table>\n","protected":false},"excerpt":{"rendered":"<ul>\n<li>Entfernung von L\u00f6tpaste, nicht ausgeh\u00e4rtetem Klebstoff und r\u00fcckgeflossenen Flussmittelr\u00fcckst\u00e4nden<\/li>\n<li>Manuelles Verfahren<\/li>\n<li>H\u00f6herer Flammpunkt als IPA &amp; geringer Geruch<\/li>\n<\/ul>\n<p><a href=\"https:\/\/www.inventec.dehon.com\/wp-content\/uploads\/2021\/05\/Capture-decran-GWP-65.png\"><img decoding=\"async\" class=\"alignnone size-full wp-image-17203\" src=\"https:\/\/www.inventec.dehon.com\/wp-content\/uploads\/2021\/05\/Capture-decran-GWP-65.png\" alt=\"\" width=\"328\" height=\"274\" srcset=\"https:\/\/www.inventec.dehon.com\/wp-content\/uploads\/2021\/05\/Capture-decran-GWP-65.png 328w, https:\/\/www.inventec.dehon.com\/wp-content\/uploads\/2021\/05\/Capture-decran-GWP-65-300x251.png 300w\" sizes=\"(max-width: 328px) 100vw, 328px\" \/><\/a><\/p>\n","protected":false},"featured_media":24450,"comment_status":"closed","ping_status":"closed","template":"","meta":{"_acf_changed":false,"inline_featured_image":false},"product_brand":[],"product_cat":[411,2855,2860,2859,2858],"product_tag":[2559,4278,2106,2558,4366,4362,4286,4318,547,4185,4398,4406,4426,4458,2042,2557,4772],"class_list":{"0":"post-9975","1":"product","2":"type-product","3":"status-publish","4":"has-post-thumbnail","6":"industries-elektronik-und-elektrische-systeme","7":"industries-komfort-fahrhilfe-adas","8":"industries-medizinische-gerate-scanner","9":"product_cat-reinigung","10":"product_cat-reinigung-und-flussmittelentfernung-von-leiterplatten","11":"product_cat-reinigung-von-fehldrucken-und-schablonen","12":"product_cat-reinigung-von-smt-kleber","13":"product_cat-reinigung-von-wartungsarbeiten","14":"product_tag-10f-de","15":"product_tag-beschichtungen-de","16":"product_tag-el-de","17":"product_tag-el-10f-de","18":"product_tag-fehlbedruckte-leiterplatte-de","19":"product_tag-fehldruck-de","20":"product_tag-flussmittelentfernung-de","21":"product_tag-klebstoff","22":"product_tag-losungsmittel","23":"product_tag-loesungsmittelbasierte-reinigungsfluessigkeiten","24":"product_tag-ofen","25":"product_tag-paletten","26":"product_tag-reflow-ofen-de","27":"product_tag-schablone-de","28":"product_tag-topklean-de","29":"product_tag-topklean-el-10f-de","30":"product_tag-wellentrager","31":"pa_application-flussmittelentfernung","32":"pa_application-kleber-beschichtungen","33":"pa_application-reflow-ofen","34":"pa_application-schablone-fehldruck","35":"pa_application-wellenloetraeger-paletten","36":"pa_brand-topklean-de-2","37":"pa_processes-handbuch","38":"pa_product-category-loesungsmittelbasierte-reinigungsfluessigkeiten","40":"first","41":"instock","42":"shipping-taxable","43":"product-type-simple"},"acf":[],"_links":{"self":[{"href":"https:\/\/www.inventec.dehon.com\/de\/wp-json\/wp\/v2\/product\/9975","targetHints":{"allow":["GET"]}}],"collection":[{"href":"https:\/\/www.inventec.dehon.com\/de\/wp-json\/wp\/v2\/product"}],"about":[{"href":"https:\/\/www.inventec.dehon.com\/de\/wp-json\/wp\/v2\/types\/product"}],"replies":[{"embeddable":true,"href":"https:\/\/www.inventec.dehon.com\/de\/wp-json\/wp\/v2\/comments?post=9975"}],"wp:featuredmedia":[{"embeddable":true,"href":"https:\/\/www.inventec.dehon.com\/de\/wp-json\/wp\/v2\/media\/24450"}],"wp:attachment":[{"href":"https:\/\/www.inventec.dehon.com\/de\/wp-json\/wp\/v2\/media?parent=9975"}],"wp:term":[{"taxonomy":"product_brand","embeddable":true,"href":"https:\/\/www.inventec.dehon.com\/de\/wp-json\/wp\/v2\/product_brand?post=9975"},{"taxonomy":"product_cat","embeddable":true,"href":"https:\/\/www.inventec.dehon.com\/de\/wp-json\/wp\/v2\/product_cat?post=9975"},{"taxonomy":"product_tag","embeddable":true,"href":"https:\/\/www.inventec.dehon.com\/de\/wp-json\/wp\/v2\/product_tag?post=9975"}],"curies":[{"name":"wp","href":"https:\/\/api.w.org\/{rel}","templated":true}]}}