{"id":9974,"date":"2021-05-14T08:17:02","date_gmt":"2021-05-14T08:17:02","guid":{"rendered":"https:\/\/www.inventec.dehon.com\/product\/promosolv-70es\/"},"modified":"2026-01-28T14:02:38","modified_gmt":"2026-01-28T13:02:38","slug":"promosolv-70es","status":"publish","type":"product","link":"https:\/\/www.inventec.dehon.com\/de\/product\/promosolv-70es\/","title":{"rendered":"PROMOSOLV 70ES"},"content":{"rendered":"<p><img decoding=\"async\" src=\"https:\/\/www.inventec.dehon.com\/wp-content\/uploads\/2021\/03\/PROMOSOLV-drum-colorless-Ecoprog-600x600.png\" alt=\"PROMOSOLV 70ES\" class=\"responsive-img\" align=\"right\" style=\"border-radius:10px; margin-bottom:10px; margin-top:-10px; margin-left:15px; width:300px\" \/><\/p>\n<h2 style=\"color:#9bc947; margin-bottom:15px\">Entfernung von Flussmittelr\u00fcckst\u00e4nden und Verunreinigungen<\/h2>\n<ul>\n<li>L\u00f6sungsmittelreiniger zur Entfernung von Flussmittelr\u00fcckst\u00e4nden<\/li>\n<li>Verfahren in der Dampfphase (Monol\u00f6sungsmittel)<\/li>\n<li>Ausgezeichnete Reinigungsleistung und geringe HSE-Auswirkungen<\/li>\n<\/ul>\n<h5>PROMOSOLV 70ES<\/h5>\n<p>Wurde als Drop-in-Ersatz f\u00fcr Trichlorethylen, NPB und andere L\u00f6semittel mit hohen Auswirkungen auf Gesundheit, Sicherheit und Umwelt entwickelt, wobei die Auswirkungen auf die Gesundheit, Sicherheit und Umwelt erheblich reduziert werden, w\u00e4hrend die R\u00fcckflussleistung auf dem gleichen Niveau bleibt.<\/p>\n<p>Es ist f\u00fcr die Entfernung von Reflow-Flussmittelr\u00fcckst\u00e4nden und anderen Verunreinigungen auf PCBAs, Leistungsmodulen, Leadframes, BGAs, PoP- oder SIP-Anwendungen und LED-Baugruppen bestimmt. Seine niedrige Oberfl\u00e4chenspannung erm\u00f6glicht eine sehr gute Reinigung und Sp\u00fclung unter niedrig stehenden Bauteilen und schwer zug\u00e4nglichen Stellen. Es ist sehr gut vertr\u00e4glich mit allen Metallen, einschlie\u00dflich sehr empfindlicher Metalle, und auch mit den meisten Kunststoffen und Elastomeren; es wird jedoch empfohlen, die Vertr\u00e4glichkeit vor der Anwendung zu pr\u00fcfen.<\/p>\n<p><strong>PROMOSOLV 70ES<\/strong> wurde unter Ber\u00fccksichtigung der Sicherheit formuliert. Seine Zusammensetzung bietet hervorragende Entflammbarkeitsunterdr\u00fcckungseigenschaften, die eine sehr hohe Stabilit\u00e4t bei der Verwendung in einem Ger\u00e4t gew\u00e4hrleisten. Einige auf dem Markt befindliche Produkte k\u00f6nnen bei der Verwendung in einem Ger\u00e4t durch Verdunstung ihren Entflammbarkeitsunterdr\u00fcckungsstoff verlieren.<\/p>\n<p>Dieses Produkt gibt es auch in einer recycelten Version (aus recyceltem L\u00f6sungsmittel) unter dem Namen <strong>PROMOSOLV 70ES T<\/strong>.<\/p>\n<p><strong>PROMOSOLV 70ES<\/strong> ist ein direkter Ersatz f\u00fcr 3M Novec 71DA und Novec 72DA, die bis Ende 2025 freiwillig eingestellt werden sollen. Klicken Sie auf den Link f\u00fcr weitere Informationen zur Ank\u00fcndigung der <a href=\"https:\/\/www.inventec.dehon.com\/de\/3m-loesungsmittel-auslaufen-lassen\/\">3M Novec-Ausphasen<\/a>.<\/p>\n<div style=\"font-family:Lato; color:#333;\">\n<div style=\"font-weight:bold; text-transform:uppercase; border-bottom:2px solid #9DBB2F; padding-bottom:6px; margin-bottom:10px;\">\n    Spezifikationen\n  <\/div>\n<table width=\"100%\" cellpadding=\"0\" cellspacing=\"0\" style=\"border-collapse:collapse; width:100%; max-width:100%;\">\n<tr>\n<th align=\"left\" style=\"background:#7A7A7A; color:#fff; padding:8px 12px; border:1px solid #BDBDBD;\">\n        Spezifikationen\n      <\/th>\n<th align=\"left\" style=\"background:#7A7A7A; color:#fff; padding:8px 12px; border:1px solid #BDBDBD;\">\n        Werte\n      <\/th>\n<th align=\"left\" style=\"background:#7A7A7A; color:#fff; padding:8px 12px; border:1px solid #BDBDBD;\">\n        Methoden\n      <\/th>\n<\/tr>\n<tr>\n<td style=\"padding:8px 12px; border:1px solid #BDBDBD;\">Aspekt<\/td>\n<td style=\"padding:8px 12px; border:1px solid #BDBDBD;\">Farblos, klar<\/td>\n<td style=\"padding:8px 12px; border:1px solid #BDBDBD;\">Visuell<\/td>\n<\/tr>\n<tr style=\"background:#E6E6E6;\">\n<td style=\"padding:8px 12px; border:1px solid #BDBDBD;\">Reinheit (% Gewicht)<\/td>\n<td style=\"padding:8px 12px; border:1px solid #BDBDBD;\">> 99,5<\/td>\n<td style=\"padding:8px 12px; border:1px solid #BDBDBD;\">Intern \/ MO.SB.10033<\/td>\n<\/tr>\n<tr>\n<td style=\"padding:8px 12px; border:1px solid #BDBDBD;\">Alkohol (% Gewicht)<\/td>\n<td style=\"padding:8px 12px; border:1px solid #BDBDBD;\">< 3<\/td>\n<td style=\"padding:8px 12px; border:1px solid #BDBDBD;\">Intern \/ MO.SB.10033<\/td>\n<\/tr>\n<\/table>\n<\/div>\n<div style=\"font-family:Lato; color:#333;\">\n<div style=\"font-weight:bold; text-transform:uppercase; border-bottom:2px solid #9DBB2F; padding-bottom:6px; margin:30px 0 10px;\">\n    Kenndaten\n  <\/div>\n<table width=\"100%\" cellpadding=\"0\" cellspacing=\"0\" style=\"border-collapse:collapse; width:100%; max-width:100%;\">\n<tr>\n<th align=\"left\" style=\"background:#7A7A7A; color:#fff; padding:8px 12px; border:1px solid #BDBDBD;\">\n        Kenndaten\n      <\/th>\n<th align=\"left\" style=\"background:#7A7A7A; color:#fff; padding:8px 12px; border:1px solid #BDBDBD;\">\n        Werte\n      <\/th>\n<\/tr>\n<tr>\n<td style=\"padding:8px 12px; border:1px solid #BDBDBD;\">Siedepunkt (\u00b0C\/\u00b0F)<\/td>\n<td style=\"padding:8px 12px; border:1px solid #BDBDBD;\">43 \/ 109<\/td>\n<\/tr>\n<tr style=\"background:#E6E6E6;\">\n<td style=\"padding:8px 12px; border:1px solid #BDBDBD;\">Oberfl\u00e4chenspannung (dyn \/ cm)<\/td>\n<td style=\"padding:8px 12px; border:1px solid #BDBDBD;\">14<\/td>\n<\/tr>\n<tr>\n<td style=\"padding:8px 12px; border:1px solid #BDBDBD;\">Flammpunkt<\/td>\n<td style=\"padding:8px 12px; border:1px solid #BDBDBD;\">Keine<\/td>\n<\/tr>\n<tr style=\"background:#E6E6E6;\">\n<td style=\"padding:8px 12px; border:1px solid #BDBDBD;\">Dichte (g\/cm\u00b3)<\/td>\n<td style=\"padding:8px 12px; border:1px solid #BDBDBD;\">1,28<\/td>\n<\/tr>\n<tr>\n<td style=\"padding:8px 12px; border:1px solid #BDBDBD;\">Dynamische Viskosit\u00e4t (mPa.s)<\/td>\n<td style=\"padding:8px 12px; border:1px solid #BDBDBD;\">0,50<\/td>\n<\/tr>\n<tr style=\"background:#E6E6E6;\">\n<td style=\"padding:8px 12px; border:1px solid #BDBDBD;\">Dampfdruck (kPa)<\/td>\n<td style=\"padding:8px 12px; border:1px solid #BDBDBD;\">65<\/td>\n<\/tr>\n<\/table>\n<\/div>\n","protected":false},"excerpt":{"rendered":"<ul>\n<li>Reinigung von Flussmittelr\u00fcckst\u00e4nden<\/li>\n<li>Verfahren in der Dampfphase (Monol\u00f6sungsmittel)<\/li>\n<li>Ausgezeichnete Reinigungsleistung und geringe HSE-Auswirkungen<\/li>\n<\/ul>\n<p><a href=\"https:\/\/www.inventec.dehon.com\/wp-content\/uploads\/2021\/04\/GW-Score-40-e1717773466307.png\"><img decoding=\"async\" class=\"alignnone size-full wp-image-15225\" src=\"https:\/\/www.inventec.dehon.com\/wp-content\/uploads\/2021\/04\/GW-Score-40-e1717773466307.png\" alt=\"\" width=\"200\" height=\"170\" \/><\/a><\/p>\n","protected":false},"featured_media":2277,"comment_status":"closed","ping_status":"closed","template":"","meta":{"_acf_changed":false,"inline_featured_image":false},"product_brand":[],"product_cat":[411,2855],"product_tag":[2545,4278,4768,4286,4318,547,4185,4370,1825,2544,4599],"class_list":{"0":"post-9974","1":"product","2":"type-product","3":"status-publish","4":"has-post-thumbnail","6":"industries-elektronik-und-elektrische-systeme","7":"industries-komfort-fahrhilfe-adas","8":"industries-medizinische-gerate-scanner","9":"product_cat-reinigung","10":"product_cat-reinigung-und-flussmittelentfernung-von-leiterplatten","11":"product_tag-70es-de","12":"product_tag-beschichtungen-de","13":"product_tag-dampfphase","14":"product_tag-flussmittelentfernung-de","15":"product_tag-klebstoff","16":"product_tag-losungsmittel","17":"product_tag-loesungsmittelbasierte-reinigungsfluessigkeiten","18":"product_tag-mono-losungsmittel","19":"product_tag-promosolv-de","20":"product_tag-promosolv-70es-de","21":"product_tag-recycelbar","22":"pa_application-flussmittelentfernung","23":"pa_application-kleber-beschichtungen","24":"pa_brand-promosolv-de-2","25":"pa_features-recycelbar","26":"pa_processes-mono-losungsmittel","27":"pa_product-category-loesungsmittelbasierte-reinigungsfluessigkeiten","29":"first","30":"instock","31":"shipping-taxable","32":"product-type-simple"},"acf":[],"_links":{"self":[{"href":"https:\/\/www.inventec.dehon.com\/de\/wp-json\/wp\/v2\/product\/9974","targetHints":{"allow":["GET"]}}],"collection":[{"href":"https:\/\/www.inventec.dehon.com\/de\/wp-json\/wp\/v2\/product"}],"about":[{"href":"https:\/\/www.inventec.dehon.com\/de\/wp-json\/wp\/v2\/types\/product"}],"replies":[{"embeddable":true,"href":"https:\/\/www.inventec.dehon.com\/de\/wp-json\/wp\/v2\/comments?post=9974"}],"wp:featuredmedia":[{"embeddable":true,"href":"https:\/\/www.inventec.dehon.com\/de\/wp-json\/wp\/v2\/media\/2277"}],"wp:attachment":[{"href":"https:\/\/www.inventec.dehon.com\/de\/wp-json\/wp\/v2\/media?parent=9974"}],"wp:term":[{"taxonomy":"product_brand","embeddable":true,"href":"https:\/\/www.inventec.dehon.com\/de\/wp-json\/wp\/v2\/product_brand?post=9974"},{"taxonomy":"product_cat","embeddable":true,"href":"https:\/\/www.inventec.dehon.com\/de\/wp-json\/wp\/v2\/product_cat?post=9974"},{"taxonomy":"product_tag","embeddable":true,"href":"https:\/\/www.inventec.dehon.com\/de\/wp-json\/wp\/v2\/product_tag?post=9974"}],"curies":[{"name":"wp","href":"https:\/\/api.w.org\/{rel}","templated":true}]}}