{"id":9970,"date":"2021-05-14T10:03:17","date_gmt":"2021-05-14T10:03:17","guid":{"rendered":"https:\/\/www.inventec.dehon.com\/product\/topklean-el-20d\/"},"modified":"2026-01-29T15:00:49","modified_gmt":"2026-01-29T14:00:49","slug":"topklean-el-20d","status":"publish","type":"product","link":"https:\/\/www.inventec.dehon.com\/de\/product\/topklean-el-20d\/","title":{"rendered":"TOPKLEAN EL 20D"},"content":{"rendered":"<p><img decoding=\"async\" src=\"https:\/\/www.inventec.dehon.com\/wp-content\/uploads\/2021\/03\/TOPKLEAN-canister-yellow-1-600x600.jpg\" alt=\"TOPKLEAN EL 20D\" class=\"responsive-img\" align=\"right\" style=\"border-radius:10px; margin-bottom:10px; margin-top:-10px; margin-left:15px; width:300px\" \/><\/p>\n<h2 style=\"color:#9bc947; margin-bottom:15px\">Entfernung von Flussmittelr\u00fcckst\u00e4nden im Vakuumprozess<\/h2>\n<ul>\n<li>Reinigungsmittel zur Entfernung von Flussmittelr\u00fcckst\u00e4nden<\/li>\n<li>L\u00f6sungsmittel-Vakuumverfahren<\/li>\n<li>Umweltfreundliche Alternative zu Perchlorethylen und nPB<\/li>\n<\/ul>\n<h5>TOPKLEAN EL 20D<\/h5>\n<p>Wurde speziell entwickelt, um L\u00f6sungsmittel mit hoher HSE-Belastung wie nPB und Perchlorethylen zu ersetzen und ein Produkt anzubieten, das den aktuellen und zuk\u00fcnftigen Umweltvorschriften entspricht. Es wird im Vakuumverfahren eingesetzt, um eine umweltfreundliche L\u00f6semittell\u00f6sung zu bieten, ohne Kompromisse bei der hohen Reinigungsleistung einzugehen. Es dient zur Entfernung von verbleiten und bleifreien Flussmittelr\u00fcckst\u00e4nden.<\/p>\n<p><strong>TOPKLEAN EL 20D<\/strong> ist qualifiziert und wird von mehreren Akteuren in der Elektronikindustrie verwendet und ist ROHS-konform. <\/p>\n<p><!-- SPEZIFIKATIONEN Section --><\/p>\n<div style=\"font-weight:bold; text-transform:uppercase; border-bottom:2px solid #9DBB2F; padding-bottom:6px; margin-bottom:10px;\">\n  SPEZIFIKATIONEN\n<\/div>\n<table width=\"100%\" cellpadding=\"0\" cellspacing=\"0\" style=\"border-collapse:collapse; width:100%; max-width:100%;\">\n<tr>\n<th align=\"left\" style=\"background:#7A7A7A; color:#fff; padding:8px 12px; border:1px solid #BDBDBD;\">SPEZIFIKATIONEN<\/th>\n<th align=\"left\" style=\"background:#7A7A7A; color:#fff; padding:8px 12px; border:1px solid #BDBDBD;\">WERTE<\/th>\n<th align=\"left\" style=\"background:#7A7A7A; color:#fff; padding:8px 12px; border:1px solid #BDBDBD;\">METHODEN<\/th>\n<\/tr>\n<tr>\n<td style=\"padding:8px 12px; border:1px solid #BDBDBD;\">Aspekt<\/td>\n<td style=\"padding:8px 12px; border:1px solid #BDBDBD;\">Transparent, farblos<\/td>\n<td style=\"padding:8px 12px; border:1px solid #BDBDBD;\">Visuell<\/td>\n<\/tr>\n<tr style=\"background:#E6E6E6;\">\n<td style=\"padding:8px 12px; border:1px solid #BDBDBD;\">Dichte bei 20\u00b0C (g\/ml)<\/td>\n<td style=\"padding:8px 12px; border:1px solid #BDBDBD;\">0,879 \u00b1 0,010<\/td>\n<td style=\"padding:8px 12px; border:1px solid #BDBDBD;\">BRY MO 028<\/td>\n<\/tr>\n<tr>\n<td style=\"padding:8px 12px; border:1px solid #BDBDBD;\">S\u00e4urezahl (mgKOH\/g)<\/td>\n<td style=\"padding:8px 12px; border:1px solid #BDBDBD;\">&lt;0,01<\/td>\n<td style=\"padding:8px 12px; border:1px solid #BDBDBD;\">BRY MO 034<\/td>\n<\/tr>\n<\/table>\n<p><!-- KENNDATEN Section --><\/p>\n<div style=\"font-weight:bold; text-transform:uppercase; border-bottom:2px solid #9DBB2F; padding-bottom:6px; margin:30px 0 10px 0;\">\n  KENNDATEN\n<\/div>\n<table width=\"100%\" cellpadding=\"0\" cellspacing=\"0\" style=\"border-collapse:collapse; width:100%; max-width:100%;\">\n<tr>\n<th align=\"left\" style=\"background:#7A7A7A; color:#fff; padding:8px 12px; border:1px solid #BDBDBD;\">KENNDATEN<\/th>\n<th align=\"left\" style=\"background:#7A7A7A; color:#fff; padding:8px 12px; border:1px solid #BDBDBD;\">WERTE<\/th>\n<th align=\"left\" style=\"background:#7A7A7A; color:#fff; padding:8px 12px; border:1px solid #BDBDBD;\">METHODEN<\/th>\n<\/tr>\n<tr>\n<td style=\"padding:8px 12px; border:1px solid #BDBDBD;\">Siedepunkt (\u00b0C \/ \u00b0F)<\/td>\n<td style=\"padding:8px 12px; border:1px solid #BDBDBD;\">170\u2013180\u00b0C \/ 338\u2013356\u00b0F<\/td>\n<td style=\"padding:8px 12px; border:1px solid #BDBDBD;\">ASTM D1078<\/td>\n<\/tr>\n<tr style=\"background:#E6E6E6;\">\n<td style=\"padding:8px 12px; border:1px solid #BDBDBD;\">Flammpunkt (PMCC)<\/td>\n<td style=\"padding:8px 12px; border:1px solid #BDBDBD;\">&gt;64\u00b0C<\/td>\n<td style=\"padding:8px 12px; border:1px solid #BDBDBD;\">ASTM D93<\/td>\n<\/tr>\n<tr>\n<td style=\"padding:8px 12px; border:1px solid #BDBDBD;\">Viskosit\u00e4t bei 25\u00b0C (mm\u00b2\/s)<\/td>\n<td style=\"padding:8px 12px; border:1px solid #BDBDBD;\">1,6<\/td>\n<td style=\"padding:8px 12px; border:1px solid #BDBDBD;\">ASTM D445<\/td>\n<\/tr>\n<tr style=\"background:#E6E6E6;\">\n<td style=\"padding:8px 12px; border:1px solid #BDBDBD;\">Oberfl\u00e4chenspannung bei 20\u00b0C (dyn\/cm)<\/td>\n<td style=\"padding:8px 12px; border:1px solid #BDBDBD;\">23<\/td>\n<td style=\"padding:8px 12px; border:1px solid #BDBDBD;\">ASTM D971<\/td>\n<\/tr>\n<tr>\n<td style=\"padding:8px 12px; border:1px solid #BDBDBD;\">Relative Verdunstungsrate (nBuAc = 1)<\/td>\n<td style=\"padding:8px 12px; border:1px solid #BDBDBD;\">0,04<\/td>\n<td style=\"padding:8px 12px; border:1px solid #BDBDBD;\">ASTM D3539<\/td>\n<\/tr>\n<tr style=\"background:#E6E6E6;\">\n<td style=\"padding:8px 12px; border:1px solid #BDBDBD;\">Dielektrische Steifigkeit (KV\/cm)<\/td>\n<td style=\"padding:8px 12px; border:1px solid #BDBDBD;\">200<\/td>\n<td style=\"padding:8px 12px; border:1px solid #BDBDBD;\">DIN \/ VDE 0370\/5<\/td>\n<\/tr>\n<tr>\n<td style=\"padding:8px 12px; border:1px solid #BDBDBD;\">Mischbarkeit in Wasser<\/td>\n<td style=\"padding:8px 12px; border:1px solid #BDBDBD;\">Leicht mischbar<\/td>\n<td style=\"padding:8px 12px; border:1px solid #BDBDBD;\">Intern<\/td>\n<\/tr>\n<tr style=\"background:#E6E6E6;\">\n<td style=\"padding:8px 12px; border:1px solid #BDBDBD;\">Dampfdruck bei 20\u00b0C \/ 50\u00b0C<\/td>\n<td style=\"padding:8px 12px; border:1px solid #BDBDBD;\">1 \/ 6<\/td>\n<td style=\"padding:8px 12px; border:1px solid #BDBDBD;\">Intern<\/td>\n<\/tr>\n<tr>\n<td style=\"padding:8px 12px; border:1px solid #BDBDBD;\">Latente Verdampfungsw\u00e4rme (kJ\/kg bei bp)<\/td>\n<td style=\"padding:8px 12px; border:1px solid #BDBDBD;\">320<\/td>\n<td style=\"padding:8px 12px; border:1px solid #BDBDBD;\">Berechnet<\/td>\n<\/tr>\n<tr style=\"background:#E6E6E6;\">\n<td style=\"padding:8px 12px; border:1px solid #BDBDBD;\">Spezifische W\u00e4rme (kJ\/kg\u00b7K) bei 20\u00b0C \/ 50\u00b0C<\/td>\n<td style=\"padding:8px 12px; border:1px solid #BDBDBD;\">2.0 \/ 2.1<\/td>\n<td style=\"padding:8px 12px; border:1px solid #BDBDBD;\">Berechnet<\/td>\n<\/tr>\n<tr>\n<td style=\"padding:8px 12px; border:1px solid #BDBDBD;\">W\u00e4rmeleitf\u00e4higkeit bei 20\u00b0C (W\/m\u00b7K)<\/td>\n<td style=\"padding:8px 12px; border:1px solid #BDBDBD;\">0,13<\/td>\n<td style=\"padding:8px 12px; border:1px solid #BDBDBD;\">Berechnet<\/td>\n<\/tr>\n<tr style=\"background:#E6E6E6;\">\n<td style=\"padding:8px 12px; border:1px solid #BDBDBD;\">VOC (g\/L)<\/td>\n<td style=\"padding:8px 12px; border:1px solid #BDBDBD;\">880<\/td>\n<td style=\"padding:8px 12px; border:1px solid #BDBDBD;\">\u2014<\/td>\n<\/tr>\n<\/table>\n","protected":false},"excerpt":{"rendered":"<ul>\n<li>Reinigung von Flussmittelr\u00fcckst\u00e4nden<\/li>\n<li>L\u00f6sungsmittel-Vakuumverfahren<\/li>\n<li>Umweltfreundliche Alternative zu Perchlorethylen und nPB<\/li>\n<\/ul>\n<p><a href=\"https:\/\/www.inventec.dehon.com\/wp-content\/uploads\/2023\/06\/GW-Score-34.png\"><img decoding=\"async\" class=\"alignnone wp-image-15018\" src=\"https:\/\/www.inventec.dehon.com\/wp-content\/uploads\/2023\/06\/GW-Score-34.png\" alt=\"\" width=\"40\" height=\"34\" \/><\/a><\/p>\n","protected":false},"featured_media":24450,"comment_status":"closed","ping_status":"closed","template":"","meta":{"_acf_changed":false,"inline_featured_image":false},"product_brand":[],"product_cat":[411,2855],"product_tag":[2158,2106,2234,4298,4302,4286,4314,547,4185,4434,2042,2233,4474],"class_list":{"0":"post-9970","1":"product","2":"type-product","3":"status-publish","4":"has-post-thumbnail","6":"industries-elektronik-und-elektrische-systeme","7":"industries-komfort-fahrhilfe-adas","8":"industries-medizinische-gerate-scanner","9":"product_cat-reinigung","10":"product_cat-reinigung-und-flussmittelentfernung-von-leiterplatten","11":"product_tag-20d-de","12":"product_tag-el-de","13":"product_tag-el-20d-de","14":"product_tag-elektronik","15":"product_tag-elektronikindustrie","16":"product_tag-flussmittelentfernung-de","17":"product_tag-flussmittelruckstande","18":"product_tag-losungsmittel","19":"product_tag-loesungsmittelbasierte-reinigungsfluessigkeiten","20":"product_tag-rohs","21":"product_tag-topklean-de","22":"product_tag-topklean-el-20d-de","23":"product_tag-vakuum-2","24":"pa_application-flussmittelentfernung","25":"pa_brand-topklean-de-2","26":"pa_processes-vakuum","27":"pa_product-category-loesungsmittelbasierte-reinigungsfluessigkeiten","29":"first","30":"instock","31":"shipping-taxable","32":"product-type-simple"},"acf":[],"_links":{"self":[{"href":"https:\/\/www.inventec.dehon.com\/de\/wp-json\/wp\/v2\/product\/9970","targetHints":{"allow":["GET"]}}],"collection":[{"href":"https:\/\/www.inventec.dehon.com\/de\/wp-json\/wp\/v2\/product"}],"about":[{"href":"https:\/\/www.inventec.dehon.com\/de\/wp-json\/wp\/v2\/types\/product"}],"replies":[{"embeddable":true,"href":"https:\/\/www.inventec.dehon.com\/de\/wp-json\/wp\/v2\/comments?post=9970"}],"wp:featuredmedia":[{"embeddable":true,"href":"https:\/\/www.inventec.dehon.com\/de\/wp-json\/wp\/v2\/media\/24450"}],"wp:attachment":[{"href":"https:\/\/www.inventec.dehon.com\/de\/wp-json\/wp\/v2\/media?parent=9970"}],"wp:term":[{"taxonomy":"product_brand","embeddable":true,"href":"https:\/\/www.inventec.dehon.com\/de\/wp-json\/wp\/v2\/product_brand?post=9970"},{"taxonomy":"product_cat","embeddable":true,"href":"https:\/\/www.inventec.dehon.com\/de\/wp-json\/wp\/v2\/product_cat?post=9970"},{"taxonomy":"product_tag","embeddable":true,"href":"https:\/\/www.inventec.dehon.com\/de\/wp-json\/wp\/v2\/product_tag?post=9970"}],"curies":[{"name":"wp","href":"https:\/\/api.w.org\/{rel}","templated":true}]}}