{"id":9966,"date":"2021-05-14T13:04:07","date_gmt":"2021-05-14T13:04:07","guid":{"rendered":"https:\/\/www.inventec.dehon.com\/product\/quicksolv-def70\/"},"modified":"2026-01-29T11:26:38","modified_gmt":"2026-01-29T10:26:38","slug":"quicksolv-def-70","status":"publish","type":"product","link":"https:\/\/www.inventec.dehon.com\/de\/product\/quicksolv-def-70\/","title":{"rendered":"QUICKSOLV DEF 70"},"content":{"rendered":"<p><img decoding=\"async\" src=\"https:\/\/www.inventec.dehon.com\/wp-content\/uploads\/2021\/05\/QUICKSOLV-Aerosol-colorless-600x600.png\" alt=\"QUICKSOLV DEF 70\" class=\"responsive-img\" align=\"right\" style=\"border-radius:10px; margin-bottom:10px; margin-top:-10px; margin-left:15px; width:300px\" \/><\/p>\n<h2 style=\"color:#9bc947; margin-bottom:15px\">Der sicherste Allzweckreiniger<\/h2>\n<ul>\n<li>Mehrzweckreiniger zum Entfetten und Entfetten von Fl\u00fcssigkeiten<\/li>\n<li>Manueller Reiniger in Aerosolverpackung<\/li>\n<li>Nicht brennbar und schnell verdunstend<\/li>\n<\/ul>\n<h5>QUICKSOLV DEF 70<\/h5>\n<p>Es ist ein Mehrzweck-Industriereiniger in einer Aerosolverpackung zur manuellen Reinigung von \u00d6len, Fetten, organischen R\u00fcckst\u00e4nden und L\u00f6tflussmittelr\u00fcckst\u00e4nden. Dank seiner geringen Oberfl\u00e4chenspannung und seiner reaktiven Substanzen kann es die meisten organischen Schadstoffe l\u00f6sen. Seine schnelle Verdunstung erm\u00f6glicht eine erhebliche Verk\u00fcrzung der Reinigungszeit.<\/p>\n<p><strong>QUICKSOLV DEF 70<\/strong> ist ein nicht brennbares Produkt und ein Drop-in-Ersatz f\u00fcr brennbare L\u00f6sungsmittel wie Benzin, Isopropanol oder Aceton oder alle brennbaren Reinigungssprays. Es wurde unter Ber\u00fccksichtigung der Sicherheit, der Gesundheit der Anwender und der Umwelt formuliert.<\/p>\n<p>Es kann f\u00fcr viele Anwendungen genutzt werden:<\/p>\n<ul>\n<li>Wartung von mechanischen Teilen<\/li>\n<li>Entfettung von Metallteilen aus der Kleinserienproduktion in der mikromechanischen und mechanischen Industrie<\/li>\n<li>Defluxen von gedruckten Schaltungen in der Nacharbeit oder Kleinserienproduktion.<\/li>\n<li>Entfernung von Metallpartikeln in der additiven Fertigung<\/li>\n<li>Es kann auch bestimmte R\u00fcckst\u00e4nde von Klebstoffen, Lacken, Beschichtungen oder polymerisierten Materialien entfernen, jedoch vorbehaltlich vorheriger Tests.<\/li>\n<\/ul>\n<p><!-- SPEZIFIKATIONEN --><\/p>\n<div style=\"font-weight:bold; text-transform:uppercase; border-bottom:2px solid #9DBB2F; padding-bottom:6px; margin-bottom:10px;\">\n  SPEZIFIKATIONEN\n<\/div>\n<table width=\"100%\" cellpadding=\"0\" cellspacing=\"0\" style=\"border-collapse:collapse; width:100%; max-width:100%;\">\n<tr>\n<th align=\"left\" style=\"background:#7A7A7A; color:#fff; padding:8px 12px; border:1px solid #BDBDBD;\">SPEZIFIKATIONEN<\/th>\n<th align=\"left\" style=\"background:#7A7A7A; color:#fff; padding:8px 12px; border:1px solid #BDBDBD;\">WERTE<\/th>\n<th align=\"left\" style=\"background:#7A7A7A; color:#fff; padding:8px 12px; border:1px solid #BDBDBD;\">METHODEN<\/th>\n<\/tr>\n<tr>\n<td style=\"padding:8px 12px; border:1px solid #BDBDBD;\">Aspekt<\/td>\n<td style=\"padding:8px 12px; border:1px solid #BDBDBD;\">Farblose Fl\u00fcssigkeit<\/td>\n<td style=\"padding:8px 12px; border:1px solid #BDBDBD;\">Visuell<\/td>\n<\/tr>\n<tr style=\"background:#E6E6E6;\">\n<td style=\"padding:8px 12px; border:1px solid #BDBDBD;\">Dichte bei 20\u00b0C (g\/ml)<\/td>\n<td style=\"padding:8px 12px; border:1px solid #BDBDBD;\">1.28 \u00b1 0.01<\/td>\n<td style=\"padding:8px 12px; border:1px solid #BDBDBD;\">BRY-MO-028<\/td>\n<\/tr>\n<tr>\n<td style=\"padding:8px 12px; border:1px solid #BDBDBD;\">Prozentsatz aktive Substanz (% Gewicht)<\/td>\n<td style=\"padding:8px 12px; border:1px solid #BDBDBD;\">94%<\/td>\n<td style=\"padding:8px 12px; border:1px solid #BDBDBD;\">Intern<\/td>\n<\/tr>\n<tr style=\"background:#E6E6E6;\">\n<td style=\"padding:8px 12px; border:1px solid #BDBDBD;\">Treibmittelmenge \/ Spr\u00fchdose (Gew.-%)<\/td>\n<td style=\"padding:8px 12px; border:1px solid #BDBDBD;\">6%<\/td>\n<td style=\"padding:8px 12px; border:1px solid #BDBDBD;\">Intern<\/td>\n<\/tr>\n<\/table>\n<p><!-- KENNDATEN --><\/p>\n<div style=\"font-weight:bold; text-transform:uppercase; border-bottom:2px solid #9DBB2F; padding-bottom:6px; margin:30px 0 10px 0;\">\n  KENNDATEN\n<\/div>\n<table width=\"100%\" cellpadding=\"0\" cellspacing=\"0\" style=\"border-collapse:collapse; width:100%; max-width:100%;\">\n<tr>\n<th align=\"left\" style=\"background:#7A7A7A; color:#fff; padding:8px 12px; border:1px solid #BDBDBD;\">KENNDATEN<\/th>\n<th align=\"left\" style=\"background:#7A7A7A; color:#fff; padding:8px 12px; border:1px solid #BDBDBD;\">WERTE<\/th>\n<\/tr>\n<tr>\n<td style=\"padding:8px 12px; border:1px solid #BDBDBD;\">Flammpunkt<\/td>\n<td style=\"padding:8px 12px; border:1px solid #BDBDBD;\">Keine<\/td>\n<\/tr>\n<tr style=\"background:#E6E6E6;\">\n<td style=\"padding:8px 12px; border:1px solid #BDBDBD;\">Siedepunkt<\/td>\n<td style=\"padding:8px 12px; border:1px solid #BDBDBD;\">48\u00b0C \/ 118\u00b0F<\/td>\n<\/tr>\n<tr>\n<td style=\"padding:8px 12px; border:1px solid #BDBDBD;\">L\u00f6slichkeit in Wasser<\/td>\n<td style=\"padding:8px 12px; border:1px solid #BDBDBD;\">Unl\u00f6slich<\/td>\n<\/tr>\n<tr style=\"background:#E6E6E6;\">\n<td style=\"padding:8px 12px; border:1px solid #BDBDBD;\">Oberfl\u00e4chenspannung (dyn\/cm)<\/td>\n<td style=\"padding:8px 12px; border:1px solid #BDBDBD;\">14<\/td>\n<\/tr>\n<tr>\n<td style=\"padding:8px 12px; border:1px solid #BDBDBD;\">Viskosit\u00e4t (mPa.s)<\/td>\n<td style=\"padding:8px 12px; border:1px solid #BDBDBD;\">0.5<\/td>\n<\/tr>\n<tr style=\"background:#E6E6E6;\">\n<td style=\"padding:8px 12px; border:1px solid #BDBDBD;\">Dampfdruck bei 25\u00b0C (kPa)<\/td>\n<td style=\"padding:8px 12px; border:1px solid #BDBDBD;\">65<\/td>\n<\/tr>\n<tr>\n<td style=\"padding:8px 12px; border:1px solid #BDBDBD;\">Gefrierpunkt<\/td>\n<td style=\"padding:8px 12px; border:1px solid #BDBDBD;\">-125\u00b0C \/ -193\u00b0F<\/td>\n<\/tr>\n<\/table>\n","protected":false},"excerpt":{"rendered":"<ul>\n<li>Mehrzweckreiniger zum Entfetten und Entfetten von Fl\u00fcssigkeiten<\/li>\n<li>Manueller Reiniger in Aerosolverpackung<\/li>\n<li>Nicht brennbar und schnell verdunstend<\/li>\n<\/ul>\n<p><a href=\"https:\/\/www.inventec.dehon.com\/wp-content\/uploads\/2021\/05\/GW-quick-DEF70-e1683719526746.png\"><img decoding=\"async\" class=\"alignnone wp-image-14659\" src=\"https:\/\/www.inventec.dehon.com\/wp-content\/uploads\/2021\/05\/GW-quick-DEF70-e1683719526746.png\" alt=\"Greenway\" width=\"40\" height=\"34\" \/><\/a><\/p>\n","protected":false},"featured_media":3290,"comment_status":"closed","ping_status":"closed","template":"","meta":{"_acf_changed":false,"inline_featured_image":false},"product_brand":[],"product_cat":[692,595,752,2869,2865,2864,411,2855,2859],"product_tag":[2209,4238,4278,2267,2284,4322,4286,4326,4318,547,4185,4410,2265,2283,4482,4486],"class_list":{"0":"post-9966","1":"product","2":"type-product","3":"status-publish","4":"has-post-thumbnail","6":"industries-aerosysteme","7":"industries-antriebsstrang","8":"industries-chassis-rader-und-lenkung","9":"industries-elektronik-und-elektrische-systeme","10":"industries-komfort-fahrhilfe-adas","11":"industries-landing-systeme","12":"industries-medizinische-gerate-scanner","13":"industries-motoren","14":"product_cat-abbeizen-entoxidation","15":"product_cat-additive-fertigungslosungen","16":"product_cat-entfernung-von-partikeln","17":"product_cat-entfernung-von-wachs","18":"product_cat-fettentfernung-von-verschiedenen-metallkomponenten","19":"product_cat-olentfernung-von-verschiedenen-metallkomponenten","20":"product_cat-reinigung","21":"product_cat-reinigung-und-flussmittelentfernung-von-leiterplatten","22":"product_cat-reinigung-von-smt-kleber","23":"product_tag-70-de","24":"product_tag-additive-fertigung-de","25":"product_tag-beschichtungen-de","26":"product_tag-def-de","27":"product_tag-def-70-de","28":"product_tag-fettentfernung-de","29":"product_tag-flussmittelentfernung-de","30":"product_tag-greenway","31":"product_tag-klebstoff","32":"product_tag-losungsmittel","33":"product_tag-loesungsmittelbasierte-reinigungsfluessigkeiten","34":"product_tag-partikelfrei","35":"product_tag-quicksolv-de","36":"product_tag-quicksolv-def-70-de","37":"product_tag-wachs-de","38":"product_tag-wachs-entfernen","39":"pa_application-entfernung-von-wachs","40":"pa_application-fettentfernung","41":"pa_application-flussmittelentfernung","42":"pa_application-loesungen-fuer-additive-fertigung","43":"pa_application-partikelentfernung","44":"pa_brand-quicksolv-de","45":"pa_features-greenway","46":"pa_processes-handbuch","47":"pa_product-category-loesungsmittelbasierte-reinigungsfluessigkeiten","49":"first","50":"instock","51":"shipping-taxable","52":"product-type-simple"},"acf":[],"_links":{"self":[{"href":"https:\/\/www.inventec.dehon.com\/de\/wp-json\/wp\/v2\/product\/9966","targetHints":{"allow":["GET"]}}],"collection":[{"href":"https:\/\/www.inventec.dehon.com\/de\/wp-json\/wp\/v2\/product"}],"about":[{"href":"https:\/\/www.inventec.dehon.com\/de\/wp-json\/wp\/v2\/types\/product"}],"replies":[{"embeddable":true,"href":"https:\/\/www.inventec.dehon.com\/de\/wp-json\/wp\/v2\/comments?post=9966"}],"wp:featuredmedia":[{"embeddable":true,"href":"https:\/\/www.inventec.dehon.com\/de\/wp-json\/wp\/v2\/media\/3290"}],"wp:attachment":[{"href":"https:\/\/www.inventec.dehon.com\/de\/wp-json\/wp\/v2\/media?parent=9966"}],"wp:term":[{"taxonomy":"product_brand","embeddable":true,"href":"https:\/\/www.inventec.dehon.com\/de\/wp-json\/wp\/v2\/product_brand?post=9966"},{"taxonomy":"product_cat","embeddable":true,"href":"https:\/\/www.inventec.dehon.com\/de\/wp-json\/wp\/v2\/product_cat?post=9966"},{"taxonomy":"product_tag","embeddable":true,"href":"https:\/\/www.inventec.dehon.com\/de\/wp-json\/wp\/v2\/product_tag?post=9966"}],"curies":[{"name":"wp","href":"https:\/\/api.w.org\/{rel}","templated":true}]}}