{"id":9954,"date":"2021-06-09T16:16:00","date_gmt":"2021-06-09T16:16:00","guid":{"rendered":"https:\/\/www.inventec.dehon.com\/product\/ecorel-frei-300-31a\/"},"modified":"2026-01-21T16:38:40","modified_gmt":"2026-01-21T15:38:40","slug":"ecorel-free-300-31a","status":"publish","type":"product","link":"https:\/\/www.inventec.dehon.com\/de\/product\/ecorel-free-300-31a\/","title":{"rendered":"ECOREL FREE 300-31A"},"content":{"rendered":"<p><img decoding=\"async\" src=\"https:\/\/www.inventec.dehon.com\/wp-content\/uploads\/2021\/01\/Ecorel-Free-600x600.png\" alt=\"ECOREL FREE 300-31A\" class=\"responsive-img\" align=\"right\" style=\"border-radius:10px; margin-bottom:10px; margin-top:-10px; margin-left:15px; width:300px\" \/><\/p>\n<h2 style=\"color:#9bc947; margin-bottom:15px\">Sehr gute Benetzung, insbesondere auf Kupferoberfl\u00e4chen<\/h2>\n<ul>\n<li>Zinn\/Silber bleifreie L\u00f6tpaste<\/li>\n<li>Kein sauberes SMT-Druckverfahren<\/li>\n<li>Hervorragend niedriges Voiding f\u00fcr DCB<\/li>\n<\/ul>\n<h5>ECOREL FREE 300-31A<\/h5>\n<p>Ist eine halogenfreie bleifreie L\u00f6tpaste, die mit der zuverl\u00e4ssigen Chemie der ECOREL-Reihe entwickelt wurde. Sie ist so konzipiert, dass Flussmittelabspritzer, L\u00f6tmittelaustritt und Lunkerbildung minimiert werden, um eine gleichm\u00e4\u00dfige Bondliniendicke (BLT) zwischen den gro\u00dfen Chips und dem DCB-Substrat zu erreichen.<\/p>\n<p>Die Sn96.5Ag3.5-Legierung ist aufgrund ihres niedrigeren Schmelzpunkts, ihrer guten Benetzungseigenschaften, ihrer h\u00f6heren Zuverl\u00e4ssigkeit und ihrer verbesserten Verbindungsfestigkeit eine ausgezeichnete Wahl f\u00fcr DCB-Materialien. Aufgrund ihres niedrigeren Schmelzpunktes eignet sie sich zum L\u00f6ten w\u00e4rmeempfindlicher Komponenten, w\u00e4hrend ihre guten Benetzungseigenschaften einen leichten Fluss und eine starke Verbindung erm\u00f6glichen. <\/p>\n<p>Die Chemie dieses Produkts ist auch auf Anfrage mit anderen Legierungen oder Partikelgr\u00f6\u00dfen erh\u00e4ltlich.<\/p>\n<p><!-- MERKMALE Section --><\/p>\n<div style=\"font-weight:bold; text-transform:uppercase; border-bottom:2px solid #9DBB2F; padding-bottom:6px; margin-bottom:10px;\">\n  MERKMALE\n<\/div>\n<p><!-- STANDARDOPTIONEN Table --><\/p>\n<table width=\"100%\" cellpadding=\"0\" cellspacing=\"0\" style=\"border-collapse:collapse; width:100%; max-width:100%;\">\n<tr>\n<th align=\"left\" style=\"background:#7A7A7A; color:#fff; padding:8px 12px; border:1px solid #BDBDBD;\">\n      SPEZIFIKATIONEN\n    <\/th>\n<th align=\"left\" style=\"background:#7A7A7A; color:#fff; padding:8px 12px; border:1px solid #BDBDBD;\">\n      ECOREL FREE 300-31A\n    <\/th>\n<\/tr>\n<tr>\n<td style=\"padding:8px 12px; border:1px solid #BDBDBD;\">Legierung<\/td>\n<td style=\"padding:8px 12px; border:1px solid #BDBDBD;\">Sn96,5Ag3.5<\/td>\n<\/tr>\n<tr style=\"background:#E6E6E6;\">\n<td style=\"padding:8px 12px; border:1px solid #BDBDBD;\">Schmelzpunkt (\u00b0C)<\/td>\n<td style=\"padding:8px 12px; border:1px solid #BDBDBD;\">221 \/ 426<\/td>\n<\/tr>\n<tr>\n<td style=\"padding:8px 12px; border:1px solid #BDBDBD;\">Metallgehalt (%)<\/td>\n<td style=\"padding:8px 12px; border:1px solid #BDBDBD;\">89 +\/- 0,5<\/td>\n<\/tr>\n<tr style=\"background:#E6E6E6;\">\n<td style=\"padding:8px 12px; border:1px solid #BDBDBD;\">R\u00fcckst\u00e4nde nach Reflow-L\u00f6ten<\/td>\n<td style=\"padding:8px 12px; border:1px solid #BDBDBD;\">Etwa 5 Gew.-%<\/td>\n<\/tr>\n<tr>\n<td style=\"padding:8px 12px; border:1px solid #BDBDBD;\">Halogengehalt<\/td>\n<td style=\"padding:8px 12px; border:1px solid #BDBDBD;\">Kein Halogen<\/td>\n<\/tr>\n<tr style=\"background:#E6E6E6;\">\n<td style=\"padding:8px 12px; border:1px solid #BDBDBD;\">Korngr\u00f6\u00dfe<\/td>\n<td style=\"padding:8px 12px; border:1px solid #BDBDBD;\">25-45 Mikrometer \/ Typ 3<\/td>\n<\/tr>\n<tr>\n<td style=\"padding:8px 12px; border:1px solid #BDBDBD;\">Spiralpumpe* Viskosit\u00e4t (Pa.s 25\u00b0C)<\/td>\n<td style=\"padding:8px 12px; border:1px solid #BDBDBD;\">Typisch 145<\/td>\n<\/tr>\n<\/table>\n<p style=\"font-size:0.85em;\">*Die zum Testen der Spiralpumpeviskosit\u00e4t verwendete Ger\u00e4t ist Malcom mit einer Drehzahl von 10 U\/min.<\/p>\n<p><!-- KENNDATEN Section --><\/p>\n<div style=\"font-weight:bold; text-transform:uppercase; border-bottom:2px solid #9DBB2F; padding-bottom:6px; margin-bottom:10px;\">\n  KENNDATEN\n<\/div>\n<table width=\"100%\" cellpadding=\"0\" cellspacing=\"0\" style=\"border-collapse:collapse; width:100%; max-width:100%;\">\n<tr>\n<th align=\"left\" style=\"background:#7A7A7A; color:#fff; padding:8px 12px; border:1px solid #BDBDBD;\">\n      KENNDATEN\n    <\/th>\n<th align=\"left\" style=\"background:#7A7A7A; color:#fff; padding:8px 12px; border:1px solid #BDBDBD;\">\n      WERTE\n    <\/th>\n<th align=\"left\" style=\"background:#7A7A7A; color:#fff; padding:8px 12px; border:1px solid #BDBDBD;\">\n      TEST-METHODE\n    <\/th>\n<\/tr>\n<tr>\n<td style=\"padding:8px 12px; border:1px solid #BDBDBD;\">Flussmittelklassifizierung<\/td>\n<td style=\"padding:8px 12px; border:1px solid #BDBDBD;\">ROL0<\/td>\n<td style=\"padding:8px 12px; border:1px solid #BDBDBD;\">ANSI\/J-STD-004<\/td>\n<\/tr>\n<tr style=\"background:#E6E6E6;\">\n<td style=\"padding:8px 12px; border:1px solid #BDBDBD;\">Flussmittelklassifizierung<\/td>\n<td style=\"padding:8px 12px; border:1px solid #BDBDBD;\">113<\/td>\n<td style=\"padding:8px 12px; border:1px solid #BDBDBD;\">ISO 9454<\/td>\n<\/tr>\n<tr>\n<td style=\"padding:8px 12px; border:1px solid #BDBDBD;\">Lotperlenbildungstest<\/td>\n<td style=\"padding:8px 12px; border:1px solid #BDBDBD;\">OK<\/td>\n<td style=\"padding:8px 12px; border:1px solid #BDBDBD;\">ANSI\/J-STD-005<\/td>\n<\/tr>\n<tr style=\"background:#E6E6E6;\">\n<td style=\"padding:8px 12px; border:1px solid #BDBDBD;\">Kupferspiegeltest<\/td>\n<td style=\"padding:8px 12px; border:1px solid #BDBDBD;\">OK<\/td>\n<td style=\"padding:8px 12px; border:1px solid #BDBDBD;\">ANSI\/J-STD-004<\/td>\n<\/tr>\n<tr>\n<td style=\"padding:8px 12px; border:1px solid #BDBDBD;\">Kupferkorrosionstest<\/td>\n<td style=\"padding:8px 12px; border:1px solid #BDBDBD;\">OK<\/td>\n<td style=\"padding:8px 12px; border:1px solid #BDBDBD;\">ANSI\/J-STD-004<\/td>\n<\/tr>\n<tr style=\"background:#E6E6E6;\">\n<td style=\"padding:8px 12px; border:1px solid #BDBDBD;\">SIR (IPC)<\/td>\n<td style=\"padding:8px 12px; border:1px solid #BDBDBD;\">OK<\/td>\n<td style=\"padding:8px 12px; border:1px solid #BDBDBD;\">ANSI\/J-STD-004<\/td>\n<\/tr>\n<tr>\n<td style=\"padding:8px 12px; border:1px solid #BDBDBD;\">SIR (Bellcore)<\/td>\n<td style=\"padding:8px 12px; border:1px solid #BDBDBD;\">OK<\/td>\n<td style=\"padding:8px 12px; border:1px solid #BDBDBD;\">Bellcore<\/td>\n<\/tr>\n<tr style=\"background:#E6E6E6;\">\n<td style=\"padding:8px 12px; border:1px solid #BDBDBD;\">Elektromigration (IPC \/ Bellcore)<\/td>\n<td style=\"padding:8px 12px; border:1px solid #BDBDBD;\">OK<\/td>\n<td style=\"padding:8px 12px; border:1px solid #BDBDBD;\">ANSI\/J-STD-004 \/ Bellcore<\/td>\n<\/tr>\n<tr>\n<td style=\"padding:8px 12px; border:1px solid #BDBDBD;\">Bono Korrosionstest (85\u00b0C \/ 85% HR &#8211; 15 Tage)<\/td>\n<td style=\"padding:8px 12px; border:1px solid #BDBDBD;\">OK: Korrosionsfaktor &lt;8%<\/td>\n<td style=\"padding:8px 12px; border:1px solid #BDBDBD;\">Inventec-Verfahren<\/td>\n<\/tr>\n<\/table>\n","protected":false},"excerpt":{"rendered":"<ul>\n<li>Zinn\/Silber bleifreie L\u00f6tpaste<\/li>\n<li>Kein sauberes SMT-Druckverfahren<\/li>\n<li>Hervorragend niedriges Voiding f\u00fcr DCB<\/li>\n<\/ul>\n","protected":false},"featured_media":2227,"comment_status":"closed","ping_status":"closed","template":"","meta":{"_acf_changed":false,"inline_featured_image":false},"product_brand":[],"product_cat":[2839,2851],"product_tag":[1436,1435,1406,5026,5083,5091,5190,1434,1284,5047,5051,5087,5214,5138,5127,5142,5146,5164,5165,5218,1685,5244,5247],"class_list":{"0":"post-9954","1":"product","2":"type-product","3":"status-publish","4":"has-post-thumbnail","6":"industries-antriebsstrang","7":"industries-batteriepaket-ladeanschluss","8":"industries-ladestation","9":"industries-medizinische-gerate-scanner","10":"product_cat-lotpastenlosungen-mit-geringer-hohlraumbildung","11":"product_cat-system-in-package-fertigungsprozess-fur-halbleiter","12":"product_tag-300-de","13":"product_tag-300-31a-de","14":"product_tag-31a-de","15":"product_tag-bauteilbefestigung","16":"product_tag-bleifrei","17":"product_tag-bleifreies-loetpaste","18":"product_tag-drucken","19":"product_tag-ecorel-free-300-31a-de","20":"product_tag-free-de","21":"product_tag-kuehlkoerper","22":"product_tag-kuehlkoerperbefestigung-2","23":"product_tag-legierung-bleifrei","24":"product_tag-lotpaste","25":"product_tag-modulbefestigung-de","26":"product_tag-niedrige-porositat","27":"product_tag-optoelektronik","28":"product_tag-optoelektronische-bauteilbefestigung-2","29":"product_tag-pulver-typ-3","30":"product_tag-pulver-typ-4","31":"product_tag-t3","32":"product_tag-t4-de","33":"product_tag-typ-3","34":"product_tag-typ-4","35":"pa_application-dieattach-de","36":"pa_application-modul-und-kuehlkoerperbefestigung","37":"pa_application-optoelektronische-bauteilbefestigung","38":"pa_brand-ecorel-de-2","39":"pa_features-legierung-bleifrei","40":"pa_features-legierung-kein-wenig-silber","41":"pa_features-niedrige-hohlraume","42":"pa_features-pulver-typ-3-4","43":"pa_processes-druck","44":"pa_product-category-lotpasten","46":"first","47":"instock","48":"shipping-taxable","49":"product-type-simple"},"acf":[],"_links":{"self":[{"href":"https:\/\/www.inventec.dehon.com\/de\/wp-json\/wp\/v2\/product\/9954","targetHints":{"allow":["GET"]}}],"collection":[{"href":"https:\/\/www.inventec.dehon.com\/de\/wp-json\/wp\/v2\/product"}],"about":[{"href":"https:\/\/www.inventec.dehon.com\/de\/wp-json\/wp\/v2\/types\/product"}],"replies":[{"embeddable":true,"href":"https:\/\/www.inventec.dehon.com\/de\/wp-json\/wp\/v2\/comments?post=9954"}],"wp:featuredmedia":[{"embeddable":true,"href":"https:\/\/www.inventec.dehon.com\/de\/wp-json\/wp\/v2\/media\/2227"}],"wp:attachment":[{"href":"https:\/\/www.inventec.dehon.com\/de\/wp-json\/wp\/v2\/media?parent=9954"}],"wp:term":[{"taxonomy":"product_brand","embeddable":true,"href":"https:\/\/www.inventec.dehon.com\/de\/wp-json\/wp\/v2\/product_brand?post=9954"},{"taxonomy":"product_cat","embeddable":true,"href":"https:\/\/www.inventec.dehon.com\/de\/wp-json\/wp\/v2\/product_cat?post=9954"},{"taxonomy":"product_tag","embeddable":true,"href":"https:\/\/www.inventec.dehon.com\/de\/wp-json\/wp\/v2\/product_tag?post=9954"}],"curies":[{"name":"wp","href":"https:\/\/api.w.org\/{rel}","templated":true}]}}