{"id":9951,"date":"2021-05-20T08:58:00","date_gmt":"2021-05-20T08:58:00","guid":{"rendered":"https:\/\/www.inventec.dehon.com\/product\/ecorel-frei-305-28\/"},"modified":"2026-01-22T10:32:16","modified_gmt":"2026-01-22T09:32:16","slug":"ecorel-free-305-28","status":"publish","type":"product","link":"https:\/\/www.inventec.dehon.com\/de\/product\/ecorel-free-305-28\/","title":{"rendered":"ECOREL FREE 305-28"},"content":{"rendered":"<p><img decoding=\"async\" src=\"https:\/\/www.inventec.dehon.com\/wp-content\/uploads\/2021\/01\/Ecorel-Free-600x600.png\" alt=\"ECOREL FREE 305-28\" class=\"responsive-img\" align=\"right\" style=\"border-radius:10px; margin-bottom:10px; margin-top:-10px; margin-left:15px; width:300px\" \/><\/p>\n<h2 style=\"color:#9bc947; margin-bottom:15px\">L\u00f6tpaste f\u00fcr die Montage von Hochvolumen- und komplexen Leiterplatten<\/h2>\n<ul>\n<li>SAC305 bleifreie L\u00f6tpaste<\/li>\n<li>Kein sauberes SMT-Druckverfahren<\/li>\n<li>Robuster Montageprozess<\/li>\n<\/ul>\n<h5>ECOREL FREE 305-28<\/h5>\n<p>Wurde speziell f\u00fcr die Montage gro\u00dfer Mengen und komplexer Platten entwickelt. Die Paste hat eine sehr gute Pin-in-Paste-Leistung innerhalb eines gro\u00dfen Prozessfensters, um einen fehlerfreien, reproduzierbaren und stabilen Betrieb zu erreichen. Dar\u00fcber hinaus zeigt er eine ideale Leistung beim L\u00f6ten von mittelgro\u00dfen bis gro\u00dfen Platinen.<\/p>\n<p><strong>ECOREL FREE 305-28<\/strong> ist auf Anfrage auch in anderen Legierungen und Partikelgr\u00f6\u00dfen erh\u00e4ltlich.<\/p>\n<p><!-- FEATURES Section --><\/p>\n<div style=\"font-weight:bold; text-transform:uppercase; border-bottom:2px solid #9DBB2F; padding-bottom:6px; margin-bottom:10px;\">\n  MERKMALE\n<\/div>\n<table width=\"100%\" cellpadding=\"0\" cellspacing=\"0\" style=\"border-collapse:collapse; width:100%; max-width:100%;\">\n<tr>\n<th align=\"left\" style=\"background:#7A7A7A; color:#fff; padding:8px 12px; border:1px solid #BDBDBD;\">\n      SPEZIFIKATIONEN\n    <\/th>\n<th align=\"left\" style=\"background:#7A7A7A; color:#fff; padding:8px 12px; border:1px solid #BDBDBD;\">\n      ECOREL FREE 305-28 T4\n    <\/th>\n<\/tr>\n<tr>\n<td style=\"padding:8px 12px; border:1px solid #BDBDBD;\">Legierung<\/td>\n<td style=\"padding:8px 12px; border:1px solid #BDBDBD;\">Sn96,5Ag3Cu0,5<\/td>\n<\/tr>\n<tr style=\"background:#E6E6E6;\">\n<td style=\"padding:8px 12px; border:1px solid #BDBDBD;\">Schmelzpunkt (\u00b0C)<\/td>\n<td style=\"padding:8px 12px; border:1px solid #BDBDBD;\">217<\/td>\n<\/tr>\n<tr>\n<td style=\"padding:8px 12px; border:1px solid #BDBDBD;\">Metallgehalt (%)<\/td>\n<td style=\"padding:8px 12px; border:1px solid #BDBDBD;\">88,5<\/td>\n<\/tr>\n<tr style=\"background:#E6E6E6;\">\n<td style=\"padding:8px 12px; border:1px solid #BDBDBD;\">R\u00fcckst\u00e4nde nach Reflow-L\u00f6ten<\/td>\n<td style=\"padding:8px 12px; border:1px solid #BDBDBD;\">Etwa 5 Gew.-%<\/td>\n<\/tr>\n<tr>\n<td style=\"padding:8px 12px; border:1px solid #BDBDBD;\">Korngr\u00f6\u00dfe<\/td>\n<td style=\"padding:8px 12px; border:1px solid #BDBDBD;\">20 \u2013 38 Mikrometer \/ Typ 4<\/td>\n<\/tr>\n<tr style=\"background:#E6E6E6;\">\n<td style=\"padding:8px 12px; border:1px solid #BDBDBD;\">Spiralpumpe* Viskosit\u00e4t (Pa.s 25 \u00b0C)<\/td>\n<td style=\"padding:8px 12px; border:1px solid #BDBDBD;\">Typisch 135<\/td>\n<\/tr>\n<\/table>\n<p style=\"font-size:0.85em;\">*Das zum Testen der Spiralpumpenviskosit\u00e4t verwendete Ger\u00e4t ist Malcom mit einer Drehzahl von 10 U\/Min.<\/p>\n<p><!-- FUNCTIONAL TESTS Section --><\/p>\n<div style=\"font-weight:bold; text-transform:uppercase; border-bottom:2px solid #9DBB2F; padding-bottom:6px; margin-bottom:10px;\">\n  KENNDATEN\n<\/div>\n<table width=\"100%\" cellpadding=\"0\" cellspacing=\"0\" style=\"border-collapse:collapse; width:100%; max-width:100%;\">\n<tr>\n<th align=\"left\" style=\"background:#7A7A7A; color:#fff; padding:8px 12px; border:1px solid #BDBDBD;\">\n      KENNDATEN\n    <\/th>\n<th align=\"left\" style=\"background:#7A7A7A; color:#fff; padding:8px 12px; border:1px solid #BDBDBD;\">\n      WERTE\n    <\/th>\n<th align=\"left\" style=\"background:#7A7A7A; color:#fff; padding:8px 12px; border:1px solid #BDBDBD;\">\n      TESTMETHODE\n    <\/th>\n<\/tr>\n<tr>\n<td style=\"padding:8px 12px; border:1px solid #BDBDBD;\">Flussmittelklassifizierung<\/td>\n<td style=\"padding:8px 12px; border:1px solid #BDBDBD;\">\n      ROL0<br \/>\n      113\n    <\/td>\n<td style=\"padding:8px 12px; border:1px solid #BDBDBD;\">\n      ANSI\/J-STD-004<br \/>\n      ISO 9454\n    <\/td>\n<\/tr>\n<tr style=\"background:#E6E6E6;\">\n<td style=\"padding:8px 12px; border:1px solid #BDBDBD;\">Lotperlenbildungstest<\/td>\n<td style=\"padding:8px 12px; border:1px solid #BDBDBD;\">OK<\/td>\n<td style=\"padding:8px 12px; border:1px solid #BDBDBD;\">ANSI\/J-STD-005<\/td>\n<\/tr>\n<tr>\n<td style=\"padding:8px 12px; border:1px solid #BDBDBD;\">Kupferspiegeltest<\/td>\n<td style=\"padding:8px 12px; border:1px solid #BDBDBD;\">OK<\/td>\n<td style=\"padding:8px 12px; border:1px solid #BDBDBD;\">ANSI\/J-STD-004<\/td>\n<\/tr>\n<tr style=\"background:#E6E6E6;\">\n<td style=\"padding:8px 12px; border:1px solid #BDBDBD;\">Kupferkorrosionstest<\/td>\n<td style=\"padding:8px 12px; border:1px solid #BDBDBD;\">OK<\/td>\n<td style=\"padding:8px 12px; border:1px solid #BDBDBD;\">ANSI\/J-STD-004<\/td>\n<\/tr>\n<tr>\n<td style=\"padding:8px 12px; border:1px solid #BDBDBD;\">SIR (IPC)<\/td>\n<td style=\"padding:8px 12px; border:1px solid #BDBDBD;\">OK<\/td>\n<td style=\"padding:8px 12px; border:1px solid #BDBDBD;\">ANSI\/J-STD-004<\/td>\n<\/tr>\n<tr style=\"background:#E6E6E6;\">\n<td style=\"padding:8px 12px; border:1px solid #BDBDBD;\">SIR (Bellcore)<\/td>\n<td style=\"padding:8px 12px; border:1px solid #BDBDBD;\">OK<\/td>\n<td style=\"padding:8px 12px; border:1px solid #BDBDBD;\">Bellcore<\/td>\n<\/tr>\n<tr>\n<td style=\"padding:8px 12px; border:1px solid #BDBDBD;\">Elektromigration (IPC\/Bellcore)<\/td>\n<td style=\"padding:8px 12px; border:1px solid #BDBDBD;\">OK<\/td>\n<td style=\"padding:8px 12px; border:1px solid #BDBDBD;\">ANSI\/J-STD-004 \/ Bellcore<\/td>\n<\/tr>\n<\/table>\n","protected":false},"excerpt":{"rendered":"<ul>\n<li>SAC305 bleifreie L\u00f6tpaste<\/li>\n<li>Kein sauberes SMT-Druckverfahren<\/li>\n<li>Robuster Montageprozess<\/li>\n<\/ul>\n","protected":false},"featured_media":2227,"comment_status":"closed","ping_status":"closed","template":"","meta":{"_acf_changed":false,"inline_featured_image":false},"product_brand":[],"product_cat":[2841],"product_tag":[1348,1393,5083,5091,5190,1392,1284,5087,5198,5214,5154,5164,5165,5194,3998,5210,5218,1685,3999,5230,5244,5247],"class_list":{"0":"post-9951","1":"product","2":"type-product","3":"status-publish","4":"has-post-thumbnail","6":"product_cat-lotpastelosungen-fur-hochvolumen-leiterplattenbestuckung","7":"product_tag-305-de","8":"product_tag-305-28-de","9":"product_tag-bleifrei","10":"product_tag-bleifreies-loetpaste","11":"product_tag-drucken","12":"product_tag-ecorel-free-305-28-de","13":"product_tag-free-de","14":"product_tag-legierung-bleifrei","15":"product_tag-legierung-sac-305","16":"product_tag-lotpaste","17":"product_tag-pulver","18":"product_tag-pulver-typ-3","19":"product_tag-pulver-typ-4","20":"product_tag-sac-305","21":"product_tag-smt-de","22":"product_tag-smt-loten","23":"product_tag-t3","24":"product_tag-t4-de","25":"product_tag-tht-de","26":"product_tag-tht-loten","27":"product_tag-typ-3","28":"product_tag-typ-4","29":"pa_application-smt-thtloeten","30":"pa_brand-ecorel-de-2","31":"pa_features-legierung-bleifrei","32":"pa_features-legierung-sac-305","33":"pa_features-pulver-typ-3-4","34":"pa_processes-druck","35":"pa_product-category-lotpasten","37":"first","38":"instock","39":"shipping-taxable","40":"product-type-simple"},"acf":[],"_links":{"self":[{"href":"https:\/\/www.inventec.dehon.com\/de\/wp-json\/wp\/v2\/product\/9951","targetHints":{"allow":["GET"]}}],"collection":[{"href":"https:\/\/www.inventec.dehon.com\/de\/wp-json\/wp\/v2\/product"}],"about":[{"href":"https:\/\/www.inventec.dehon.com\/de\/wp-json\/wp\/v2\/types\/product"}],"replies":[{"embeddable":true,"href":"https:\/\/www.inventec.dehon.com\/de\/wp-json\/wp\/v2\/comments?post=9951"}],"wp:featuredmedia":[{"embeddable":true,"href":"https:\/\/www.inventec.dehon.com\/de\/wp-json\/wp\/v2\/media\/2227"}],"wp:attachment":[{"href":"https:\/\/www.inventec.dehon.com\/de\/wp-json\/wp\/v2\/media?parent=9951"}],"wp:term":[{"taxonomy":"product_brand","embeddable":true,"href":"https:\/\/www.inventec.dehon.com\/de\/wp-json\/wp\/v2\/product_brand?post=9951"},{"taxonomy":"product_cat","embeddable":true,"href":"https:\/\/www.inventec.dehon.com\/de\/wp-json\/wp\/v2\/product_cat?post=9951"},{"taxonomy":"product_tag","embeddable":true,"href":"https:\/\/www.inventec.dehon.com\/de\/wp-json\/wp\/v2\/product_tag?post=9951"}],"curies":[{"name":"wp","href":"https:\/\/api.w.org\/{rel}","templated":true}]}}