{"id":9947,"date":"2021-05-17T15:12:16","date_gmt":"2021-05-17T15:12:16","guid":{"rendered":"https:\/\/www.inventec.dehon.com\/product\/3m-novec-73de\/"},"modified":"2026-01-19T11:46:00","modified_gmt":"2026-01-19T10:46:00","slug":"3m-novec-73de","status":"publish","type":"product","link":"https:\/\/www.inventec.dehon.com\/de\/product\/3m-novec-73de\/","title":{"rendered":"3M NOVEC 73DE"},"content":{"rendered":"<p><img decoding=\"async\" src=\"https:\/\/www.inventec.dehon.com\/wp-content\/uploads\/2021\/04\/Novec-drum-colorless.phase-outpng-1-600x600.jpg\" alt=\"3M NOVEC 73DE\" class=\"responsive-img\" align=\"right\" style=\"border-radius:10px; margin-bottom:10px; margin-top:-10px; margin-left:15px; width:300px\" \/><\/p>\n<h2 style=\"color: #9bc947; margin-bottom: 15px;\">L\u00f6sungsmittelbasierte Reinigungsfl\u00fcssigkeit<\/h2>\n<ul>\n<li>Reinigung von Fetten, \u00d6len, Silikonen<\/li>\n<li>L\u00f6sungsmittel f\u00fcr das Monol\u00f6sungsmittelverfahren (Dampf- und Tauchreinigung)<\/li>\n<li>Sehr geringe Auswirkungen auf HSE und sehr geringe Oberfl\u00e4chenspannung<\/li>\n<\/ul>\n<hr \/>\n<h4>WICHTIGE MITTEILUNG:<BR> AUSLAUF DER 3M\u2122 PRODUKTE<\/h4>\n<p>\u26a0\ufe0f 3M\u2122 hat im Dezember 2022 angek\u00fcndigt, dass alle Novec\u2122 Produkte bis Ende 2025 schrittweise eingestellt und nicht mehr verf\u00fcgbar sein werden. Keine Sorge, Inventec hat einen direkten Ersatz f\u00fcr dieses Produkt, aber wir empfehlen, uns so schnell wie m\u00f6glich zu kontaktieren, um Versorgungsunterbrechungen zu minimieren.<\/p>\n<p>Wenn Sie mehr \u00fcber das Auslaufen der 3M\u2122 Produkte erfahren m\u00f6chten, klicken Sie auf diesen <a href=\"https:\/\/www.inventec.dehon.com\/de\/auf-der-suche-nach-einem-ersatz-fuer-3m-novec\/\">Link<\/a>.<\/p>\n<p>UNSERE ALTERNATIVE(N):<\/p>\n<ul>\n<li><a href=\"https:\/\/www.inventec.dehon.com\/de\/product\/promosolv-neo-b1\/\">PROMOSOLV 70<\/a> -> \u00c4hnliche Eigenschaften &amp; Anwendungen<\/li>\n<li><a href=\"https:\/\/www.inventec.dehon.com\/de\/product\/promosolv-neo-a1\/\">PROMOSOLV NEO B1<\/a> -> \u00c4hnliche Eigenschaften &amp; Anwendungen + KEIN GWP &amp; PFAS FREI<\/li>\n<\/ul>\n<hr \/>\n<h5>3M NOVEC 73DE<\/h5>\n<p><a href=\"https:\/\/www.inventec.dehon.com\/wp-content\/uploads\/2021\/05\/generic-3m-73de-precision-cleaning-bottle.png\" rel=\"inv-colorbox\" title=\"3M NOVEC 73DE\"><img decoding=\"async\" class=\"wp-image-15453 size-medium alignleft\" src=\"https:\/\/www.inventec.dehon.com\/wp-content\/uploads\/2021\/05\/generic-3m-73de-precision-cleaning-bottle-300x300.png\" alt=\"3M Novec 73DE\" width=\"300\" height=\"300\" srcset=\"https:\/\/www.inventec.dehon.com\/wp-content\/uploads\/2021\/05\/generic-3m-73de-precision-cleaning-bottle-300x300.png 300w, https:\/\/www.inventec.dehon.com\/wp-content\/uploads\/2021\/05\/generic-3m-73de-precision-cleaning-bottle-150x150.png 150w, https:\/\/www.inventec.dehon.com\/wp-content\/uploads\/2021\/05\/generic-3m-73de-precision-cleaning-bottle-340x340.png 340w, https:\/\/www.inventec.dehon.com\/wp-content\/uploads\/2021\/05\/generic-3m-73de-precision-cleaning-bottle-100x100.png 100w, https:\/\/www.inventec.dehon.com\/wp-content\/uploads\/2021\/05\/generic-3m-73de-precision-cleaning-bottle.png 400w\" sizes=\"(max-width: 300px) 100vw, 300px\" \/><\/a><strong>3M Novec 73DE<\/strong> Engineered Fluid ist in erster Linie f\u00fcr schwere Dampfentfettung oder Tauchreinigung konzipiert und zeichnet sich durch hohe L\u00f6slichkeit, niedrige Oberfl\u00e4chenspannung, Nichtentflammbarkeit und Fl\u00fcssigkeitsstabilit\u00e4t aus. <\/p>\n<p><strong>Novec 73DE<\/strong> ist ein leistungsstarker, kosteng\u00fcnstiger Ersatz f\u00fcr n-Propylbromid (nPB oder 1-Brompropan), Trichlorethylen (TCE), ozonsch\u00e4digende teilhalogenierte Fluorchlorkohlenwasserstoffe (H-FCKW) wie H-FCKW-225 (Asahiklin AK-225) und H-FCKW-141b sowie teilhalogenierte Fluorkohlenwasserstoffe (H-FKW) mit hohem Treibhauspotenzial (GWP) f\u00fcr eine breite Palette von Reinigungsanwendungen. <\/p>\n<p>Die Dampfentfettung mit der Fl\u00fcssigkeit <strong>Novec 73DE<\/strong> kann Ihnen auch helfen, im Vergleich zur w\u00e4ssrigen Reinigung Zeit und Geld zu sparen, da sie schnellere Zykluszeiten, einen geringeren Energieverbrauch und eine bessere Reinigung von Teilen mit komplexen Geometrien erm\u00f6glicht.<\/p>\n<p><a title=\"Letter from 3M - Inventec authorized distributor for EMEA area\" href=\"https:\/\/www.inventec.dehon.com\/wp-content\/uploads\/2021\/10\/3M-Authorized-EMEA-Distributor_Inventec.pdf\" target=\"_blank\" rel=\"noopener\">Letter from 3M &#8211; Inventec authorized distributor for EMEA area<\/a><\/p>\n<p><a href=\"https:\/\/inventec.dehon.com\/wp-content\/uploads\/2021\/04\/LOGO-3M-Novec.png\" rel=\"inv-colorbox\" title=\"3M NOVEC 73DE\"><img decoding=\"async\" class=\"alignnone wp-image-2102 size-medium\" src=\"https:\/\/inventec.dehon.com\/wp-content\/uploads\/2021\/04\/LOGO-3M-Novec-300x150.png\" alt=\"\" width=\"300\" height=\"150\" srcset=\"https:\/\/www.inventec.dehon.com\/wp-content\/uploads\/2021\/04\/LOGO-3M-Novec-300x150.png 300w, https:\/\/www.inventec.dehon.com\/wp-content\/uploads\/2021\/04\/LOGO-3M-Novec.png 318w\" sizes=\"(max-width: 300px) 100vw, 300px\" \/><\/a><\/p>\n<p><a href=\"https:\/\/inventec.dehon.com\/wp-content\/uploads\/2021\/05\/environmental-data-novec-73DE.jpg\" rel=\"inv-colorbox\" title=\"3M NOVEC 73DE\"><img decoding=\"async\" class=\"alignnone wp-image-3384 size-full\" src=\"https:\/\/inventec.dehon.com\/wp-content\/uploads\/2021\/05\/environmental-data-novec-73DE.jpg\" alt=\"\" width=\"1542\" height=\"450\" srcset=\"https:\/\/www.inventec.dehon.com\/wp-content\/uploads\/2021\/05\/environmental-data-novec-73DE.jpg 1542w, https:\/\/www.inventec.dehon.com\/wp-content\/uploads\/2021\/05\/environmental-data-novec-73DE-300x88.jpg 300w, https:\/\/www.inventec.dehon.com\/wp-content\/uploads\/2021\/05\/environmental-data-novec-73DE-1024x299.jpg 1024w, https:\/\/www.inventec.dehon.com\/wp-content\/uploads\/2021\/05\/environmental-data-novec-73DE-768x224.jpg 768w, https:\/\/www.inventec.dehon.com\/wp-content\/uploads\/2021\/05\/environmental-data-novec-73DE-1536x448.jpg 1536w, https:\/\/www.inventec.dehon.com\/wp-content\/uploads\/2021\/05\/environmental-data-novec-73DE-600x175.jpg 600w\" sizes=\"(max-width: 1542px) 100vw, 1542px\" \/><\/a><\/p>\n","protected":false},"excerpt":{"rendered":"<ul>\n<li>Fette, \u00d6le und Silikon<\/li>\n<li>Verfahren in der Dampfphase (Monol\u00f6sungsmittel)<\/li>\n<li>Sehr geringe Auswirkungen auf HSE und sehr geringe Oberfl\u00e4chenspannung<\/li>\n<\/ul>\n<p><span style=\"color: #99cc00;\">Alternative:<\/span> <a href=\"https:\/\/www.inventec.dehon.com\/de\/product\/promosolv-neo-b1\/\"><small>PROMOSOLV NEO B1<\/small><\/a><\/p>\n<p><a href=\"https:\/\/www.inventec.dehon.com\/de\/auf-der-suche-nach-einem-ersatz-fuer-3m-novec\/\" class=\"btn btn-lg btn-primary rounded-pill\" style=\"margin-top:5px; color:#FFFFFF;\">Alle 3M Novec Ersatzstoffe ansehen<\/a><\/p>\n","protected":false},"featured_media":15445,"comment_status":"closed","ping_status":"closed","template":"","meta":{"_acf_changed":false,"inline_featured_image":false},"product_brand":[],"product_cat":[752,2869,2865,2864,411],"product_tag":[],"class_list":{"0":"post-9947","1":"product","2":"type-product","3":"status-publish","4":"has-post-thumbnail","6":"industries-aerosysteme","7":"product_cat-entfernung-von-partikeln","8":"product_cat-entfernung-von-wachs","9":"product_cat-fettentfernung-von-verschiedenen-metallkomponenten","10":"product_cat-olentfernung-von-verschiedenen-metallkomponenten","11":"product_cat-reinigung","12":"pa_application-entfernung-von-wachs","13":"pa_application-fettentfernung","14":"pa_application-oelentfernung","15":"pa_brand-3m-novec-de-2","16":"pa_features-geeignet-fuer-kohlenwasserstoffbasierte-anwendungen","17":"pa_features-recycelbar","18":"pa_processes-mono-losungsmittel","19":"pa_product-category-loesungsmittelbasierte-reinigungsfluessigkeiten","21":"first","22":"instock","23":"shipping-taxable","24":"product-type-simple"},"acf":[],"_links":{"self":[{"href":"https:\/\/www.inventec.dehon.com\/de\/wp-json\/wp\/v2\/product\/9947","targetHints":{"allow":["GET"]}}],"collection":[{"href":"https:\/\/www.inventec.dehon.com\/de\/wp-json\/wp\/v2\/product"}],"about":[{"href":"https:\/\/www.inventec.dehon.com\/de\/wp-json\/wp\/v2\/types\/product"}],"replies":[{"embeddable":true,"href":"https:\/\/www.inventec.dehon.com\/de\/wp-json\/wp\/v2\/comments?post=9947"}],"wp:featuredmedia":[{"embeddable":true,"href":"https:\/\/www.inventec.dehon.com\/de\/wp-json\/wp\/v2\/media\/15445"}],"wp:attachment":[{"href":"https:\/\/www.inventec.dehon.com\/de\/wp-json\/wp\/v2\/media?parent=9947"}],"wp:term":[{"taxonomy":"product_brand","embeddable":true,"href":"https:\/\/www.inventec.dehon.com\/de\/wp-json\/wp\/v2\/product_brand?post=9947"},{"taxonomy":"product_cat","embeddable":true,"href":"https:\/\/www.inventec.dehon.com\/de\/wp-json\/wp\/v2\/product_cat?post=9947"},{"taxonomy":"product_tag","embeddable":true,"href":"https:\/\/www.inventec.dehon.com\/de\/wp-json\/wp\/v2\/product_tag?post=9947"}],"curies":[{"name":"wp","href":"https:\/\/api.w.org\/{rel}","templated":true}]}}