{"id":9941,"date":"2021-06-01T11:58:38","date_gmt":"2021-06-01T11:58:38","guid":{"rendered":"https:\/\/www.inventec.dehon.com\/product\/promoclean-disper-3\/"},"modified":"2026-01-28T12:23:15","modified_gmt":"2026-01-28T11:23:15","slug":"promoclean-disper-3","status":"publish","type":"product","link":"https:\/\/www.inventec.dehon.com\/de\/product\/promoclean-disper-3\/","title":{"rendered":"PROMOCLEAN DISPER 3"},"content":{"rendered":"<p><img decoding=\"async\" src=\"https:\/\/www.inventec.dehon.com\/wp-content\/uploads\/2021\/04\/PROMOCLEAN-canister-blue.png\" alt=\"PROMOCLEAN DISPER 3\" class=\"responsive-img\" align=\"right\" style=\"border-radius:10px; margin-bottom:10px; margin-top:-10px; margin-left:15px; width:300px\" \/><\/p>\n<h2 style=\"color:#9bc947; margin-bottom:15px\">Entfernung von Kohlenwasserstoff\u00f6len<\/h2>\n<ul>\n<li>Reinigungsmittel zur Entfernung von Kohlenwasserstoff\u00f6len auf Metallteilen<\/li>\n<li>W\u00e4ssrige Spr\u00fch-, Sp\u00fcl- und Tauchd\u00fcsen<\/li>\n<li>Kompatibel mit einer breiten Palette von Metallen<\/li>\n<\/ul>\n<h5>PROMOCLEAN DISPER 3<\/h5>\n<p>Ist speziell f\u00fcr die Entfernung von Kohlenwasserstoff\u00f6len konzipiert. Dank seiner ausgezeichneten Antischaumeigenschaften ist es f\u00fcr w\u00e4ssrige Spr\u00fch-, Sp\u00fcl- oder Tauchstrahlverfahren geeignet. Trotz seines hohen alkalischen pH-Werts, der eine effiziente Reinigung erm\u00f6glicht, besch\u00e4digt es keine empfindlichen Metalle oder Legierungen wie Titan, Aluminium, Kupfer oder Messing. Es handelt sich um ein konzentriertes Produkt, das mit DI-Wasser verd\u00fcnnt verwendet wird.<\/p>\n<div style=\"font-family:Lato; color:#333;\">\n<div style=\"font-weight:bold; text-transform:uppercase; border-bottom:2px solid #9DBB2F; padding-bottom:6px; margin-bottom:10px;\">\n    Spezifikationen\n  <\/div>\n<table width=\"100%\" cellpadding=\"0\" cellspacing=\"0\" style=\"border-collapse:collapse; width:100%; max-width:100%;\">\n<tr>\n<th align=\"left\" style=\"background:#7A7A7A; color:#fff; padding:8px 12px; border:1px solid #BDBDBD;\">\n        Spezifikationen\n      <\/th>\n<th align=\"left\" style=\"background:#7A7A7A; color:#fff; padding:8px 12px; border:1px solid #BDBDBD;\">\n        Werte\n      <\/th>\n<th align=\"left\" style=\"background:#7A7A7A; color:#fff; padding:8px 12px; border:1px solid #BDBDBD;\">\n        Methoden\n      <\/th>\n<\/tr>\n<tr>\n<td style=\"padding:8px 12px; border:1px solid #BDBDBD;\">Aspekt<\/td>\n<td style=\"padding:8px 12px; border:1px solid #BDBDBD;\">Gelb<\/td>\n<td style=\"padding:8px 12px; border:1px solid #BDBDBD;\">Visuell<\/td>\n<\/tr>\n<tr style=\"background:#E6E6E6;\">\n<td style=\"padding:8px 12px; border:1px solid #BDBDBD;\">Dichte bei 20\u00b0C (g\/ml)<\/td>\n<td style=\"padding:8px 12px; border:1px solid #BDBDBD;\">1,13 \u00b1 0,01<\/td>\n<td style=\"padding:8px 12px; border:1px solid #BDBDBD;\">BRY-MO-028<\/td>\n<\/tr>\n<tr>\n<td style=\"padding:8px 12px; border:1px solid #BDBDBD;\">pH des reinen Produkts<\/td>\n<td style=\"padding:8px 12px; border:1px solid #BDBDBD;\">12,9 \u00b1 0,5<\/td>\n<td style=\"padding:8px 12px; border:1px solid #BDBDBD;\">BRY-MO-011<\/td>\n<\/tr>\n<tr style=\"background:#E6E6E6;\">\n<td style=\"padding:8px 12px; border:1px solid #BDBDBD;\">pH bei 1%<\/td>\n<td style=\"padding:8px 12px; border:1px solid #BDBDBD;\">11,3 \u00b1 0,5<\/td>\n<td style=\"padding:8px 12px; border:1px solid #BDBDBD;\">BRY-MO-011<\/td>\n<\/tr>\n<\/table>\n<\/div>\n<div style=\"font-family:Lato; color:#333;\">\n<div style=\"font-weight:bold; text-transform:uppercase; border-bottom:2px solid #9DBB2F; padding-bottom:6px; margin:30px 0 10px;\">\n    Kenndaten\n  <\/div>\n<table width=\"100%\" cellpadding=\"0\" cellspacing=\"0\" style=\"border-collapse:collapse; width:100%; max-width:100%;\">\n<tr>\n<th align=\"left\" style=\"background:#7A7A7A; color:#fff; padding:8px 12px; border:1px solid #BDBDBD;\">\n        Kenndaten\n      <\/th>\n<th align=\"left\" style=\"background:#7A7A7A; color:#fff; padding:8px 12px; border:1px solid #BDBDBD;\">\n        Werte\n      <\/th>\n<\/tr>\n<tr>\n<td style=\"padding:8px 12px; border:1px solid #BDBDBD;\">Oberfl\u00e4chenspannung bei 1%<\/td>\n<td style=\"padding:8px 12px; border:1px solid #BDBDBD;\">38 Dynes \/ cm\u00b2<\/td>\n<\/tr>\n<tr style=\"background:#E6E6E6;\">\n<td style=\"padding:8px 12px; border:1px solid #BDBDBD;\">L\u00f6slichkeit in Wasser<\/td>\n<td style=\"padding:8px 12px; border:1px solid #BDBDBD;\">Vollst\u00e4ndig l\u00f6slich<\/td>\n<\/tr>\n<\/table>\n<\/div>\n","protected":false},"excerpt":{"rendered":"<ul>\n<li>Reinigungsmittel zur Entfernung von Kohlenwasserstoff\u00f6len auf Metallteilen<\/li>\n<li>W\u00e4ssrige Spr\u00fch-, Sp\u00fcl- und Tauchd\u00fcsen<\/li>\n<li>Kompatibel mit einer breiten Palette von Metallen<\/li>\n<\/ul>\n","protected":false},"featured_media":2432,"comment_status":"closed","ping_status":"closed","template":"","meta":{"_acf_changed":false,"inline_featured_image":false},"product_brand":[],"product_cat":[2864,411],"product_tag":[2604,4238,2025,2603,4394,4410,2007,2602,4454,4795,4799,4254,4266,4787],"class_list":{"0":"post-9941","1":"product","2":"type-product","3":"status-publish","4":"has-post-thumbnail","6":"product_cat-olentfernung-von-verschiedenen-metallkomponenten","7":"product_cat-reinigung","8":"product_tag-3-de","9":"product_tag-additive-fertigung-de","10":"product_tag-disper-de","11":"product_tag-disper-3-de","12":"product_tag-olentfernung","13":"product_tag-partikelfrei","14":"product_tag-promoclean-de","15":"product_tag-promoclean-disper-3-de","16":"product_tag-spray","17":"product_tag-spuelen","18":"product_tag-tauchstrahl","19":"product_tag-wasserbasierte-reinigungsfluessigkeiten-de","20":"product_tag-wasserbasierte-spruehreinigung","21":"product_tag-waessrige-tauchstrahlreinigung","22":"pa_application-loesungen-fuer-additive-fertigung","23":"pa_application-oelentfernung","24":"pa_application-partikelentfernung","25":"pa_brand-promoclean-de","26":"pa_processes-spray-auf-wasserbasis","27":"pa_processes-spulung","28":"pa_processes-waessriger-immersionsstrahl","29":"pa_product-category-wasserbasierte-reinigungsfluessigkeiten","31":"first","32":"instock","33":"shipping-taxable","34":"product-type-simple"},"acf":[],"_links":{"self":[{"href":"https:\/\/www.inventec.dehon.com\/de\/wp-json\/wp\/v2\/product\/9941","targetHints":{"allow":["GET"]}}],"collection":[{"href":"https:\/\/www.inventec.dehon.com\/de\/wp-json\/wp\/v2\/product"}],"about":[{"href":"https:\/\/www.inventec.dehon.com\/de\/wp-json\/wp\/v2\/types\/product"}],"replies":[{"embeddable":true,"href":"https:\/\/www.inventec.dehon.com\/de\/wp-json\/wp\/v2\/comments?post=9941"}],"wp:featuredmedia":[{"embeddable":true,"href":"https:\/\/www.inventec.dehon.com\/de\/wp-json\/wp\/v2\/media\/2432"}],"wp:attachment":[{"href":"https:\/\/www.inventec.dehon.com\/de\/wp-json\/wp\/v2\/media?parent=9941"}],"wp:term":[{"taxonomy":"product_brand","embeddable":true,"href":"https:\/\/www.inventec.dehon.com\/de\/wp-json\/wp\/v2\/product_brand?post=9941"},{"taxonomy":"product_cat","embeddable":true,"href":"https:\/\/www.inventec.dehon.com\/de\/wp-json\/wp\/v2\/product_cat?post=9941"},{"taxonomy":"product_tag","embeddable":true,"href":"https:\/\/www.inventec.dehon.com\/de\/wp-json\/wp\/v2\/product_tag?post=9941"}],"curies":[{"name":"wp","href":"https:\/\/api.w.org\/{rel}","templated":true}]}}