{"id":9940,"date":"2021-05-17T11:20:59","date_gmt":"2021-05-17T11:20:59","guid":{"rendered":"https:\/\/www.inventec.dehon.com\/product\/blue-gold\/"},"modified":"2026-02-04T16:32:57","modified_gmt":"2026-02-04T15:32:57","slug":"blue-gold","status":"publish","type":"product","link":"https:\/\/www.inventec.dehon.com\/de\/product\/blue-gold\/","title":{"rendered":"BLUE GOLD"},"content":{"rendered":"<p><img decoding=\"async\" src=\"https:\/\/www.inventec.dehon.com\/wp-content\/uploads\/2021\/05\/Blue-gold-canister-blue-1-600x600.png\" alt=\"BLUE GOLD\" class=\"responsive-img\" align=\"right\" style=\"border-radius:10px; margin-bottom:10px; margin-top:-10px; margin-left:15px; width:300px\" \/><\/p>\n<h2 style=\"color:#9bc947; margin-bottom:15px\">Entfernung von Partikeln von Sauerstoffkontaktfl\u00e4chen<\/h2>\n<ul>\n<li>Entfettung und Partikelentfernung von Materialien und Ger\u00e4ten, die mit Sauerstoff in Ber\u00fchrung kommen<\/li>\n<li>Reinigungsmittel f\u00fcr das Spr\u00fch- und Eintauchverfahren<\/li>\n<li>Hohe Effizienz auch bei niedriger Konzentration<\/li>\n<\/ul>\n<h5>BLUE GOLD von Modern Chemical<\/h5>\n<p>Wurde speziell f\u00fcr die Entfernung von \u00d6l, Fett oder Partikeln in Kontakt mit Materialien und Ger\u00e4ten entwickelt, die mit Sauerstoff in Ber\u00fchrung kommen. Es ist ein von der Compressed Gas Association, Inc. und NSF international zugelassenes Produkt. Es erf\u00fcllt die Normen ASTM F-495 und ARP 1775A.<\/p>\n<p>Dank seiner ausgezeichneten Anti-Schaum-Eigenschaften ist es f\u00fcr w\u00e4ssrige Spr\u00fch-, Sp\u00fcl- oder Tauchstrahlverfahren geeignet, kann aber auch im Tauchverfahren verwendet werden. Trotz seines hohen pH-Werts greift es empfindliche Metalle oder Legierungen wie Inox, Messing, Eisenlegierungen und Titan, Aluminium, Kupfer oder Messing nicht an. Es handelt sich um ein konzentriertes Produkt, das mit DI-Wasser verd\u00fcnnt verwendet wird.<\/p>\n<p><strong>BLUE GOLD<\/strong> ist qualifiziert und wird von mehreren Akteuren in der Luft- und Raumfahrtindustrie verwendet.<\/p>\n<p><!-- SPEZIFIKATIONEN Section --><\/p>\n<div style=\"font-weight:bold; text-transform:uppercase; border-bottom:2px solid #9DBB2F; padding-bottom:6px; margin-bottom:10px;\">\n  SPEZIFIKATIONEN\n<\/div>\n<table width=\"100%\" cellpadding=\"0\" cellspacing=\"0\" style=\"border-collapse:collapse; width:100%; max-width:100%;\">\n<tr>\n<th align=\"left\" style=\"background:#7A7A7A; color:#fff; padding:8px 12px; border:1px solid #BDBDBD;\">Eigenschaft<\/th>\n<th align=\"left\" style=\"background:#7A7A7A; color:#fff; padding:8px 12px; border:1px solid #BDBDBD;\">Werte<\/th>\n<th align=\"left\" style=\"background:#7A7A7A; color:#fff; padding:8px 12px; border:1px solid #BDBDBD;\">Methoden<\/th>\n<\/tr>\n<tr>\n<td style=\"padding:8px 12px; border:1px solid #BDBDBD;\">Aussehen<\/td>\n<td style=\"padding:8px 12px; border:1px solid #BDBDBD;\">Blau &#8211; Klar<\/td>\n<td style=\"padding:8px 12px; border:1px solid #BDBDBD;\">Visuell<\/td>\n<\/tr>\n<tr style=\"background:#E6E6E6;\">\n<td style=\"padding:8px 12px; border:1px solid #BDBDBD;\">Dichte bei 20\u00b0C (g\/ml)<\/td>\n<td style=\"padding:8px 12px; border:1px solid #BDBDBD;\">1,082 \u00b1 0,015<\/td>\n<td style=\"padding:8px 12px; border:1px solid #BDBDBD;\">MO 028<\/td>\n<\/tr>\n<tr>\n<td style=\"padding:8px 12px; border:1px solid #BDBDBD;\">pH des reinen Produkts<\/td>\n<td style=\"padding:8px 12px; border:1px solid #BDBDBD;\">13,0 \u00b1 0,5<\/td>\n<td style=\"padding:8px 12px; border:1px solid #BDBDBD;\">MO 011<\/td>\n<\/tr>\n<tr style=\"background:#E6E6E6;\">\n<td style=\"padding:8px 12px; border:1px solid #BDBDBD;\">pH bei 1%<\/td>\n<td style=\"padding:8px 12px; border:1px solid #BDBDBD;\">11,0 \u00b1 0,5<\/td>\n<td style=\"padding:8px 12px; border:1px solid #BDBDBD;\">MO 011<\/td>\n<\/tr>\n<\/table>\n<p><!-- EIGENSCHAFTEN Section --><\/p>\n<div style=\"font-weight:bold; text-transform:uppercase; border-bottom:2px solid #9DBB2F; padding-bottom:6px; margin:30px 0 10px 0;\">\n  EIGENSCHAFTEN\n<\/div>\n<table width=\"100%\" cellpadding=\"0\" cellspacing=\"0\" style=\"border-collapse:collapse; width:100%; max-width:100%;\">\n<tr>\n<th align=\"left\" style=\"background:#7A7A7A; color:#fff; padding:8px 12px; border:1px solid #BDBDBD;\">Eigenschaft<\/th>\n<th align=\"left\" style=\"background:#7A7A7A; color:#fff; padding:8px 12px; border:1px solid #BDBDBD;\">Werte<\/th>\n<th align=\"left\" style=\"background:#7A7A7A; color:#fff; padding:8px 12px; border:1px solid #BDBDBD;\">Methoden<\/th>\n<\/tr>\n<tr>\n<td style=\"padding:8px 12px; border:1px solid #BDBDBD;\">Oberfl\u00e4chenspannung (Dyn\/cm)<\/td>\n<td style=\"padding:8px 12px; border:1px solid #BDBDBD;\">42,55<\/td>\n<td style=\"padding:8px 12px; border:1px solid #BDBDBD;\">Intern<\/td>\n<\/tr>\n<tr style=\"background:#E6E6E6;\">\n<td style=\"padding:8px 12px; border:1px solid #BDBDBD;\">Brechungsindex bei 20\u00b0C<\/td>\n<td style=\"padding:8px 12px; border:1px solid #BDBDBD;\">1,37<\/td>\n<td style=\"padding:8px 12px; border:1px solid #BDBDBD;\">Intern<\/td>\n<\/tr>\n<tr>\n<td style=\"padding:8px 12px; border:1px solid #BDBDBD;\">Wasserl\u00f6slichkeit<\/td>\n<td style=\"padding:8px 12px; border:1px solid #BDBDBD;\">Vollst\u00e4ndig<\/td>\n<td style=\"padding:8px 12px; border:1px solid #BDBDBD;\">Intern<\/td>\n<\/tr>\n<tr style=\"background:#E6E6E6;\">\n<td style=\"padding:8px 12px; border:1px solid #BDBDBD;\">Trockensubstanz (%)<\/td>\n<td style=\"padding:8px 12px; border:1px solid #BDBDBD;\">15<\/td>\n<td style=\"padding:8px 12px; border:1px solid #BDBDBD;\">Intern<\/td>\n<\/tr>\n<\/table>\n","protected":false},"excerpt":{"rendered":"<ul>\n<li>Entfettung und Partikelentfernung von Materialien und Ger\u00e4ten, die mit Sauerstoff in Ber\u00fchrung kommen<\/li>\n<li>Reinigungsmittel f\u00fcr das Spr\u00fch- und Eintauchverfahren<\/li>\n<li>Hohe Effizienz auch bei niedriger Konzentration<\/li>\n<\/ul>\n","protected":false},"featured_media":3395,"comment_status":"closed","ping_status":"closed","template":"","meta":{"_acf_changed":false,"inline_featured_image":false},"product_brand":[],"product_cat":[752,2865,2864,411,753],"product_tag":[2573,2572,3917,5414,4322,2574,4326,4394,4410,4740,4728,4732,4736,4454,4795,4799,4470,4262,4258,4254,4266,4787],"class_list":{"0":"post-9940","1":"product","2":"type-product","3":"status-publish","4":"has-post-thumbnail","6":"industries-aerosysteme","7":"industries-sauerstoffinstallationen","8":"product_cat-entfernung-von-partikeln","9":"product_cat-fettentfernung-von-verschiedenen-metallkomponenten","10":"product_cat-olentfernung-von-verschiedenen-metallkomponenten","11":"product_cat-reinigung","12":"product_cat-sauerstoff-teilereinigung","13":"product_tag-blue-de","14":"product_tag-blue-gold-de","15":"product_tag-co2-de","16":"product_tag-entfetten","17":"product_tag-fettentfernung-de","18":"product_tag-gold-de","19":"product_tag-greenway","20":"product_tag-olentfernung","21":"product_tag-partikelfrei","22":"product_tag-reinigung-von-sauerstoffsystemen-de","23":"product_tag-sauerstoff","24":"product_tag-sauerstoffreinigung","25":"product_tag-sauerstoffsysteme","26":"product_tag-spray","27":"product_tag-spuelen","28":"product_tag-tauchstrahl","29":"product_tag-ultraschall","30":"product_tag-ultraschall-wasserbad","31":"product_tag-wasserbad","32":"product_tag-wasserbasierte-reinigungsfluessigkeiten-de","33":"product_tag-wasserbasierte-spruehreinigung","34":"product_tag-waessrige-tauchstrahlreinigung","35":"pa_application-fettentfernung","36":"pa_application-oelentfernung","37":"pa_application-partikelentfernung","38":"pa_application-reinigung-von-sauerstoffsystemen","39":"pa_brand-blue-gold-de-2","40":"pa_features-greenway","41":"pa_processes-spray-auf-wasserbasis","42":"pa_processes-spulung","43":"pa_processes-waessrige-ultraschallimmersion","44":"pa_processes-waessriger-immersionsstrahl","45":"pa_product-category-wasserbasierte-reinigungsfluessigkeiten","47":"first","48":"instock","49":"shipping-taxable","50":"product-type-simple"},"acf":[],"_links":{"self":[{"href":"https:\/\/www.inventec.dehon.com\/de\/wp-json\/wp\/v2\/product\/9940","targetHints":{"allow":["GET"]}}],"collection":[{"href":"https:\/\/www.inventec.dehon.com\/de\/wp-json\/wp\/v2\/product"}],"about":[{"href":"https:\/\/www.inventec.dehon.com\/de\/wp-json\/wp\/v2\/types\/product"}],"replies":[{"embeddable":true,"href":"https:\/\/www.inventec.dehon.com\/de\/wp-json\/wp\/v2\/comments?post=9940"}],"wp:featuredmedia":[{"embeddable":true,"href":"https:\/\/www.inventec.dehon.com\/de\/wp-json\/wp\/v2\/media\/3395"}],"wp:attachment":[{"href":"https:\/\/www.inventec.dehon.com\/de\/wp-json\/wp\/v2\/media?parent=9940"}],"wp:term":[{"taxonomy":"product_brand","embeddable":true,"href":"https:\/\/www.inventec.dehon.com\/de\/wp-json\/wp\/v2\/product_brand?post=9940"},{"taxonomy":"product_cat","embeddable":true,"href":"https:\/\/www.inventec.dehon.com\/de\/wp-json\/wp\/v2\/product_cat?post=9940"},{"taxonomy":"product_tag","embeddable":true,"href":"https:\/\/www.inventec.dehon.com\/de\/wp-json\/wp\/v2\/product_tag?post=9940"}],"curies":[{"name":"wp","href":"https:\/\/api.w.org\/{rel}","templated":true}]}}